{"id":46938,"date":"2026-03-19T07:31:31","date_gmt":"2026-03-19T07:31:31","guid":{"rendered":"https:\/\/globalgiftsupplier.com\/?post_type=product&#038;p=46938"},"modified":"2026-03-19T07:31:31","modified_gmt":"2026-03-19T07:31:31","slug":"custom-aluminium-metal-click-action-pen-with-rose-gold-trim-and-logo-imprint","status":"publish","type":"product","link":"https:\/\/globalgiftsupplier.com\/fr\/product\/custom-aluminium-metal-click-action-pen-with-rose-gold-trim-and-logo-imprint\/","title":{"rendered":"Stylo \u00e0 bille \u00e0 d\u00e9clic personnalis\u00e9 en m\u00e9tal aluminium avec garniture en or rose et impression du logo"},"content":{"rendered":"<p data-start=\"1191\" data-end=\"1646\">Ajoutez un aspect plus raffin\u00e9 \u00e0 votre gamme d'articles promotionnels avec ce stylo \u00e0 bille en m\u00e9tal aluminium personnalis\u00e9, un instrument d'\u00e9criture \u00e9l\u00e9gant con\u00e7u pour les entreprises qui souhaitent une pr\u00e9sentation propre, moderne et plus haut de gamme. Avec son corps fin en m\u00e9tal, ses touches d'or rose poli et son design simple, ce stylo offre une sensation plus \u00e9lev\u00e9e que les stylos publicitaires en plastique ordinaires, tout en restant pratique pour un usage quotidien.<\/p>\n<p data-start=\"1648\" data-end=\"2163\">Ce stylo m\u00e9tallique promotionnel est un excellent choix pour les bureaux, les r\u00e9unions de direction, les conf\u00e9rences, les trousses de bienvenue des clients, les cadeaux d'employ\u00e9s, les promotions immobili\u00e8res, les bureaux d'h\u00f4tel et les \u00e9v\u00e9nements professionnels de marque. Les stylos restent l'un des objets promotionnels les plus utiles et les plus fr\u00e9quemment conserv\u00e9s, et un stylo en m\u00e9tal ajoute une valeur per\u00e7ue suppl\u00e9mentaire en offrant un aspect plus poli et une sensation plus substantielle en main. Il est donc particuli\u00e8rement efficace pour les marques qui souhaitent un produit d'\u00e9criture \u00e0 l'aspect professionnel et \u00e0 la sensation plus haut de gamme.<\/p>\n<p data-start=\"2165\" data-end=\"2618\">Le m\u00e9canisme \u00e0 d\u00e9clic rend le stylo simple et pratique \u00e0 utiliser dans les environnements professionnels quotidiens. Les utilisateurs peuvent rapidement allonger la pointe d'\u00e9criture d'une simple pression, ce qui convient aux r\u00e9unions, \u00e0 la prise de notes, aux formulaires, \u00e0 l'utilisation au bureau et \u00e0 l'\u00e9criture de tous les jours. Son profil fin permet \u00e9galement de le transporter facilement dans les carnets, les plannings, les dossiers, les portefeuilles, les organiseurs de bureau et les sacs, ce qui permet de garder le stylo \u00e0 port\u00e9e de main et de continuer \u00e0 rendre votre logo visible.<\/p>\n<p data-start=\"2620\" data-end=\"3045\">Son corps en aluminium lui conf\u00e8re une surface lisse et \u00e9l\u00e9gante pour un marquage personnalis\u00e9. La forme \u00e9pur\u00e9e du corps offre une surface claire pour l'impression du logo, tandis que l'agrafe et la garniture en or rose cr\u00e9ent un aspect plus \u00e9l\u00e9gant qui aide le stylo \u00e0 se d\u00e9marquer des instruments d'\u00e9criture promotionnels moins co\u00fbteux. Cette combinaison de tons de couleurs modernes et de d\u00e9tails m\u00e9talliques permet d'utiliser ce stylo \u00e0 la fois pour le marquage de l'entreprise et pour la pr\u00e9sentation au d\u00e9tail.<\/p>\n<p data-start=\"3047\" data-end=\"3563\">Ce stylo personnalis\u00e9 est particuli\u00e8rement adapt\u00e9 aux entreprises qui souhaitent un objet promotionnel \u00e0 l'aspect ex\u00e9cutif soign\u00e9, sans pour autant s'orienter vers des styles de stylos trop formels ou trop encombrants. Son design fin est contemporain et minimal, ce qui le rend adapt\u00e9 \u00e0 un large \u00e9ventail d'industries, y compris la finance, le droit, l'h\u00f4tellerie, l'\u00e9ducation, la sant\u00e9, le conseil, la beaut\u00e9, l'immobilier et les services aux entreprises. Il s'agit \u00e9galement d'une option intelligente pour les marques qui souhaitent une palette de couleurs plus douces et plus \u00e9l\u00e9gantes \u00e0 c\u00f4t\u00e9 des finitions professionnelles classiques.<\/p>\n<p data-start=\"3565\" data-end=\"3967\">Parce qu'il allie l'utilit\u00e9 quotidienne \u00e0 un style visuel haut de gamme, ce stylo \u00e0 bille en aluminium est id\u00e9al pour les cadeaux clients, les documents de conf\u00e9rence, la papeterie d'h\u00f4tel, les kits d'accueil d'entreprise, les documents \u00e0 distribuer lors d'\u00e9v\u00e9nements et les programmes de fournitures de bureau. Un stylo \u00e0 l'aspect soign\u00e9 est plus susceptible d'\u00eatre conserv\u00e9, r\u00e9utilis\u00e9 et associ\u00e9 \u00e0 une image de marque plus professionnelle, ce qui contribue \u00e0 accro\u00eetre la valeur de votre promotion au fil du temps.<\/p>\n<p data-start=\"3969\" data-end=\"4277\">Les options de finition modernes pr\u00e9sent\u00e9es, notamment le noir, le blanc, le rose, le cr\u00e8me et le bleu clair, conf\u00e8rent \u00e0 ce stylo un large attrait pour diff\u00e9rents th\u00e8mes de marque. Que vous souhaitiez un look d'entreprise classique et \u00e9pur\u00e9 ou une pr\u00e9sentation haut de gamme plus douce, ce stylo offre une grande flexibilit\u00e9 tout en conservant un style \u00e9l\u00e9gant et coh\u00e9rent.<\/p>\n<p data-start=\"4279\" data-end=\"4535\">Si vous \u00eates \u00e0 la recherche d'un stylo promotionnel personnalis\u00e9 qui allie un corps fin en aluminium, la commodit\u00e9 d'un clic et une apparence de marque plus raffin\u00e9e, ce stylo en m\u00e9tal avec garniture en or rose est un excellent ajout \u00e0 votre site Web et \u00e0 votre gamme de produits promotionnels.<\/p>\n<p data-start=\"4537\" data-end=\"4935\"><strong data-start=\"4537\" data-end=\"4553\">Caract\u00e9ristiques principales<\/strong><br data-start=\"4553\" data-end=\"4556\" \/>Stylo \u00e0 d\u00e9clic en m\u00e9tal aluminium<br data-start=\"4595\" data-end=\"4598\" \/>Barillet fin et moderne pour un look professionnel \u00e9pur\u00e9<br data-start=\"4646\" data-end=\"4649\" \/>Clip et garniture en or rose pour une finition plus \u00e9l\u00e9gante<br data-start=\"4698\" data-end=\"4701\" \/>Zone d'impression du logo personnalis\u00e9 sur le baril<br data-start=\"4735\" data-end=\"4738\" \/>\u00c9criture fluide pour une utilisation quotidienne au bureau et en entreprise<br data-start=\"4786\" data-end=\"4789\" \/>L\u00e9ger et facile \u00e0 transporter<br data-start=\"4818\" data-end=\"4821\" \/>Convient pour les promotions de style ex\u00e9cutif et les cadeaux aux clients<br data-start=\"4877\" data-end=\"4880\" \/>Id\u00e9al pour les bureaux, les r\u00e9unions, les conf\u00e9rences et les cadeaux publicitaires.<\/p>\n<p data-start=\"4937\" data-end=\"5278\"><strong data-start=\"4937\" data-end=\"4972\">Pourquoi choisir ce stylo promotionnel<\/strong><br data-start=\"4972\" data-end=\"4975\" \/>Ce stylo est un excellent choix promotionnel, car il allie une fonction d'\u00e9criture quotidienne \u00e0 un aspect plus haut de gamme et plus \u00e9l\u00e9gant. Par rapport aux stylos en plastique standard, le corps en aluminium et les accents en or rose cr\u00e9ent une meilleure premi\u00e8re impression et aident \u00e0 pr\u00e9senter votre marque d'une mani\u00e8re plus nette et plus soign\u00e9e.<\/p>\n<p data-start=\"5280\" data-end=\"5553\"><strong data-start=\"5280\" data-end=\"5293\">Id\u00e9al pour<\/strong><br data-start=\"5293\" data-end=\"5296\" \/>Promotion des bureaux<br data-start=\"5313\" data-end=\"5316\" \/>Cadeaux pour les cadres<br data-start=\"5335\" data-end=\"5338\" \/>Cadeaux de remerciement pour les clients<br data-start=\"5363\" data-end=\"5366\" \/>Kits de bienvenue pour la conf\u00e9rence<br data-start=\"5389\" data-end=\"5392\" \/>R\u00e9unions d'entreprise<br data-start=\"5410\" data-end=\"5413\" \/>Image de marque de l'h\u00f4tellerie et de la restauration<br data-start=\"5443\" data-end=\"5446\" \/>Marketing immobilier<br data-start=\"5467\" data-end=\"5470\" \/>Dossiers de bienvenue pour les employ\u00e9s<br data-start=\"5492\" data-end=\"5495\" \/>Documents relatifs aux \u00e9v\u00e9nements professionnels<br data-start=\"5518\" data-end=\"5521\" \/>Marchandises de marque professionnelle<\/p>\n<p data-start=\"5555\" data-end=\"5562\"><strong data-start=\"5555\" data-end=\"5562\">FAQ<\/strong><\/p>\n<p data-start=\"5564\" data-end=\"5809\"><strong data-start=\"5564\" data-end=\"5630\">Qu'est-ce qui diff\u00e9rencie ce stylo d'un stylo promotionnel classique ?<\/strong><br data-start=\"5630\" data-end=\"5633\" \/>Ce stylo est dot\u00e9 d'un corps en m\u00e9tal aluminium, d'une \u00e9l\u00e9gante garniture en or rose et d'un design moderne et fin, ce qui lui conf\u00e8re un aspect plus premium et professionnel que les stylos publicitaires ordinaires.<\/p>\n<p data-start=\"5811\" data-end=\"5950\"><strong data-start=\"5811\" data-end=\"5854\">Ce stylo peut-il \u00eatre personnalis\u00e9 avec un logo ?<\/strong><br data-start=\"5854\" data-end=\"5857\" \/>Oui, le baril peut \u00eatre personnalis\u00e9 avec le logo de votre entreprise, le nom de votre marque ou un message promotionnel.<\/p>\n<p data-start=\"5952\" data-end=\"6170\"><strong data-start=\"5952\" data-end=\"6007\">Ce stylo convient-il pour des cadeaux \u00e0 des cadres ou \u00e0 des clients ?<\/strong><br data-start=\"6007\" data-end=\"6010\" \/>En effet, son design m\u00e9tallique \u00e9pur\u00e9 et ses accents polis en font un choix judicieux pour les cadeaux de direction, les packs clients, les r\u00e9unions d'affaires et les programmes promotionnels haut de gamme.<\/p>\n<p data-start=\"6172\" data-end=\"6362\"><strong data-start=\"6172\" data-end=\"6222\">Quels sont les avantages d'un stylo \u00e0 d\u00e9clic ?<\/strong><br data-start=\"6222\" data-end=\"6225\" \/>Le stylo \u00e0 d\u00e9clic est rapide et pratique \u00e0 utiliser, ce qui le rend id\u00e9al pour les r\u00e9unions, la prise de notes, le travail de bureau et l'usage professionnel quotidien.<\/p>\n<p data-start=\"6364\" data-end=\"6583\" data-is-last-node=\"\" data-is-only-node=\"\"><strong data-start=\"6364\" data-end=\"6412\">\u00c0 qui ce stylo promotionnel convient-il le mieux ?<\/strong><br data-start=\"6412\" data-end=\"6415\" \/>Il est id\u00e9al pour les bureaux, les h\u00f4tels, les agences immobili\u00e8res, les \u00e9quipes d'entreprise, les conf\u00e9rences, les services commerciaux et les marques qui souhaitent un support d'\u00e9criture plus soign\u00e9 pour leur promotion.<\/p>","protected":false},"excerpt":{"rendered":"<p>Ce stylo \u00e0 bille m\u00e9tallique en aluminium est dot\u00e9 d'un corps fin et moderne, d'une \u00e9l\u00e9gante garniture en or rose et d'une \u00e9criture fluide pour un usage professionnel quotidien. Id\u00e9al pour les bureaux, les r\u00e9unions, les cadeaux de direction, les packs clients et les cadeaux promotionnels, il offre une mani\u00e8re \u00e9l\u00e9gante et professionnelle de mettre en valeur votre logo.<\/p>","protected":false},"featured_media":46939,"template":"","meta":{"_gspb_post_css":""},"product_brand":[],"product_cat":[31],"product_tag":[],"class_list":{"0":"post-46938","1":"product","2":"type-product","3":"status-publish","4":"has-post-thumbnail","6":"product_cat-office","8":"first","9":"instock","10":"shipping-taxable","11":"product-type-simple"},"_links":{"self":[{"href":"https:\/\/globalgiftsupplier.com\/fr\/wp-json\/wp\/v2\/product\/46938","targetHints":{"allow":["GET"]}}],"collection":[{"href":"https:\/\/globalgiftsupplier.com\/fr\/wp-json\/wp\/v2\/product"}],"about":[{"href":"https:\/\/globalgiftsupplier.com\/fr\/wp-json\/wp\/v2\/types\/product"}],"wp:featuredmedia":[{"embeddable":true,"href":"https:\/\/globalgiftsupplier.com\/fr\/wp-json\/wp\/v2\/media\/46939"}],"wp:attachment":[{"href":"https:\/\/globalgiftsupplier.com\/fr\/wp-json\/wp\/v2\/media?parent=46938"}],"wp:term":[{"taxonomy":"product_brand","embeddable":true,"href":"https:\/\/globalgiftsupplier.com\/fr\/wp-json\/wp\/v2\/product_brand?post=46938"},{"taxonomy":"product_cat","embeddable":true,"href":"https:\/\/globalgiftsupplier.com\/fr\/wp-json\/wp\/v2\/product_cat?post=46938"},{"taxonomy":"product_tag","embeddable":true,"href":"https:\/\/globalgiftsupplier.com\/fr\/wp-json\/wp\/v2\/product_tag?post=46938"}],"curies":[{"name":"wp","href":"https:\/\/api.w.org\/{rel}","templated":true}]}}