{"id":46912,"date":"2026-03-19T05:48:55","date_gmt":"2026-03-19T05:48:55","guid":{"rendered":"https:\/\/globalgiftsupplier.com\/?post_type=product&#038;p=46912"},"modified":"2026-03-19T05:48:55","modified_gmt":"2026-03-19T05:48:55","slug":"custom-full-color-imprint-3-layer-face-mask-with-logo-design","status":"publish","type":"product","link":"https:\/\/globalgiftsupplier.com\/fr\/product\/custom-full-color-imprint-3-layer-face-mask-with-logo-design\/","title":{"rendered":"Masque 3 couches avec logo personnalis\u00e9 et impression en quadrichromie"},"content":{"rendered":"<p data-start=\"1154\" data-end=\"1572\">Faites la promotion de votre marque avec un produit qui offre une visibilit\u00e9 quotidienne et une grande surface d'impression personnalis\u00e9e avec ce masque \u00e0 3 couches avec impression en quadrichromie. Con\u00e7u pour l'utilisation de la marque, l'identit\u00e9 de l'\u00e9quipe, la distribution d'\u00e9v\u00e9nements et les programmes promotionnels, ce masque offre aux entreprises et aux organisations un article pratique qui peut afficher de fa\u00e7on pro\u00e9minente des logos, des messages, des \u0153uvres d'art ou des conceptions personnalis\u00e9es sur le panneau avant.<\/p>\n<p data-start=\"1574\" data-end=\"2001\">Ce masque facial personnalis\u00e9 est con\u00e7u avec une construction \u00e0 3 couches et une large surface imprimable qui le rend particuli\u00e8rement adapt\u00e9 pour les graphiques en couleur, les messages de marque, les \u0153uvres d'art \u00e0 th\u00e8me, les conceptions d'\u00e9cole, les logos d'entreprise, l'identit\u00e9 de club et les visuels li\u00e9s \u00e0 des \u00e9v\u00e9nements. Contrairement \u00e0 de nombreux produits promotionnels plus petits avec un espace d'impression limit\u00e9, cet article donne \u00e0 votre marque un emplacement tr\u00e8s visible qui peut \u00eatre vu clairement pendant le port quotidien.<\/p>\n<p data-start=\"2003\" data-end=\"2403\">La forme ajust\u00e9e et les boucles d'oreille int\u00e9gr\u00e9es contribuent \u00e0 cr\u00e9er une exp\u00e9rience de port confortable et s\u00fbre pour une utilisation quotidienne g\u00e9n\u00e9rale. Son panneau frontal \u00e9pur\u00e9 permet \u00e0 votre design de se d\u00e9marquer, qu'il s'agisse d'un simple logo, d'un texte en gras, d'un motif personnalis\u00e9 ou d'un concept visuel enti\u00e8rement imprim\u00e9. Il s'agit donc d'un choix judicieux pour les entreprises et les groupes qui souhaitent combiner une utilisation pratique avec une image de marque forte.<\/p>\n<p data-start=\"2405\" data-end=\"2817\">Ce masque imprim\u00e9 personnalis\u00e9 est une option utile pour les \u00e9coles, les magasins de d\u00e9tail, les \u00e9quipes d'entreprise, le personnel d'accueil, les \u00e9quipes d'\u00e9v\u00e9nements, les campagnes \u00e0 but non lucratif, les programmes de sensibilisation, les supporters sportifs et les projets de marchandises de marque. Il peut \u00eatre utilis\u00e9 dans le cadre d'une pr\u00e9sentation coordonn\u00e9e du personnel, inclus dans des packs promotionnels, distribu\u00e9 lors d'\u00e9v\u00e9nements sp\u00e9ciaux ou offert en tant qu'accessoire de marque personnalis\u00e9 pour les clients et les supporters.<\/p>\n<p data-start=\"2819\" data-end=\"3259\">L'un des principaux atouts de ce produit est sa grande souplesse de conception. La face avant peut \u00eatre personnalis\u00e9e avec la marque de l'entreprise, des slogans, des illustrations d'\u00e9v\u00e9nements, des graphiques cr\u00e9atifs ou des th\u00e8mes promotionnels, ce qui permet \u00e0 votre entreprise de cr\u00e9er un article plus personnalis\u00e9 et reconnaissable. Le masque convient donc non seulement \u00e0 la promotion d'un simple logo, mais aussi \u00e0 la promotion d'un style de mode, aux campagnes de sensibilisation, aux \u00e9v\u00e9nements saisonniers et aux programmes d'identit\u00e9 personnalis\u00e9s.<\/p>\n<p data-start=\"3261\" data-end=\"3616\">Parce qu'il se porte et qu'il est tr\u00e8s visible, ce masque facial offre une forte exposition de la marque par rapport \u00e0 de nombreux petits objets publicitaires qui passent facilement inaper\u00e7us. Un design personnalis\u00e9 port\u00e9 dans les \u00e9coles, les bureaux, les magasins, les \u00e9v\u00e9nements et les espaces publics peut contribuer \u00e0 renforcer votre image de marque tout en cr\u00e9ant une apparence plus unifi\u00e9e et professionnelle pour les \u00e9quipes ou les groupes promotionnels.<\/p>\n<p data-start=\"3618\" data-end=\"4013\">Ce produit est \u00e9galement un choix pratique pour les organisations qui veulent des articles vestimentaires de marque sans pour autant entrer dans les cat\u00e9gories de v\u00eatements standard. Il convient parfaitement aux uniformes d'entreprise, aux marchandises promotionnelles, aux articles de sport scolaire, aux tenues de supporters, aux kits de soutien pour les \u00e9v\u00e9nements et aux accessoires de vente au d\u00e9tail personnalis\u00e9s. Sa forme simple et sa grande surface imprimable lui permettent de s'adapter \u00e0 de nombreux secteurs et types de campagnes.<\/p>\n<p data-start=\"4015\" data-end=\"4245\">Si vous \u00eates \u00e0 la recherche d'un masque promotionnel personnalis\u00e9 avec possibilit\u00e9 d'impression en quadrichromie, d'une zone de conception nette et d'une valeur de marque quotidienne forte, ce masque \u00e0 3 couches est un excellent ajout \u00e0 votre site Web et \u00e0 votre gamme de produits.<\/p>\n<p data-start=\"4247\" data-end=\"4578\"><strong data-start=\"4247\" data-end=\"4263\">Caract\u00e9ristiques principales<\/strong><br data-start=\"4263\" data-end=\"4266\" \/>Masque \u00e0 3 couches<br data-start=\"4290\" data-end=\"4293\" \/>Grande surface frontale pour l'impression personnalis\u00e9e en quadrichromie<br data-start=\"4339\" data-end=\"4342\" \/>Impression d'un logo, d'un texte ou d'un dessin personnalis\u00e9<br data-start=\"4380\" data-end=\"4383\" \/>Boucle d'oreille confortable<br data-start=\"4410\" data-end=\"4413\" \/>Forme ajust\u00e9e pour une utilisation quotidienne<br data-start=\"4443\" data-end=\"4446\" \/>Forte valeur visuelle de la marque<br data-start=\"4474\" data-end=\"4477\" \/>Convient aux \u00e9quipes, aux \u00e9v\u00e9nements, au personnel et aux promotions<br data-start=\"4526\" data-end=\"4529\" \/>Id\u00e9al pour les marchandises personnalis\u00e9es et les programmes de marque<\/p>\n<p data-start=\"4580\" data-end=\"4972\"><strong data-start=\"4580\" data-end=\"4607\">Pourquoi choisir ce produit ?<\/strong><br data-start=\"4607\" data-end=\"4610\" \/>Ce masque facial personnalis\u00e9 est un excellent choix promotionnel car il offre une grande surface de marquage tr\u00e8s visible sur un produit con\u00e7u pour un usage quotidien. Compar\u00e9 \u00e0 des objets publicitaires plus petits, il permet \u00e0 votre logo ou \u00e0 votre design personnalis\u00e9 de mieux se d\u00e9marquer et facilite la cr\u00e9ation d'une image de marque mieux coordonn\u00e9e pour les \u00e9quipes, le personnel, les \u00e9v\u00e9nements ou les campagnes promotionnelles.<\/p>\n<p data-start=\"4974\" data-end=\"5221\"><strong data-start=\"4974\" data-end=\"4987\">Id\u00e9al pour<\/strong><br data-start=\"4987\" data-end=\"4990\" \/>Programmes scolaires<br data-start=\"5005\" data-end=\"5008\" \/>Promotions au d\u00e9tail<br data-start=\"5025\" data-end=\"5028\" \/>Uniformes du personnel de l'entreprise<br data-start=\"5050\" data-end=\"5053\" \/>\u00c9quipes d'accueil<br data-start=\"5070\" data-end=\"5073\" \/>\u00c9quipes de foires et d'\u00e9v\u00e9nements<br data-start=\"5099\" data-end=\"5102\" \/>Campagnes de sensibilisation<br data-start=\"5121\" data-end=\"5124\" \/>Sensibilisation des organisations \u00e0 but non lucratif<br data-start=\"5142\" data-end=\"5145\" \/>V\u00eatements de supporters sportifs<br data-start=\"5166\" data-end=\"5169\" \/>Programmes de marchandises de marque<br data-start=\"5197\" data-end=\"5200\" \/>Paquets cadeaux personnalis\u00e9s<\/p>\n<p data-start=\"5223\" data-end=\"5230\"><strong data-start=\"5223\" data-end=\"5230\">FAQ<\/strong><\/p>\n<p data-start=\"5232\" data-end=\"5417\"><strong data-start=\"5232\" data-end=\"5302\">Ce masque peut-il \u00eatre personnalis\u00e9 avec un logo ou un dessin en couleur ?<\/strong><br data-start=\"5302\" data-end=\"5305\" \/>Oui, le panneau avant peut \u00eatre personnalis\u00e9 avec des logos, du texte, des illustrations, des motifs ou d'autres dessins imprim\u00e9s en couleur.<\/p>\n<p data-start=\"5419\" data-end=\"5618\"><strong data-start=\"5419\" data-end=\"5467\">Qu'est-ce qui fait que ce produit est bon pour les promotions ?<\/strong><br data-start=\"5467\" data-end=\"5470\" \/>Il offre une grande surface d'impression visible sur un article pratique \u00e0 porter, ce qui permet \u00e0 votre marque de se d\u00e9marquer plus clairement que sur de nombreux petits articles publicitaires.<\/p>\n<p data-start=\"5620\" data-end=\"5817\"><strong data-start=\"5620\" data-end=\"5666\">\u00c0 qui s'adresse ce masque facial personnalis\u00e9 ?<\/strong><br data-start=\"5666\" data-end=\"5669\" \/>Il convient aux entreprises, aux \u00e9coles, aux magasins de d\u00e9tail, aux \u00e9quipes charg\u00e9es des \u00e9v\u00e9nements, au personnel d'accueil, aux campagnes de sensibilisation, aux clubs et aux projets de marchandises de marque.<\/p>\n<p data-start=\"5819\" data-end=\"6006\"><strong data-start=\"5819\" data-end=\"5866\">Ce produit est-il adapt\u00e9 \u00e0 l'usage du personnel ou de l'\u00e9quipe ?<\/strong><br data-start=\"5866\" data-end=\"5869\" \/>Oui, il s'agit d'une option utile pour le personnel des entreprises, les \u00e9quipes charg\u00e9es des \u00e9v\u00e9nements, les groupes scolaires et les autres \u00e9quipes qui souhaitent une image de marque plus coh\u00e9rente.<\/p>\n<p data-start=\"6008\" data-end=\"6199\" data-is-last-node=\"\" data-is-only-node=\"\"><strong data-start=\"6008\" data-end=\"6061\">Quels types de motifs peuvent \u00eatre imprim\u00e9s sur ce masque ?<\/strong><br data-start=\"6061\" data-end=\"6064\" \/>Vous pouvez imprimer des logos d'entreprise, des noms de marque, des slogans, des illustrations en couleur, des graphiques \u00e0 th\u00e8me, des messages promotionnels ou des conceptions visuelles personnalis\u00e9es.<\/p>","protected":false},"excerpt":{"rendered":"<p>Ce masque \u00e0 3 couches avec impression en quadrichromie est dot\u00e9 d'une grande surface imprimable \u00e0 l'avant, de boucles d'oreilles confortables et d'une forme ajust\u00e9e propre \u00e0 une utilisation promotionnelle de tous les jours. Id\u00e9al pour les campagnes de marque, les \u00e9v\u00e9nements, les uniformes du personnel, les \u00e9coles, les programmes de vente au d\u00e9tail et les cadeaux publicitaires, il offre un moyen pratique d'afficher votre logo ou votre \u0153uvre d'art personnalis\u00e9e.<\/p>","protected":false},"featured_media":46913,"template":"","meta":{"_gspb_post_css":""},"product_brand":[],"product_cat":[32],"product_tag":[],"class_list":{"0":"post-46912","1":"product","2":"type-product","3":"status-publish","4":"has-post-thumbnail","6":"product_cat-healthcare-ppe","8":"first","9":"instock","10":"shipping-taxable","11":"product-type-simple"},"_links":{"self":[{"href":"https:\/\/globalgiftsupplier.com\/fr\/wp-json\/wp\/v2\/product\/46912","targetHints":{"allow":["GET"]}}],"collection":[{"href":"https:\/\/globalgiftsupplier.com\/fr\/wp-json\/wp\/v2\/product"}],"about":[{"href":"https:\/\/globalgiftsupplier.com\/fr\/wp-json\/wp\/v2\/types\/product"}],"wp:featuredmedia":[{"embeddable":true,"href":"https:\/\/globalgiftsupplier.com\/fr\/wp-json\/wp\/v2\/media\/46913"}],"wp:attachment":[{"href":"https:\/\/globalgiftsupplier.com\/fr\/wp-json\/wp\/v2\/media?parent=46912"}],"wp:term":[{"taxonomy":"product_brand","embeddable":true,"href":"https:\/\/globalgiftsupplier.com\/fr\/wp-json\/wp\/v2\/product_brand?post=46912"},{"taxonomy":"product_cat","embeddable":true,"href":"https:\/\/globalgiftsupplier.com\/fr\/wp-json\/wp\/v2\/product_cat?post=46912"},{"taxonomy":"product_tag","embeddable":true,"href":"https:\/\/globalgiftsupplier.com\/fr\/wp-json\/wp\/v2\/product_tag?post=46912"}],"curies":[{"name":"wp","href":"https:\/\/api.w.org\/{rel}","templated":true}]}}