{"id":46908,"date":"2026-03-19T05:44:59","date_gmt":"2026-03-19T05:44:59","guid":{"rendered":"https:\/\/globalgiftsupplier.com\/?post_type=product&#038;p=46908"},"modified":"2026-03-19T05:44:59","modified_gmt":"2026-03-19T05:44:59","slug":"custom-advertising-banner-ballpoint-pen-with-pull-out-message-insert-and-logo-imprint","status":"publish","type":"product","link":"https:\/\/globalgiftsupplier.com\/fr\/product\/custom-advertising-banner-ballpoint-pen-with-pull-out-message-insert-and-logo-imprint\/","title":{"rendered":"Stylo \u00e0 bille \u00e0 banni\u00e8re publicitaire personnalis\u00e9e avec insertion d'un message et impression du logo"},"content":{"rendered":"<p data-start=\"1309\" data-end=\"1938\">Donnez \u00e0 votre marque plus d'espace pour \u00eatre vue avec ce stylo \u00e0 bille \u00e0 banni\u00e8re publicitaire personnalis\u00e9e, un produit d'\u00e9criture pratique con\u00e7u avec un insert de message int\u00e9gr\u00e9 pour un affichage promotionnel \u00e9largi. Contrairement aux stylos ordinaires qui n'offrent qu'une petite surface d'impression sur le corps, ce stylo \u00e0 banderole comprend une bande de message int\u00e9rieure amovible qui peut \u00eatre utilis\u00e9e pour afficher une marque suppl\u00e9mentaire, des informations de contact, un texte promotionnel, des d\u00e9tails de campagne, des messages sur les produits, des calendriers d'\u00e9v\u00e9nements ou tout autre contenu personnalis\u00e9. Il s'agit d'un excellent article promotionnel pour les entreprises qui souhaitent un stylo \u00e0 forte valeur de communication.<\/p>\n<p data-start=\"1940\" data-end=\"2448\">Ce stylo \u00e0 bille \u00e0 banni\u00e8re est un choix judicieux pour les salons professionnels, les expositions, le marketing \u00e9v\u00e9nementiel, la sensibilisation des clients, les promotions directes, les programmes d'accueil, les campagnes immobili\u00e8res, les \u00e9v\u00e9nements communautaires, les programmes \u00e9ducatifs et bien d'autres utilisations publicitaires. Parce qu'il combine un stylo fonctionnel avec un encart imprimable plus grand, il offre plus qu'un simple placement de logo. Il offre \u00e0 votre entreprise un outil promotionnel compact que les gens peuvent r\u00e9ellement utiliser, tout en v\u00e9hiculant des messages plus d\u00e9taill\u00e9s qu'un stylo ordinaire.<\/p>\n<p data-start=\"2450\" data-end=\"2908\">L'insertion d'une banni\u00e8re extractible rend ce produit particuli\u00e8rement efficace pour les organisations qui souhaitent partager plus qu'un nom ou un logo. Il peut \u00eatre utilis\u00e9 pour les coordonn\u00e9es, les informations sur le site web, les produits phares, les rappels d'\u00e9v\u00e9nements, les num\u00e9ros de t\u00e9l\u00e9phone, l'emplacement des magasins, les messages sur les services, les informations sur la s\u00e9curit\u00e9 ou les illustrations promotionnelles. Cette zone d'insertion suppl\u00e9mentaire conf\u00e8re au stylo une plus grande valeur marketing et l'aide \u00e0 se d\u00e9marquer des autres cadeaux d'\u00e9criture lors d'\u00e9v\u00e9nements et de salons professionnels.<\/p>\n<p data-start=\"2910\" data-end=\"3370\">En plus de ses caract\u00e9ristiques promotionnelles, ce stylo est con\u00e7u pour l'\u00e9criture quotidienne. Il s'agit d'un stylo \u00e0 bille pratique que les utilisateurs peuvent garder sur leur bureau, dans un sac, \u00e0 un comptoir d'accueil ou dans un kit cadeau. Comme les destinataires sont plus susceptibles de conserver et de r\u00e9utiliser un stylo que d'autres articles promotionnels \u00e0 usage unique, ce produit contribue \u00e0 cr\u00e9er une exposition durable de la marque. Chaque fois que le stylo est utilis\u00e9 ou que la banni\u00e8re est vue, votre message continue \u00e0 fonctionner.<\/p>\n<p data-start=\"3372\" data-end=\"3812\">Le corps transparent permet de mettre en valeur l'insert int\u00e9rieur, ce qui rend l'\u00e9l\u00e9ment publicitaire facile \u00e0 remarquer. Le capuchon \u00e0 d\u00e9clic et la section textur\u00e9e de la prise ajoutent \u00e0 la commodit\u00e9 et au confort d'\u00e9criture, tandis que les options de couleurs vives de la prise permettent au stylo d'\u00eatre plus moderne et plus attrayant visuellement. Cette combinaison de fonction et de valeur d'affichage rend le stylo appropri\u00e9 pour les marques qui veulent un cadeau utile avec une plus grande visibilit\u00e9 et une meilleure r\u00e9tention du message.<\/p>\n<p data-start=\"3814\" data-end=\"4218\">Ce stylo \u00e0 banderole personnalis\u00e9 est particuli\u00e8rement utile pour les campagnes de marketing o\u00f9 l'espace est important. Par exemple, les entreprises peuvent l'utiliser pour afficher un logo sur le corps du stylo et utiliser l'encart d\u00e9tachable pour les d\u00e9tails de l'entreprise, une offre de produit, des informations sur l'\u00e9v\u00e9nement ou le marquage de la campagne. Ce stylo est donc id\u00e9al pour les entreprises, les \u00e9coles, les organisations \u00e0 but non lucratif, les programmes de sant\u00e9, les promotions de vente au d\u00e9tail, les campagnes touristiques et le mat\u00e9riel \u00e9v\u00e9nementiel de marque.<\/p>\n<p data-start=\"4220\" data-end=\"4560\">Parce qu'il est l\u00e9ger, portable et facile \u00e0 distribuer, ce stylo publicitaire convient parfaitement aux trousses de bienvenue, aux sacs de conf\u00e9rence, aux documents \u00e0 distribuer dans les salons professionnels, aux bureaux d'accueil, aux promotions par publipostage et aux trousses d'information. Il s'agit d'un produit promotionnel rentable qui allie l'utilit\u00e9 quotidienne et l'espace de message \u00e9largi dans un seul article compact.<\/p>\n<p data-start=\"4562\" data-end=\"4880\">Si vous \u00eates \u00e0 la recherche d'un stylo promotionnel qui offre plus d'impact marketing qu'un stylo imprim\u00e9 standard, ce stylo \u00e0 bille avec banni\u00e8re publicitaire personnalis\u00e9e est un excellent choix. Il combine une utilisation pratique pour l'\u00e9criture avec un support d'affichage extractible, ce qui permet \u00e0 votre logo et \u00e0 votre message de rester visibles dans un format simple mais tr\u00e8s efficace.<\/p>\n<p data-start=\"4882\" data-end=\"5294\"><strong data-start=\"4882\" data-end=\"4898\">Caract\u00e9ristiques principales<\/strong><br data-start=\"4898\" data-end=\"4901\" \/>Insertion d'une banni\u00e8re extractible pour une pr\u00e9sentation promotionnelle \u00e9largie<br data-start=\"4956\" data-end=\"4959\" \/>Barillet transparent pour mettre en valeur la bande de message int\u00e9rieure<br data-start=\"5003\" data-end=\"5006\" \/>Options d'impression de logos et de messages personnalis\u00e9s<br data-start=\"5046\" data-end=\"5049\" \/>\u00c9criture \u00e0 bille lisse pour un usage quotidien<br data-start=\"5090\" data-end=\"5093\" \/>Poign\u00e9e textur\u00e9e confortable pour une meilleure prise en main<br data-start=\"5138\" data-end=\"5141\" \/>Combinaison pratique d'un outil d'\u00e9criture et d'un espace publicitaire<br data-start=\"5200\" data-end=\"5203\" \/>L\u00e9ger et facile \u00e0 distribuer<br data-start=\"5237\" data-end=\"5240\" \/>Id\u00e9al pour les \u00e9v\u00e9nements, les promotions, les campagnes et les cadeaux publicitaires<\/p>\n<p data-start=\"5296\" data-end=\"5692\"><strong data-start=\"5296\" data-end=\"5331\">Pourquoi choisir ce stylo promotionnel<\/strong><br data-start=\"5331\" data-end=\"5334\" \/>Ce stylo est un excellent choix promotionnel car il vous offre plus d'espace pour communiquer qu'un stylo \u00e0 logo standard. L'insert de message extractible vous permet de partager des d\u00e9tails suppl\u00e9mentaires tout en offrant un produit d'\u00e9criture utile au quotidien. Il est donc particuli\u00e8rement efficace pour les campagnes, les \u00e9v\u00e9nements et les cadeaux de marque o\u00f9 la visibilit\u00e9 et l'espace du message sont importants.<\/p>\n<p data-start=\"5694\" data-end=\"5962\"><strong data-start=\"5694\" data-end=\"5707\">Id\u00e9al pour<\/strong><br data-start=\"5707\" data-end=\"5710\" \/>Cadeaux pour les salons professionnels<br data-start=\"5730\" data-end=\"5733\" \/>Expositions et marketing \u00e9v\u00e9nementiel<br data-start=\"5764\" data-end=\"5767\" \/>Promotions d'entreprise<br data-start=\"5787\" data-end=\"5790\" \/>Campagnes de publipostage<br data-start=\"5811\" data-end=\"5814\" \/>Bureaux d'accueil<br data-start=\"5829\" data-end=\"5832\" \/>Promotions sur les h\u00f4tels et les voyages<br data-start=\"5859\" data-end=\"5862\" \/>Publicit\u00e9 dans le commerce de d\u00e9tail et les magasins<br data-start=\"5890\" data-end=\"5893\" \/>Programmes scolaires<br data-start=\"5908\" data-end=\"5911\" \/>Manifestations de sensibilisation de la communaut\u00e9<br data-start=\"5936\" data-end=\"5939\" \/>Kits de bienvenue pour la conf\u00e9rence<\/p>\n<p data-start=\"5964\" data-end=\"5971\"><strong data-start=\"5964\" data-end=\"5971\">FAQ<\/strong><\/p>\n<p data-start=\"5973\" data-end=\"6215\"><strong data-start=\"5973\" data-end=\"6045\">Qu'est-ce qui diff\u00e9rencie ce stylo-banni\u00e8re d'un stylo promotionnel ordinaire ?<\/strong><br data-start=\"6045\" data-end=\"6048\" \/>Ce stylo comprend une insertion de message \u00e0 l'int\u00e9rieur du corps, ce qui vous donne beaucoup plus d'espace pour votre marque, vos coordonn\u00e9es, vos messages promotionnels ou les informations relatives \u00e0 votre campagne.<\/p>\n<p data-start=\"6217\" data-end=\"6403\"><strong data-start=\"6217\" data-end=\"6260\">Ce stylo peut-il \u00eatre personnalis\u00e9 avec un logo ?<\/strong><br data-start=\"6260\" data-end=\"6263\" \/>Oui, le stylo peut \u00eatre personnalis\u00e9 avec votre logo et peut \u00e9galement inclure un contenu imprim\u00e9 sur l'encart d\u00e9tachable pour un impact promotionnel suppl\u00e9mentaire.<\/p>\n<p data-start=\"6405\" data-end=\"6614\"><strong data-start=\"6405\" data-end=\"6450\">Que peut-on imprimer sur la banni\u00e8re ?<\/strong><br data-start=\"6450\" data-end=\"6453\" \/>L'encart peut \u00eatre utilis\u00e9 pour les coordonn\u00e9es de l'entreprise, les informations sur le site web, les num\u00e9ros de contact, les messages sur les produits, les informations sur les \u00e9v\u00e9nements, les illustrations promotionnelles ou le contenu de la campagne.<\/p>\n<p data-start=\"6616\" data-end=\"6820\"><strong data-start=\"6616\" data-end=\"6668\">Ce stylo convient-il pour les salons et les \u00e9v\u00e9nements ?<\/strong><br data-start=\"6668\" data-end=\"6671\" \/>Oui, il est particuli\u00e8rement adapt\u00e9 aux salons, aux expositions, aux \u00e9v\u00e9nements et aux promotions, car il combine une utilisation quotidienne avec un espace publicitaire \u00e9largi.<\/p>\n<p data-start=\"6822\" data-end=\"7037\" data-is-last-node=\"\" data-is-only-node=\"\"><strong data-start=\"6822\" data-end=\"6865\">Pourquoi est-ce un bon produit promotionnel ?<\/strong><br data-start=\"6865\" data-end=\"6868\" \/>Il est utile, facile \u00e0 distribuer et offre plus d'espace pour le marquage et le message qu'un stylo standard, ce qui contribue \u00e0 am\u00e9liorer la visibilit\u00e9 et \u00e0 rendre votre marketing plus efficace.<\/p>","protected":false},"excerpt":{"rendered":"<p>Ce stylo \u00e0 bille \u00e0 banni\u00e8re publicitaire personnalis\u00e9e est dot\u00e9 d'une insertion de message extractible qui offre un espace suppl\u00e9mentaire pour le contenu promotionnel, la marque ou les coordonn\u00e9es. Id\u00e9al pour les salons professionnels, les \u00e9v\u00e9nements, les campagnes, les bureaux et les cadeaux publicitaires, il combine une fonction d'\u00e9criture quotidienne avec un espace publicitaire plus grand et plus accrocheur qu'un stylo promotionnel standard.<\/p>","protected":false},"featured_media":46909,"template":"","meta":{"_gspb_post_css":""},"product_brand":[],"product_cat":[35],"product_tag":[],"class_list":{"0":"post-46908","1":"product","2":"type-product","3":"status-publish","4":"has-post-thumbnail","6":"product_cat-tradeshow-events","8":"first","9":"instock","10":"shipping-taxable","11":"product-type-simple"},"_links":{"self":[{"href":"https:\/\/globalgiftsupplier.com\/fr\/wp-json\/wp\/v2\/product\/46908","targetHints":{"allow":["GET"]}}],"collection":[{"href":"https:\/\/globalgiftsupplier.com\/fr\/wp-json\/wp\/v2\/product"}],"about":[{"href":"https:\/\/globalgiftsupplier.com\/fr\/wp-json\/wp\/v2\/types\/product"}],"wp:featuredmedia":[{"embeddable":true,"href":"https:\/\/globalgiftsupplier.com\/fr\/wp-json\/wp\/v2\/media\/46909"}],"wp:attachment":[{"href":"https:\/\/globalgiftsupplier.com\/fr\/wp-json\/wp\/v2\/media?parent=46908"}],"wp:term":[{"taxonomy":"product_brand","embeddable":true,"href":"https:\/\/globalgiftsupplier.com\/fr\/wp-json\/wp\/v2\/product_brand?post=46908"},{"taxonomy":"product_cat","embeddable":true,"href":"https:\/\/globalgiftsupplier.com\/fr\/wp-json\/wp\/v2\/product_cat?post=46908"},{"taxonomy":"product_tag","embeddable":true,"href":"https:\/\/globalgiftsupplier.com\/fr\/wp-json\/wp\/v2\/product_tag?post=46908"}],"curies":[{"name":"wp","href":"https:\/\/api.w.org\/{rel}","templated":true}]}}