{"id":46901,"date":"2026-03-19T03:46:51","date_gmt":"2026-03-19T03:46:51","guid":{"rendered":"https:\/\/globalgiftsupplier.com\/?post_type=product&#038;p=46901"},"modified":"2026-03-19T03:46:51","modified_gmt":"2026-03-19T03:46:51","slug":"custom-click-action-ballpoint-pen-with-soft-rubber-grip-and-logo-imprint","status":"publish","type":"product","link":"https:\/\/globalgiftsupplier.com\/fr\/product\/custom-click-action-ballpoint-pen-with-soft-rubber-grip-and-logo-imprint\/","title":{"rendered":"Stylo \u00e0 bille \u00e0 d\u00e9clic personnalis\u00e9 avec prise en caoutchouc souple et impression du logo"},"content":{"rendered":"<p data-start=\"1152\" data-end=\"1551\">Faites la promotion de votre marque avec un produit d'\u00e9criture que les gens utilisent tous les jours gr\u00e2ce \u00e0 ce stylo \u00e0 bille personnalis\u00e9. Dot\u00e9 d'un corps argent\u00e9 \u00e9l\u00e9gant, d'une prise en main confortable en caoutchouc souple et d'un m\u00e9canisme r\u00e9tractable pratique, ce stylo allie une apparence professionnelle \u00e0 une fonction quotidienne, ce qui en fait un article promotionnel fiable pour de nombreux secteurs d'activit\u00e9 et campagnes de marketing.<\/p>\n<p data-start=\"1553\" data-end=\"2059\">Ce stylo promotionnel est con\u00e7u pour offrir un aspect propre et moderne qui convient parfaitement aux bureaux, aux \u00e9coles, aux conf\u00e9rences, aux zones d'accueil, aux stands de foires commerciales et aux comptoirs de service \u00e0 la client\u00e8le. Le corps argent\u00e9 lui conf\u00e8re un aspect plus raffin\u00e9 et plus professionnel, tandis que la section color\u00e9e de la poign\u00e9e ajoute une touche de luminosit\u00e9 et aide le produit \u00e0 se d\u00e9marquer sans para\u00eetre trop d\u00e9contract\u00e9. Cet \u00e9quilibre entre simplicit\u00e9 et couleur permet de l'utiliser aussi bien pour des promotions professionnelles formelles que pour des campagnes d'image de marque plus \u00e9nergiques.<\/p>\n<p data-start=\"2061\" data-end=\"2528\">Le grip en caoutchouc souple am\u00e9liore le confort d'\u00e9criture et facilite la prise en main du stylo en cas d'utilisation r\u00e9p\u00e9t\u00e9e ou prolong\u00e9e. Ce confort suppl\u00e9mentaire conf\u00e8re au produit une valeur pratique, en particulier pour les personnes qui prennent r\u00e9guli\u00e8rement des notes, remplissent des formulaires ou utilisent des stylos au travail tout au long de la journ\u00e9e. Le design \u00e0 d\u00e9clic est \u00e9galement pratique car il permet aux utilisateurs de commencer \u00e0 \u00e9crire rapidement sans avoir \u00e0 retirer ou \u00e0 perdre le capuchon, ce qui en fait un produit id\u00e9al pour les bureaux et les \u00e9v\u00e9nements tr\u00e8s fr\u00e9quent\u00e9s.<\/p>\n<p data-start=\"2530\" data-end=\"2944\">L'un des principaux avantages de ce stylo personnalis\u00e9 est sa grande utilit\u00e9 au quotidien. Les stylos restent l'un des produits promotionnels les plus efficaces parce qu'ils sont l\u00e9gers, abordables, faciles \u00e0 distribuer et constamment n\u00e9cessaires dans la vie quotidienne. Qu'il soit gard\u00e9 sur un bureau, transport\u00e9 dans un sac, plac\u00e9 \u00e0 la r\u00e9ception ou distribu\u00e9 lors d'un \u00e9v\u00e9nement, ce stylo permet de garder votre logo en vue longtemps apr\u00e8s le premier cadeau.<\/p>\n<p data-start=\"2946\" data-end=\"3426\">Ce stylo est \u00e9galement un choix judicieux pour les organisations qui souhaitent un produit promotionnel abordable avec un look soign\u00e9. Le corps argent\u00e9 et l'agrafe assortie cr\u00e9ent un style visuel propre qui semble plus \u00e9lev\u00e9 qu'un simple stylo en plastique, tandis que la prise color\u00e9e offre un moyen facile d'assortir diff\u00e9rents th\u00e8mes de marque. Il convient parfaitement aux cadeaux d'entreprise, aux promotions scolaires, aux campagnes de sant\u00e9, aux \u00e9v\u00e9nements bancaires, aux r\u00e9ceptions d'h\u00f4tels, au marketing immobilier et aux programmes g\u00e9n\u00e9raux de fournitures de bureau.<\/p>\n<p data-start=\"3428\" data-end=\"3732\">Avec une longueur de produit d'environ 5,47 pouces, ce stylo a un profil d'\u00e9criture pleine taille confortable qui s'adapte facilement aux cahiers, aux dossiers, aux organisateurs de bureau et aux sacs de cadeaux. Il est pratique pour les t\u00e2ches d'\u00e9criture quotidiennes et facile \u00e0 inclure dans les packs de bienvenue, les documents \u00e0 distribuer lors d'\u00e9v\u00e9nements et les ensembles de bureau de marque.<\/p>\n<p data-start=\"3734\" data-end=\"3988\">Si vous \u00eates \u00e0 la recherche d'un stylo promotionnel qui allie style professionnel, confort d'\u00e9criture et visibilit\u00e9 fiable du logo, ce stylo \u00e0 bille personnalis\u00e9 avec prise en caoutchouc souple est un excellent choix pour votre site web et votre gamme de produits promotionnels.<\/p>\n<p data-start=\"3990\" data-end=\"4346\"><strong data-start=\"3990\" data-end=\"4006\">Caract\u00e9ristiques principales<\/strong><br data-start=\"4006\" data-end=\"4009\" \/>Conception r\u00e9tractable par clic<br data-start=\"4040\" data-end=\"4043\" \/>Poign\u00e9e en caoutchouc souple pour un plus grand confort d'\u00e9criture<br data-start=\"4085\" data-end=\"4088\" \/>Barillet argent\u00e9 \u00e9l\u00e9gant au style moderne<br data-start=\"4127\" data-end=\"4130\" \/>Zone d'impression du logo personnalis\u00e9 sur le baril<br data-start=\"4164\" data-end=\"4167\" \/>Aspect professionnel avec des accents color\u00e9s sur la poign\u00e9e<br data-start=\"4211\" data-end=\"4214\" \/>L\u00e9ger et pratique pour une utilisation quotidienne<br data-start=\"4256\" data-end=\"4259\" \/>Taille approximative : 5.47\u2033 L x 0.51\u2033 L<br data-start=\"4294\" data-end=\"4297\" \/>Id\u00e9al pour les bureaux, les \u00e9coles, les \u00e9v\u00e9nements et les cadeaux publicitaires.<\/p>\n<p data-start=\"4348\" data-end=\"4722\"><strong data-start=\"4348\" data-end=\"4383\">Pourquoi choisir ce stylo promotionnel<\/strong><br data-start=\"4383\" data-end=\"4386\" \/>Ce stylo est un excellent choix promotionnel car il combine une utilit\u00e9 quotidienne, une prise en main confortable et une apparence soign\u00e9e dans un produit abordable. Par rapport aux stylos publicitaires ordinaires, le corps argent\u00e9 et la prise en main souple contribuent \u00e0 cr\u00e9er une impression plus professionnelle, tout en conservant l'aspect pratique et facile \u00e0 distribuer en vrac de l'article.<\/p>\n<p data-start=\"4724\" data-end=\"4976\"><strong data-start=\"4724\" data-end=\"4737\">Id\u00e9al pour<\/strong><br data-start=\"4737\" data-end=\"4740\" \/>Promotion des bureaux<br data-start=\"4757\" data-end=\"4760\" \/>Cadeaux pour les salons professionnels<br data-start=\"4780\" data-end=\"4783\" \/>\u00c9v\u00e9nements scolaires<br data-start=\"4796\" data-end=\"4799\" \/>R\u00e9unions d'entreprise<br data-start=\"4817\" data-end=\"4820\" \/>Bureaux d'accueil<br data-start=\"4835\" data-end=\"4838\" \/>Promotion des soins de sant\u00e9<br data-start=\"4859\" data-end=\"4862\" \/>Campagnes bancaires et financi\u00e8res<br data-start=\"4891\" data-end=\"4894\" \/>Cadeaux sur l'immobilier<br data-start=\"4915\" data-end=\"4918\" \/>Image de marque de l'h\u00f4tellerie et de la restauration<br data-start=\"4948\" data-end=\"4951\" \/>Manifestations de sensibilisation de la communaut\u00e9<\/p>\n<p data-start=\"4978\" data-end=\"4985\"><strong data-start=\"4978\" data-end=\"4985\">FAQ<\/strong><\/p>\n<p data-start=\"4987\" data-end=\"5219\"><strong data-start=\"4987\" data-end=\"5035\">Qu'est-ce qui fait de ce stylo un bon objet promotionnel ?<\/strong><br data-start=\"5035\" data-end=\"5038\" \/>Ce stylo est pratique, abordable et convient \u00e0 un usage quotidien. Comme les gens utilisent r\u00e9guli\u00e8rement des stylos, votre logo reste visible au fil du temps dans les bureaux, les \u00e9coles, les maisons et les espaces publics.<\/p>\n<p data-start=\"5221\" data-end=\"5360\"><strong data-start=\"5221\" data-end=\"5264\">Ce stylo peut-il \u00eatre personnalis\u00e9 avec un logo ?<\/strong><br data-start=\"5264\" data-end=\"5267\" \/>Oui, le baril peut \u00eatre personnalis\u00e9 avec le logo de votre entreprise, le nom de votre marque ou un message promotionnel.<\/p>\n<p data-start=\"5362\" data-end=\"5513\"><strong data-start=\"5362\" data-end=\"5410\">La poign\u00e9e en caoutchouc est-elle utile pour l'\u00e9criture quotidienne ?<\/strong><br data-start=\"5410\" data-end=\"5413\" \/>Oui, la poign\u00e9e en caoutchouc souple am\u00e9liore le confort et facilite la prise en main du stylo lors d'une utilisation r\u00e9guli\u00e8re.<\/p>\n<p data-start=\"5515\" data-end=\"5705\"><strong data-start=\"5515\" data-end=\"5558\">O\u00f9 ce stylo promotionnel peut-il \u00eatre utilis\u00e9 ?<\/strong><br data-start=\"5558\" data-end=\"5561\" \/>Il est id\u00e9al pour les bureaux, les \u00e9coles, les salons professionnels, les guichets, les r\u00e9unions, les conf\u00e9rences, les \u00e9tablissements de sant\u00e9, les h\u00f4tels et autres environnements professionnels.<\/p>\n<p data-start=\"5707\" data-end=\"5919\" data-is-last-node=\"\" data-is-only-node=\"\"><strong data-start=\"5707\" data-end=\"5763\">Ce stylo est-il adapt\u00e9 aux campagnes de promotion en masse ?<\/strong><br data-start=\"5763\" data-end=\"5766\" \/>Oui, c'est un excellent choix pour les grands cadeaux et les \u00e9v\u00e9nements de marque, car il est l\u00e9ger, utile, facile \u00e0 distribuer et adapt\u00e9 \u00e0 un large public.<\/p>","protected":false},"excerpt":{"rendered":"<p>Ce stylo \u00e0 bille personnalis\u00e9 est dot\u00e9 d'un corps argent\u00e9 \u00e9l\u00e9gant, d'une prise en main en caoutchouc souple et d'un design r\u00e9tractable pour une \u00e9criture confortable au quotidien. Id\u00e9al pour les bureaux, les \u00e9coles, les salons professionnels, les r\u00e9unions et les cadeaux promotionnels, il offre un moyen pratique et abordable de garder votre logo visible.<\/p>","protected":false},"featured_media":46902,"template":"","meta":{"_gspb_post_css":""},"product_brand":[],"product_cat":[31],"product_tag":[],"class_list":{"0":"post-46901","1":"product","2":"type-product","3":"status-publish","4":"has-post-thumbnail","6":"product_cat-office","8":"first","9":"instock","10":"shipping-taxable","11":"product-type-simple"},"_links":{"self":[{"href":"https:\/\/globalgiftsupplier.com\/fr\/wp-json\/wp\/v2\/product\/46901","targetHints":{"allow":["GET"]}}],"collection":[{"href":"https:\/\/globalgiftsupplier.com\/fr\/wp-json\/wp\/v2\/product"}],"about":[{"href":"https:\/\/globalgiftsupplier.com\/fr\/wp-json\/wp\/v2\/types\/product"}],"wp:featuredmedia":[{"embeddable":true,"href":"https:\/\/globalgiftsupplier.com\/fr\/wp-json\/wp\/v2\/media\/46902"}],"wp:attachment":[{"href":"https:\/\/globalgiftsupplier.com\/fr\/wp-json\/wp\/v2\/media?parent=46901"}],"wp:term":[{"taxonomy":"product_brand","embeddable":true,"href":"https:\/\/globalgiftsupplier.com\/fr\/wp-json\/wp\/v2\/product_brand?post=46901"},{"taxonomy":"product_cat","embeddable":true,"href":"https:\/\/globalgiftsupplier.com\/fr\/wp-json\/wp\/v2\/product_cat?post=46901"},{"taxonomy":"product_tag","embeddable":true,"href":"https:\/\/globalgiftsupplier.com\/fr\/wp-json\/wp\/v2\/product_tag?post=46901"}],"curies":[{"name":"wp","href":"https:\/\/api.w.org\/{rel}","templated":true}]}}