{"id":46892,"date":"2026-03-19T03:28:17","date_gmt":"2026-03-19T03:28:17","guid":{"rendered":"https:\/\/globalgiftsupplier.com\/?post_type=product&#038;p=46892"},"modified":"2026-03-19T03:28:17","modified_gmt":"2026-03-19T03:28:17","slug":"custom-liquid-glitter-floating-ballpoint-pen-with-pvc-insert-and-logo-imprint","status":"publish","type":"product","link":"https:\/\/globalgiftsupplier.com\/fr\/product\/custom-liquid-glitter-floating-ballpoint-pen-with-pvc-insert-and-logo-imprint\/","title":{"rendered":"Stylo \u00e0 bille flottant \u00e0 liquide paillet\u00e9 personnalis\u00e9 avec insert en PVC et impression du logo"},"content":{"rendered":"<p data-start=\"1234\" data-end=\"1770\">Apportez plus de cr\u00e9ativit\u00e9 et de personnalit\u00e9 \u00e0 votre ligne de produits promotionnels avec ce stylo \u00e0 bille flottant \u00e0 paillettes liquides personnalis\u00e9, un objet d'\u00e9criture amusant con\u00e7u pour se d\u00e9marquer des stylos publicitaires ordinaires. Dot\u00e9 d'un globe transparent rempli d'\u00e9l\u00e9ments paillet\u00e9s flottants et d'un motif int\u00e9rieur en PVC personnalisable, ce stylo ajoute du mouvement, de la couleur et de la nouveaut\u00e9 \u00e0 un produit de bureau pratique et quotidien. C'est un choix judicieux pour les marques qui souhaitent un stylo promotionnel avec un impact visuel plus fort et une apparence plus m\u00e9morable.<\/p>\n<p data-start=\"1772\" data-end=\"2202\">Contrairement aux stylos en plastique standard qui peuvent facilement se fondre dans d'autres cadeaux publicitaires, ce stylo \u00e0 bille fantaisie est con\u00e7u pour attirer imm\u00e9diatement l'attention. Le globe d\u00e9coratif cr\u00e9e un effet de flottement ludique qui rend le stylo plus int\u00e9ressant \u00e0 regarder et plus agr\u00e9able \u00e0 utiliser. Ce d\u00e9tail visuel suppl\u00e9mentaire contribue \u00e0 rendre le produit plus unique, ce qui peut am\u00e9liorer la fa\u00e7on dont les destinataires se souviennent \u00e0 la fois de l'article et de la marque qui y est imprim\u00e9e.<\/p>\n<p data-start=\"2204\" data-end=\"2658\">Ce stylo promotionnel personnalis\u00e9 est une excellente option pour les entreprises, les \u00e9coles, les promotions au d\u00e9tail, les boutiques de cadeaux, les salons professionnels, les activations de marque et les campagnes saisonni\u00e8res. Parce qu'il combine une fonction utile avec un attrait d\u00e9coratif, il convient \u00e0 un large \u00e9ventail de publics cibles, y compris les \u00e9tudiants, les employ\u00e9s de bureau, les clients, les participants \u00e0 des \u00e9v\u00e9nements et les acheteurs de cadeaux. Il est particuli\u00e8rement adapt\u00e9 aux campagnes qui recherchent un style de produit plus gai, plus jeune ou plus cr\u00e9atif.<\/p>\n<p data-start=\"2660\" data-end=\"3132\">Le corps du stylo offre un espace libre pour l'impression du logo, ce qui permet \u00e0 votre marque de rester visible lors d'une utilisation quotidienne. Les stylos \u00e9tant fr\u00e9quemment transport\u00e9s, partag\u00e9s et r\u00e9utilis\u00e9s, ils restent l'un des produits promotionnels bon march\u00e9 les plus efficaces pour une exposition r\u00e9p\u00e9t\u00e9e de la marque. Avec l'ajout du globe flottant, ce stylo va au-del\u00e0 de la fonction d'\u00e9criture de base et devient un article de marque plus visible sur les bureaux, dans les trousses \u00e0 crayons, aux comptoirs d'accueil et \u00e0 l'int\u00e9rieur des sacs-cadeaux.<\/p>\n<p data-start=\"3134\" data-end=\"3570\">Son design color\u00e9 le rend particuli\u00e8rement efficace pour les promotions scolaires, les collections de papeterie, les \u00e9v\u00e9nements \u00e0 th\u00e8me, les campagnes de beaut\u00e9, les programmes de jouets et de cadeaux, et les marques de style de vie. L'insert PVC int\u00e9rieur personnalis\u00e9 \u00e0 l'int\u00e9rieur du couvercle transparent peut ajouter encore plus de personnalit\u00e9 au produit, aidant les marques \u00e0 cr\u00e9er un look promotionnel plus distinctif. Le stylo convient donc non seulement comme cadeau publicitaire, mais aussi comme article d'\u00e9criture fantaisie pour la vente au d\u00e9tail.<\/p>\n<p data-start=\"3572\" data-end=\"3969\">Ce stylo flottant \u00e0 paillettes liquides est id\u00e9al pour les entreprises qui souhaitent quelque chose de plus ludique qu'un stylo de bureau standard tout en offrant une r\u00e9elle utilit\u00e9. Il est pratique pour l'\u00e9criture quotidienne, mais suffisamment unique pour \u00eatre consid\u00e9r\u00e9 comme un petit accessoire de bureau ou un article cadeau. Cet \u00e9quilibre entre nouveaut\u00e9 et fonction en fait un excellent choix promotionnel pour les organisations qui souhaitent laisser une impression durable.<\/p>\n<p data-start=\"3971\" data-end=\"4277\">Si vous \u00eates \u00e0 la recherche d'un stylo logo personnalis\u00e9 qui soit amusant, d\u00e9coratif et diff\u00e9rent des produits d'\u00e9criture ordinaires, ce stylo \u00e0 bille flottant \u00e0 paillettes liquides est une excellente option. Il permet d'apporter un int\u00e9r\u00eat visuel \u00e0 votre campagne tout en gardant votre logo en vue des clients, des \u00e9tudiants et des visiteurs d'\u00e9v\u00e9nements.<\/p>\n<p data-start=\"4279\" data-end=\"4669\"><strong data-start=\"4279\" data-end=\"4295\">Caract\u00e9ristiques principales<\/strong><br data-start=\"4295\" data-end=\"4298\" \/>Globe transparent avec effet de paillettes flottantes<br data-start=\"4342\" data-end=\"4345\" \/>Insertion int\u00e9rieure personnalis\u00e9e en PVC pour un meilleur attrait visuel<br data-start=\"4392\" data-end=\"4395\" \/>\u00c9criture \u00e0 bille lisse pour un usage quotidien<br data-start=\"4436\" data-end=\"4439\" \/>Zone d'impression du logo personnalis\u00e9 sur le corps du stylo<br data-start=\"4475\" data-end=\"4478\" \/>Design amusant et novateur avec une forte visibilit\u00e9 promotionnelle<br data-start=\"4531\" data-end=\"4534\" \/>Aspect color\u00e9 adapt\u00e9 aux campagnes cr\u00e9atives<br data-start=\"4585\" data-end=\"4588\" \/>L\u00e9ger et facile \u00e0 transporter<br data-start=\"4617\" data-end=\"4620\" \/>Id\u00e9al pour les \u00e9coles, les \u00e9v\u00e9nements, les bureaux et les cadeaux publicitaires.<\/p>\n<p data-start=\"4671\" data-end=\"5094\"><strong data-start=\"4671\" data-end=\"4706\">Pourquoi choisir ce stylo promotionnel<\/strong><br data-start=\"4706\" data-end=\"4709\" \/>Ce stylo est un excellent choix promotionnel parce qu'il combine une utilisation pratique avec un embout flottant d\u00e9coratif qui attire imm\u00e9diatement l'attention. Compar\u00e9 aux stylos publicitaires ordinaires, il offre un meilleur impact visuel, une pr\u00e9sentation plus ludique et une m\u00e9morisation plus forte. Il s'agit donc d'une option intelligente pour les marques qui souhaitent une promotion abordable avec un style de produit plus distinctif.<\/p>\n<p data-start=\"5096\" data-end=\"5345\"><strong data-start=\"5096\" data-end=\"5109\">Id\u00e9al pour<\/strong><br data-start=\"5109\" data-end=\"5112\" \/>Promotions scolaires<br data-start=\"5129\" data-end=\"5132\" \/>Cadeaux pour les salons professionnels<br data-start=\"5152\" data-end=\"5155\" \/>Coffrets cadeaux de papeterie<br data-start=\"5175\" data-end=\"5178\" \/>Cadeaux pour les comptoirs de vente au d\u00e9tail<br data-start=\"5202\" data-end=\"5205\" \/>Campagnes sur la beaut\u00e9 et le style de vie<br data-start=\"5235\" data-end=\"5238\" \/>Promotion des bureaux<br data-start=\"5255\" data-end=\"5258\" \/>\u00c9v\u00e9nements communautaires<br data-start=\"5274\" data-end=\"5277\" \/>Programmes pour enfants<br data-start=\"5296\" data-end=\"5299\" \/>Cadeaux pour les f\u00eates de fin d'ann\u00e9e<br data-start=\"5316\" data-end=\"5319\" \/>Activations cr\u00e9atives de la marque<\/p>\n<p data-start=\"5347\" data-end=\"5354\"><strong data-start=\"5347\" data-end=\"5354\">FAQ<\/strong><\/p>\n<p data-start=\"5356\" data-end=\"5608\"><strong data-start=\"5356\" data-end=\"5422\">Qu'est-ce qui diff\u00e9rencie ce stylo d'un stylo promotionnel classique ?<\/strong><br data-start=\"5422\" data-end=\"5425\" \/>Ce stylo est dot\u00e9 d'un globe d\u00e9coratif transparent avec des paillettes flottantes et d'un insert int\u00e9rieur en PVC personnalis\u00e9, ce qui lui conf\u00e8re un aspect plus cr\u00e9atif et plus accrocheur qu'un stylo \u00e0 bille ordinaire.<\/p>\n<p data-start=\"5610\" data-end=\"5751\"><strong data-start=\"5610\" data-end=\"5653\">Ce stylo peut-il \u00eatre personnalis\u00e9 avec un logo ?<\/strong><br data-start=\"5653\" data-end=\"5656\" \/>Oui, le corps du stylo peut \u00eatre personnalis\u00e9 avec le logo de votre entreprise, le nom de votre marque ou un message promotionnel.<\/p>\n<p data-start=\"5753\" data-end=\"5938\"><strong data-start=\"5753\" data-end=\"5805\">Quel est l'avantage du couvercle \u00e0 paillettes flottant ?<\/strong><br data-start=\"5805\" data-end=\"5808\" \/>Les paillettes flottantes ajoutent du mouvement et de l'int\u00e9r\u00eat visuel, aidant le stylo \u00e0 se d\u00e9marquer et le rendant plus m\u00e9morable pour les destinataires.<\/p>\n<p data-start=\"5940\" data-end=\"6153\"><strong data-start=\"5940\" data-end=\"5984\">\u00c0 qui ce stylo fantaisie convient-il le mieux ?<\/strong><br data-start=\"5984\" data-end=\"5987\" \/>Il est id\u00e9al pour les \u00e9coles, les programmes de cadeaux, les salons professionnels, les promotions des d\u00e9taillants, les campagnes de papeterie, les marques de style de vie et les \u00e9v\u00e9nements qui recherchent un cadeau amusant et cr\u00e9atif.<\/p>\n<p data-start=\"6155\" data-end=\"6319\" data-is-last-node=\"\" data-is-only-node=\"\"><strong data-start=\"6155\" data-end=\"6197\">Ce stylo est-il adapt\u00e9 \u00e0 un usage quotidien ?<\/strong><br data-start=\"6197\" data-end=\"6200\" \/>Oui, il est con\u00e7u comme un stylo \u00e0 bille pratique pour l'\u00e9criture r\u00e9guli\u00e8re tout en offrant un aspect promotionnel d\u00e9coratif.<\/p>","protected":false},"excerpt":{"rendered":"<p>Ce stylo \u00e0 bille liquide flottant personnalis\u00e9 comporte un globe d\u00e9coratif transparent avec des paillettes flottantes et un insert int\u00e9rieur en PVC personnalis\u00e9 pour un look amusant et accrocheur. Id\u00e9al pour les bureaux, les \u00e9coles, les \u00e9v\u00e9nements, les programmes de cadeaux et les cadeaux promotionnels, il combine une utilisation quotidienne avec un fort attrait visuel et une exposition m\u00e9morable du logo.<\/p>","protected":false},"featured_media":46893,"template":"","meta":{"_gspb_post_css":""},"product_brand":[],"product_cat":[31],"product_tag":[],"class_list":{"0":"post-46892","1":"product","2":"type-product","3":"status-publish","4":"has-post-thumbnail","6":"product_cat-office","8":"first","9":"instock","10":"shipping-taxable","11":"product-type-simple"},"_links":{"self":[{"href":"https:\/\/globalgiftsupplier.com\/fr\/wp-json\/wp\/v2\/product\/46892","targetHints":{"allow":["GET"]}}],"collection":[{"href":"https:\/\/globalgiftsupplier.com\/fr\/wp-json\/wp\/v2\/product"}],"about":[{"href":"https:\/\/globalgiftsupplier.com\/fr\/wp-json\/wp\/v2\/types\/product"}],"wp:featuredmedia":[{"embeddable":true,"href":"https:\/\/globalgiftsupplier.com\/fr\/wp-json\/wp\/v2\/media\/46893"}],"wp:attachment":[{"href":"https:\/\/globalgiftsupplier.com\/fr\/wp-json\/wp\/v2\/media?parent=46892"}],"wp:term":[{"taxonomy":"product_brand","embeddable":true,"href":"https:\/\/globalgiftsupplier.com\/fr\/wp-json\/wp\/v2\/product_brand?post=46892"},{"taxonomy":"product_cat","embeddable":true,"href":"https:\/\/globalgiftsupplier.com\/fr\/wp-json\/wp\/v2\/product_cat?post=46892"},{"taxonomy":"product_tag","embeddable":true,"href":"https:\/\/globalgiftsupplier.com\/fr\/wp-json\/wp\/v2\/product_tag?post=46892"}],"curies":[{"name":"wp","href":"https:\/\/api.w.org\/{rel}","templated":true}]}}