{"id":46886,"date":"2026-03-19T03:23:34","date_gmt":"2026-03-19T03:23:34","guid":{"rendered":"https:\/\/globalgiftsupplier.com\/?post_type=product&#038;p=46886"},"modified":"2026-03-19T03:23:34","modified_gmt":"2026-03-19T03:23:34","slug":"custom-click-action-ballpoint-pens-with-rubber-grip-and-logo-imprint","status":"publish","type":"product","link":"https:\/\/globalgiftsupplier.com\/fr\/product\/custom-click-action-ballpoint-pens-with-rubber-grip-and-logo-imprint\/","title":{"rendered":"Stylo \u00e0 bille Click Action personnalis\u00e9 avec grip en caoutchouc et impression du logo"},"content":{"rendered":"<p data-start=\"1166\" data-end=\"1631\">Faites en sorte que votre marque fasse partie de l'\u00e9criture quotidienne gr\u00e2ce \u00e0 ces stylos \u00e0 bille personnalis\u00e9s, con\u00e7us pour combiner confort, style et valeur promotionnelle en un seul cadeau pratique. Dot\u00e9 d'un \u00e9l\u00e9gant corps chrom\u00e9, d'un m\u00e9canisme moderne \u00e0 d\u00e9clic et d'une prise en main en caoutchouc souple, ce stylo est un choix fiable pour les entreprises \u00e0 la recherche d'un article promotionnel utile que les clients, les employ\u00e9s, les \u00e9tudiants et les participants \u00e0 des \u00e9v\u00e9nements conserveront et utiliseront.<\/p>\n<p data-start=\"1633\" data-end=\"2112\">Ce stylo \u00e0 bille promotionnel se distingue par sa forme \u00e9l\u00e9gante et ses options de couleurs accrocheuses. Le corps poli donne au stylo un aspect plus raffin\u00e9 que les stylos publicitaires ordinaires, tandis que l'agrafe et la poign\u00e9e color\u00e9es ajoutent un contraste et une \u00e9nergie qui permettent \u00e0 votre marque d'attirer l'attention. Qu'il soit utilis\u00e9 dans un bureau, sur un stand de salon, dans un kit de bienvenue ou dans le cadre d'une promotion dans une \u00e9cole ou un h\u00f4pital, ce stylo offre un aspect propre et professionnel qui convient \u00e0 de nombreux secteurs d'activit\u00e9.<\/p>\n<p data-start=\"2114\" data-end=\"2607\">La prise confortable en caoutchouc contribue \u00e0 am\u00e9liorer l'exp\u00e9rience d'\u00e9criture au quotidien. Il rend le stylo plus facile \u00e0 tenir et plus confortable pendant les longues sessions d'\u00e9criture, ce qui ajoute une r\u00e9elle valeur pratique pour les utilisateurs. Le design \u00e0 clic est simple et pratique, permettant aux utilisateurs de commencer \u00e0 \u00e9crire rapidement sans avoir \u00e0 retirer ou \u00e0 perdre le capuchon. Ce stylo est donc particuli\u00e8rement adapt\u00e9 aux environnements tr\u00e8s fr\u00e9quent\u00e9s tels que les bureaux, les guichets, les salles de classe, les r\u00e9unions, les conf\u00e9rences et les guichets de service \u00e0 la client\u00e8le.<\/p>\n<p data-start=\"2609\" data-end=\"3128\">L'un des principaux atouts de ce stylo promotionnel personnalis\u00e9 est sa polyvalence. Les stylos sont l'un des produits promotionnels les plus utilis\u00e9s car ils sont l\u00e9gers, abordables, faciles \u00e0 distribuer et utiles dans presque tous les contextes. Qu'il s'agisse de salons professionnels, de visites de vente, de promotions de bureau ou de campagnes scolaires, un stylo de marque continue \u00e0 offrir de la visibilit\u00e9 longtemps apr\u00e8s la distribution initiale. Chaque fois que quelqu'un signe un formulaire, \u00e9crit une note ou partage le stylo avec quelqu'un d'autre, votre logo continue \u00e0 travailler pour votre marque.<\/p>\n<p data-start=\"3130\" data-end=\"3502\">Ce mod\u00e8le est fabriqu\u00e9 en ABS recyclable, ce qui en fait un choix plus pratique pour les entreprises qui souhaitent un produit promotionnel utile au quotidien et un choix de mat\u00e9riaux plus r\u00e9fl\u00e9chi. Associ\u00e9 \u00e0 votre logo personnalis\u00e9 sur le corps du stylo, il devient un objet de marque simple mais efficace qui favorise une exposition \u00e0 long terme dans les bureaux, les foyers, les \u00e9coles et les espaces publics.<\/p>\n<p data-start=\"3504\" data-end=\"3912\">Ces stylos \u00e0 bille avec logo personnalis\u00e9 sont un excellent choix pour les cadeaux d'exposition, les r\u00e9unions de vente, les programmes de fournitures de bureau, les campagnes \u00e9ducatives, les promotions dans le domaine de la sant\u00e9, les \u00e9v\u00e9nements bancaires et financiers, les bureaux d'accueil des h\u00f4tels, le marketing immobilier et les programmes de sensibilisation de la communaut\u00e9. Ils sont \u00e9galement id\u00e9aux pour les entreprises \u00e0 la recherche d'un stylo promotionnel \u00e9conomique qui offre un aspect \u00e9l\u00e9gant et une prise en main confortable.<\/p>\n<p data-start=\"3914\" data-end=\"4153\">Si vous \u00eates \u00e0 la recherche d'un stylo promotionnel personnalis\u00e9 qui allie prix abordable, fonction quotidienne et forte visibilit\u00e9 du logo, ce stylo \u00e0 bille avec prise en caoutchouc est une excellente option pour votre site web et votre gamme de produits promotionnels.<\/p>\n<p data-start=\"4155\" data-end=\"4521\"><strong data-start=\"4155\" data-end=\"4171\">Caract\u00e9ristiques principales<\/strong><br data-start=\"4171\" data-end=\"4174\" \/>Conception r\u00e9tractable par clic<br data-start=\"4205\" data-end=\"4208\" \/>Poign\u00e9e en caoutchouc confortable pour faciliter l'\u00e9criture<br data-start=\"4250\" data-end=\"4253\" \/>Barillet chrom\u00e9 pour un look \u00e9l\u00e9gant et styl\u00e9<br data-start=\"4302\" data-end=\"4305\" \/>Des couleurs vives pour un meilleur attrait visuel<br data-start=\"4349\" data-end=\"4352\" \/>Zone d'impression du logo personnalis\u00e9 sur le corps du stylo<br data-start=\"4388\" data-end=\"4391\" \/>L\u00e9ger et pratique pour une utilisation quotidienne<br data-start=\"4433\" data-end=\"4436\" \/>Fabriqu\u00e9 en ABS recyclable<br data-start=\"4469\" data-end=\"4472\" \/>Id\u00e9al pour les cadeaux publicitaires, les bureaux, les \u00e9coles et les \u00e9v\u00e9nements.<\/p>\n<p data-start=\"4523\" data-end=\"4962\"><strong data-start=\"4523\" data-end=\"4558\">Pourquoi choisir ce stylo promotionnel<\/strong><br data-start=\"4558\" data-end=\"4561\" \/>Ce stylo est un excellent choix promotionnel parce qu'il combine l'utilit\u00e9 quotidienne avec un espace de marquage propre et une apparence am\u00e9lior\u00e9e. Par rapport aux stylos publicitaires standard \u00e0 bas prix, le corps chrom\u00e9 et la prise en main en caoutchouc lui conf\u00e8rent un aspect plus soign\u00e9 et une sensation plus agr\u00e9able en main. Cette valeur ajout\u00e9e peut contribuer \u00e0 am\u00e9liorer la perception de votre marque par les destinataires, tout en maintenant l'aspect pratique et rentable de l'article.<\/p>\n<p data-start=\"4964\" data-end=\"5221\"><strong data-start=\"4964\" data-end=\"4977\">Id\u00e9al pour<\/strong><br data-start=\"4977\" data-end=\"4980\" \/>Cadeaux pour les salons professionnels<br data-start=\"5000\" data-end=\"5003\" \/>Promotion des bureaux<br data-start=\"5020\" data-end=\"5023\" \/>\u00c9v\u00e9nements scolaires<br data-start=\"5036\" data-end=\"5039\" \/>Visites de vente<br data-start=\"5051\" data-end=\"5054\" \/>Campagnes dans les h\u00f4pitaux et les soins de sant\u00e9<br data-start=\"5087\" data-end=\"5090\" \/>Programmes de marketing d'entreprise<br data-start=\"5118\" data-end=\"5121\" \/>Bureaux d'accueil<br data-start=\"5136\" data-end=\"5139\" \/>Image de marque de l'h\u00f4tellerie et de la restauration<br data-start=\"5169\" data-end=\"5172\" \/>Cadeaux sur l'immobilier<br data-start=\"5193\" data-end=\"5196\" \/>Manifestations de sensibilisation de la communaut\u00e9<\/p>\n<p data-start=\"5223\" data-end=\"5230\"><strong data-start=\"5223\" data-end=\"5230\">FAQ<\/strong><\/p>\n<p data-start=\"5232\" data-end=\"5459\"><strong data-start=\"5232\" data-end=\"5280\">Qu'est-ce qui fait de ce stylo un bon objet promotionnel ?<\/strong><br data-start=\"5280\" data-end=\"5283\" \/>Ce stylo est pratique, abordable, facile \u00e0 distribuer et utile pour l'\u00e9criture quotidienne. Comme les gens utilisent r\u00e9guli\u00e8rement des stylos, votre logo reste visible plus longtemps.<\/p>\n<p data-start=\"5461\" data-end=\"5602\"><strong data-start=\"5461\" data-end=\"5504\">Ce stylo peut-il \u00eatre personnalis\u00e9 avec un logo ?<\/strong><br data-start=\"5504\" data-end=\"5507\" \/>Oui, le corps du stylo peut \u00eatre personnalis\u00e9 avec le logo de votre entreprise, le nom de votre marque ou un message promotionnel.<\/p>\n<p data-start=\"5604\" data-end=\"5770\"><strong data-start=\"5604\" data-end=\"5655\">Ce stylo est-il adapt\u00e9 \u00e0 une utilisation au bureau et \u00e0 l'\u00e9cole ?<\/strong><br data-start=\"5655\" data-end=\"5658\" \/>Oui, il est id\u00e9al pour les bureaux, les \u00e9coles, les r\u00e9unions, les conf\u00e9rences, les salons professionnels et autres environnements d'\u00e9criture quotidiens.<\/p>\n<p data-start=\"5772\" data-end=\"5952\"><strong data-start=\"5772\" data-end=\"5821\">Quelle est la particularit\u00e9 du design de la poign\u00e9e en caoutchouc ?<\/strong><br data-start=\"5821\" data-end=\"5824\" \/>Le grip en caoutchouc rend la prise en main du stylo plus confortable et contribue \u00e0 am\u00e9liorer l'exp\u00e9rience d'\u00e9criture lors d'une utilisation r\u00e9p\u00e9t\u00e9e ou prolong\u00e9e.<\/p>\n<p data-start=\"5954\" data-end=\"6141\"><strong data-start=\"5954\" data-end=\"6003\">Quels sont les secteurs d'activit\u00e9 qui peuvent utiliser ce stylo promotionnel ?<\/strong><br data-start=\"6003\" data-end=\"6006\" \/>Ce stylo convient parfaitement aux secteurs de l'\u00e9ducation, de la sant\u00e9, de la finance, de l'h\u00f4tellerie, de l'immobilier, de la vente au d\u00e9tail, des salons professionnels et des promotions commerciales en g\u00e9n\u00e9ral.<\/p>","protected":false},"excerpt":{"rendered":"<p>Ces stylos \u00e0 bille personnalis\u00e9s sont dot\u00e9s d'un \u00e9l\u00e9gant corps chrom\u00e9, d'une prise en main confortable en caoutchouc et d'un design souple et r\u00e9tractable pour l'\u00e9criture quotidienne. Id\u00e9aux pour les bureaux, les \u00e9coles, les salons professionnels, les visites de vente et les cadeaux promotionnels, ils offrent un moyen pratique et abordable de garder votre logo visible.<\/p>","protected":false},"featured_media":46887,"template":"","meta":{"_gspb_post_css":""},"product_brand":[],"product_cat":[31],"product_tag":[],"class_list":{"0":"post-46886","1":"product","2":"type-product","3":"status-publish","4":"has-post-thumbnail","6":"product_cat-office","8":"first","9":"instock","10":"shipping-taxable","11":"product-type-simple"},"_links":{"self":[{"href":"https:\/\/globalgiftsupplier.com\/fr\/wp-json\/wp\/v2\/product\/46886","targetHints":{"allow":["GET"]}}],"collection":[{"href":"https:\/\/globalgiftsupplier.com\/fr\/wp-json\/wp\/v2\/product"}],"about":[{"href":"https:\/\/globalgiftsupplier.com\/fr\/wp-json\/wp\/v2\/types\/product"}],"wp:featuredmedia":[{"embeddable":true,"href":"https:\/\/globalgiftsupplier.com\/fr\/wp-json\/wp\/v2\/media\/46887"}],"wp:attachment":[{"href":"https:\/\/globalgiftsupplier.com\/fr\/wp-json\/wp\/v2\/media?parent=46886"}],"wp:term":[{"taxonomy":"product_brand","embeddable":true,"href":"https:\/\/globalgiftsupplier.com\/fr\/wp-json\/wp\/v2\/product_brand?post=46886"},{"taxonomy":"product_cat","embeddable":true,"href":"https:\/\/globalgiftsupplier.com\/fr\/wp-json\/wp\/v2\/product_cat?post=46886"},{"taxonomy":"product_tag","embeddable":true,"href":"https:\/\/globalgiftsupplier.com\/fr\/wp-json\/wp\/v2\/product_tag?post=46886"}],"curies":[{"name":"wp","href":"https:\/\/api.w.org\/{rel}","templated":true}]}}