{"id":46876,"date":"2026-03-19T03:04:09","date_gmt":"2026-03-19T03:04:09","guid":{"rendered":"https:\/\/globalgiftsupplier.com\/?post_type=product&#038;p=46876"},"modified":"2026-03-19T03:04:09","modified_gmt":"2026-03-19T03:04:09","slug":"custom-promotional-ballpoint-pens-with-colored-grip-and-logo-imprint","status":"publish","type":"product","link":"https:\/\/globalgiftsupplier.com\/fr\/product\/custom-promotional-ballpoint-pens-with-colored-grip-and-logo-imprint\/","title":{"rendered":"Stylos \u00e0 bille promotionnels personnalis\u00e9s avec grip color\u00e9 et impression du logo"},"content":{"rendered":"<p data-start=\"1253\" data-end=\"1672\">Faites entrer votre marque dans la vie de tous les jours avec ces stylos \u00e0 bille promotionnels personnalis\u00e9s, con\u00e7us pour offrir \u00e0 la fois fonction et visibilit\u00e9 en un seul produit marketing simple. Dot\u00e9s d'un corps moderne et \u00e9pur\u00e9, d'un design r\u00e9tractable \u00e0 clic et d'une prise en main nervur\u00e9e, ces stylos sont un choix pratique pour les entreprises \u00e0 la recherche de cadeaux promotionnels abordables que les gens utilisent r\u00e9ellement.<\/p>\n<p data-start=\"1674\" data-end=\"2111\">Ces stylos promotionnels sont id\u00e9aux pour les t\u00e2ches d'\u00e9criture quotidiennes dans les bureaux, les \u00e9coles, les r\u00e9ceptions, les salons professionnels, les conf\u00e9rences, les banques, les cliniques, les h\u00f4tels et les guichets de service \u00e0 la client\u00e8le. Les stylos \u00e9tant l'un des objets promotionnels les plus utilis\u00e9s et les plus conserv\u00e9s, ils continuent d'offrir une forte visibilit\u00e9 \u00e0 la marque longtemps apr\u00e8s la fin de l'\u00e9v\u00e9nement. Chaque fois qu'un client signe un formulaire, \u00e9crit une note ou garde un stylo dans son sac, votre logo reste visible.<\/p>\n<p data-start=\"2113\" data-end=\"2494\">Le stylo est dot\u00e9 d'un corps blanc avec des couleurs vives qui lui donnent un aspect frais et \u00e9nergique. L'agrafe color\u00e9e et le grip assorti cr\u00e9ent un look bicolore propre qui aide le produit \u00e0 se d\u00e9marquer des stylos publicitaires ordinaires. Cette combinaison \u00e9l\u00e9gante permet de r\u00e9pondre \u00e0 de nombreux besoins de marquage, qu'il s'agisse de promotions d'entreprises, d'\u00e9v\u00e9nements scolaires ou de campagnes de sensibilisation de la communaut\u00e9.<\/p>\n<p data-start=\"2496\" data-end=\"2861\">La prise en main confortable contribue \u00e0 am\u00e9liorer l'exp\u00e9rience d'\u00e9criture, rendant le stylo plus facile \u00e0 tenir lors d'une utilisation prolong\u00e9e. La conception r\u00e9tractable ajoute \u00e0 la commodit\u00e9 en permettant aux utilisateurs de cliquer et d'\u00e9crire rapidement sans se soucier de perdre le capuchon. Ce stylo est donc particuli\u00e8rement utile sur les lieux de travail, dans les bureaux d'accueil, dans les salles de classe et lors d'\u00e9v\u00e9nements o\u00f9 la commodit\u00e9 est importante.<\/p>\n<p data-start=\"2863\" data-end=\"3241\">L'un des principaux avantages de ce stylo \u00e0 bille personnalis\u00e9 est sa grande popularit\u00e9. Il convient \u00e0 presque tous les secteurs d'activit\u00e9 et \u00e0 tous les publics, ce qui en fait l'un des produits promotionnels les plus polyvalents qui soient. Que vous visiez des \u00e9tudiants, des employ\u00e9s de bureau, des participants \u00e0 des \u00e9v\u00e9nements, des patients, des clients ou des employ\u00e9s, un stylo \u00e0 bille de marque reste un choix fiable et rentable.<\/p>\n<p data-start=\"3243\" data-end=\"3588\">Votre logo peut \u00eatre imprim\u00e9 sur le corps du stylo, transformant ainsi cet outil d'\u00e9criture quotidien en un atout de marque portable. Comme les stylos sont partag\u00e9s, emprunt\u00e9s, transport\u00e9s et r\u00e9utilis\u00e9s, ils cr\u00e9ent naturellement des impressions r\u00e9p\u00e9t\u00e9es au bureau, \u00e0 la maison, \u00e0 l'\u00e9cole et dans les espaces publics. Cette exposition r\u00e9p\u00e9t\u00e9e contribue \u00e0 renforcer la notori\u00e9t\u00e9 de la marque tout en permettant \u00e0 votre entreprise de rester en t\u00eate de liste.<\/p>\n<p data-start=\"3590\" data-end=\"3944\">Ces stylos promotionnels personnalis\u00e9s constituent un excellent choix pour les documents \u00e0 distribuer lors de salons professionnels, les promotions commerciales, les kits de bienvenue, les programmes de fournitures de bureau, les campagnes scolaires, les activit\u00e9s \u00e0 but non lucratif, le marketing dans le domaine de la sant\u00e9, les \u00e9v\u00e9nements immobiliers et les comptoirs de vente au d\u00e9tail. Ils constituent \u00e9galement une option judicieuse pour les entreprises qui recherchent des cadeaux publicitaires personnalis\u00e9s peu co\u00fbteux et ayant une valeur pratique \u00e0 long terme.<\/p>\n<p data-start=\"3946\" data-end=\"4321\">Disponibles dans une vari\u00e9t\u00e9 de couleurs vives, ces stylos r\u00e9tractables apportent \u00e9nergie et personnalit\u00e9 \u00e0 votre campagne promotionnelle tout en conservant un aspect professionnel. Si vous \u00eates \u00e0 la recherche d'un cadeau de marque classique qui allie utilit\u00e9, prix abordable et visibilit\u00e9 quotidienne, ces stylos \u00e0 bille avec logo personnalis\u00e9 sont un excellent ajout \u00e0 votre gamme de produits promotionnels.<\/p>\n<p data-start=\"4323\" data-end=\"4700\"><strong data-start=\"4323\" data-end=\"4339\">Caract\u00e9ristiques principales<\/strong><br data-start=\"4339\" data-end=\"4342\" \/>Conception r\u00e9tractable \u00e0 d\u00e9clic<br data-start=\"4373\" data-end=\"4376\" \/>Poign\u00e9e stri\u00e9e confortable pour l'\u00e9criture quotidienne<br data-start=\"4420\" data-end=\"4423\" \/>Tonneau blanc avec des couleurs vives<br data-start=\"4461\" data-end=\"4464\" \/>Zone d'impression du logo personnalis\u00e9 sur le baril<br data-start=\"4498\" data-end=\"4501\" \/>L\u00e9ger et facile \u00e0 transporter<br data-start=\"4530\" data-end=\"4533\" \/>Id\u00e9al pour les bureaux, les \u00e9coles, les \u00e9v\u00e9nements et les salons professionnels<br data-start=\"4584\" data-end=\"4587\" \/>Un objet promotionnel pratique qui s\u00e9duit un large public<br data-start=\"4631\" data-end=\"4634\" \/>Convient aux campagnes des entreprises, de l'\u00e9ducation, de la sant\u00e9 et du commerce de d\u00e9tail.<\/p>\n<p data-start=\"4702\" data-end=\"5115\"><strong data-start=\"4702\" data-end=\"4737\">Pourquoi choisir ce stylo promotionnel<\/strong><br data-start=\"4737\" data-end=\"4740\" \/>Ce stylo promotionnel personnalis\u00e9 offre un \u00e9quilibre parfait entre le co\u00fbt, la fonction et la valeur de la marque. Il s'agit d'un produit simple et quotidien que les clients, les employ\u00e9s et les participants aux \u00e9v\u00e9nements sont susceptibles de conserver et d'utiliser. Par rapport \u00e0 de nombreux objets publicitaires uniques, les stylos offrent une exposition quotidienne r\u00e9p\u00e9t\u00e9e, ce qui en fait l'un des produits de marque les plus efficaces et les plus fiables pour le marketing \u00e0 long terme.<\/p>\n<p data-start=\"5117\" data-end=\"5381\"><strong data-start=\"5117\" data-end=\"5130\">Id\u00e9al pour<\/strong><br data-start=\"5130\" data-end=\"5133\" \/>Cadeaux pour les salons professionnels<br data-start=\"5153\" data-end=\"5156\" \/>Promotion des bureaux<br data-start=\"5173\" data-end=\"5176\" \/>\u00c9v\u00e9nements scolaires<br data-start=\"5189\" data-end=\"5192\" \/>Campagnes de marketing d'entreprise<br data-start=\"5221\" data-end=\"5224\" \/>Bureaux d'accueil<br data-start=\"5239\" data-end=\"5242\" \/>Promotion des soins de sant\u00e9<br data-start=\"5263\" data-end=\"5266\" \/>Promotions dans le secteur bancaire et financier<br data-start=\"5296\" data-end=\"5299\" \/>Cadeaux sur l'immobilier<br data-start=\"5320\" data-end=\"5323\" \/>Image de marque de l'h\u00f4tellerie et de la restauration<br data-start=\"5353\" data-end=\"5356\" \/>Manifestations de sensibilisation de la communaut\u00e9<\/p>\n<p data-start=\"5383\" data-end=\"5390\"><strong data-start=\"5383\" data-end=\"5390\">FAQ<\/strong><\/p>\n<p data-start=\"5392\" data-end=\"5586\"><strong data-start=\"5392\" data-end=\"5443\">Qu'est-ce qui fait de ce stylo un bon produit promotionnel ?<\/strong><br data-start=\"5443\" data-end=\"5446\" \/>Ce stylo est utile, abordable et facile \u00e0 distribuer. Parce que les gens utilisent des stylos tous les jours, il donne \u00e0 votre logo une visibilit\u00e9 r\u00e9p\u00e9t\u00e9e dans le temps.<\/p>\n<p data-start=\"5588\" data-end=\"5727\"><strong data-start=\"5588\" data-end=\"5631\">Ce stylo peut-il \u00eatre personnalis\u00e9 avec un logo ?<\/strong><br data-start=\"5631\" data-end=\"5634\" \/>Oui, le baril peut \u00eatre personnalis\u00e9 avec le logo de votre entreprise, le nom de votre marque ou un message promotionnel.<\/p>\n<p data-start=\"5729\" data-end=\"5901\"><strong data-start=\"5729\" data-end=\"5774\">O\u00f9 ces stylos promotionnels peuvent-ils \u00eatre utilis\u00e9s ?<\/strong><br data-start=\"5774\" data-end=\"5777\" \/>Ils sont parfaits pour les salons professionnels, les \u00e9coles, les bureaux, les \u00e9tablissements de sant\u00e9, les h\u00f4tels, les banques, les comptoirs de vente au d\u00e9tail et les \u00e9v\u00e9nements communautaires.<\/p>\n<p data-start=\"5903\" data-end=\"6110\"><strong data-start=\"5903\" data-end=\"5959\">Pourquoi les stylos \u00e0 bille personnalis\u00e9s sont-ils populaires comme cadeaux publicitaires ?<\/strong><br data-start=\"5959\" data-end=\"5962\" \/>Les stylos \u00e0 bille personnalis\u00e9s sont populaires parce qu'ils sont pratiques, \u00e9conomiques, l\u00e9gers, faciles \u00e0 distribuer et adapt\u00e9s \u00e0 presque tous les secteurs d'activit\u00e9.<\/p>\n<p data-start=\"6112\" data-end=\"6294\"><strong data-start=\"6112\" data-end=\"6172\">Ces stylos conviennent-ils aux grandes campagnes promotionnelles ?<\/strong><br data-start=\"6172\" data-end=\"6175\" \/>Oui, ils constituent un excellent choix pour les grands \u00e9v\u00e9nements et les cadeaux en vrac, car ils sont tr\u00e8s utiles et faciles \u00e0 marquer.<\/p>","protected":false},"excerpt":{"rendered":"<p>Stylos \u00e0 bille promotionnels personnalis\u00e9s avec un design r\u00e9tractable, un grip color\u00e9 et une impression de logo personnalis\u00e9. Un cadeau pratique et abordable pour les salons professionnels, les bureaux, les \u00e9coles, les \u00e9v\u00e9nements et la visibilit\u00e9 quotidienne de la marque.<\/p>","protected":false},"featured_media":46877,"template":"","meta":{"_gspb_post_css":""},"product_brand":[],"product_cat":[31],"product_tag":[],"class_list":{"0":"post-46876","1":"product","2":"type-product","3":"status-publish","4":"has-post-thumbnail","6":"product_cat-office","8":"first","9":"instock","10":"shipping-taxable","11":"product-type-simple"},"_links":{"self":[{"href":"https:\/\/globalgiftsupplier.com\/fr\/wp-json\/wp\/v2\/product\/46876","targetHints":{"allow":["GET"]}}],"collection":[{"href":"https:\/\/globalgiftsupplier.com\/fr\/wp-json\/wp\/v2\/product"}],"about":[{"href":"https:\/\/globalgiftsupplier.com\/fr\/wp-json\/wp\/v2\/types\/product"}],"wp:featuredmedia":[{"embeddable":true,"href":"https:\/\/globalgiftsupplier.com\/fr\/wp-json\/wp\/v2\/media\/46877"}],"wp:attachment":[{"href":"https:\/\/globalgiftsupplier.com\/fr\/wp-json\/wp\/v2\/media?parent=46876"}],"wp:term":[{"taxonomy":"product_brand","embeddable":true,"href":"https:\/\/globalgiftsupplier.com\/fr\/wp-json\/wp\/v2\/product_brand?post=46876"},{"taxonomy":"product_cat","embeddable":true,"href":"https:\/\/globalgiftsupplier.com\/fr\/wp-json\/wp\/v2\/product_cat?post=46876"},{"taxonomy":"product_tag","embeddable":true,"href":"https:\/\/globalgiftsupplier.com\/fr\/wp-json\/wp\/v2\/product_tag?post=46876"}],"curies":[{"name":"wp","href":"https:\/\/api.w.org\/{rel}","templated":true}]}}