{"id":46868,"date":"2026-03-19T02:52:23","date_gmt":"2026-03-19T02:52:23","guid":{"rendered":"https:\/\/globalgiftsupplier.com\/?post_type=product&#038;p=46868"},"modified":"2026-03-19T02:52:23","modified_gmt":"2026-03-19T02:52:23","slug":"custom-wireless-bluetooth-v5-0-music-sports-headband-with-built-in-headphones-microphone","status":"publish","type":"product","link":"https:\/\/globalgiftsupplier.com\/fr\/product\/custom-wireless-bluetooth-v5-0-music-sports-headband-with-built-in-headphones-microphone\/","title":{"rendered":"Bandeau de sport musical sans fil Bluetooth V5.0 avec \u00e9couteurs et microphone int\u00e9gr\u00e9s"},"content":{"rendered":"<p data-start=\"3113\" data-end=\"3540\">Fabriqu\u00e9 en tricot acrylique doux, ce bandeau de sport Bluetooth offre une tenue confortable pour un usage quotidien. Il aide \u00e0 garder la t\u00eate au chaud par temps frais, maintient les cheveux en place et offre un look simple et \u00e9pur\u00e9 qui convient aussi bien aux hommes qu'aux femmes. Qu'il soit utilis\u00e9 pour le jogging, la marche, les trajets quotidiens, les s\u00e9ances de gym, les voyages, le yoga ou les activit\u00e9s de plein air, ce bandeau est con\u00e7u pour offrir confort et commodit\u00e9 tout au long de la journ\u00e9e.<\/p>\n<p data-start=\"3542\" data-end=\"3951\">Gr\u00e2ce \u00e0 la technologie Bluetooth V5.0 int\u00e9gr\u00e9e, les utilisateurs peuvent connecter le bandeau sans fil aux smartphones, tablettes et autres appareils compatibles Bluetooth. Il s'agit donc d'une excellente alternative aux \u00e9couteurs traditionnels pour les personnes qui souhaitent une solution audio plus l\u00e9g\u00e8re et plus facile \u00e0 porter. Le panneau de contr\u00f4le int\u00e9gr\u00e9 permet aux utilisateurs de r\u00e9gler le volume, de g\u00e9rer la lecture de la musique et de r\u00e9pondre aux appels facilement lorsqu'ils sont en d\u00e9placement.<\/p>\n<p data-start=\"3953\" data-end=\"4385\">Ce bandeau musical Bluetooth personnalis\u00e9 est aliment\u00e9 par une batterie rechargeable de 200mAh, offrant une utilisation quotidienne pratique sans avoir besoin de piles jetables. La conception rechargeable ajoute une valeur pratique et rend le produit plus attrayant en tant qu'article promotionnel \u00e0 long terme. Les composants internes du casque peuvent \u00e9galement \u00eatre retir\u00e9s en cas de besoin, ce qui permet de nettoyer plus facilement le bandeau et de prolonger l'utilisation du produit dans le temps.<\/p>\n<p data-start=\"4387\" data-end=\"4780\">En tant que cadeau promotionnel, ce bandeau Bluetooth sans fil offre une forte combinaison de fonction et de valeur per\u00e7ue. Contrairement aux objets publicitaires de base qui sont souvent oubli\u00e9s, il s'agit d'un produit que les gens peuvent r\u00e9ellement utiliser pendant les s\u00e9ances d'entra\u00eenement, les voyages, les trajets et les activit\u00e9s quotidiennes. Parce qu'il est port\u00e9 publiquement et utilis\u00e9 de mani\u00e8re r\u00e9p\u00e9t\u00e9e, il cr\u00e9e une exposition permanente \u00e0 la marque et am\u00e9liore la m\u00e9morisation du logo de votre entreprise.<\/p>\n<p data-start=\"4782\" data-end=\"5139\">Cet article est particuli\u00e8rement adapt\u00e9 aux centres de remise en forme, aux marques de sport, aux campagnes de bien-\u00eatre, aux promotions hivernales, aux cadeaux de fin d'ann\u00e9e, aux cadeaux de remerciement aux employ\u00e9s, aux programmes de marchandises scolaires, aux d\u00e9taillants de style de vie et aux \u00e9v\u00e9nements d'entreprise. Il s'agit \u00e9galement d'une excellente option pour les entreprises \u00e0 la recherche de <strong data-start=\"5066\" data-end=\"5096\">cadeaux personnalis\u00e9s de technologie portable<\/strong> qui sont modernes, utiles et distinctifs.<\/p>\n<p data-start=\"5141\" data-end=\"5421\">Disponible dans des couleurs neutres classiques telles que le noir, le gris fonc\u00e9 et le gris clair, ce bandeau Bluetooth tricot\u00e9 pr\u00e9sente un large attrait pour diff\u00e9rents march\u00e9s et styles d'image de marque. Son design simple et fonctionnel convient aussi bien \u00e0 la distribution promotionnelle qu'aux programmes de vente au d\u00e9tail.<\/p>\n<p data-start=\"5423\" data-end=\"5723\">Si vous \u00eates \u00e0 la recherche d'un <strong data-start=\"5448\" data-end=\"5489\">bandeau Bluetooth promotionnel personnalis\u00e9<\/strong> qui allie musique, confort, commodit\u00e9 et visibilit\u00e9 du logo, ce produit est un excellent choix. Il s'agit d'un cadeau pratique qui soutient un style de vie actif tout en aidant votre marque \u00e0 se d\u00e9marquer sur un march\u00e9 promotionnel concurrentiel.<\/p>\n<p data-start=\"5725\" data-end=\"6201\"><strong data-start=\"5725\" data-end=\"5741\">Caract\u00e9ristiques principales<\/strong><br \/>\nMati\u00e8re en tricot acrylique doux<br data-start=\"5768\" data-end=\"5771\" \/>Connexion sans fil Bluetooth V5.0<br data-start=\"5805\" data-end=\"5808\" \/>Casque d'\u00e9coute int\u00e9gr\u00e9 pour \u00e9couter de la musique<br data-start=\"5847\" data-end=\"5850\" \/>Microphone int\u00e9gr\u00e9 pour les appels mains libres<br data-start=\"5892\" data-end=\"5895\" \/>Batterie rechargeable de 200mAh<br data-start=\"5922\" data-end=\"5925\" \/>Panneau de commande frontal convivial<br data-start=\"5958\" data-end=\"5961\" \/>Les composants internes du haut-parleur sont amovibles pour faciliter le nettoyage<br data-start=\"6018\" data-end=\"6021\" \/>Confortable pour le sport, les voyages, les d\u00e9placements et la vie de tous les jours<br data-start=\"6081\" data-end=\"6084\" \/>Id\u00e9al pour le marquage personnalis\u00e9 et les cadeaux promotionnels<br data-start=\"6135\" data-end=\"6138\" \/>Convient aux campagnes sur le fitness, le bien-\u00eatre, l'hiver et le style de vie<\/p>\n<p data-start=\"6203\" data-end=\"6572\"><strong data-start=\"6203\" data-end=\"6229\">Sp\u00e9cifications des produits<\/strong><br \/>\nNom du produit : Bandeau sportif sans fil Bluetooth V5.0 pour la musique<br data-start=\"6289\" data-end=\"6292\" \/>Mat\u00e9riau : Acrylique<br data-start=\"6309\" data-end=\"6312\" \/>Couleurs : Noir, gris fonc\u00e9, gris clair<br data-start=\"6348\" data-end=\"6351\" \/>Taille : 8.66\u2033 L x 2.56\u2033 H x 0.79\u2033 D<br data-start=\"6384\" data-end=\"6387\" \/>Capacit\u00e9 de la batterie : 200mAh<br data-start=\"6411\" data-end=\"6414\" \/>Fonction : Lecture de musique sans fil et appels mains libres<br data-start=\"6470\" data-end=\"6473\" \/>Option logo : Logo personnalis\u00e9 disponible<br data-start=\"6507\" data-end=\"6510\" \/>M\u00e9thode d'impression : Broderie<br data-start=\"6536\" data-end=\"6539\" \/>Surface d'impression : 1 couleur, 1 emplacement<\/p>\n<p data-start=\"6574\" data-end=\"6795\"><strong data-start=\"6574\" data-end=\"6587\">Id\u00e9al pour<\/strong><br \/>\nPromotion du fitness<br data-start=\"6606\" data-end=\"6609\" \/>Campagnes sportives et ext\u00e9rieures<br data-start=\"6637\" data-end=\"6640\" \/>Cadeaux des employ\u00e9s<br data-start=\"6654\" data-end=\"6657\" \/>Cadeaux pour les f\u00eates de fin d'ann\u00e9e<br data-start=\"6674\" data-end=\"6677\" \/>Promotions d'hiver<br data-start=\"6694\" data-end=\"6697\" \/>Magasins scolaires et articles d'\u00e9quipe<br data-start=\"6731\" data-end=\"6734\" \/>Programmes de bien-\u00eatre en entreprise<br data-start=\"6761\" data-end=\"6764\" \/>Coffrets cadeaux pour la vente au d\u00e9tail et le commerce \u00e9lectronique<\/p>\n<p data-start=\"6797\" data-end=\"6804\"><strong data-start=\"6797\" data-end=\"6804\">FAQ<\/strong><\/p>\n<p data-start=\"6806\" data-end=\"7044\"><strong data-start=\"6806\" data-end=\"6851\">\u00c0 quoi sert ce bandeau Bluetooth ?<\/strong><br data-start=\"6851\" data-end=\"6854\" \/>Ce bandeau sportif Bluetooth est con\u00e7u pour \u00e9couter de la musique et prendre des appels mains libres tout en assurant le confort de l'utilisateur pendant les s\u00e9ances d'entra\u00eenement, les voyages, les trajets quotidiens et les activit\u00e9s de plein air.<\/p>\n<p data-start=\"7046\" data-end=\"7257\"><strong data-start=\"7046\" data-end=\"7094\">Ce bandeau peut-il \u00eatre personnalis\u00e9 avec un logo ?<\/strong><br data-start=\"7094\" data-end=\"7097\" \/>Oui, ce bandeau peut \u00eatre personnalis\u00e9 avec le logo d'une entreprise, ce qui en fait un excellent cadeau promotionnel pour les \u00e9v\u00e9nements de marque, les cadeaux d'entreprise et les programmes de vente au d\u00e9tail.<\/p>\n<p data-start=\"7259\" data-end=\"7410\"><strong data-start=\"7259\" data-end=\"7312\">Ce bandeau Bluetooth est-il adapt\u00e9 \u00e0 l'entra\u00eenement ?<\/strong><br data-start=\"7312\" data-end=\"7315\" \/>Oui, il convient aux entra\u00eenements l\u00e9gers, \u00e0 la marche, au jogging, au yoga, \u00e0 l'utilisation en salle de sport et aux v\u00eatements actifs quotidiens.<\/p>\n<p data-start=\"7412\" data-end=\"7535\"><strong data-start=\"7412\" data-end=\"7444\">Le bandeau peut-il \u00eatre nettoy\u00e9 ?<\/strong><br data-start=\"7444\" data-end=\"7447\" \/>Oui, les composants internes du casque peuvent \u00eatre retir\u00e9s, ce qui facilite le nettoyage.<\/p>\n<p data-start=\"7537\" data-end=\"7718\"><strong data-start=\"7537\" data-end=\"7570\">\u00c0 qui ce produit convient-il le mieux ?<\/strong><br data-start=\"7570\" data-end=\"7573\" \/>Cet article est id\u00e9al pour les marques de fitness, les campagnes de bien-\u00eatre, les promotions sportives, les cadeaux d'hiver, les cadeaux pour les employ\u00e9s et les programmes de marketing de style de vie.<\/p>","protected":false},"excerpt":{"rendered":"<p>Am\u00e9liorez votre gamme d'articles promotionnels avec ce produit pratique et \u00e9l\u00e9gant. <strong data-start=\"2761\" data-end=\"2810\">Bandeau sportif sans fil Bluetooth V5.0 pour la musique<\/strong>, Ce bandeau est un cadeau intelligent qui allie chaleur, confort et audio sans fil en un seul article. Con\u00e7u pour les personnes ayant un mode de vie actif, ce bandeau est dot\u00e9 d'\u00e9couteurs et d'un microphone int\u00e9gr\u00e9s, ce qui permet aux utilisateurs d'\u00e9couter de la musique et de prendre des appels mains libres sans avoir besoin d'\u00e9couteurs s\u00e9par\u00e9s ou d'un casque encombrant.<\/p>","protected":false},"featured_media":46869,"template":"","meta":{"_gspb_post_css":""},"product_brand":[],"product_cat":[29,27],"product_tag":[],"class_list":{"0":"post-46868","1":"product","2":"type-product","3":"status-publish","4":"has-post-thumbnail","6":"product_cat-apparel","7":"product_cat-technology","9":"first","10":"instock","11":"shipping-taxable","12":"product-type-simple"},"_links":{"self":[{"href":"https:\/\/globalgiftsupplier.com\/fr\/wp-json\/wp\/v2\/product\/46868","targetHints":{"allow":["GET"]}}],"collection":[{"href":"https:\/\/globalgiftsupplier.com\/fr\/wp-json\/wp\/v2\/product"}],"about":[{"href":"https:\/\/globalgiftsupplier.com\/fr\/wp-json\/wp\/v2\/types\/product"}],"wp:featuredmedia":[{"embeddable":true,"href":"https:\/\/globalgiftsupplier.com\/fr\/wp-json\/wp\/v2\/media\/46869"}],"wp:attachment":[{"href":"https:\/\/globalgiftsupplier.com\/fr\/wp-json\/wp\/v2\/media?parent=46868"}],"wp:term":[{"taxonomy":"product_brand","embeddable":true,"href":"https:\/\/globalgiftsupplier.com\/fr\/wp-json\/wp\/v2\/product_brand?post=46868"},{"taxonomy":"product_cat","embeddable":true,"href":"https:\/\/globalgiftsupplier.com\/fr\/wp-json\/wp\/v2\/product_cat?post=46868"},{"taxonomy":"product_tag","embeddable":true,"href":"https:\/\/globalgiftsupplier.com\/fr\/wp-json\/wp\/v2\/product_tag?post=46868"}],"curies":[{"name":"wp","href":"https:\/\/api.w.org\/{rel}","templated":true}]}}