{"id":46858,"date":"2026-03-19T02:47:02","date_gmt":"2026-03-19T02:47:02","guid":{"rendered":"https:\/\/globalgiftsupplier.com\/?post_type=product&#038;p=46858"},"modified":"2026-03-19T02:47:03","modified_gmt":"2026-03-19T02:47:03","slug":"bluetooth-baseball-cap-with-headphones-mic-bluetooth-5-0-music-cap-custom-logo-available","status":"publish","type":"product","link":"https:\/\/globalgiftsupplier.com\/fr\/product\/bluetooth-baseball-cap-with-headphones-mic-bluetooth-5-0-music-cap-custom-logo-available\/","title":{"rendered":"Casquette de baseball Bluetooth avec \u00e9couteurs et micro (Casquette musicale Bluetooth 5.0) - Logo personnalis\u00e9 disponible"},"content":{"rendered":"<p data-start=\"752\" data-end=\"1318\">Connexion Bluetooth 5.0 pour un couplage rapide et des performances sans fil stables<br data-start=\"848\" data-end=\"851\" \/>- Les \u00e9couteurs int\u00e9gr\u00e9s offrent un son st\u00e9r\u00e9o pour la musique, les podcasts et les appels.<br data-start=\"924\" data-end=\"927\" \/>- Microphone int\u00e9gr\u00e9 pour les appels mains libres en d\u00e9placement<br data-start=\"986\" data-end=\"989\" \/>- Port\u00e9e sans fil jusqu'\u00e0 10 m dans les espaces ouverts<br data-start=\"1038\" data-end=\"1041\" \/>- Casquette de baseball classique \u00e0 6 panneaux avec \u201clangue de canard\u201d \u00e0 porter tous les jours<br data-start=\"1109\" data-end=\"1112\" \/>- Tissu de coton confortable pour une utilisation respirante tout au long de la journ\u00e9e<br data-start=\"1167\" data-end=\"1170\" \/>- Broderie de logos personnalis\u00e9s pour les campagnes de promotion et de valorisation de la marque<br data-start=\"1243\" data-end=\"1246\" \/>- Plusieurs options de couleurs disponibles pour diff\u00e9rents styles de marques et d'\u00e9v\u00e9nements<\/p>\n<p data-start=\"1320\" data-end=\"1797\">Pourquoi cette casquette musicale Bluetooth est id\u00e9ale pour les promotions<br data-start=\"1369\" data-end=\"1372\" \/>La plupart des objets promotionnels sont utilis\u00e9s une fois et oubli\u00e9s. Une casquette de baseball Bluetooth est diff\u00e9rente - elle fait partie de la routine quotidienne d'une personne. Les gens portent des casquettes lorsqu'ils marchent, font la navette, voyagent, font de l'exercice, travaillent \u00e0 l'ext\u00e9rieur ou assistent \u00e0 des \u00e9v\u00e9nements. L'ajout de l'audio Bluetooth la rend encore plus utile, de sorte que la casquette est conserv\u00e9e plus longtemps et port\u00e9e plus souvent. C'est pourquoi ce produit est un excellent cadeau d'entreprise, un accessoire de vente au d\u00e9tail ou un article pour un \u00e9v\u00e9nement saisonnier.<\/p>\n<p data-start=\"1799\" data-end=\"2203\">Sc\u00e9narios d'utilisation (id\u00e9al pour les utilisateurs finaux)<br data-start=\"1834\" data-end=\"1837\" \/>Cette casquette Bluetooth sans fil s'adapte \u00e0 un large \u00e9ventail de sc\u00e9narios r\u00e9els :<br data-start=\"1907\" data-end=\"1910\" \/>- \u00c9v\u00e9nements en plein air et activations de la marque<br data-start=\"1948\" data-end=\"1951\" \/>- Salons professionnels et cadeaux pour les conf\u00e9rences<br data-start=\"1989\" data-end=\"1992\" \/>- Cadeaux pour les \u00e9quipes de terrain et les travailleurs en plein air<br data-start=\"2044\" data-end=\"2047\" \/>- Promotions des voyages et campagnes de vacances<br data-start=\"2088\" data-end=\"2091\" \/>- Marche, jogging, exercices l\u00e9gers et loisirs de plein air<br data-start=\"2146\" data-end=\"2149\" \/>- Trajets quotidiens, vie sur le campus et activit\u00e9s de week-end<\/p>\n<p data-start=\"2205\" data-end=\"2636\">Options de marquage personnalis\u00e9<br data-start=\"2228\" data-end=\"2231\" \/>Un logo personnalis\u00e9 est disponible pour vous aider \u00e0 cr\u00e9er une casquette de marque \u00e0 l'aspect premium et professionnel. La broderie est recommand\u00e9e pour une finition propre et durable qui correspond au style des casquettes de baseball.<br data-start=\"2428\" data-end=\"2431\" \/>Emplacement sugg\u00e9r\u00e9 du logo : panneau avant (meilleure visibilit\u00e9 sur les photos et au quotidien).<br data-start=\"2512\" data-end=\"2515\" \/>Si vous cr\u00e9ez un ensemble promotionnel complet, cette casquette s'associe \u00e9galement bien avec les banques d'\u00e9nergie, les articles pour boissons et les accessoires de voyage.<\/p>\n<p data-start=\"2638\" data-end=\"2976\">Sp\u00e9cifications<br data-start=\"2652\" data-end=\"2655\" \/>- Mati\u00e8re : Coton<br data-start=\"2673\" data-end=\"2676\" \/>- Construction de la casquette : Casquette de baseball \u00e0 6 panneaux<br data-start=\"2716\" data-end=\"2719\" \/>- Taille du produit : 5.91\u2033 \u00d7 2.17\u2033 \u00d7 7.87\u2033<br data-start=\"2756\" data-end=\"2759\" \/>- Couleurs disponibles : Noir, blanc, bleu, gris, marron, rouge, rose, kaki<br data-start=\"2828\" data-end=\"2831\" \/>- Port\u00e9e sans fil : jusqu'\u00e0 10 m dans les espaces ouverts<br data-start=\"2881\" data-end=\"2884\" \/>- Compatibilit\u00e9 : fonctionne avec la plupart des smartphones et tablettes compatibles Bluetooth<br data-start=\"2958\" data-end=\"2961\" \/>- Origine : Chine Chine<\/p>\n<p data-start=\"2978\" data-end=\"3219\">Entretien et notes<br data-start=\"2990\" data-end=\"2993\" \/>- Il s'agit d'un produit \u00e9lectronique avec des composants audio int\u00e9gr\u00e9s. Veuillez \u00e9viter de le tremper.<br data-start=\"3078\" data-end=\"3081\" \/>- Pour une meilleure performance, la zone de contr\u00f4le doit rester propre et s\u00e8che.<br data-start=\"3141\" data-end=\"3144\" \/>- Les performances sans fil r\u00e9elles peuvent varier en fonction de l'environnement et de l'appareil.<\/p>\n<p data-start=\"3221\" data-end=\"3413\">Production et conditionnement<br data-start=\"3243\" data-end=\"3246\" \/>- Temps de production standard : 20 jours ouvrables<br data-start=\"3289\" data-end=\"3292\" \/>- Service d'urgence : 15 jours ouvrables<br data-start=\"3323\" data-end=\"3326\" \/>- Emballage en carton : 100 pcs\/ctn<br data-start=\"3352\" data-end=\"3355\" \/>- Poids du carton : 24.3 lbs<br data-start=\"3380\" data-end=\"3383\" \/>- Taille du carton : 53 \u00d7 53 \u00d7 46 cm<\/p>","protected":false},"excerpt":{"rendered":"<p>La casquette de baseball Bluetooth est un cadeau promotionnel technologique portable qui combine une casquette classique en coton avec de la musique sans fil et des appels mains libres. Avec des \u00e9couteurs et un microphone int\u00e9gr\u00e9s, cette casquette Bluetooth 5.0 permet aux utilisateurs d'\u00e9couter de la musique, de r\u00e9pondre \u00e0 des appels et de rester actifs sans tenir leur t\u00e9l\u00e9phone, ce qui est parfait pour les trajets quotidiens, les \u00e9v\u00e9nements en plein air, les voyages et le travail quotidien. Il s'agit d'un cadeau pratique que les gens portent r\u00e9ellement, ce qui signifie que votre logo est expos\u00e9 de fa\u00e7on r\u00e9p\u00e9t\u00e9e dans des situations r\u00e9elles.<\/p>","protected":false},"featured_media":46859,"template":"","meta":{"_gspb_post_css":""},"product_brand":[],"product_cat":[29,27],"product_tag":[],"class_list":{"0":"post-46858","1":"product","2":"type-product","3":"status-publish","4":"has-post-thumbnail","6":"product_cat-apparel","7":"product_cat-technology","9":"first","10":"instock","11":"shipping-taxable","12":"product-type-simple"},"_links":{"self":[{"href":"https:\/\/globalgiftsupplier.com\/fr\/wp-json\/wp\/v2\/product\/46858","targetHints":{"allow":["GET"]}}],"collection":[{"href":"https:\/\/globalgiftsupplier.com\/fr\/wp-json\/wp\/v2\/product"}],"about":[{"href":"https:\/\/globalgiftsupplier.com\/fr\/wp-json\/wp\/v2\/types\/product"}],"wp:featuredmedia":[{"embeddable":true,"href":"https:\/\/globalgiftsupplier.com\/fr\/wp-json\/wp\/v2\/media\/46859"}],"wp:attachment":[{"href":"https:\/\/globalgiftsupplier.com\/fr\/wp-json\/wp\/v2\/media?parent=46858"}],"wp:term":[{"taxonomy":"product_brand","embeddable":true,"href":"https:\/\/globalgiftsupplier.com\/fr\/wp-json\/wp\/v2\/product_brand?post=46858"},{"taxonomy":"product_cat","embeddable":true,"href":"https:\/\/globalgiftsupplier.com\/fr\/wp-json\/wp\/v2\/product_cat?post=46858"},{"taxonomy":"product_tag","embeddable":true,"href":"https:\/\/globalgiftsupplier.com\/fr\/wp-json\/wp\/v2\/product_tag?post=46858"}],"curies":[{"name":"wp","href":"https:\/\/api.w.org\/{rel}","templated":true}]}}