{"id":46821,"date":"2026-02-27T03:47:47","date_gmt":"2026-02-27T03:47:47","guid":{"rendered":"https:\/\/globalgiftsupplier.com\/?post_type=product&#038;p=46821"},"modified":"2026-02-27T03:47:47","modified_gmt":"2026-02-27T03:47:47","slug":"handsfree-bluetooth-knitted-pom-hat-for-smartphone","status":"publish","type":"product","link":"https:\/\/globalgiftsupplier.com\/fr\/product\/handsfree-bluetooth-knitted-pom-hat-for-smartphone\/","title":{"rendered":"bonnet \u00e0 pompon Bluetooth mains libres pour smartphone"},"content":{"rendered":"<p data-start=\"788\" data-end=\"1369\">Ce bonnet \u00e0 pompon Bluetooth est fabriqu\u00e9 en <strong data-start=\"827\" data-end=\"843\">acrylique souple<\/strong>, Il est \u00e9quip\u00e9 de boutons de commande en ABS durables et d'une batterie rechargeable. Il comprend un <strong data-start=\"920\" data-end=\"955\">C\u00e2ble de chargement USB vers Micro-USB<\/strong>, et une interface facile \u00e0 utiliser avec <strong data-start=\"992\" data-end=\"1016\">Indicateurs lumineux LED<\/strong>. Les utilisateurs re\u00e7oivent environ <strong data-start=\"1042\" data-end=\"1067\">6-8 heures de lecture<\/strong> (\u00e0 70% ou \u00e0 un volume inf\u00e9rieur). Mieux encore, le <strong data-start=\"1111\" data-end=\"1144\">le module du casque est amovible<\/strong>, Le chapeau peut donc \u00eatre lav\u00e9 - une caract\u00e9ristique importante qui augmente la dur\u00e9e de vie du produit et la satisfaction du client. Ajoutez votre <strong data-start=\"1256\" data-end=\"1271\">logo personnalis\u00e9<\/strong> et de la transformer en une <strong data-start=\"1306\" data-end=\"1337\">cadeau promotionnel pour l'hiver<\/strong> ou un article de marque pr\u00eat \u00e0 \u00eatre vendu au d\u00e9tail.<\/p>\n<hr data-start=\"1371\" data-end=\"1374\" \/>\n<h3 data-start=\"1376\" data-end=\"1405\">Principales caract\u00e9ristiques et avantages<\/h3>\n<p data-start=\"1406\" data-end=\"1568\">\u2705 <strong data-start=\"1408\" data-end=\"1459\">Bluetooth 5.0 + micro int\u00e9gr\u00e9 (appels mains libres)<\/strong><br data-start=\"1459\" data-end=\"1462\" \/>Se connecte facilement aux smartphones et aux tablettes pour \u00e9couter de la musique et passer des appels - id\u00e9al pour les trajets quotidiens et les activit\u00e9s de plein air.<\/p>\n<p data-start=\"1570\" data-end=\"1696\">\u2705 <strong data-start=\"1572\" data-end=\"1599\">6-8 heures de lecture<\/strong><br data-start=\"1599\" data-end=\"1602\" \/>Environ 6 \u00e0 8 heures de lecture \u00e0 un volume de ~70% (le temps de charge varie en fonction de l'appareil et de l'environnement).<\/p>\n<p data-start=\"1698\" data-end=\"1836\">\u2705 <strong data-start=\"1700\" data-end=\"1745\">Batterie rechargeable + chargeur Micro-USB<\/strong><br data-start=\"1745\" data-end=\"1748\" \/>Comprend <strong data-start=\"1757\" data-end=\"1783\">C\u00e2ble USB vers Micro-USB<\/strong> et des voyants LED pour une charge conviviale.<\/p>\n<p data-start=\"1838\" data-end=\"1994\">\u2705 <strong data-start=\"1840\" data-end=\"1881\">\u00c9couteurs amovibles pour un lavage facile<\/strong><br data-start=\"1881\" data-end=\"1884\" \/>Le casque int\u00e9gr\u00e9 peut \u00eatre retir\u00e9, ce qui rend le bonnet lavable et r\u00e9utilisable, id\u00e9al pour un usage quotidien.<\/p>\n<p data-start=\"1996\" data-end=\"2127\">\u2705 <strong data-start=\"1998\" data-end=\"2032\">Tricot acrylique chaud + Pom Design<\/strong><br data-start=\"2032\" data-end=\"2035\" \/>Doux, confortable et \u00e9l\u00e9gant pour l'hiver. Un cadeau pratique que les clients gardent et utilisent.<\/p>\n<p data-start=\"2129\" data-end=\"2298\">\u2705 <strong data-start=\"2131\" data-end=\"2168\">Parfait pour les marques et les promotions<\/strong><br data-start=\"2168\" data-end=\"2171\" \/>Logo personnalis\u00e9 accept\u00e9 - id\u00e9al pour les campagnes d'hiver, les cadeaux d'employ\u00e9s et les cadeaux promotionnels qui cr\u00e9ent une exposition r\u00e9p\u00e9t\u00e9e de la marque.<\/p>\n<hr data-start=\"2300\" data-end=\"2303\" \/>\n<h3 data-start=\"2305\" data-end=\"2335\">Meilleur pour (sc\u00e9narios d'utilisation)<\/h3>\n<p data-start=\"2336\" data-end=\"2385\">Le pr\u00e9sent <strong data-start=\"2341\" data-end=\"2369\">Bonnet pompon Bluetooth<\/strong> est id\u00e9al pour :<\/p>\n<ul data-start=\"2386\" data-end=\"2638\">\n<li data-start=\"2386\" data-end=\"2431\">\n<p data-start=\"2388\" data-end=\"2431\">Ski, randonn\u00e9e, course \u00e0 pied, jogging, marche<\/p>\n<\/li>\n<li data-start=\"2432\" data-end=\"2475\">\n<p data-start=\"2434\" data-end=\"2475\">Voyages de vacances, d\u00e9placements domicile-travail, travail en ext\u00e9rieur<\/p>\n<\/li>\n<li data-start=\"2476\" data-end=\"2531\">\n<p data-start=\"2478\" data-end=\"2531\">Cadeaux d'entreprise, promotions hivernales, cadeaux \u00e9v\u00e9nementiels<\/p>\n<\/li>\n<li data-start=\"2532\" data-end=\"2584\">\n<p data-start=\"2534\" data-end=\"2584\">Offres group\u00e9es (accessoires d'hiver + cadeaux technologiques)<\/p>\n<\/li>\n<li data-start=\"2585\" data-end=\"2638\">\n<p data-start=\"2587\" data-end=\"2638\">Appr\u00e9ciation des employ\u00e9s et uniformes d'\u00e9quipe (saison froide)<\/p>\n<\/li>\n<\/ul>\n<hr data-start=\"2640\" data-end=\"2643\" \/>\n<h3 data-start=\"2645\" data-end=\"2665\">Sp\u00e9cifications<\/h3>\n<ul data-start=\"2666\" data-end=\"2899\">\n<li data-start=\"2666\" data-end=\"2691\">\n<p data-start=\"2668\" data-end=\"2691\"><strong data-start=\"2668\" data-end=\"2681\">Mat\u00e9riau :<\/strong> Acrylique<\/p>\n<\/li>\n<li data-start=\"2692\" data-end=\"2739\">\n<p data-start=\"2694\" data-end=\"2739\"><strong data-start=\"2694\" data-end=\"2711\">Taille du produit :<\/strong> <strong data-start=\"2712\" data-end=\"2737\">9.06\u2033 \u00d7 8.27\u2033 \u00d7 0.79\u2033<\/strong><\/p>\n<\/li>\n<li data-start=\"2740\" data-end=\"2788\">\n<p data-start=\"2742\" data-end=\"2788\"><strong data-start=\"2742\" data-end=\"2763\">Couleurs disponibles :<\/strong> <strong data-start=\"2764\" data-end=\"2786\">Noir, bleu, marron<\/strong><\/p>\n<\/li>\n<li data-start=\"2789\" data-end=\"2810\">\n<p data-start=\"2791\" data-end=\"2810\"><strong data-start=\"2791\" data-end=\"2802\">Origine :<\/strong> Chine<\/p>\n<\/li>\n<li data-start=\"2833\" data-end=\"2860\">\n<p data-start=\"2835\" data-end=\"2860\"><strong data-start=\"2835\" data-end=\"2854\">Vendu \u00e0 l'\u00e9tat brut :<\/strong> Oui<\/p>\n<\/li>\n<li data-start=\"2861\" data-end=\"2899\">\n<p data-start=\"2863\" data-end=\"2899\"><strong data-start=\"2863\" data-end=\"2893\">Personnalisation possible :<\/strong> Oui<\/p>\n<\/li>\n<\/ul>\n<hr data-start=\"2901\" data-end=\"2904\" \/>\n<h3 data-start=\"2906\" data-end=\"2943\">Personnalisation (Logo &amp; Branding)<\/h3>\n<ul data-start=\"2944\" data-end=\"3103\">\n<li data-start=\"2944\" data-end=\"3017\">\n<p data-start=\"2946\" data-end=\"3017\"><strong data-start=\"2946\" data-end=\"2963\">Options de logo :<\/strong> Prise en charge d'un logo personnalis\u00e9 (l'emplacement d\u00e9pend de la conception)<\/p>\n<\/li>\n<li data-start=\"3018\" data-end=\"3103\">\n<p data-start=\"3020\" data-end=\"3103\"><strong data-start=\"3020\" data-end=\"3045\">Les grands domaines de l'image de marque :<\/strong> Panneau frontal \/ zone des poignets (meilleure visibilit\u00e9 pour les cadeaux publicitaires)<\/p>\n<\/li>\n<\/ul>\n<hr data-start=\"3184\" data-end=\"3187\" \/>\n<h3 data-start=\"3189\" data-end=\"3210\">Temps de production<\/h3>\n<ul data-start=\"3211\" data-end=\"3299\">\n<li data-start=\"3211\" data-end=\"3259\">\n<p data-start=\"3213\" data-end=\"3259\"><strong data-start=\"3213\" data-end=\"3237\">Production standard :<\/strong> <strong data-start=\"3238\" data-end=\"3257\">20 jours ouvrables<\/strong><\/p>\n<\/li>\n<li data-start=\"3260\" data-end=\"3299\">\n<p data-start=\"3262\" data-end=\"3299\"><strong data-start=\"3262\" data-end=\"3279\">Service d'urgence :<\/strong> <strong data-start=\"3280\" data-end=\"3299\">15 jours ouvrables<\/strong><\/p>\n<\/li>\n<\/ul>\n<hr data-start=\"3301\" data-end=\"3304\" \/>\n<h3 data-start=\"3306\" data-end=\"3332\">Emballage et exp\u00e9dition<\/h3>\n<ul data-start=\"3333\" data-end=\"3442\">\n<li data-start=\"3333\" data-end=\"3369\">\n<p data-start=\"3335\" data-end=\"3369\"><strong data-start=\"3335\" data-end=\"3351\">Emballage en carton :<\/strong> <strong data-start=\"3352\" data-end=\"3367\">120 pcs\/ctn<\/strong><\/p>\n<\/li>\n<li data-start=\"3370\" data-end=\"3403\">\n<p data-start=\"3372\" data-end=\"3403\"><strong data-start=\"3372\" data-end=\"3390\">Poids du carton :<\/strong> <strong data-start=\"3391\" data-end=\"3401\">33 livres<\/strong><\/p>\n<\/li>\n<li data-start=\"3404\" data-end=\"3442\">\n<p data-start=\"3406\" data-end=\"3442\"><strong data-start=\"3406\" data-end=\"3422\">Taille du carton :<\/strong> <strong data-start=\"3423\" data-end=\"3442\">53 \u00d7 53 \u00d7 46 cm<\/strong><\/p>\n<\/li>\n<\/ul>","protected":false},"excerpt":{"rendered":"<p>Rendez les promotions hivernales plus m\u00e9morables gr\u00e2ce \u00e0 cette <strong data-start=\"426\" data-end=\"465\">bonnet \u00e0 pompon tricot\u00e9 mains libres Bluetooth<\/strong>-Un bonnet chaud et \u00e9l\u00e9gant avec <strong data-start=\"499\" data-end=\"543\">Casque st\u00e9r\u00e9o sans fil Bluetooth 5.0<\/strong> et un <strong data-start=\"550\" data-end=\"573\">microphone int\u00e9gr\u00e9<\/strong> pour les appels mains libres. Il est con\u00e7u pour les personnes qui souhaitent rester au chaud tout en \u00e9coutant de la musique, en prenant des appels ou en se d\u00e9pla\u00e7ant par temps froid. Il est parfait pour les travailleurs en ext\u00e9rieur, les voyageurs, les coureurs, les skieurs et pour un usage quotidien.<\/p>","protected":false},"featured_media":46822,"template":"","meta":{"_gspb_post_css":""},"product_brand":[],"product_cat":[27,29],"product_tag":[],"class_list":{"0":"post-46821","1":"product","2":"type-product","3":"status-publish","4":"has-post-thumbnail","6":"product_cat-technology","7":"product_cat-apparel","9":"first","10":"instock","11":"shipping-taxable","12":"product-type-simple"},"_links":{"self":[{"href":"https:\/\/globalgiftsupplier.com\/fr\/wp-json\/wp\/v2\/product\/46821","targetHints":{"allow":["GET"]}}],"collection":[{"href":"https:\/\/globalgiftsupplier.com\/fr\/wp-json\/wp\/v2\/product"}],"about":[{"href":"https:\/\/globalgiftsupplier.com\/fr\/wp-json\/wp\/v2\/types\/product"}],"wp:featuredmedia":[{"embeddable":true,"href":"https:\/\/globalgiftsupplier.com\/fr\/wp-json\/wp\/v2\/media\/46822"}],"wp:attachment":[{"href":"https:\/\/globalgiftsupplier.com\/fr\/wp-json\/wp\/v2\/media?parent=46821"}],"wp:term":[{"taxonomy":"product_brand","embeddable":true,"href":"https:\/\/globalgiftsupplier.com\/fr\/wp-json\/wp\/v2\/product_brand?post=46821"},{"taxonomy":"product_cat","embeddable":true,"href":"https:\/\/globalgiftsupplier.com\/fr\/wp-json\/wp\/v2\/product_cat?post=46821"},{"taxonomy":"product_tag","embeddable":true,"href":"https:\/\/globalgiftsupplier.com\/fr\/wp-json\/wp\/v2\/product_tag?post=46821"}],"curies":[{"name":"wp","href":"https:\/\/api.w.org\/{rel}","templated":true}]}}