{"id":46813,"date":"2026-02-27T03:33:33","date_gmt":"2026-02-27T03:33:33","guid":{"rendered":"https:\/\/globalgiftsupplier.com\/?post_type=product&#038;p=46813"},"modified":"2026-02-27T03:33:33","modified_gmt":"2026-02-27T03:33:33","slug":"wireless-bluetooth-5-0-knit-beanie-hat-warm-hat-custom-logo-winter-beanie-with-built-in-stereo-speakers","status":"publish","type":"product","link":"https:\/\/globalgiftsupplier.com\/fr\/product\/wireless-bluetooth-5-0-knit-beanie-hat-warm-hat-custom-logo-winter-beanie-with-built-in-stereo-speakers\/","title":{"rendered":"Bonnet sans fil Bluetooth 5.0 Bonnet chaud - Bonnet d'hiver avec logo personnalis\u00e9 et haut-parleurs st\u00e9r\u00e9o int\u00e9gr\u00e9s"},"content":{"rendered":"<p data-start=\"669\" data-end=\"1086\">Con\u00e7u pour \u00eatre pratique, le bonnet comprend un <strong data-start=\"717\" data-end=\"748\">batterie rechargeable Li-ion<\/strong> et <strong data-start=\"753\" data-end=\"796\">Chargement par USB\/Micro USB (c\u00e2ble inclus)<\/strong>. Les <strong data-start=\"802\" data-end=\"840\">module casque\/haut-parleur amovible<\/strong> peut \u00eatre retir\u00e9 lorsqu'il est temps de laver le chapeau - un d\u00e9tail important que les clients appr\u00e9cient. Ajoutez votre <strong data-start=\"935\" data-end=\"962\">logo brod\u00e9 personnalis\u00e9<\/strong> pour transformer cet article d'hiver pratique en un <strong data-start=\"1013\" data-end=\"1037\">cadeau promotionnel<\/strong>, Le produit peut \u00eatre offert en cadeau \u00e0 un employ\u00e9 ou en produit de marque pr\u00eat \u00e0 \u00eatre vendu au d\u00e9tail.<\/p>\n<hr data-start=\"1088\" data-end=\"1091\" \/>\n<h3 data-start=\"1093\" data-end=\"1122\">Principales caract\u00e9ristiques et avantages<\/h3>\n<p data-start=\"1123\" data-end=\"1252\">\u2705 <strong data-start=\"1125\" data-end=\"1162\">Connexion sans fil Bluetooth 5.0<\/strong><br data-start=\"1162\" data-end=\"1165\" \/>Couplage stable avec les smartphones, tablettes et autres - id\u00e9al pour les appels et la musique en hiver.<\/p>\n<p data-start=\"1254\" data-end=\"1408\">\u2705 <strong data-start=\"1256\" data-end=\"1297\">Haut-parleurs st\u00e9r\u00e9o int\u00e9gr\u00e9s (mains libres)<\/strong><br data-start=\"1297\" data-end=\"1300\" \/>Profitez d'un son clair lorsque vous skiez, marchez, faites du jogging, travaillez \u00e0 l'ext\u00e9rieur ou voyagez, sans avoir \u00e0 tenir votre t\u00e9l\u00e9phone.<\/p>\n<p data-start=\"1410\" data-end=\"1561\">\u2705 <strong data-start=\"1412\" data-end=\"1464\">Batterie Li-ion rechargeable + chargement par micro USB<\/strong><br data-start=\"1464\" data-end=\"1467\" \/>Chargement via USB\/Micro USB (c\u00e2ble de chargement inclus). Un accessoire technologique fiable pour l'hiver.<\/p>\n<p data-start=\"1563\" data-end=\"1724\">\u2705 <strong data-start=\"1565\" data-end=\"1606\">\u00c9couteurs amovibles pour un lavage facile<\/strong><br data-start=\"1606\" data-end=\"1609\" \/>Le module de haut-parleur peut \u00eatre retir\u00e9 pour que le bonnet puisse \u00eatre lav\u00e9, ce qui permet d'am\u00e9liorer la dur\u00e9e de vie du produit et la satisfaction du client.<\/p>\n<p data-start=\"1726\" data-end=\"1847\">\u2705 <strong data-start=\"1728\" data-end=\"1768\">Tricot acrylique chaud pour un confort hivernal<\/strong><br data-start=\"1768\" data-end=\"1771\" \/>Le tricot doux et confortable garde les utilisateurs au chaud tout en restant \u00e9l\u00e9gant pour une utilisation quotidienne.<\/p>\n<p data-start=\"1849\" data-end=\"2010\">\u2705 <strong data-start=\"1851\" data-end=\"1889\">Une image de marque de grande valeur pour les promotions<\/strong><br data-start=\"1889\" data-end=\"1892\" \/>Le logo personnalis\u00e9 est le bienvenu - il s'agit d'un produit promotionnel \u201cconserv\u00e9 et utilis\u00e9\u201d qui permet une exposition r\u00e9p\u00e9t\u00e9e de la marque pendant les saisons froides.<\/p>\n<hr data-start=\"2012\" data-end=\"2015\" \/>\n<h3 data-start=\"2017\" data-end=\"2048\">Id\u00e9al pour (sc\u00e9narios d'utilisation)<\/h3>\n<p data-start=\"2049\" data-end=\"2104\">Le pr\u00e9sent <strong data-start=\"2054\" data-end=\"2078\">Bonnet Bluetooth<\/strong> est un choix judicieux :<\/p>\n<ul data-start=\"2105\" data-end=\"2347\">\n<li data-start=\"2105\" data-end=\"2147\">\n<p data-start=\"2107\" data-end=\"2147\">Promotions hivernales et campagnes saisonni\u00e8res<\/p>\n<\/li>\n<li data-start=\"2148\" data-end=\"2191\">\n<p data-start=\"2150\" data-end=\"2191\">Cadeaux d'entreprise et reconnaissance des employ\u00e9s<\/p>\n<\/li>\n<li data-start=\"2192\" data-end=\"2238\">\n<p data-start=\"2194\" data-end=\"2238\">\u00c9v\u00e9nements en plein air, clubs sportifs, s\u00e9jours de ski<\/p>\n<\/li>\n<li data-start=\"2239\" data-end=\"2296\">\n<p data-start=\"2241\" data-end=\"2296\">Travailleurs de la construction\/du terrain, \u00e9quipes de livraison, navetteurs<\/p>\n<\/li>\n<li data-start=\"2297\" data-end=\"2347\">\n<p data-start=\"2299\" data-end=\"2347\">Offres group\u00e9es (accessoires d'hiver \/ cadeaux technologiques)<\/p>\n<\/li>\n<\/ul>\n<hr data-start=\"2349\" data-end=\"2352\" \/>\n<h3 data-start=\"2354\" data-end=\"2374\">Sp\u00e9cifications<\/h3>\n<ul data-start=\"2375\" data-end=\"2589\">\n<li data-start=\"2375\" data-end=\"2400\">\n<p data-start=\"2377\" data-end=\"2400\"><strong data-start=\"2377\" data-end=\"2390\">Mat\u00e9riau :<\/strong> Acrylique<\/p>\n<\/li>\n<li data-start=\"2401\" data-end=\"2448\">\n<p data-start=\"2403\" data-end=\"2448\"><strong data-start=\"2403\" data-end=\"2420\">Taille du produit :<\/strong> <strong data-start=\"2421\" data-end=\"2446\">8.66\u2033 \u00d7 8.46\u2033 \u00d7 1.18\u2033<\/strong><\/p>\n<\/li>\n<li data-start=\"2449\" data-end=\"2495\">\n<p data-start=\"2451\" data-end=\"2495\"><strong data-start=\"2451\" data-end=\"2472\">Couleurs disponibles :<\/strong> <strong data-start=\"2473\" data-end=\"2493\">Noir, Gris fonc\u00e9<\/strong><\/p>\n<\/li>\n<li data-start=\"2496\" data-end=\"2545\">\n<p data-start=\"2498\" data-end=\"2545\"><strong data-start=\"2498\" data-end=\"2515\">Couleur personnalis\u00e9e :<\/strong> Disponible, <strong data-start=\"2527\" data-end=\"2543\">MOQ 1000 pcs<\/strong><\/p>\n<\/li>\n<li data-start=\"2546\" data-end=\"2567\">\n<p data-start=\"2548\" data-end=\"2567\"><strong data-start=\"2548\" data-end=\"2559\">Origine :<\/strong> Chine<\/p>\n<\/li>\n<\/ul>\n<hr data-start=\"2591\" data-end=\"2594\" \/>\n<h3 data-start=\"2596\" data-end=\"2633\">Personnalisation (Logo &amp; Branding)<\/h3>\n<ul data-start=\"2634\" data-end=\"2879\">\n<li data-start=\"2634\" data-end=\"2711\">\n<p data-start=\"2636\" data-end=\"2711\"><strong data-start=\"2636\" data-end=\"2655\">M\u00e9thode d'impression :<\/strong> <strong data-start=\"2656\" data-end=\"2670\">Broderie<\/strong> (aspect premium, id\u00e9al pour les bonnets en tricot)<\/p>\n<\/li>\n<li data-start=\"2712\" data-end=\"2742\">\n<p data-start=\"2714\" data-end=\"2742\"><strong data-start=\"2714\" data-end=\"2733\">Couleurs d'impression :<\/strong> Sur mesure<\/p>\n<\/li>\n<li data-start=\"2743\" data-end=\"2775\">\n<p data-start=\"2745\" data-end=\"2775\"><strong data-start=\"2745\" data-end=\"2762\">Taille d'impression :<\/strong> Sur mesure<\/p>\n<\/li>\n<li data-start=\"2821\" data-end=\"2879\">\n<p data-start=\"2823\" data-end=\"2879\"><strong data-start=\"2823\" data-end=\"2842\">Le prix comprend :<\/strong> <strong data-start=\"2843\" data-end=\"2877\">1 couleur, 1 emplacement broderie<\/strong><\/p>\n<\/li>\n<\/ul>\n<blockquote data-start=\"2881\" data-end=\"2994\">\n<p data-start=\"2883\" data-end=\"2994\">Les logos brod\u00e9s ont un aspect haut de gamme et durent plus longtemps, ce qui est excellent pour les cadeaux d'entreprise et les bonnets promotionnels d'hiver.<\/p>\n<\/blockquote>\n<hr data-start=\"2996\" data-end=\"2999\" \/>\n<h3 data-start=\"3001\" data-end=\"3022\">Temps de production<\/h3>\n<ul data-start=\"3023\" data-end=\"3111\">\n<li data-start=\"3023\" data-end=\"3071\">\n<p data-start=\"3025\" data-end=\"3071\"><strong data-start=\"3025\" data-end=\"3049\">Production standard :<\/strong> <strong data-start=\"3050\" data-end=\"3069\">30 jours ouvrables<\/strong><\/p>\n<\/li>\n<li data-start=\"3072\" data-end=\"3111\">\n<p data-start=\"3074\" data-end=\"3111\"><strong data-start=\"3074\" data-end=\"3091\">Service d'urgence :<\/strong> <strong data-start=\"3092\" data-end=\"3111\">25 jours ouvrables<\/strong><\/p>\n<\/li>\n<\/ul>\n<hr data-start=\"3113\" data-end=\"3116\" \/>\n<h3 data-start=\"3118\" data-end=\"3144\">Emballage et exp\u00e9dition<\/h3>\n<ul data-start=\"3145\" data-end=\"3390\">\n<li data-start=\"3145\" data-end=\"3211\">\n<p data-start=\"3147\" data-end=\"3211\"><strong data-start=\"3147\" data-end=\"3172\">Emballage individuel :<\/strong> Sac OPP <strong data-start=\"3181\" data-end=\"3199\">21 \u00d7 22 \u00d7 3 cm<\/strong>, <strong data-start=\"3201\" data-end=\"3209\">104g<\/strong><\/p>\n<\/li>\n<li data-start=\"3212\" data-end=\"3248\">\n<p data-start=\"3214\" data-end=\"3248\"><strong data-start=\"3214\" data-end=\"3230\">Emballage en carton :<\/strong> <strong data-start=\"3231\" data-end=\"3246\">150 pcs\/ctn<\/strong><\/p>\n<\/li>\n<li data-start=\"3249\" data-end=\"3293\">\n<p data-start=\"3251\" data-end=\"3293\"><strong data-start=\"3251\" data-end=\"3267\">Taille du carton :<\/strong> <strong data-start=\"3268\" data-end=\"3291\">52,5 \u00d7 51,5 \u00d7 44 cm<\/strong><\/p>\n<\/li>\n<li data-start=\"3294\" data-end=\"3326\">\n<p data-start=\"3296\" data-end=\"3326\"><strong data-start=\"3296\" data-end=\"3314\">Poids du carton :<\/strong> <strong data-start=\"3315\" data-end=\"3324\">17 kg<\/strong><\/p>\n<\/li>\n<\/ul>","protected":false},"excerpt":{"rendered":"<p>Restez au chaud et restez connect\u00e9 par temps froid gr\u00e2ce \u00e0 cette <strong data-start=\"408\" data-end=\"450\">Bonnet tricot\u00e9 sans fil Bluetooth 5.0<\/strong>. Fabriqu\u00e9 en <strong data-start=\"462\" data-end=\"486\">acrylique de haute qualit\u00e9<\/strong>, Ce bonnet chaud pr\u00e9sente les caract\u00e9ristiques suivantes <strong data-start=\"514\" data-end=\"542\">haut-parleurs st\u00e9r\u00e9o int\u00e9gr\u00e9s<\/strong> Les utilisateurs peuvent ainsi \u00e9couter de la musique et prendre des appels t\u00e9l\u00e9phoniques en gardant les mains libres, ce qui est parfait pour les trajets en hiver, les activit\u00e9s de plein air et les v\u00eatements de tous les jours.<\/p>","protected":false},"featured_media":46814,"template":"","meta":{"_gspb_post_css":""},"product_brand":[],"product_cat":[29,27],"product_tag":[],"class_list":{"0":"post-46813","1":"product","2":"type-product","3":"status-publish","4":"has-post-thumbnail","6":"product_cat-apparel","7":"product_cat-technology","9":"first","10":"instock","11":"shipping-taxable","12":"product-type-simple"},"_links":{"self":[{"href":"https:\/\/globalgiftsupplier.com\/fr\/wp-json\/wp\/v2\/product\/46813","targetHints":{"allow":["GET"]}}],"collection":[{"href":"https:\/\/globalgiftsupplier.com\/fr\/wp-json\/wp\/v2\/product"}],"about":[{"href":"https:\/\/globalgiftsupplier.com\/fr\/wp-json\/wp\/v2\/types\/product"}],"wp:featuredmedia":[{"embeddable":true,"href":"https:\/\/globalgiftsupplier.com\/fr\/wp-json\/wp\/v2\/media\/46814"}],"wp:attachment":[{"href":"https:\/\/globalgiftsupplier.com\/fr\/wp-json\/wp\/v2\/media?parent=46813"}],"wp:term":[{"taxonomy":"product_brand","embeddable":true,"href":"https:\/\/globalgiftsupplier.com\/fr\/wp-json\/wp\/v2\/product_brand?post=46813"},{"taxonomy":"product_cat","embeddable":true,"href":"https:\/\/globalgiftsupplier.com\/fr\/wp-json\/wp\/v2\/product_cat?post=46813"},{"taxonomy":"product_tag","embeddable":true,"href":"https:\/\/globalgiftsupplier.com\/fr\/wp-json\/wp\/v2\/product_tag?post=46813"}],"curies":[{"name":"wp","href":"https:\/\/api.w.org\/{rel}","templated":true}]}}