{"id":46809,"date":"2026-02-27T03:20:01","date_gmt":"2026-02-27T03:20:01","guid":{"rendered":"https:\/\/globalgiftsupplier.com\/?post_type=product&#038;p=46809"},"modified":"2026-02-27T03:20:01","modified_gmt":"2026-02-27T03:20:01","slug":"ankle-leg-foot-pedal-puller","status":"publish","type":"product","link":"https:\/\/globalgiftsupplier.com\/fr\/product\/ankle-leg-foot-pedal-puller\/","title":{"rendered":"Extracteur de p\u00e9dale de jambe de cheville"},"content":{"rendered":"<p data-start=\"688\" data-end=\"1190\">Avec une longueur d'\u00e9tirement maximale de <strong data-start=\"721\" data-end=\"730\">47.2\u2033<\/strong>, Cette corde de traction \u00e0 p\u00e9dale offre une r\u00e9sistance pratique pour <strong data-start=\"795\" data-end=\"900\">yoga, pilates, \u00e9chauffements, \u00e9tirements, activation des fessiers, routines de la journ\u00e9e des jambes et mouvements de modelage du tronc<\/strong>. L\u00e9ger et facile \u00e0 ranger, il est id\u00e9al pour <strong data-start=\"958\" data-end=\"1014\">maison, bureau, chambre d'h\u00f4tel ou espace priv\u00e9 ext\u00e9rieur<\/strong>. Ajoutez votre logo personnalis\u00e9 pour cr\u00e9er une <strong data-start=\"1062\" data-end=\"1086\">cadeau promotionnel<\/strong> que les gens utilisent r\u00e9ellement - parfait pour les campagnes de bien-\u00eatre, les \u00e9v\u00e9nements de remise en forme et les programmes de sant\u00e9 en entreprise.<\/p>\n<hr data-start=\"1192\" data-end=\"1195\" \/>\n<h3 data-start=\"1197\" data-end=\"1226\">Principales caract\u00e9ristiques et avantages<\/h3>\n<p data-start=\"1227\" data-end=\"1379\">\u2705 <strong data-start=\"1229\" data-end=\"1274\">Poign\u00e9es confortables en mousse (antid\u00e9rapantes)<\/strong><br data-start=\"1274\" data-end=\"1277\" \/>Les poign\u00e9es en mousse souple r\u00e9duisent la fatigue des mains et am\u00e9liorent le contr\u00f4le pendant les tractions, les \u00e9tirements et les s\u00e9ances de tonification.<\/p>\n<p data-start=\"1381\" data-end=\"1552\">\u2705 <strong data-start=\"1383\" data-end=\"1421\">R\u00e9sistance des tubes en latex \u00e0 haute \u00e9lasticit\u00e9<\/strong><br data-start=\"1421\" data-end=\"1424\" \/>Fabriqu\u00e9 avec <strong data-start=\"1434\" data-end=\"1471\">Tube \u00e9lastique en latex TPE + mousse NBR<\/strong>, La r\u00e9sistance est souple et stable pour l'exercice quotidien et l'utilisation \u00e0 long terme.<\/p>\n<p data-start=\"1554\" data-end=\"1725\">\u2705 <strong data-start=\"1556\" data-end=\"1604\">Conception \u00e0 4 tubes pour une meilleure tension et stabilit\u00e9<\/strong><br data-start=\"1604\" data-end=\"1607\" \/>Caract\u00e9ristiques <strong data-start=\"1616\" data-end=\"1636\">4 cordes de traction<\/strong>, La r\u00e9sistance \u00e0 la traction est plus \u00e9lev\u00e9e et l'\u00e9lasticit\u00e9 est am\u00e9lior\u00e9e, ce qui est id\u00e9al pour un entra\u00eenement r\u00e9gulier.<\/p>\n<p data-start=\"1727\" data-end=\"1898\">\u2705 <strong data-start=\"1729\" data-end=\"1779\">Mouvement fluide pour les exercices de base et de sculpture<\/strong><br data-start=\"1779\" data-end=\"1782\" \/>Con\u00e7u pour favoriser les mouvements de traction et de rel\u00e2chement contr\u00f4l\u00e9s, contribuant \u00e0 r\u00e9duire les pincements de la peau pendant l'entra\u00eenement.<\/p>\n<p data-start=\"1900\" data-end=\"2060\">\u2705 <strong data-start=\"1902\" data-end=\"1949\">Outil de fitness portable pour des s\u00e9ances d'entra\u00eenement en tout lieu<\/strong><br data-start=\"1949\" data-end=\"1952\" \/>Parfait pour la gym \u00e0 domicile, les pauses au bureau, les entra\u00eenements en voyage et les routines de bien-\u00eatre - facile \u00e0 transporter et simple \u00e0 utiliser.<\/p>\n<p data-start=\"2062\" data-end=\"2221\">\u2705 <strong data-start=\"2064\" data-end=\"2104\">Logo personnalis\u00e9 Cadeau promotionnel de remise en forme<\/strong><br data-start=\"2104\" data-end=\"2107\" \/>Ajoutez votre logo pour un article de marque qui s'adapte <strong data-start=\"2150\" data-end=\"2182\">Promotion de la sant\u00e9 et du bien-\u00eatre<\/strong>, Les campagnes dans les salles de sport et les cadeaux d'entreprise.<\/p>\n<hr data-start=\"2223\" data-end=\"2226\" \/>\n<h3 data-start=\"2228\" data-end=\"2263\">Suggestions d'utilisation (SEO-Friendly)<\/h3>\n<p data-start=\"2264\" data-end=\"2310\">Le pr\u00e9sent <strong data-start=\"2269\" data-end=\"2294\">bande de r\u00e9sistance pour p\u00e9dales<\/strong> est id\u00e9al pour :<\/p>\n<ul data-start=\"2311\" data-end=\"2506\">\n<li data-start=\"2311\" data-end=\"2344\">\n<p data-start=\"2313\" data-end=\"2344\"><strong data-start=\"2313\" data-end=\"2342\">\u00c9tirements de yoga et de Pilates<\/strong><\/p>\n<\/li>\n<li data-start=\"2345\" data-end=\"2381\">\n<p data-start=\"2347\" data-end=\"2381\"><strong data-start=\"2347\" data-end=\"2379\">Journ\u00e9e des jambes et activation des fessiers<\/strong><\/p>\n<\/li>\n<li data-start=\"2382\" data-end=\"2422\">\n<p data-start=\"2384\" data-end=\"2422\"><strong data-start=\"2384\" data-end=\"2420\">Resserrement de la taille et exercices de base<\/strong><\/p>\n<\/li>\n<li data-start=\"2423\" data-end=\"2465\">\n<p data-start=\"2425\" data-end=\"2465\"><strong data-start=\"2425\" data-end=\"2463\">Tonification des bras et relaxation des \u00e9paules<\/strong><\/p>\n<\/li>\n<li data-start=\"2466\" data-end=\"2506\">\n<p data-start=\"2468\" data-end=\"2506\"><strong data-start=\"2468\" data-end=\"2504\">\u00c9chauffement et entra\u00eenement \u00e0 la flexibilit\u00e9<\/strong><\/p>\n<\/li>\n<\/ul>\n<blockquote data-start=\"2508\" data-end=\"2601\">\n<p data-start=\"2510\" data-end=\"2601\">Id\u00e9al pour les d\u00e9butants, les utilisateurs de fitness \u00e0 domicile et tous ceux qui recherchent un outil d'entra\u00eenement quotidien facile.<\/p>\n<\/blockquote>\n<hr data-start=\"2603\" data-end=\"2606\" \/>\n<h3 data-start=\"2608\" data-end=\"2628\">Sp\u00e9cifications<\/h3>\n<ul data-start=\"2629\" data-end=\"2862\">\n<li data-start=\"2629\" data-end=\"2669\">\n<p data-start=\"2631\" data-end=\"2669\"><strong data-start=\"2631\" data-end=\"2648\">Taille du produit :<\/strong> <strong data-start=\"2649\" data-end=\"2667\">9.84\u2033 \u00d7 16.14\u2033<\/strong><\/p>\n<\/li>\n<li data-start=\"2670\" data-end=\"2707\">\n<p data-start=\"2672\" data-end=\"2707\"><strong data-start=\"2672\" data-end=\"2695\">Longueur maximale d'\u00e9tirement :<\/strong> <strong data-start=\"2696\" data-end=\"2705\">47.2\u2033<\/strong><\/p>\n<\/li>\n<li data-start=\"2708\" data-end=\"2764\">\n<p data-start=\"2710\" data-end=\"2764\"><strong data-start=\"2710\" data-end=\"2724\">Mat\u00e9riaux :<\/strong> <strong data-start=\"2725\" data-end=\"2762\">Tube \u00e9lastique en latex TPE + mousse NBR<\/strong><\/p>\n<\/li>\n<li data-start=\"2765\" data-end=\"2818\">\n<p data-start=\"2767\" data-end=\"2818\"><strong data-start=\"2767\" data-end=\"2788\">Couleurs disponibles :<\/strong> <strong data-start=\"2789\" data-end=\"2816\">Violet, rouge, bleu, rose<\/strong><\/p>\n<\/li>\n<li data-start=\"2819\" data-end=\"2840\">\n<p data-start=\"2821\" data-end=\"2840\"><strong data-start=\"2821\" data-end=\"2832\">Origine :<\/strong> Chine<\/p>\n<\/li>\n<\/ul>\n<hr data-start=\"2864\" data-end=\"2867\" \/>\n<h3 data-start=\"2869\" data-end=\"2890\">Temps de production<\/h3>\n<ul data-start=\"2891\" data-end=\"2979\">\n<li data-start=\"2891\" data-end=\"2939\">\n<p data-start=\"2893\" data-end=\"2939\"><strong data-start=\"2893\" data-end=\"2917\">Production standard :<\/strong> <strong data-start=\"2918\" data-end=\"2937\">25 jours ouvrables<\/strong><\/p>\n<\/li>\n<li data-start=\"2940\" data-end=\"2979\">\n<p data-start=\"2942\" data-end=\"2979\"><strong data-start=\"2942\" data-end=\"2959\">Service d'urgence :<\/strong> <strong data-start=\"2960\" data-end=\"2979\">18 jours ouvrables<\/strong><\/p>\n<\/li>\n<\/ul>\n<hr data-start=\"2981\" data-end=\"2984\" \/>\n<h3 data-start=\"2986\" data-end=\"3026\">Pourquoi il s'agit d'un cadeau promotionnel<\/h3>\n<p data-start=\"3027\" data-end=\"3229\">Les articles de fitness sont des produits promotionnels \u00e0 forte r\u00e9tention - les gens les gardent, les r\u00e9utilisent et voient votre logo \u00e0 plusieurs reprises. Ce tire-p\u00e9dale est pratique, peu co\u00fbteux et facile \u00e0 distribuer, ce qui le rend id\u00e9al pour :<\/p>\n<ul data-start=\"3230\" data-end=\"3378\">\n<li data-start=\"3230\" data-end=\"3264\">\n<p data-start=\"3232\" data-end=\"3264\">Initiatives de bien-\u00eatre en entreprise<\/p>\n<\/li>\n<li data-start=\"3265\" data-end=\"3292\">\n<p data-start=\"3267\" data-end=\"3292\">Promotion des gymnases et des studios<\/p>\n<\/li>\n<li data-start=\"3293\" data-end=\"3313\">\n<p data-start=\"3295\" data-end=\"3313\">Campagnes de sant\u00e9<\/p>\n<\/li>\n<li data-start=\"3314\" data-end=\"3343\">\n<p data-start=\"3316\" data-end=\"3343\">\u00c9v\u00e9nements sportifs et cadeaux<\/p>\n<\/li>\n<li data-start=\"3344\" data-end=\"3378\">\n<p data-start=\"3346\" data-end=\"3378\">Salons professionnels et cadeaux aux employ\u00e9s<\/p>\n<\/li>\n<\/ul>","protected":false},"excerpt":{"rendered":"<p>Am\u00e9liorez vos s\u00e9ances d'entra\u00eenement \u00e0 domicile gr\u00e2ce \u00e0 ce <strong data-start=\"342\" data-end=\"373\">Extracteur de p\u00e9dale pour cheville, jambe et pied<\/strong>-un outil compact, adapt\u00e9 aux d\u00e9butants <strong data-start=\"403\" data-end=\"428\">bande de r\u00e9sistance pour p\u00e9dales<\/strong> con\u00e7u pour la tonification de l'ensemble du corps, les \u00e9tirements et l'entra\u00eenement physique quotidien. Construit avec <strong data-start=\"511\" data-end=\"551\">poign\u00e9es en mousse \u00e9cologique de haute qualit\u00e9<\/strong> et <strong data-start=\"556\" data-end=\"586\">tubes en latex tr\u00e8s \u00e9lastiques<\/strong>, Il offre une manipulation confortable, une r\u00e9sistance souple et une durabilit\u00e9 fiable pour une utilisation r\u00e9p\u00e9t\u00e9e.<\/p>","protected":false},"featured_media":46810,"template":"","meta":{"_gspb_post_css":""},"product_brand":[],"product_cat":[33],"product_tag":[],"class_list":{"0":"post-46809","1":"product","2":"type-product","3":"status-publish","4":"has-post-thumbnail","6":"product_cat-sports-outdoor","8":"first","9":"instock","10":"shipping-taxable","11":"product-type-simple"},"_links":{"self":[{"href":"https:\/\/globalgiftsupplier.com\/fr\/wp-json\/wp\/v2\/product\/46809","targetHints":{"allow":["GET"]}}],"collection":[{"href":"https:\/\/globalgiftsupplier.com\/fr\/wp-json\/wp\/v2\/product"}],"about":[{"href":"https:\/\/globalgiftsupplier.com\/fr\/wp-json\/wp\/v2\/types\/product"}],"wp:featuredmedia":[{"embeddable":true,"href":"https:\/\/globalgiftsupplier.com\/fr\/wp-json\/wp\/v2\/media\/46810"}],"wp:attachment":[{"href":"https:\/\/globalgiftsupplier.com\/fr\/wp-json\/wp\/v2\/media?parent=46809"}],"wp:term":[{"taxonomy":"product_brand","embeddable":true,"href":"https:\/\/globalgiftsupplier.com\/fr\/wp-json\/wp\/v2\/product_brand?post=46809"},{"taxonomy":"product_cat","embeddable":true,"href":"https:\/\/globalgiftsupplier.com\/fr\/wp-json\/wp\/v2\/product_cat?post=46809"},{"taxonomy":"product_tag","embeddable":true,"href":"https:\/\/globalgiftsupplier.com\/fr\/wp-json\/wp\/v2\/product_tag?post=46809"}],"curies":[{"name":"wp","href":"https:\/\/api.w.org\/{rel}","templated":true}]}}