{"id":46780,"date":"2026-02-25T09:42:15","date_gmt":"2026-02-25T09:42:15","guid":{"rendered":"https:\/\/globalgiftsupplier.com\/?post_type=product&#038;p=46780"},"modified":"2026-02-25T09:42:15","modified_gmt":"2026-02-25T09:42:15","slug":"5pcs-multi-color-latex-exercise-long-resistance-loop-bands","status":"publish","type":"product","link":"https:\/\/globalgiftsupplier.com\/fr\/product\/5pcs-multi-color-latex-exercise-long-resistance-loop-bands\/","title":{"rendered":"5pcs Multi-Color Latex Exercise Long Resistance Loop Bands"},"content":{"rendered":"<p data-start=\"912\" data-end=\"1307\">Chaque groupe de cette s\u00e9rie est <strong data-start=\"937\" data-end=\"973\">12 pouces de long et 2 pouces de large<\/strong>, avec des niveaux de r\u00e9sistance allant de <strong data-start=\"1011\" data-end=\"1022\">5-40lbs<\/strong>. Que vous cherchiez \u00e0 tonifier vos jambes, vos fessiers ou vos bras, cet ensemble est con\u00e7u pour r\u00e9pondre \u00e0 tous vos objectifs de remise en forme. Ces bandes de r\u00e9sistance en boucle sont portables, l\u00e9g\u00e8res et fournies avec un sac de transport pour un rangement et un transport faciles, ce qui les rend id\u00e9ales pour les s\u00e9ances d'entra\u00eenement \u00e0 domicile et en d\u00e9placement.<\/p>\n<p data-start=\"1309\" data-end=\"1460\">Ajoutez votre <strong data-start=\"1318\" data-end=\"1334\">logo de l'entreprise<\/strong> aux bracelets ou \u00e0 la pochette de rangement pour un cadeau promotionnel unique qui contribuera \u00e0 accro\u00eetre la visibilit\u00e9 de la marque tout en promouvant la forme physique.<\/p>\n<h4 data-start=\"1462\" data-end=\"1484\"><strong data-start=\"1467\" data-end=\"1484\">Caract\u00e9ristiques principales :<\/strong><\/h4>\n<ul data-start=\"1485\" data-end=\"2269\">\n<li data-start=\"1485\" data-end=\"1725\">\n<p data-start=\"1487\" data-end=\"1567\"><strong data-start=\"1487\" data-end=\"1519\">Niveaux de r\u00e9sistance polyvalents :<\/strong> Comprend cinq bandes avec des r\u00e9sistances diff\u00e9rentes :<\/p>\n<ul data-start=\"1570\" data-end=\"1725\">\n<li data-start=\"1570\" data-end=\"1599\">\n<p data-start=\"1572\" data-end=\"1599\"><strong data-start=\"1572\" data-end=\"1582\">Vert :<\/strong> 0.35mm (5-10lbs)<\/p>\n<\/li>\n<li data-start=\"1602\" data-end=\"1630\">\n<p data-start=\"1604\" data-end=\"1630\"><strong data-start=\"1604\" data-end=\"1613\">Bleu :<\/strong> 0,5mm (10-15lbs)<\/p>\n<\/li>\n<li data-start=\"1633\" data-end=\"1663\">\n<p data-start=\"1635\" data-end=\"1663\"><strong data-start=\"1635\" data-end=\"1646\">Jaune :<\/strong> 0,7mm (15-20lbs)<\/p>\n<\/li>\n<li data-start=\"1666\" data-end=\"1693\">\n<p data-start=\"1668\" data-end=\"1693\"><strong data-start=\"1668\" data-end=\"1676\">Rouge :<\/strong> 0,9mm (20-30lbs)<\/p>\n<\/li>\n<li data-start=\"1696\" data-end=\"1725\">\n<p data-start=\"1698\" data-end=\"1725\"><strong data-start=\"1698\" data-end=\"1708\">Noir :<\/strong> 1.1mm (30-40lbs)<\/p>\n<\/li>\n<\/ul>\n<\/li>\n<li data-start=\"1726\" data-end=\"1836\">\n<p data-start=\"1728\" data-end=\"1836\"><strong data-start=\"1728\" data-end=\"1755\">Durable et \u00e9cologique :<\/strong> Fabriqu\u00e9 \u00e0 partir de <strong data-start=\"1766\" data-end=\"1788\">100% latex naturel<\/strong>, garantissant une durabilit\u00e9 et une r\u00e9sistance constantes.<\/p>\n<\/li>\n<li data-start=\"1837\" data-end=\"1927\">\n<p data-start=\"1839\" data-end=\"1927\"><strong data-start=\"1839\" data-end=\"1862\">Compact et portable :<\/strong> Il est livr\u00e9 avec un sac de transport, ce qui permet de le ranger et de l'emporter partout.<\/p>\n<\/li>\n<li data-start=\"1928\" data-end=\"2020\">\n<p data-start=\"1930\" data-end=\"2020\"><strong data-start=\"1930\" data-end=\"1950\">Marquage personnalis\u00e9 :<\/strong> Ajoutez votre logo aux bandes ou \u00e0 la pochette pour des cadeaux promotionnels personnalis\u00e9s.<\/p>\n<\/li>\n<li data-start=\"2021\" data-end=\"2133\">\n<p data-start=\"2023\" data-end=\"2133\"><strong data-start=\"2023\" data-end=\"2049\">Id\u00e9al pour tout type d'entra\u00eenement :<\/strong> Id\u00e9al pour le yoga, le Pilates, la musculation, les \u00e9tirements, l'activation des fessiers, etc.<\/p>\n<\/li>\n<li data-start=\"2134\" data-end=\"2269\">\n<p data-start=\"2136\" data-end=\"2269\"><strong data-start=\"2136\" data-end=\"2164\">R\u00e9sistance durable :<\/strong> La r\u00e9sistance est maintenue apr\u00e8s plusieurs utilisations, ce qui garantit des performances fiables tout au long de votre programme d'entra\u00eenement.<\/p>\n<\/li>\n<\/ul>\n<h4 data-start=\"2271\" data-end=\"2295\"><strong data-start=\"2276\" data-end=\"2295\">Sp\u00e9cifications :<\/strong><\/h4>\n<ul data-start=\"2296\" data-end=\"2765\">\n<li data-start=\"2296\" data-end=\"2321\">\n<p data-start=\"2298\" data-end=\"2321\"><strong data-start=\"2298\" data-end=\"2309\">Longueur :<\/strong> 12 pouces<\/p>\n<\/li>\n<li data-start=\"2322\" data-end=\"2345\">\n<p data-start=\"2324\" data-end=\"2345\"><strong data-start=\"2324\" data-end=\"2334\">Largeur :<\/strong> 2 pouces<\/p>\n<\/li>\n<li data-start=\"2346\" data-end=\"2396\">\n<p data-start=\"2348\" data-end=\"2396\"><strong data-start=\"2348\" data-end=\"2361\">Mat\u00e9riau :<\/strong> <strong data-start=\"2362\" data-end=\"2384\">100% Latex naturel<\/strong>, sans TPE<\/p>\n<\/li>\n<li data-start=\"2397\" data-end=\"2520\">\n<p data-start=\"2399\" data-end=\"2421\"><strong data-start=\"2399\" data-end=\"2421\">Niveaux de r\u00e9sistance :<\/strong><\/p>\n<ul data-start=\"2424\" data-end=\"2520\">\n<li data-start=\"2424\" data-end=\"2440\">\n<p data-start=\"2426\" data-end=\"2440\">Vert : 5-10lbs<\/p>\n<\/li>\n<li data-start=\"2443\" data-end=\"2459\">\n<p data-start=\"2445\" data-end=\"2459\">Bleu : 10-15lbs<\/p>\n<\/li>\n<li data-start=\"2462\" data-end=\"2480\">\n<p data-start=\"2464\" data-end=\"2480\">Jaune : 15-20lbs<\/p>\n<\/li>\n<li data-start=\"2483\" data-end=\"2498\">\n<p data-start=\"2485\" data-end=\"2498\">Rouge : 20-30lbs<\/p>\n<\/li>\n<li data-start=\"2501\" data-end=\"2520\">\n<p data-start=\"2503\" data-end=\"2520\">Noir : 30-40lbs<\/p>\n<\/li>\n<\/ul>\n<\/li>\n<li data-start=\"2521\" data-end=\"2585\">\n<p data-start=\"2523\" data-end=\"2585\"><strong data-start=\"2523\" data-end=\"2543\">Poids d'exp\u00e9dition :<\/strong> 32 lbs par carton (1000 pcs par carton)<\/p>\n<\/li>\n<li data-start=\"2586\" data-end=\"2631\">\n<p data-start=\"2588\" data-end=\"2631\"><strong data-start=\"2588\" data-end=\"2607\">Taille de l'emballage :<\/strong> 34 cm x 28 cm x 38 cm<\/p>\n<\/li>\n<li data-start=\"2632\" data-end=\"2708\">\n<p data-start=\"2634\" data-end=\"2708\"><strong data-start=\"2634\" data-end=\"2654\">Temps de production :<\/strong> 30 jours ouvrables (service d'urgence disponible sous 28 jours)<\/p>\n<\/li>\n<li data-start=\"2709\" data-end=\"2743\">\n<p data-start=\"2711\" data-end=\"2743\"><strong data-start=\"2711\" data-end=\"2730\">M\u00e9thode d'impression :<\/strong> S\u00e9rigraphie<\/p>\n<\/li>\n<li data-start=\"2744\" data-end=\"2765\">\n<p data-start=\"2746\" data-end=\"2765\"><strong data-start=\"2746\" data-end=\"2757\">Origine :<\/strong> Chine<\/p>\n<\/li>\n<\/ul>\n<h4 data-start=\"2767\" data-end=\"2793\"><strong data-start=\"2772\" data-end=\"2793\">Couleurs disponibles :<\/strong><\/h4>\n<p data-start=\"2794\" data-end=\"2827\">Vert, bleu, jaune, rouge, noir<\/p>\n<h4 data-start=\"2999\" data-end=\"3018\"><strong data-start=\"3004\" data-end=\"3018\">Id\u00e9al pour :<\/strong><\/h4>\n<ul data-start=\"3019\" data-end=\"3144\">\n<li data-start=\"3019\" data-end=\"3144\">\n<p data-start=\"3021\" data-end=\"3144\"><strong data-start=\"3021\" data-end=\"3144\">Cadeaux d'entreprise, cadeaux promotionnels, passionn\u00e9s de fitness, studios de yoga, centres de Pilates, programmes de sant\u00e9 et de bien-\u00eatre.<\/strong><\/p>\n<\/li>\n<\/ul>\n<hr data-start=\"3146\" data-end=\"3149\" \/>\n<h3 data-start=\"3151\" data-end=\"3191\"><strong data-start=\"3155\" data-end=\"3191\">Pourquoi choisir nos bandes de r\u00e9sistance ?<\/strong><\/h3>\n<p data-start=\"3192\" data-end=\"3580\">Notre <strong data-start=\"3196\" data-end=\"3233\">bandes de r\u00e9sistance en boucle multicolores<\/strong> sont la combinaison parfaite de durabilit\u00e9, de confort et de polyvalence. Que vous soyez un d\u00e9butant ou un athl\u00e8te exp\u00e9riment\u00e9, ce jeu de bandes vous aidera \u00e0 passer \u00e0 la vitesse sup\u00e9rieure. Elles ne sont pas r\u00e9serv\u00e9es aux amateurs de gymnastique : elles sont parfaites pour tous ceux qui cherchent \u00e0 am\u00e9liorer leur souplesse et leur force dans le confort de leur maison ou lors de leurs d\u00e9placements.<\/p>\n<h3 data-start=\"3582\" data-end=\"3629\"><strong data-start=\"3586\" data-end=\"3629\">Parfait pour la personnalisation et les promotions :<\/strong><\/h3>\n<p data-start=\"3630\" data-end=\"3966\">Ces groupes font de fantastiques <strong data-start=\"3657\" data-end=\"3678\">cadeaux promotionnels<\/strong> pour les \u00e9v\u00e9nements li\u00e9s au fitness ou les cadeaux d'entreprise. Ajoutez votre <strong data-start=\"3739\" data-end=\"3755\">logo de l'entreprise<\/strong> afin d'accro\u00eetre la visibilit\u00e9 de la marque tout en aidant les autres \u00e0 atteindre leurs objectifs de remise en forme. Les <strong data-start=\"3839\" data-end=\"3851\">Sans TPE<\/strong> et <strong data-start=\"3856\" data-end=\"3873\">latex naturel<\/strong> garantit que vos clients appr\u00e9cieront la qualit\u00e9 et la durabilit\u00e9 de ces produits.<\/p>","protected":false},"excerpt":{"rendered":"<p>Ces produits de haute qualit\u00e9 <strong data-start=\"378\" data-end=\"403\">Bandes de r\u00e9sistance en boucle<\/strong> sont parfaites pour tout amateur de fitness ou professionnel cherchant \u00e0 am\u00e9liorer ses s\u00e9ances d'entra\u00eenement. L'ensemble comprend 5 bandes diff\u00e9rentes, chacune avec un niveau de r\u00e9sistance variable, ce qui permet de personnaliser les s\u00e9ances d'entra\u00eenement. Id\u00e9ales pour le yoga, le Pilates, les \u00e9tirements et les exercices de renforcement, ces bandes sont con\u00e7ues pour am\u00e9liorer la flexibilit\u00e9, l'activation des fessiers et le tonus musculaire g\u00e9n\u00e9ral. Fabriqu\u00e9es en <strong data-start=\"788\" data-end=\"810\">100% latex naturel<\/strong> et <strong data-start=\"815\" data-end=\"827\">Sans TPE<\/strong>, Ces bandes de r\u00e9sistance offrent une r\u00e9sistance constante m\u00eame apr\u00e8s de nombreuses r\u00e9p\u00e9titions.<\/p>","protected":false},"featured_media":46781,"template":"","meta":{"_gspb_post_css":""},"product_brand":[],"product_cat":[34],"product_tag":[],"class_list":{"0":"post-46780","1":"product","2":"type-product","3":"status-publish","4":"has-post-thumbnail","6":"product_cat-stress-balls-games-toys","8":"first","9":"instock","10":"shipping-taxable","11":"product-type-simple"},"_links":{"self":[{"href":"https:\/\/globalgiftsupplier.com\/fr\/wp-json\/wp\/v2\/product\/46780","targetHints":{"allow":["GET"]}}],"collection":[{"href":"https:\/\/globalgiftsupplier.com\/fr\/wp-json\/wp\/v2\/product"}],"about":[{"href":"https:\/\/globalgiftsupplier.com\/fr\/wp-json\/wp\/v2\/types\/product"}],"wp:featuredmedia":[{"embeddable":true,"href":"https:\/\/globalgiftsupplier.com\/fr\/wp-json\/wp\/v2\/media\/46781"}],"wp:attachment":[{"href":"https:\/\/globalgiftsupplier.com\/fr\/wp-json\/wp\/v2\/media?parent=46780"}],"wp:term":[{"taxonomy":"product_brand","embeddable":true,"href":"https:\/\/globalgiftsupplier.com\/fr\/wp-json\/wp\/v2\/product_brand?post=46780"},{"taxonomy":"product_cat","embeddable":true,"href":"https:\/\/globalgiftsupplier.com\/fr\/wp-json\/wp\/v2\/product_cat?post=46780"},{"taxonomy":"product_tag","embeddable":true,"href":"https:\/\/globalgiftsupplier.com\/fr\/wp-json\/wp\/v2\/product_tag?post=46780"}],"curies":[{"name":"wp","href":"https:\/\/api.w.org\/{rel}","templated":true}]}}