{"id":46743,"date":"2026-02-16T09:07:39","date_gmt":"2026-02-16T09:07:39","guid":{"rendered":"https:\/\/globalgiftsupplier.com\/?post_type=product&#038;p=46743"},"modified":"2026-02-16T09:07:39","modified_gmt":"2026-02-16T09:07:39","slug":"3d-sleeping-eye-mask-blindfold","status":"publish","type":"product","link":"https:\/\/globalgiftsupplier.com\/fr\/product\/3d-sleeping-eye-mask-blindfold\/","title":{"rendered":"Masque pour les yeux 3D Sleeping Eye Mask Blindfold"},"content":{"rendered":"<ul data-start=\"818\" data-end=\"1283\">\n<li data-start=\"818\" data-end=\"906\">\n<p data-start=\"820\" data-end=\"906\"><strong data-start=\"820\" data-end=\"834\">Conception en 3D :<\/strong> Offre un large espace pour les yeux, garantissant confort et protection contre la lumi\u00e8re.<\/p>\n<\/li>\n<li data-start=\"907\" data-end=\"1018\">\n<p data-start=\"909\" data-end=\"1018\"><strong data-start=\"909\" data-end=\"938\">Respirant et confortable :<\/strong> Le design convexe permet de respirer facilement, contrairement aux masques oculaires plats traditionnels.<\/p>\n<\/li>\n<li data-start=\"1019\" data-end=\"1091\">\n<p data-start=\"1021\" data-end=\"1091\"><strong data-start=\"1021\" data-end=\"1039\">Adaptation universelle :<\/strong> Il \u00e9pouse la courbe du nez pour un ajustement confortable et s\u00fbr.<\/p>\n<\/li>\n<li data-start=\"1092\" data-end=\"1186\">\n<p data-start=\"1094\" data-end=\"1186\"><strong data-start=\"1094\" data-end=\"1114\">Marquage personnalis\u00e9 :<\/strong> Ajoutez votre logo \u00e0 la surface du masque pour une utilisation promotionnelle efficace.<\/p>\n<\/li>\n<li data-start=\"1187\" data-end=\"1283\">\n<p data-start=\"1189\" data-end=\"1283\"><strong data-start=\"1189\" data-end=\"1213\">Id\u00e9al pour les cadeaux :<\/strong> Parfait comme cadeau pour des \u00e9v\u00e9nements promotionnels, am\u00e9liorant la visibilit\u00e9 de la marque.<\/p>\n<\/li>\n<\/ul>\n<h4 data-start=\"1285\" data-end=\"1309\"><strong data-start=\"1290\" data-end=\"1309\">Sp\u00e9cifications :<\/strong><\/h4>\n<ul data-start=\"1310\" data-end=\"1699\">\n<li data-start=\"1310\" data-end=\"1345\">\n<p data-start=\"1312\" data-end=\"1345\"><strong data-start=\"1312\" data-end=\"1321\">Taille :<\/strong> 9.25\u2033 x 3.35\u2033 x 0.16\u2033<\/p>\n<\/li>\n<li data-start=\"1346\" data-end=\"1373\">\n<p data-start=\"1348\" data-end=\"1373\"><strong data-start=\"1348\" data-end=\"1361\">Mat\u00e9riau :<\/strong> Polyester<\/p>\n<\/li>\n<li data-start=\"1374\" data-end=\"1437\">\n<p data-start=\"1376\" data-end=\"1437\"><strong data-start=\"1376\" data-end=\"1397\">Couleurs disponibles :<\/strong> Noir, bleu, rouge ros\u00e9, violet, pourpre<\/p>\n<\/li>\n<li data-start=\"1475\" data-end=\"1541\">\n<p data-start=\"1477\" data-end=\"1541\"><strong data-start=\"1477\" data-end=\"1497\">Poids d'exp\u00e9dition :<\/strong> 22.05 lbs par carton (780 pcs par carton)<\/p>\n<\/li>\n<li data-start=\"1542\" data-end=\"1587\">\n<p data-start=\"1544\" data-end=\"1587\"><strong data-start=\"1544\" data-end=\"1563\">Taille de l'emballage :<\/strong> 60 cm x 50 cm x 40 cm<\/p>\n<\/li>\n<li data-start=\"1588\" data-end=\"1664\">\n<p data-start=\"1590\" data-end=\"1664\"><strong data-start=\"1590\" data-end=\"1610\">Temps de production :<\/strong> 15 jours ouvrables (service d'urgence disponible sous 10 jours)<\/p>\n<\/li>\n<li data-start=\"1665\" data-end=\"1699\">\n<p data-start=\"1667\" data-end=\"1699\"><strong data-start=\"1667\" data-end=\"1686\">M\u00e9thode d'impression :<\/strong> S\u00e9rigraphie<\/p>\n<\/li>\n<\/ul>\n<h4 data-start=\"1701\" data-end=\"1736\"><\/h4>","protected":false},"excerpt":{"rendered":"<p>Le masque oculaire 3D Sleeping Eye Mask offre un confort et une fonctionnalit\u00e9 sup\u00e9rieurs \u00e0 ceux des masques oculaires traditionnels. Son design convexe unique offre un espace suffisant pour les yeux et permet de bloquer parfaitement la lumi\u00e8re tout en facilitant la respiration. Le masque \u00e9pouse la forme de votre nez, ce qui permet de le porter confortablement pendant de longues p\u00e9riodes. Disponible en plusieurs couleurs, ce masque est id\u00e9al pour les hommes et les femmes. Ajoutez votre logo \u00e0 la surface du masque pour en faire un cadeau id\u00e9al qui attirera l'attention et fera la promotion de votre marque.<\/p>","protected":false},"featured_media":46744,"template":"","meta":{"_gspb_post_css":""},"product_brand":[],"product_cat":[30],"product_tag":[],"class_list":{"0":"post-46743","1":"product","2":"type-product","3":"status-publish","4":"has-post-thumbnail","6":"product_cat-home-pets-tools","8":"first","9":"instock","10":"shipping-taxable","11":"product-type-simple"},"_links":{"self":[{"href":"https:\/\/globalgiftsupplier.com\/fr\/wp-json\/wp\/v2\/product\/46743","targetHints":{"allow":["GET"]}}],"collection":[{"href":"https:\/\/globalgiftsupplier.com\/fr\/wp-json\/wp\/v2\/product"}],"about":[{"href":"https:\/\/globalgiftsupplier.com\/fr\/wp-json\/wp\/v2\/types\/product"}],"wp:featuredmedia":[{"embeddable":true,"href":"https:\/\/globalgiftsupplier.com\/fr\/wp-json\/wp\/v2\/media\/46744"}],"wp:attachment":[{"href":"https:\/\/globalgiftsupplier.com\/fr\/wp-json\/wp\/v2\/media?parent=46743"}],"wp:term":[{"taxonomy":"product_brand","embeddable":true,"href":"https:\/\/globalgiftsupplier.com\/fr\/wp-json\/wp\/v2\/product_brand?post=46743"},{"taxonomy":"product_cat","embeddable":true,"href":"https:\/\/globalgiftsupplier.com\/fr\/wp-json\/wp\/v2\/product_cat?post=46743"},{"taxonomy":"product_tag","embeddable":true,"href":"https:\/\/globalgiftsupplier.com\/fr\/wp-json\/wp\/v2\/product_tag?post=46743"}],"curies":[{"name":"wp","href":"https:\/\/api.w.org\/{rel}","templated":true}]}}