{"id":46734,"date":"2026-02-16T08:38:53","date_gmt":"2026-02-16T08:38:53","guid":{"rendered":"https:\/\/globalgiftsupplier.com\/?post_type=product&#038;p=46734"},"modified":"2026-02-16T08:49:12","modified_gmt":"2026-02-16T08:49:12","slug":"yoga-fitness-exercises-natural-latex-resistance-loop-band","status":"publish","type":"product","link":"https:\/\/globalgiftsupplier.com\/fr\/product\/yoga-fitness-exercises-natural-latex-resistance-loop-band\/","title":{"rendered":"Bande \u00e9lastique de r\u00e9sistance en latex naturel pour exercices de yoga et de fitness"},"content":{"rendered":"<ul data-start=\"951\" data-end=\"1426\">\n<li data-start=\"951\" data-end=\"1059\">\n<p data-start=\"953\" data-end=\"1059\"><strong data-start=\"953\" data-end=\"989\">R\u00e9sistance durable et constante :<\/strong> Fabriqu\u00e9 en latex naturel 100%, sans TPE, avec une r\u00e9sistance durable.<\/p>\n<\/li>\n<li data-start=\"1060\" data-end=\"1154\">\n<p data-start=\"1062\" data-end=\"1154\"><strong data-start=\"1062\" data-end=\"1080\">Utilisation polyvalente :<\/strong> Id\u00e9al pour le yoga, le Pilates, le stretching, l'activation des fessiers, la journ\u00e9e des jambes, etc.<\/p>\n<\/li>\n<li data-start=\"1155\" data-end=\"1251\">\n<p data-start=\"1157\" data-end=\"1251\"><strong data-start=\"1157\" data-end=\"1184\">\u00c9paisseur personnalisable :<\/strong> Disponible en 0,014\u2033, 0,02\u2033, 0,028\u2033, 0,035\u2033 ou 0,043\u2033 d'\u00e9paisseur.<\/p>\n<\/li>\n<li data-start=\"1252\" data-end=\"1320\">\n<p data-start=\"1254\" data-end=\"1320\"><strong data-start=\"1254\" data-end=\"1277\">Portable et compact :<\/strong> Facile \u00e0 transporter et \u00e0 ranger pour une utilisation en d\u00e9placement.<\/p>\n<\/li>\n<li data-start=\"1321\" data-end=\"1426\">\n<p data-start=\"1323\" data-end=\"1426\"><strong data-start=\"1323\" data-end=\"1343\">Marquage personnalis\u00e9 :<\/strong> Ajoutez votre logo pour augmenter la visibilit\u00e9 de votre marque et en faire un cadeau promotionnel parfait.<\/p>\n<\/li>\n<\/ul>\n<h4 data-start=\"1428\" data-end=\"1452\"><strong data-start=\"1433\" data-end=\"1452\">Sp\u00e9cifications :<\/strong><\/h4>\n<ul data-start=\"1453\" data-end=\"1896\">\n<li data-start=\"1453\" data-end=\"1478\">\n<p data-start=\"1455\" data-end=\"1478\"><strong data-start=\"1455\" data-end=\"1466\">Longueur :<\/strong> 12 pouces<\/p>\n<\/li>\n<li data-start=\"1479\" data-end=\"1502\">\n<p data-start=\"1481\" data-end=\"1502\"><strong data-start=\"1481\" data-end=\"1491\">Largeur :<\/strong> 2 pouces<\/p>\n<\/li>\n<li data-start=\"1503\" data-end=\"1567\">\n<p data-start=\"1505\" data-end=\"1567\"><strong data-start=\"1505\" data-end=\"1527\">Options d'\u00e9paisseur :<\/strong> 0.014\u2033, 0.02\u2033, 0.028\u2033, 0.035\u2033, 0.043\u2033<\/p>\n<\/li>\n<li data-start=\"1568\" data-end=\"1614\">\n<p data-start=\"1570\" data-end=\"1614\"><strong data-start=\"1570\" data-end=\"1583\">Mat\u00e9riau :<\/strong> 100% Latex naturel, sans TPE<\/p>\n<\/li>\n<li data-start=\"1652\" data-end=\"1697\">\n<p data-start=\"1654\" data-end=\"1697\"><strong data-start=\"1654\" data-end=\"1673\">Taille de l'emballage :<\/strong> 34 cm x 28 cm x 38 cm<\/p>\n<\/li>\n<li data-start=\"1698\" data-end=\"1762\">\n<p data-start=\"1700\" data-end=\"1762\"><strong data-start=\"1700\" data-end=\"1720\">Poids d'exp\u00e9dition :<\/strong> 32 lbs par carton (1000 pcs par carton)<\/p>\n<\/li>\n<li data-start=\"1763\" data-end=\"1839\">\n<p data-start=\"1765\" data-end=\"1839\"><strong data-start=\"1765\" data-end=\"1785\">Temps de production :<\/strong> 30 jours ouvrables (service d'urgence disponible sous 28 jours)<\/p>\n<\/li>\n<li data-start=\"1840\" data-end=\"1874\">\n<p data-start=\"1842\" data-end=\"1874\"><strong data-start=\"1842\" data-end=\"1861\">M\u00e9thode d'impression :<\/strong> S\u00e9rigraphie<\/p>\n<\/li>\n<li data-start=\"1875\" data-end=\"1896\">\n<p data-start=\"1877\" data-end=\"1896\"><strong data-start=\"1877\" data-end=\"1888\">Origine :<\/strong> Chine<\/p>\n<\/li>\n<\/ul>\n<h4 data-start=\"1898\" data-end=\"1924\"><strong data-start=\"1903\" data-end=\"1924\">Couleurs disponibles :<\/strong><\/h4>\n<p data-start=\"1925\" data-end=\"1958\">Vert, bleu, jaune, rouge, noir<\/p>\n<h4 data-start=\"2130\" data-end=\"2149\"><strong data-start=\"2135\" data-end=\"2149\">Id\u00e9al pour :<\/strong><\/h4>\n<ul data-start=\"2150\" data-end=\"2231\">\n<li data-start=\"2150\" data-end=\"2231\">\n<p data-start=\"2152\" data-end=\"2231\"><strong data-start=\"2152\" data-end=\"2231\">Cadeaux d'entreprise, cadeaux promotionnels, \u00e9quipements de fitness, marquage personnalis\u00e9.<\/strong><\/p>\n<\/li>\n<\/ul>","protected":false},"excerpt":{"rendered":"<p>Cette bande en boucle de Pilates yoga fitness est fabriqu\u00e9e en latex naturel 100% et ne contient pas de TPE. Elle conserve le m\u00eame niveau de r\u00e9sistance apr\u00e8s de nombreuses r\u00e9p\u00e9titions, ce qui garantit sa durabilit\u00e9 et sa r\u00e9gularit\u00e9 tout au long de l'entra\u00eenement. Cette mini-bande polyvalente peut \u00eatre utilis\u00e9e pour le yoga, le Pilates, les \u00e9tirements, l'activation des fessiers, la journ\u00e9e des jambes, etc. Chaque bande mesure 12 pouces de long et 2 pouces de large, avec une \u00e9paisseur de 0.014\u2033. Des options d'\u00e9paisseur personnalis\u00e9es sont disponibles, allant de 0.02\u2033 \u00e0 0.043\u2033. Ajoutez votre logo \u00e0 ce produit populaire et faites-en un excellent cadeau promotionnel qui attirera l'attention et augmentera la visibilit\u00e9 de votre marque.<\/p>","protected":false},"featured_media":46738,"template":"","meta":{"_gspb_post_css":""},"product_brand":[],"product_cat":[33],"product_tag":[],"class_list":{"0":"post-46734","1":"product","2":"type-product","3":"status-publish","4":"has-post-thumbnail","6":"product_cat-sports-outdoor","8":"first","9":"instock","10":"shipping-taxable","11":"product-type-simple"},"_links":{"self":[{"href":"https:\/\/globalgiftsupplier.com\/fr\/wp-json\/wp\/v2\/product\/46734","targetHints":{"allow":["GET"]}}],"collection":[{"href":"https:\/\/globalgiftsupplier.com\/fr\/wp-json\/wp\/v2\/product"}],"about":[{"href":"https:\/\/globalgiftsupplier.com\/fr\/wp-json\/wp\/v2\/types\/product"}],"wp:featuredmedia":[{"embeddable":true,"href":"https:\/\/globalgiftsupplier.com\/fr\/wp-json\/wp\/v2\/media\/46738"}],"wp:attachment":[{"href":"https:\/\/globalgiftsupplier.com\/fr\/wp-json\/wp\/v2\/media?parent=46734"}],"wp:term":[{"taxonomy":"product_brand","embeddable":true,"href":"https:\/\/globalgiftsupplier.com\/fr\/wp-json\/wp\/v2\/product_brand?post=46734"},{"taxonomy":"product_cat","embeddable":true,"href":"https:\/\/globalgiftsupplier.com\/fr\/wp-json\/wp\/v2\/product_cat?post=46734"},{"taxonomy":"product_tag","embeddable":true,"href":"https:\/\/globalgiftsupplier.com\/fr\/wp-json\/wp\/v2\/product_tag?post=46734"}],"curies":[{"name":"wp","href":"https:\/\/api.w.org\/{rel}","templated":true}]}}