{"id":46728,"date":"2026-02-16T08:28:14","date_gmt":"2026-02-16T08:28:14","guid":{"rendered":"https:\/\/globalgiftsupplier.com\/?post_type=product&#038;p=46728"},"modified":"2026-02-16T08:28:14","modified_gmt":"2026-02-16T08:28:14","slug":"4-in-1-finger-capsule-charger-magnetic-wireless-power-bank","status":"publish","type":"product","link":"https:\/\/globalgiftsupplier.com\/fr\/product\/4-in-1-finger-capsule-charger-magnetic-wireless-power-bank\/","title":{"rendered":"Banque d'\u00e9nergie sans fil magn\u00e9tique 4 en 1 pour le chargement des capsules de doigt"},"content":{"rendered":"<ul data-start=\"901\" data-end=\"1416\">\n<li data-start=\"901\" data-end=\"995\">\n<p data-start=\"903\" data-end=\"995\"><strong data-start=\"903\" data-end=\"921\">Design unique :<\/strong> Banque d'\u00e9nergie en forme de doigt ou de capsule avec un porte-cl\u00e9s pour un transport facile.<\/p>\n<\/li>\n<li data-start=\"996\" data-end=\"1112\">\n<p data-start=\"998\" data-end=\"1112\"><strong data-start=\"998\" data-end=\"1016\">Haute capacit\u00e9 :<\/strong> Comprend 1 power bank de base (5000mAh) et 4 finger power banks (1000mAh chacun), pour un total de 9000mAh.<\/p>\n<\/li>\n<li data-start=\"1113\" data-end=\"1226\">\n<p data-start=\"1115\" data-end=\"1226\"><strong data-start=\"1115\" data-end=\"1143\">Compatibilit\u00e9 universelle :<\/strong> Livr\u00e9 avec 3 adaptateurs pour une compatibilit\u00e9 avec presque tous les smartphones et \u00e9couteurs.<\/p>\n<\/li>\n<li data-start=\"1227\" data-end=\"1313\">\n<p data-start=\"1229\" data-end=\"1313\"><strong data-start=\"1229\" data-end=\"1249\">Marquage personnalis\u00e9 :<\/strong> Ajoutez votre logo \u00e0 la coque de protection pour une touche personnalis\u00e9e.<\/p>\n<\/li>\n<li data-start=\"1314\" data-end=\"1416\">\n<p data-start=\"1316\" data-end=\"1416\"><strong data-start=\"1316\" data-end=\"1339\">Appel promotionnel :<\/strong> Son aspect haut de gamme en fait un objet id\u00e9al \u00e0 offrir pour renforcer la notori\u00e9t\u00e9 d'une marque.<\/p>\n<\/li>\n<\/ul>\n<h4 data-start=\"1418\" data-end=\"1442\"><strong data-start=\"1423\" data-end=\"1442\">Sp\u00e9cifications :<\/strong><\/h4>\n<ul data-start=\"1443\" data-end=\"1931\">\n<li data-start=\"1443\" data-end=\"1484\">\n<p data-start=\"1445\" data-end=\"1484\"><strong data-start=\"1445\" data-end=\"1474\">Base Capacit\u00e9 de la banque d'alimentation :<\/strong> 5000mAh<\/p>\n<\/li>\n<li data-start=\"1485\" data-end=\"1544\">\n<p data-start=\"1487\" data-end=\"1544\"><strong data-start=\"1487\" data-end=\"1518\">Doigt Capacit\u00e9 de la banque d'alimentation :<\/strong> 1000mAh chacun (4 pi\u00e8ces)<\/p>\n<\/li>\n<li data-start=\"1545\" data-end=\"1576\">\n<p data-start=\"1547\" data-end=\"1576\"><strong data-start=\"1547\" data-end=\"1566\">Capacit\u00e9 totale :<\/strong> 9000mAh<\/p>\n<\/li>\n<li data-start=\"1577\" data-end=\"1617\">\n<p data-start=\"1579\" data-end=\"1617\"><strong data-start=\"1579\" data-end=\"1593\">Taille de la base :<\/strong> 5.73\u2033 x 3.06\u2033 x 0.63\u2033<\/p>\n<\/li>\n<li data-start=\"1618\" data-end=\"1660\">\n<p data-start=\"1620\" data-end=\"1660\"><strong data-start=\"1620\" data-end=\"1636\">Taille des doigts :<\/strong> 2,93\u2033 x 1,32\u2033 x 0,69\u2033<\/p>\n<\/li>\n<li data-start=\"1661\" data-end=\"1686\">\n<p data-start=\"1663\" data-end=\"1686\"><strong data-start=\"1663\" data-end=\"1676\">Mat\u00e9riau :<\/strong> ABS, PC<\/p>\n<\/li>\n<li data-start=\"1687\" data-end=\"1751\">\n<p data-start=\"1689\" data-end=\"1751\"><strong data-start=\"1689\" data-end=\"1709\">Poids d'exp\u00e9dition :<\/strong> 33.5 lbs par carton (40 pcs par carton)<\/p>\n<\/li>\n<li data-start=\"1752\" data-end=\"1797\">\n<p data-start=\"1754\" data-end=\"1797\"><strong data-start=\"1754\" data-end=\"1773\">Taille de l'emballage :<\/strong> 39 cm x 31 cm x 24 cm<\/p>\n<\/li>\n<li data-start=\"1798\" data-end=\"1874\">\n<p data-start=\"1800\" data-end=\"1874\"><strong data-start=\"1800\" data-end=\"1820\">Temps de production :<\/strong> 15 jours ouvrables (service d'urgence disponible en 12 jours)<\/p>\n<\/li>\n<li data-start=\"1875\" data-end=\"1909\">\n<p data-start=\"1877\" data-end=\"1909\"><strong data-start=\"1877\" data-end=\"1896\">M\u00e9thode d'impression :<\/strong> S\u00e9rigraphie<\/p>\n<\/li>\n<li data-start=\"1910\" data-end=\"1931\">\n<p data-start=\"1912\" data-end=\"1931\"><strong data-start=\"1912\" data-end=\"1923\">Origine :<\/strong> Chine<\/p>\n<\/li>\n<\/ul>\n<h4 data-start=\"1933\" data-end=\"1959\"><strong data-start=\"1938\" data-end=\"1959\">Couleurs disponibles :<\/strong><\/h4>\n<p data-start=\"1960\" data-end=\"1974\">Blanc, noir<\/p>\n<h4 data-start=\"2146\" data-end=\"2165\"><strong data-start=\"2151\" data-end=\"2165\">Id\u00e9al pour :<\/strong><\/h4>\n<ul data-start=\"2166\" data-end=\"2248\">\n<li data-start=\"2166\" data-end=\"2248\">\n<p data-start=\"2168\" data-end=\"2248\"><strong data-start=\"2168\" data-end=\"2248\">Cadeaux d'entreprise, cadeaux promotionnels, accessoires mobiles, marquage personnalis\u00e9.<\/strong><\/p>\n<\/li>\n<\/ul>","protected":false},"excerpt":{"rendered":"<p>Cette banque d'\u00e9nergie innovante et compacte allie fonctionnalit\u00e9 et style. Elle a \u00e9t\u00e9 con\u00e7ue en forme de doigt ou de capsule. Le power bank de base a une capacit\u00e9 de 5000mAh, tandis que chaque power bank de doigt a une capacit\u00e9 de 1000mAh, ce qui fait une capacit\u00e9 totale de 9000mAh. Il comprend trois adaptateurs courants (compatibles avec la plupart des smartphones et des \u00e9couteurs) et se pr\u00e9sente sous la forme d'un porte-cl\u00e9s, ce qui le rend facile \u00e0 transporter. Que vous l'utilisiez pour la vente au d\u00e9tail ou comme cadeau promotionnel, l'ajout de votre logo sur le power bank assure \u00e0 votre marque une grande visibilit\u00e9 et une attention particuli\u00e8re.<\/p>","protected":false},"featured_media":46729,"template":"","meta":{"_gspb_post_css":""},"product_brand":[],"product_cat":[27],"product_tag":[],"class_list":{"0":"post-46728","1":"product","2":"type-product","3":"status-publish","4":"has-post-thumbnail","6":"product_cat-technology","8":"first","9":"instock","10":"shipping-taxable","11":"product-type-simple"},"_links":{"self":[{"href":"https:\/\/globalgiftsupplier.com\/fr\/wp-json\/wp\/v2\/product\/46728","targetHints":{"allow":["GET"]}}],"collection":[{"href":"https:\/\/globalgiftsupplier.com\/fr\/wp-json\/wp\/v2\/product"}],"about":[{"href":"https:\/\/globalgiftsupplier.com\/fr\/wp-json\/wp\/v2\/types\/product"}],"wp:featuredmedia":[{"embeddable":true,"href":"https:\/\/globalgiftsupplier.com\/fr\/wp-json\/wp\/v2\/media\/46729"}],"wp:attachment":[{"href":"https:\/\/globalgiftsupplier.com\/fr\/wp-json\/wp\/v2\/media?parent=46728"}],"wp:term":[{"taxonomy":"product_brand","embeddable":true,"href":"https:\/\/globalgiftsupplier.com\/fr\/wp-json\/wp\/v2\/product_brand?post=46728"},{"taxonomy":"product_cat","embeddable":true,"href":"https:\/\/globalgiftsupplier.com\/fr\/wp-json\/wp\/v2\/product_cat?post=46728"},{"taxonomy":"product_tag","embeddable":true,"href":"https:\/\/globalgiftsupplier.com\/fr\/wp-json\/wp\/v2\/product_tag?post=46728"}],"curies":[{"name":"wp","href":"https:\/\/api.w.org\/{rel}","templated":true}]}}