{"id":46713,"date":"2026-02-16T06:06:04","date_gmt":"2026-02-16T06:06:04","guid":{"rendered":"https:\/\/globalgiftsupplier.com\/?post_type=product&#038;p=46713"},"modified":"2026-02-16T06:07:11","modified_gmt":"2026-02-16T06:07:11","slug":"portable-mini-power-bank-with-3-in-1-charge-cable","status":"publish","type":"product","link":"https:\/\/globalgiftsupplier.com\/fr\/product\/portable-mini-power-bank-with-3-in-1-charge-cable\/","title":{"rendered":"Mini bloc d'alimentation portable avec c\u00e2ble de charge 3 en 1"},"content":{"rendered":"<p data-start=\"289\" data-end=\"799\">\n<h4 data-start=\"801\" data-end=\"823\"><strong data-start=\"806\" data-end=\"823\">Caract\u00e9ristiques principales :<\/strong><\/h4>\n<ul data-start=\"824\" data-end=\"1354\">\n<li data-start=\"824\" data-end=\"901\">\n<p data-start=\"826\" data-end=\"901\"><strong data-start=\"826\" data-end=\"847\">Capacit\u00e9 et puissance :<\/strong> 2300mAh, sortie 2,4A pour une charge efficace et rapide.<\/p>\n<\/li>\n<li data-start=\"902\" data-end=\"1030\">\n<p data-start=\"904\" data-end=\"1030\"><strong data-start=\"904\" data-end=\"932\">Compatibilit\u00e9 universelle :<\/strong> Comprend des adaptateurs Lightning, Micro USB et Type C pour une compatibilit\u00e9 avec presque tous les smartphones.<\/p>\n<\/li>\n<li data-start=\"1031\" data-end=\"1114\">\n<p data-start=\"1033\" data-end=\"1114\"><strong data-start=\"1033\" data-end=\"1061\">Longueur de c\u00e2ble r\u00e9glable :<\/strong> Le c\u00e2ble s'\u00e9tend de 5,91\u2033 \u00e0 27,56\u2033 sans s'emm\u00ealer.<\/p>\n<\/li>\n<li data-start=\"1115\" data-end=\"1191\">\n<p data-start=\"1117\" data-end=\"1191\"><strong data-start=\"1117\" data-end=\"1140\">Compact et portable :<\/strong> Facile \u00e0 transporter et parfait pour les voyages ou l'usage quotidien.<\/p>\n<\/li>\n<li data-start=\"1192\" data-end=\"1278\">\n<p data-start=\"1194\" data-end=\"1278\"><strong data-start=\"1194\" data-end=\"1214\">Marquage personnalis\u00e9 :<\/strong> Ajoutez votre logo \u00e0 la housse de protection pour une touche personnalis\u00e9e.<\/p>\n<\/li>\n<li data-start=\"1279\" data-end=\"1354\">\n<p data-start=\"1281\" data-end=\"1354\"><strong data-start=\"1281\" data-end=\"1302\">Un cadeau parfait :<\/strong> Un excellent article promotionnel pour les entreprises et les \u00e9v\u00e9nements.<\/p>\n<\/li>\n<\/ul>\n<h4 data-start=\"1356\" data-end=\"1380\"><strong data-start=\"1361\" data-end=\"1380\">Sp\u00e9cifications :<\/strong><\/h4>\n<ul data-start=\"1381\" data-end=\"1761\">\n<li data-start=\"1381\" data-end=\"1406\">\n<p data-start=\"1383\" data-end=\"1406\"><strong data-start=\"1383\" data-end=\"1396\">Capacit\u00e9 :<\/strong> 2300mAh<\/p>\n<\/li>\n<li data-start=\"1407\" data-end=\"1427\">\n<p data-start=\"1409\" data-end=\"1427\"><strong data-start=\"1409\" data-end=\"1420\">Sortie :<\/strong> 2.4A<\/p>\n<\/li>\n<li data-start=\"1428\" data-end=\"1481\">\n<p data-start=\"1430\" data-end=\"1481\"><strong data-start=\"1430\" data-end=\"1447\">Longueur du c\u00e2ble :<\/strong> R\u00e9glable de 5,91\u2033 \u00e0 27,56\u2033.<\/p>\n<\/li>\n<li data-start=\"1482\" data-end=\"1503\">\n<p data-start=\"1484\" data-end=\"1503\"><strong data-start=\"1484\" data-end=\"1497\">Mat\u00e9riau :<\/strong> ABS<\/p>\n<\/li>\n<li data-start=\"1504\" data-end=\"1539\">\n<p data-start=\"1506\" data-end=\"1539\"><strong data-start=\"1506\" data-end=\"1515\">Taille :<\/strong> 2.53\u2033 x 2.42\u2033 x 1.56\u2033<\/p>\n<\/li>\n<li data-start=\"1540\" data-end=\"1564\">\n<p data-start=\"1542\" data-end=\"1564\"><strong data-start=\"1542\" data-end=\"1553\">Poids :<\/strong> 0,165 kg<\/p>\n<\/li>\n<li data-start=\"1565\" data-end=\"1620\">\n<p data-start=\"1567\" data-end=\"1620\"><strong data-start=\"1567\" data-end=\"1587\">Poids d'exp\u00e9dition :<\/strong> 31 lbs par carton (80 pcs\/ctn)<\/p>\n<\/li>\n<li data-start=\"1621\" data-end=\"1642\">\n<p data-start=\"1623\" data-end=\"1642\"><strong data-start=\"1623\" data-end=\"1634\">Origine :<\/strong> Chine<\/p>\n<\/li>\n<li data-start=\"1643\" data-end=\"1717\">\n<p data-start=\"1645\" data-end=\"1717\"><strong data-start=\"1645\" data-end=\"1665\">Temps de production :<\/strong> 17 jours ouvrables (service d'urgence disponible, 15 jours)<\/p>\n<\/li>\n<li data-start=\"1718\" data-end=\"1761\">\n<p data-start=\"1720\" data-end=\"1761\"><strong data-start=\"1720\" data-end=\"1739\">M\u00e9thode d'impression :<\/strong> S\u00e9rigraphie<\/p>\n<\/li>\n<\/ul>\n<h4 data-start=\"1763\" data-end=\"1789\"><strong data-start=\"1768\" data-end=\"1789\">Couleurs disponibles :<\/strong><\/h4>\n<p data-start=\"1790\" data-end=\"1816\">Blanc, noir, vert, rouge<\/p>\n<h4 data-start=\"1988\" data-end=\"2007\"><strong data-start=\"1993\" data-end=\"2007\">Id\u00e9al pour :<\/strong><\/h4>\n<ul data-start=\"2008\" data-end=\"2089\">\n<li data-start=\"2008\" data-end=\"2089\">\n<p data-start=\"2010\" data-end=\"2089\"><strong data-start=\"2010\" data-end=\"2089\">Cadeaux d'entreprise, accessoires pour t\u00e9l\u00e9phones portables, produits promotionnels, marquage personnalis\u00e9.<\/strong><\/p>\n<\/li>\n<\/ul>","protected":false},"excerpt":{"rendered":"<p>Ce mini banc d'alimentation \u00e9l\u00e9gant et portable est dot\u00e9 d'une capacit\u00e9 de 2300 mAh et d'une sortie de 2,4 A, parfaite pour recharger vos appareils mobiles en d\u00e9placement. Il comprend un c\u00e2ble de charge 3-en-1 avec des connecteurs Lightning, Micro USB et Type C, ce qui le rend compatible avec la plupart des smartphones. Le c\u00e2ble \u00e0 ressort s'\u00e9tend de 5,91\u2033 \u00e0 27,56\u2033 et garantit l'absence d'enchev\u00eatrement ou de torsion. Cette banque d'\u00e9nergie est compacte, l\u00e9g\u00e8re et comprend un espace de marquage personnalisable sur la housse de protection, ce qui la rend id\u00e9ale pour les cadeaux ou l'utilisation promotionnelle.<\/p>","protected":false},"featured_media":46714,"template":"","meta":{"_gspb_post_css":""},"product_brand":[],"product_cat":[27],"product_tag":[],"class_list":{"0":"post-46713","1":"product","2":"type-product","3":"status-publish","4":"has-post-thumbnail","6":"product_cat-technology","8":"first","9":"instock","10":"shipping-taxable","11":"product-type-simple"},"_links":{"self":[{"href":"https:\/\/globalgiftsupplier.com\/fr\/wp-json\/wp\/v2\/product\/46713","targetHints":{"allow":["GET"]}}],"collection":[{"href":"https:\/\/globalgiftsupplier.com\/fr\/wp-json\/wp\/v2\/product"}],"about":[{"href":"https:\/\/globalgiftsupplier.com\/fr\/wp-json\/wp\/v2\/types\/product"}],"wp:featuredmedia":[{"embeddable":true,"href":"https:\/\/globalgiftsupplier.com\/fr\/wp-json\/wp\/v2\/media\/46714"}],"wp:attachment":[{"href":"https:\/\/globalgiftsupplier.com\/fr\/wp-json\/wp\/v2\/media?parent=46713"}],"wp:term":[{"taxonomy":"product_brand","embeddable":true,"href":"https:\/\/globalgiftsupplier.com\/fr\/wp-json\/wp\/v2\/product_brand?post=46713"},{"taxonomy":"product_cat","embeddable":true,"href":"https:\/\/globalgiftsupplier.com\/fr\/wp-json\/wp\/v2\/product_cat?post=46713"},{"taxonomy":"product_tag","embeddable":true,"href":"https:\/\/globalgiftsupplier.com\/fr\/wp-json\/wp\/v2\/product_tag?post=46713"}],"curies":[{"name":"wp","href":"https:\/\/api.w.org\/{rel}","templated":true}]}}