{"id":47571,"date":"2026-03-31T15:58:50","date_gmt":"2026-03-31T15:58:50","guid":{"rendered":"https:\/\/globalgiftsupplier.com\/?post_type=product&#038;p=47571"},"modified":"2026-03-31T15:58:50","modified_gmt":"2026-03-31T15:58:50","slug":"custom-silicone-wristband-with-logo","status":"publish","type":"product","link":"https:\/\/globalgiftsupplier.com\/es\/product\/custom-silicone-wristband-with-logo\/","title":{"rendered":"Pulsera de silicona personalizada con logotipo"},"content":{"rendered":"<p data-start=\"1545\" data-end=\"2038\">Este <strong data-start=\"1576\" data-end=\"1605\">pulsera de silicona personalizada<\/strong> es un producto promocional sencillo pero potente dise\u00f1ado para <strong data-start=\"1664\" data-end=\"1800\">visibilidad de marca, regalos para eventos, campa\u00f1as de concienciaci\u00f3n, esp\u00edritu de equipo, actividades escolares, programas de recaudaci\u00f3n de fondos y art\u00edculos de venta al por menor<\/strong>. A juzgar por las im\u00e1genes del producto, este estilo presenta una forma de banda limpia con <strong data-start=\"1875\" data-end=\"1936\">texto personalizado, logotipo y efectos art\u00edsticos en relieve o empotrados<\/strong>, por lo que es una opci\u00f3n ideal para las organizaciones que desean un art\u00edculo de bajo coste con gran visibilidad de repetici\u00f3n.<\/p>\n<p data-start=\"2040\" data-end=\"2542\">Las pulseras de silicona siguen siendo uno de los accesorios promocionales m\u00e1s pr\u00e1cticos porque son <strong data-start=\"2134\" data-end=\"2229\">ligeros, c\u00f3modos de llevar, f\u00e1ciles de distribuir y de reconocer a distancia<\/strong>. La gente puede llevarlas durante eventos, actividades deportivas, programas escolares, carreras ben\u00e9ficas, campa\u00f1as de fans, conciertos, promociones en comercios y proyectos comunitarios. Una vez puesta, la pulsera mantiene el mensaje visible durante todo el d\u00eda, ayudando a que su marca, eslogan o campa\u00f1a permanezcan a la vista de forma natural y repetida.<\/p>\n<p data-start=\"2544\" data-end=\"3117\">Las im\u00e1genes del producto muestran varios <strong data-start=\"2576\" data-end=\"2605\">combinaciones de colores personalizadas<\/strong>, Las pulseras pueden ser de un solo color o con logotipos o textos en contraste. Esto hace que la pulsera se adapte a muchos estilos de marca diferentes. Una empresa puede utilizarla para promocionar su logotipo, un centro escolar puede utilizarla para actividades de animaci\u00f3n, una organizaci\u00f3n sin \u00e1nimo de lucro puede utilizarla para mensajes de concienciaci\u00f3n y un organizador de eventos puede utilizarla como simple elemento de participaci\u00f3n o accesorio de entrada. Dado que la superficie de la cinta puede llevar un mensaje breve, el nombre de la marca o ilustraciones personalizadas, funciona igual de bien para <strong data-start=\"3070\" data-end=\"3114\">uso promocional y conexi\u00f3n emocional<\/strong>.<\/p>\n<p data-start=\"3119\" data-end=\"3640\">Otra ventaja importante de este producto es su <strong data-start=\"3170\" data-end=\"3185\">versatilidad<\/strong>. Pueden utilizarse como obsequio, art\u00edculo de apoyo, pulsera de campa\u00f1a o accesorio de venta al por menor. En comparaci\u00f3n con muchos productos de papel o pl\u00e1stico para eventos, las pulseras de silicona tienen m\u00e1s probabilidades de conservarse y volver a utilizarse. Esto ayuda a extender su marca m\u00e1s all\u00e1 del evento o promoci\u00f3n original. Para empresas y organizaciones que buscan un producto con <strong data-start=\"3535\" data-end=\"3603\">gran visibilidad, producci\u00f3n sencilla y f\u00e1cil distribuci\u00f3n a granel<\/strong>, es una opci\u00f3n muy fiable.<\/p>\n<p data-start=\"3642\" data-end=\"4099\">Las pulseras que aparecen en las im\u00e1genes tambi\u00e9n sugieren diferentes <strong data-start=\"3700\" data-end=\"3729\">efectos de presentaci\u00f3n del logotipo<\/strong>, Los brazaletes de caucho se pueden personalizar, incluyendo estilos con relieve, sin relieve o rellenos de color. Esto permite que el producto parezca m\u00e1s personalizado y m\u00e1s espec\u00edfico de la marca, en lugar de parecer una pulsera de caucho gen\u00e9rica. Este estilo puede adaptarse al p\u00fablico y el tono adecuados, ya se trate de una pulsera para deportistas, un mensaje corporativo claro o una pulsera de campa\u00f1a con un eslogan breve.<\/p>\n<p data-start=\"4101\" data-end=\"4552\">Como las pulseras de silicona son f\u00e1ciles de apilar, empaquetar y repartir, resultan especialmente \u00fatiles para <strong data-start=\"4199\" data-end=\"4226\">promociones de gran volumen<\/strong>. Funcionan bien en mesas de inscripci\u00f3n, eventos para fans, kits de bienvenida para colegios, eventos ben\u00e9ficos para recaudar fondos, programas de clubes, lanzamientos de productos, conciertos, actividades eclesi\u00e1sticas, campa\u00f1as de concienciaci\u00f3n y regalos en tiendas. Tambi\u00e9n son una buena opci\u00f3n para las marcas que desean un art\u00edculo con un <strong data-start=\"4496\" data-end=\"4549\">bajo coste de distribuci\u00f3n y gran valor de uso repetido<\/strong>.<\/p>\n<p data-start=\"4554\" data-end=\"4855\">Si necesita un producto promocional sencillo que <strong data-start=\"4603\" data-end=\"4661\">asequible, ponible, personalizable y muy visible<\/strong>, esta pulsera de silicona personalizada es una opci\u00f3n inteligente. Es f\u00e1cil de combinar con sus colores, f\u00e1cil de personalizar con un mensaje o logotipo, y \u00fatil en muchos sectores y tipos de eventos diferentes.<\/p>\n<p data-start=\"4857\" data-end=\"5549\"><strong data-start=\"4857\" data-end=\"4873\">Caracter\u00edsticas principales<\/strong><br data-start=\"4873\" data-end=\"4876\" \/>\u2022 <strong data-start=\"4878\" data-end=\"4907\">Pulsera de silicona personalizada<\/strong> para promociones, sensibilizaci\u00f3n y eventos<br data-start=\"4948\" data-end=\"4951\" \/>\u2022 <strong data-start=\"4953\" data-end=\"5009\">Adecuado para la personalizaci\u00f3n de logotipos, esl\u00f3ganes y mensajes<\/strong><br data-start=\"5009\" data-end=\"5012\" \/>\u2022 <strong data-start=\"5014\" data-end=\"5052\">Dise\u00f1o de banda sencillo y c\u00f3modo<\/strong> para uso diario<br data-start=\"5067\" data-end=\"5070\" \/>\u2022 <strong data-start=\"5072\" data-end=\"5127\">Disponible en varios colores y combinaciones<\/strong> a partir de las im\u00e1genes<br data-start=\"5147\" data-end=\"5150\" \/>\u2022 <strong data-start=\"5152\" data-end=\"5222\">Buena visibilidad para nombres de marca, texto de campa\u00f1a y mensajes cortos<\/strong><br data-start=\"5222\" data-end=\"5225\" \/>\u2022 <strong data-start=\"5227\" data-end=\"5296\">\u00datil para regalos, apoyo a los fans, eventos escolares y recaudaci\u00f3n de fondos.<\/strong><br data-start=\"5296\" data-end=\"5299\" \/>\u2022 <strong data-start=\"5301\" data-end=\"5331\">F\u00e1cil de distribuir a granel<\/strong> para grandes campa\u00f1as y eventos<br data-start=\"5362\" data-end=\"5365\" \/>\u2022 <strong data-start=\"5367\" data-end=\"5394\">Ligero y duradero<\/strong> para uso repetido<br data-start=\"5410\" data-end=\"5413\" \/>\u2022 <strong data-start=\"5415\" data-end=\"5482\">Puede utilizarse como art\u00edculo promocional o como accesorio para hinchas<\/strong><br data-start=\"5482\" data-end=\"5485\" \/>\u2022 <strong data-start=\"5487\" data-end=\"5547\">Un art\u00edculo de marca de bajo coste con un valor de exposici\u00f3n duradero<\/strong><\/p>\n<p data-start=\"5551\" data-end=\"6107\"><strong data-start=\"5551\" data-end=\"5569\">Especificaciones<\/strong><br data-start=\"5569\" data-end=\"5572\" \/><strong data-start=\"5572\" data-end=\"5589\">Tipo de producto:<\/strong> Mu\u00f1equera de silicona<br data-start=\"5608\" data-end=\"5611\" \/><strong data-start=\"5611\" data-end=\"5621\">Estilo:<\/strong> Pulsera promocional \/ pulsera de concienciaci\u00f3n \/ pulsera para eventos<br data-start=\"5677\" data-end=\"5680\" \/><strong data-start=\"5680\" data-end=\"5693\">Material:<\/strong> Silicona<br data-start=\"5702\" data-end=\"5705\" \/><strong data-start=\"5705\" data-end=\"5715\">Forma:<\/strong> Mu\u00f1equera de bucle cerrado<br data-start=\"5737\" data-end=\"5740\" \/><strong data-start=\"5740\" data-end=\"5755\">Estilo del logotipo:<\/strong> Texto personalizado, logotipo, eslogan, efecto gofrado o debossed mostrado en las im\u00e1genes<br data-start=\"5838\" data-end=\"5841\" \/><strong data-start=\"5841\" data-end=\"5857\">Estilo de color:<\/strong> Colores monocolor y bicolor mostrados en las im\u00e1genes del producto<br data-start=\"5921\" data-end=\"5924\" \/><strong data-start=\"5924\" data-end=\"5932\">\u00dasalo:<\/strong> Eventos, campa\u00f1as de sensibilizaci\u00f3n, escuelas, apoyo al deporte, clubes, recaudaci\u00f3n de fondos, regalos, art\u00edculos de venta al por menor<br data-start=\"6036\" data-end=\"6039\" \/><strong data-start=\"6039\" data-end=\"6049\">Tema:<\/strong> Promociones, marcas, ropa para hinchas, accesorios para eventos<\/p>\n<p data-start=\"6109\" data-end=\"6571\"><strong data-start=\"6109\" data-end=\"6136\">Por qu\u00e9 elegir este producto<\/strong><br data-start=\"6136\" data-end=\"6139\" \/>Este producto ofrece un s\u00f3lido equilibrio de <strong data-start=\"6179\" data-end=\"6251\">bajo coste, alta visibilidad, f\u00e1cil personalizaci\u00f3n y valor de desgaste repetido<\/strong>. A diferencia de los folletos impresos una sola vez, una pulsera de silicona puede seguir us\u00e1ndose despu\u00e9s del evento original, lo que ayuda a que su logotipo o mensaje permanezca visible durante m\u00e1s tiempo. Es ideal para empresas, escuelas, clubes, organizaciones ben\u00e9ficas y organizadores de eventos que deseen un art\u00edculo promocional pr\u00e1ctico con un amplio atractivo y una distribuci\u00f3n sencilla.<\/p>\n<p data-start=\"6573\" data-end=\"6864\"><strong data-start=\"6573\" data-end=\"6586\">Ideal para<\/strong><br data-start=\"6586\" data-end=\"6589\" \/>- Campa\u00f1as de sensibilizaci\u00f3n<br data-start=\"6610\" data-end=\"6613\" \/>- Actos ben\u00e9ficos para recaudar fondos<br data-start=\"6641\" data-end=\"6644\" \/>- Actividades escolares y del campus<br data-start=\"6674\" data-end=\"6677\" \/>- Esp\u00edritu de equipo y apoyo de la afici\u00f3n<br data-start=\"6706\" data-end=\"6709\" \/>- Conciertos y festivales<br data-start=\"6733\" data-end=\"6736\" \/>- Programas comunitarios y eclesi\u00e1sticos<br data-start=\"6767\" data-end=\"6770\" \/>- Promociones deportivas<br data-start=\"6789\" data-end=\"6792\" \/>- Afiliaci\u00f3n al club<br data-start=\"6815\" data-end=\"6818\" \/>- Accesorios para minoristas<br data-start=\"6838\" data-end=\"6841\" \/>- Regalos de empresa<\/p>\n<p data-start=\"6866\" data-end=\"6875\"><strong data-start=\"6866\" data-end=\"6873\">PREGUNTAS FRECUENTES<\/strong><\/p>\n<p data-start=\"6877\" data-end=\"7040\"><strong data-start=\"6877\" data-end=\"6926\">\u00bfSe puede personalizar esta pulsera con un logotipo?<\/strong><br data-start=\"6926\" data-end=\"6929\" \/>S\u00ed. La pulsera se puede personalizar con <strong data-start=\"6971\" data-end=\"7037\">su logotipo, marca, eslogan, mensaje de campa\u00f1a o texto breve<\/strong>.<\/p>\n<p data-start=\"7042\" data-end=\"7194\"><strong data-start=\"7042\" data-end=\"7088\">\u00bfDe qu\u00e9 material est\u00e1 hecha esta pulsera?<\/strong><br data-start=\"7088\" data-end=\"7091\" \/>Se presenta como un <strong data-start=\"7112\" data-end=\"7134\">pulsera de silicona<\/strong>, que es suave, flexible y adecuado para el uso repetido.<\/p>\n<p data-start=\"7196\" data-end=\"7386\"><strong data-start=\"7196\" data-end=\"7230\">\u00bfPuedo elegir distintos colores?<\/strong><br data-start=\"7230\" data-end=\"7233\" \/>S\u00ed. Las im\u00e1genes del producto muestran <strong data-start=\"7262\" data-end=\"7323\">m\u00faltiples opciones de color y combinaciones de colores contrastados<\/strong>, para facilitar la combinaci\u00f3n con diferentes campa\u00f1as o estilos de marca.<\/p>\n<p data-start=\"7388\" data-end=\"7595\"><strong data-start=\"7388\" data-end=\"7429\">\u00bfEs un buen producto para regalar?<\/strong><br data-start=\"7429\" data-end=\"7432\" \/>S\u00ed, las pulseras de silicona son uno de los productos m\u00e1s populares. <strong data-start=\"7485\" data-end=\"7512\">art\u00edculos de regalo de bajo coste<\/strong> porque son ligeros, visibles y f\u00e1ciles de repartir en grandes cantidades.<\/p>\n<p data-start=\"7597\" data-end=\"7771\"><strong data-start=\"7597\" data-end=\"7650\">\u00bfPuede utilizarse este producto para campa\u00f1as de sensibilizaci\u00f3n?<\/strong><br data-start=\"7650\" data-end=\"7653\" \/>S\u00ed. Se adapta muy bien a <strong data-start=\"7681\" data-end=\"7768\">campa\u00f1as de sensibilizaci\u00f3n, recaudaci\u00f3n de fondos, mensajes de apoyo y promociones relacionadas con la causa<\/strong>.<\/p>\n<p data-start=\"7773\" data-end=\"7929\"><strong data-start=\"7773\" data-end=\"7816\">\u00bfPueden utilizar este producto las escuelas y los clubes?<\/strong><br data-start=\"7816\" data-end=\"7819\" \/>S\u00ed. Funciona muy bien para <strong data-start=\"7847\" data-end=\"7926\">escuelas, clubes, equipos, actos juveniles, campa\u00f1as de esp\u00edritu y programas estudiantiles<\/strong>.<\/p>\n<p data-start=\"7931\" data-end=\"8171\"><strong data-start=\"7931\" data-end=\"7973\">\u00bfEl logotipo debe estar impreso \u00fanicamente?<\/strong><br data-start=\"7973\" data-end=\"7976\" \/>No necesariamente. Seg\u00fan las im\u00e1genes del producto, las pulseras pueden presentarse con <strong data-start=\"8059\" data-end=\"8085\">diferentes efectos de logotipo<\/strong>, incluidos los estilos de personalizaci\u00f3n en relieve, debossed o rellenos de color.<\/p>\n<p data-start=\"8173\" data-end=\"8364\"><strong data-start=\"8173\" data-end=\"8217\">\u00bfEs adecuado para la venta al por menor?<\/strong><br data-start=\"8217\" data-end=\"8220\" \/>S\u00ed. Adem\u00e1s de para regalos, tambi\u00e9n puede funcionar como <strong data-start=\"8273\" data-end=\"8301\">accesorio de marca sencillo<\/strong> para la venta al por menor, art\u00edculos de apoyo y recuerdos del evento.<\/p>\n<p data-start=\"8366\" data-end=\"8571\"><strong data-start=\"8366\" data-end=\"8409\">\u00bfPor qu\u00e9 es un buen producto promocional?<\/strong><br data-start=\"8409\" data-end=\"8412\" \/>Porque es <strong data-start=\"8426\" data-end=\"8495\">ponibles, f\u00e1ciles de distribuir, asequibles y reutilizables<\/strong>, Adem\u00e1s, proporciona a su marca o mensaje una visibilidad repetida una vez finalizado el evento.<\/p>","protected":false},"excerpt":{"rendered":"<p>Esta pulsera de silicona personalizada es un producto promocional sencillo, asequible y muy visible dise\u00f1ado para eventos, campa\u00f1as de concienciaci\u00f3n, apoyo a equipos, recaudaci\u00f3n de fondos y regalos de marca. Disponible en varios colores con opciones de logotipo, texto y mensaje personalizados, es una pr\u00e1ctica pulsera para colegios, clubes, organizaciones ben\u00e9ficas, eventos deportivos, comercios minoristas y promociones corporativas.<\/p>","protected":false},"featured_media":47572,"template":"","meta":{"_gspb_post_css":""},"product_brand":[],"product_cat":[35],"product_tag":[],"class_list":{"0":"post-47571","1":"product","2":"type-product","3":"status-publish","4":"has-post-thumbnail","6":"product_cat-tradeshow-events","8":"first","9":"instock","10":"shipping-taxable","11":"product-type-simple"},"_links":{"self":[{"href":"https:\/\/globalgiftsupplier.com\/es\/wp-json\/wp\/v2\/product\/47571","targetHints":{"allow":["GET"]}}],"collection":[{"href":"https:\/\/globalgiftsupplier.com\/es\/wp-json\/wp\/v2\/product"}],"about":[{"href":"https:\/\/globalgiftsupplier.com\/es\/wp-json\/wp\/v2\/types\/product"}],"wp:featuredmedia":[{"embeddable":true,"href":"https:\/\/globalgiftsupplier.com\/es\/wp-json\/wp\/v2\/media\/47572"}],"wp:attachment":[{"href":"https:\/\/globalgiftsupplier.com\/es\/wp-json\/wp\/v2\/media?parent=47571"}],"wp:term":[{"taxonomy":"product_brand","embeddable":true,"href":"https:\/\/globalgiftsupplier.com\/es\/wp-json\/wp\/v2\/product_brand?post=47571"},{"taxonomy":"product_cat","embeddable":true,"href":"https:\/\/globalgiftsupplier.com\/es\/wp-json\/wp\/v2\/product_cat?post=47571"},{"taxonomy":"product_tag","embeddable":true,"href":"https:\/\/globalgiftsupplier.com\/es\/wp-json\/wp\/v2\/product_tag?post=47571"}],"curies":[{"name":"wp","href":"https:\/\/api.w.org\/{rel}","templated":true}]}}