{"id":47550,"date":"2026-03-31T15:48:06","date_gmt":"2026-03-31T15:48:06","guid":{"rendered":"https:\/\/globalgiftsupplier.com\/?post_type=product&#038;p=47550"},"modified":"2026-03-31T15:48:06","modified_gmt":"2026-03-31T15:48:06","slug":"custom-printed-polyester-lanyard-with-logo","status":"publish","type":"product","link":"https:\/\/globalgiftsupplier.com\/es\/product\/custom-printed-polyester-lanyard-with-logo\/","title":{"rendered":"Lanyard de poli\u00e9ster personalizado con logotipo"},"content":{"rendered":"<p data-start=\"1517\" data-end=\"2033\">Este <strong data-start=\"1548\" data-end=\"1584\">lanyard de poli\u00e9ster con impresi\u00f3n personalizada<\/strong> es un producto promocional pr\u00e1ctico, muy visible y f\u00e1cil de personalizar, dise\u00f1ado para <strong data-start=\"1672\" data-end=\"1781\">eventos, conferencias, escuelas, oficinas, exposiciones, pases de visitante, tarjetas de identificaci\u00f3n para el personal y art\u00edculos de marca<\/strong>. Seg\u00fan las im\u00e1genes del producto, este estilo presenta un <strong data-start=\"1834\" data-end=\"1860\">correa lisa de poli\u00e9ster<\/strong>, <strong data-start=\"1862\" data-end=\"1890\">impresi\u00f3n de logotipos a todo color<\/strong>, y <strong data-start=\"1896\" data-end=\"1940\">m\u00faltiples opciones de hardware y fijaci\u00f3n<\/strong>, La tarjeta de identificaci\u00f3n es una opci\u00f3n vers\u00e1til tanto para el uso diario como para campa\u00f1as promocionales.<\/p>\n<p data-start=\"2035\" data-end=\"2474\">Un lanyard es uno de los productos de marca m\u00e1s \u00fatiles porque la gente lo lleva puesto, lo transporta y lo reutiliza. Ya sea atado a un <strong data-start=\"2168\" data-end=\"2243\">Portacredenciales, carrete para credenciales, tarjeta de acceso, llaves, unidad USB o accesorio luminoso<\/strong>, Adem\u00e1s, mantiene su marca visible en oficinas, campus, salones de actos, espacios comerciales y entornos p\u00fablicos. Esa visibilidad diaria lo convierte en una opci\u00f3n s\u00f3lida para las empresas que desean una exposici\u00f3n a largo plazo de un art\u00edculo promocional poco voluminoso.<\/p>\n<p data-start=\"2476\" data-end=\"3061\">Las im\u00e1genes de los productos muestran una amplia gama de <strong data-start=\"2516\" data-end=\"2569\">modelos de lanyard impresos en color liso y a todo color<\/strong>, Desde dise\u00f1os de marca sencillos y limpios hasta versiones m\u00e1s decorativas con rayas, motivos, logotipos, iconos y elementos gr\u00e1ficos repetidos. Esto significa que el producto es compatible con <strong data-start=\"2740\" data-end=\"2775\">marca corporativa profesional<\/strong> y dise\u00f1os m\u00e1s creativos para <strong data-start=\"2806\" data-end=\"2894\">escuelas, festivales, clubes, campa\u00f1as, merchandising para fans y promociones orientadas a los j\u00f3venes.<\/strong>. Si desea un aspecto comercial limpio, una impresi\u00f3n sencilla del logotipo funciona bien. Si desea un dise\u00f1o m\u00e1s llamativo, los estampados a todo color pueden crear un efecto visual m\u00e1s potente.<\/p>\n<p data-start=\"3063\" data-end=\"3698\">Otra gran ventaja de este producto es su <strong data-start=\"3111\" data-end=\"3147\">configuraci\u00f3n flexible de accesorios<\/strong>. Las im\u00e1genes muestran distintas combinaciones de accesorios, como <strong data-start=\"3210\" data-end=\"3358\">cierres met\u00e1licos giratorios, pinzas tipo bulldog, hebillas desmontables, hebillas de pl\u00e1stico separables, engarces met\u00e1licos, emparejamientos de carretes portacredenciales y diferentes terminales<\/strong>. Esto hace que el lanyard sea adecuado para una amplia gama de usos, desde identificaciones est\u00e1ndar de empleados hasta material de registro para conferencias, tarjetas escolares, carn\u00e9s de socio, pases para medios de comunicaci\u00f3n e incluso correas para el cuello con la marca para accesorios ligeros. En lugar de ofrecer un \u00fanico estilo b\u00e1sico, este producto puede adaptarse a las diferentes necesidades de eventos y lugares de trabajo.<\/p>\n<p data-start=\"3700\" data-end=\"4184\">En <strong data-start=\"3704\" data-end=\"3726\">material de poli\u00e9ster<\/strong> confiere al cord\u00f3n un tacto suave, duradero y ligero que se adapta bien al uso repetido. Es lo suficientemente c\u00f3modo para llevarlo durante todo el d\u00eda y, al mismo tiempo, ofrece una superficie resistente para imprimir logotipos e ilustraciones. Los lanyards de poli\u00e9ster son especialmente populares en grandes eventos y para el uso diario del personal porque son econ\u00f3micos, f\u00e1ciles de personalizar y de distribuir en grandes cantidades. Adem\u00e1s, mantienen bien el color, lo que ayuda a que el dise\u00f1o final tenga un aspecto n\u00edtido y m\u00e1s profesional.<\/p>\n<p data-start=\"4186\" data-end=\"4694\">Como las im\u00e1genes muestran muchas opciones de color y dise\u00f1os impresos, este producto tambi\u00e9n puede colocarse como un <strong data-start=\"4291\" data-end=\"4318\">art\u00edculo personalizado<\/strong>, no es s\u00f3lo un accesorio funcional para eventos. Puede utilizarse en paquetes de bienvenida para empleados, kits de registro para eventos, obsequios para clientes, marcas para universidades, carreras ben\u00e9ficas, programas de afiliaci\u00f3n, tiendas de museos, tiendas de regalos y paquetes de bienvenida para visitantes. Un lanyard de marca es sencillo, pero cuando est\u00e1 bien dise\u00f1ado, se convierte en algo que la gente guarda y reutiliza mucho despu\u00e9s de que haya terminado el evento original.<\/p>\n<p data-start=\"4696\" data-end=\"5017\">Para las organizaciones que buscan un producto <strong data-start=\"4744\" data-end=\"4802\">asequibles, \u00fatiles, personalizables y f\u00e1ciles de repartir<\/strong>, Este cord\u00f3n de poli\u00e9ster personalizado ofrece un gran equilibrio entre funcionalidad y valor promocional. Es una opci\u00f3n fiable para las marcas que necesitan funcionalidad diaria, un logotipo visible y una gran flexibilidad de dise\u00f1o.<\/p>\n<p data-start=\"5019\" data-end=\"5785\"><strong data-start=\"5019\" data-end=\"5035\">Caracter\u00edsticas principales<\/strong><br data-start=\"5035\" data-end=\"5038\" \/>\u2022 <strong data-start=\"5040\" data-end=\"5076\">Lanyard de poli\u00e9ster con impresi\u00f3n personalizada<\/strong> para uso promocional y de marca<br data-start=\"5109\" data-end=\"5112\" \/>\u2022 <strong data-start=\"5114\" data-end=\"5140\">Correa de poli\u00e9ster liso<\/strong> con un acabado limpio y profesional<br data-start=\"5174\" data-end=\"5177\" \/>\u2022 <strong data-start=\"5179\" data-end=\"5241\">Adecuado para la impresi\u00f3n de logotipos a todo color e ilustraciones repetidas<\/strong><br data-start=\"5241\" data-end=\"5244\" \/>\u2022 <strong data-start=\"5246\" data-end=\"5296\">M\u00faltiples estilos de fijaci\u00f3n mostrados en las im\u00e1genes<\/strong>, incluyendo cierres giratorios, clips y hebillas<br data-start=\"5341\" data-end=\"5344\" \/>\u2022 <strong data-start=\"5346\" data-end=\"5409\">Puede combinarse con portacredenciales, tarjetas de identificaci\u00f3n y carretes para credenciales<\/strong><br data-start=\"5409\" data-end=\"5412\" \/>\u2022 <strong data-start=\"5414\" data-end=\"5506\">\u00datil para credenciales de personal, pases de visitantes, llaves, tarjetas de acceso y accesorios ligeros<\/strong><br data-start=\"5506\" data-end=\"5509\" \/>\u2022 <strong data-start=\"5511\" data-end=\"5541\">C\u00f3modo para el uso diario<\/strong> en oficinas, escuelas y eventos<br data-start=\"5573\" data-end=\"5576\" \/>\u2022 <strong data-start=\"5578\" data-end=\"5634\">Disponible en colores lisos y dise\u00f1os impresos personalizados<\/strong><br data-start=\"5634\" data-end=\"5637\" \/>\u2022 <strong data-start=\"5639\" data-end=\"5669\">F\u00e1cil de distribuir a granel<\/strong> para conferencias, exposiciones y campa\u00f1as<br data-start=\"5713\" data-end=\"5716\" \/>\u2022 <strong data-start=\"5718\" data-end=\"5751\">Pr\u00e1ctico producto promocional<\/strong> con visibilidad de marca a largo plazo<\/p>\n<p data-start=\"5787\" data-end=\"6375\"><strong data-start=\"5787\" data-end=\"5805\">Especificaciones<\/strong><br data-start=\"5805\" data-end=\"5808\" \/>Tipo de producto: Lanyard de poli\u00e9ster con impresi\u00f3n personalizada<br data-start=\"5854\" data-end=\"5857\" \/>Estilo: Cord\u00f3n para el cuello \/ cord\u00f3n de identificaci\u00f3n \/ cord\u00f3n para eventos<br data-start=\"5905\" data-end=\"5908\" \/>Material: Poli\u00e9ster<br data-start=\"5927\" data-end=\"5930\" \/>Estilo de logotipo: Impresi\u00f3n de logotipos personalizados a todo color e impresi\u00f3n de material gr\u00e1fico<br data-start=\"5994\" data-end=\"5997\" \/>Opciones de enganche mostradas en las im\u00e1genes: Cierre giratorio met\u00e1lico, clip bulldog, hebilla desmontable, hebilla de separaci\u00f3n, engarce met\u00e1lico, emparejamiento de carrete de insignia.<br data-start=\"6135\" data-end=\"6138\" \/>Uso: tarjetas de identificaci\u00f3n, tarjetas de personal, pases de visitantes, tarjetas de acceso, llaves, portacredenciales, accesorios ligeros<br data-start=\"6235\" data-end=\"6238\" \/>Estilo de color: Colores s\u00f3lidos y estampados personalizados disponibles<br data-start=\"6301\" data-end=\"6304\" \/>Tema: Eventos, conferencias, oficinas, escuelas, exposiciones, promociones<\/p>\n<p data-start=\"6377\" data-end=\"6954\"><strong data-start=\"6377\" data-end=\"6404\">Por qu\u00e9 elegir este producto<\/strong><br data-start=\"6404\" data-end=\"6407\" \/>Este producto ofrece una potente combinaci\u00f3n de <strong data-start=\"6451\" data-end=\"6510\">uso pr\u00e1ctico, visibilidad de marca y flexibilidad de dise\u00f1o<\/strong>. En comparaci\u00f3n con las cintas est\u00e1ndar, ofrece m\u00e1s espacio para la impresi\u00f3n personalizada, m\u00e1s opciones de hardware y m\u00e1s formas de adaptar el producto a diferentes p\u00fablicos y campa\u00f1as. Funciona igual de bien para eventos corporativos, programas escolares, registro en exposiciones, tarjetas de acceso a oficinas y art\u00edculos promocionales. Como la gente suele seguir utilizando los lanyards despu\u00e9s de la campa\u00f1a o el evento original, su logotipo sigue siendo visible con el paso del tiempo.<\/p>\n<p data-start=\"6956\" data-end=\"7277\"><strong data-start=\"6956\" data-end=\"6969\">Ideal para<\/strong><br data-start=\"6969\" data-end=\"6972\" \/>- Conferencias y exposiciones<br data-start=\"7001\" data-end=\"7004\" \/>- Regalos para ferias<br data-start=\"7026\" data-end=\"7029\" \/>- Identificaci\u00f3n del personal de oficina<br data-start=\"7058\" data-end=\"7061\" \/>- Tarjetas de identificaci\u00f3n escolares y del campus<br data-start=\"7089\" data-end=\"7092\" \/>- Titulares de un pase de visitante<br data-start=\"7114\" data-end=\"7117\" \/>- Programas de afiliaci\u00f3n<br data-start=\"7138\" data-end=\"7141\" \/>- Regalos de empresa<br data-start=\"7163\" data-end=\"7166\" \/>- Material de inscripci\u00f3n<br data-start=\"7196\" data-end=\"7199\" \/>- Insignias para medios de comunicaci\u00f3n y expositores<br data-start=\"7227\" data-end=\"7230\" \/>- Productos de marca y campa\u00f1as promocionales<\/p>\n<p data-start=\"7279\" data-end=\"7288\"><strong data-start=\"7279\" data-end=\"7286\">PREGUNTAS FRECUENTES<\/strong><\/p>\n<p data-start=\"7290\" data-end=\"7470\"><strong data-start=\"7290\" data-end=\"7337\">\u00bfSe puede personalizar este lanyard con un logotipo?<\/strong><br data-start=\"7337\" data-end=\"7340\" \/>S\u00ed. La correa de poli\u00e9ster puede personalizarse con <strong data-start=\"7388\" data-end=\"7467\">impresi\u00f3n de logotipos, texto de marca repetido, iconos, gr\u00e1ficos y material gr\u00e1fico a todo color<\/strong>.<\/p>\n<p data-start=\"7472\" data-end=\"7617\"><strong data-start=\"7472\" data-end=\"7516\">\u00bfDe qu\u00e9 material est\u00e1 hecho este cord\u00f3n?<\/strong><br data-start=\"7516\" data-end=\"7519\" \/>Se fabrica a partir de <strong data-start=\"7535\" data-end=\"7548\">poli\u00e9ster<\/strong>, ligero, duradero y adecuado para la impresi\u00f3n de marcas.<\/p>\n<p data-start=\"7619\" data-end=\"7794\"><strong data-start=\"7619\" data-end=\"7657\">\u00bfPara qu\u00e9 se puede utilizar este cord\u00f3n?<\/strong><br data-start=\"7657\" data-end=\"7660\" \/>Puede utilizarse para <strong data-start=\"7679\" data-end=\"7791\">Tarjetas de identificaci\u00f3n, tarjetas de personal, tarjetas de acceso, pases de visitante, llaves, portacredenciales y otros accesorios ligeros<\/strong>.<\/p>\n<p data-start=\"7796\" data-end=\"8033\"><strong data-start=\"7796\" data-end=\"7842\">\u00bfExisten diferentes estilos de fijaci\u00f3n?<\/strong><br data-start=\"7842\" data-end=\"7845\" \/>S\u00ed. Las im\u00e1genes del producto muestran <strong data-start=\"7874\" data-end=\"7920\">m\u00faltiples terminaciones y estilos de accesorios<\/strong>, Entre ellos, cierres met\u00e1licos giratorios, clips tipo bulldog, hebillas desmontables, hebillas separables y emparejamientos de carretes portacredenciales.<\/p>\n<p data-start=\"8035\" data-end=\"8226\"><strong data-start=\"8035\" data-end=\"8088\">\u00bfSe puede utilizar para conferencias y ferias?<\/strong><br data-start=\"8088\" data-end=\"8091\" \/>S\u00ed. Es ideal para <strong data-start=\"8112\" data-end=\"8223\">inscripci\u00f3n en eventos, tarjetas de acceso a ferias, pases para conferencias, credenciales de expositores e identificaci\u00f3n de visitantes<\/strong>.<\/p>\n<p data-start=\"8228\" data-end=\"8403\"><strong data-start=\"8228\" data-end=\"8281\">\u00bfEste producto es adecuado para escuelas y oficinas?<\/strong><br data-start=\"8281\" data-end=\"8284\" \/>S\u00ed, es muy adecuado para <strong data-start=\"8315\" data-end=\"8400\">identificaciones escolares, tarjetas de oficina, pases de empleados, tarjetas de visitantes y uso de control de acceso<\/strong>.<\/p>\n<p data-start=\"8405\" data-end=\"8592\"><strong data-start=\"8405\" data-end=\"8448\">\u00bfSe puede imprimir la correa a todo color?<\/strong><br data-start=\"8448\" data-end=\"8451\" \/>S\u00ed. Seg\u00fan las im\u00e1genes, este producto admite <strong data-start=\"8499\" data-end=\"8529\">dise\u00f1os impresos a todo color<\/strong>, incluyendo logotipos, rayas, texto, iconos y patrones personalizados.<\/p>\n<p data-start=\"8594\" data-end=\"8824\"><strong data-start=\"8594\" data-end=\"8642\">\u00bfPor qu\u00e9 el poli\u00e9ster es una buena opci\u00f3n para las cintas de amarre?<\/strong><br data-start=\"8642\" data-end=\"8645\" \/>El poli\u00e9ster ofrece una <strong data-start=\"8664\" data-end=\"8768\">superficie lisa para imprimir, c\u00f3moda de llevar, construcci\u00f3n ligera y buena presentaci\u00f3n del color<\/strong>, por lo que es una opci\u00f3n popular para los cordones promocionales.<\/p>\n<p data-start=\"8826\" data-end=\"9016\"><strong data-start=\"8826\" data-end=\"8865\">\u00bfEs un buen producto promocional?<\/strong><br data-start=\"8865\" data-end=\"8868\" \/>S\u00ed. Es un producto pr\u00e1ctico y reutilizable que la gente suele seguir usando despu\u00e9s del evento original, lo que ayuda a prolongar su <strong data-start=\"8995\" data-end=\"9013\">exposici\u00f3n de la marca<\/strong>.<\/p>","protected":false},"excerpt":{"rendered":"<p>Este cord\u00f3n de poli\u00e9ster con impresi\u00f3n personalizada es un accesorio promocional pr\u00e1ctico y de gran visibilidad para tarjetas de identificaci\u00f3n, credenciales, pases para eventos, llaves y art\u00edculos de uso diario. Con impresi\u00f3n de logotipo a todo color, m\u00faltiples opciones de fijaci\u00f3n y una correa de poli\u00e9ster suave, es ideal para conferencias, escuelas, oficinas, ferias, exposiciones y regalos de marca.<\/p>","protected":false},"featured_media":47551,"template":"","meta":{"_gspb_post_css":""},"product_brand":[],"product_cat":[35],"product_tag":[],"class_list":{"0":"post-47550","1":"product","2":"type-product","3":"status-publish","4":"has-post-thumbnail","6":"product_cat-tradeshow-events","8":"first","9":"instock","10":"shipping-taxable","11":"product-type-simple"},"_links":{"self":[{"href":"https:\/\/globalgiftsupplier.com\/es\/wp-json\/wp\/v2\/product\/47550","targetHints":{"allow":["GET"]}}],"collection":[{"href":"https:\/\/globalgiftsupplier.com\/es\/wp-json\/wp\/v2\/product"}],"about":[{"href":"https:\/\/globalgiftsupplier.com\/es\/wp-json\/wp\/v2\/types\/product"}],"wp:featuredmedia":[{"embeddable":true,"href":"https:\/\/globalgiftsupplier.com\/es\/wp-json\/wp\/v2\/media\/47551"}],"wp:attachment":[{"href":"https:\/\/globalgiftsupplier.com\/es\/wp-json\/wp\/v2\/media?parent=47550"}],"wp:term":[{"taxonomy":"product_brand","embeddable":true,"href":"https:\/\/globalgiftsupplier.com\/es\/wp-json\/wp\/v2\/product_brand?post=47550"},{"taxonomy":"product_cat","embeddable":true,"href":"https:\/\/globalgiftsupplier.com\/es\/wp-json\/wp\/v2\/product_cat?post=47550"},{"taxonomy":"product_tag","embeddable":true,"href":"https:\/\/globalgiftsupplier.com\/es\/wp-json\/wp\/v2\/product_tag?post=47550"}],"curies":[{"name":"wp","href":"https:\/\/api.w.org\/{rel}","templated":true}]}}