{"id":47542,"date":"2026-03-31T15:43:24","date_gmt":"2026-03-31T15:43:24","guid":{"rendered":"https:\/\/globalgiftsupplier.com\/?post_type=product&#038;p=47542"},"modified":"2026-03-31T15:43:24","modified_gmt":"2026-03-31T15:43:24","slug":"custom-full-color-lanyard-with-badge-reel-and-id-holder","status":"publish","type":"product","link":"https:\/\/globalgiftsupplier.com\/es\/product\/custom-full-color-lanyard-with-badge-reel-and-id-holder\/","title":{"rendered":"Cord\u00f3n personalizado a todo color con carrete para credenciales y porta-identificaci\u00f3n"},"content":{"rendered":"<p data-start=\"1660\" data-end=\"2224\">Este <strong data-start=\"1691\" data-end=\"1750\">lanyard personalizado a todo color con carrete para credenciales y porta-identificaci\u00f3n<\/strong> es un accesorio pr\u00e1ctico y muy visible dise\u00f1ado para <strong data-start=\"1808\" data-end=\"1924\">actos, conferencias, escuelas, oficinas, exposiciones, ferias comerciales, identificaci\u00f3n del personal y campa\u00f1as promocionales<\/strong>. Seg\u00fan las im\u00e1genes del producto, este estilo combina un <strong data-start=\"1977\" data-end=\"1999\">correa de cuello estampada<\/strong>, <strong data-start=\"2001\" data-end=\"2016\">cierre met\u00e1lico<\/strong>, <strong data-start=\"2018\" data-end=\"2047\">hebilla de seguridad opcional<\/strong>, <strong data-start=\"2049\" data-end=\"2075\">carrete retr\u00e1ctil para credenciales<\/strong>, y <strong data-start=\"2081\" data-end=\"2118\">binomio portaidentificaci\u00f3n transparente o enmarcado<\/strong>, lo que la convierte en una buena opci\u00f3n para las empresas que desean un solo producto para su marca y sus funciones diarias.<\/p>\n<p data-start=\"2226\" data-end=\"2766\">El cord\u00f3n est\u00e1 dise\u00f1ado para sujetar <strong data-start=\"2255\" data-end=\"2352\">Tarjetas de identificaci\u00f3n, tarjetas de personal, pases de visitante, tarjetas de acceso, tarjetas de identificaci\u00f3n y accesorios ligeros<\/strong> de una forma f\u00e1cil de llevar y de usar. La correa mantiene la tarjeta visible y accesible, mientras que el carrete de la tarjeta identificativa permite sacar la tarjeta o el pase cuando sea necesario para escanearlos, pasarlos por el lector o identificarlos r\u00e1pidamente. Esto hace que el producto sea especialmente \u00fatil en lugares de trabajo, escuelas, eventos, hospitales, exposiciones y cualquier entorno en el que las personas necesiten mostrar una tarjeta de identificaci\u00f3n regularmente a lo largo del d\u00eda.<\/p>\n<p data-start=\"2768\" data-end=\"3279\">Uno de los puntos fuertes de este producto es su <strong data-start=\"2821\" data-end=\"2850\">dise\u00f1o impreso a todo color<\/strong>. Las im\u00e1genes muestran una amplia variedad de estilos visuales, entre ellos <strong data-start=\"2911\" data-end=\"3047\">tiras de colores s\u00f3lidos, rayas multicolores, gr\u00e1ficos de caracteres, ilustraciones geom\u00e9tricas, dise\u00f1os centrados en logotipos y patrones decorativos personalizados<\/strong>. Esto hace que el lanyard sea m\u00e1s atractivo que una versi\u00f3n est\u00e1ndar lisa y da a las marcas m\u00e1s libertad para crear un estilo que combine con la identidad de su empresa, el tema del evento, los colores de la escuela, el material gr\u00e1fico de la campa\u00f1a o el dise\u00f1o del embalaje del producto.<\/p>\n<p data-start=\"3281\" data-end=\"3815\">En <strong data-start=\"3285\" data-end=\"3311\">carrete retr\u00e1ctil para credenciales<\/strong> a\u00f1ade comodidad adicional y hace que este estilo sea m\u00e1s funcional para el uso diario. En lugar de sacar la tarjeta de un soporte o tirar del cord\u00f3n completo del cuello, el usuario puede simplemente extender el carrete para escanear o mostrar la tarjeta identificativa y dejar que vuelva autom\u00e1ticamente. Esto resulta especialmente \u00fatil para <strong data-start=\"3603\" data-end=\"3713\">tarjetas de acceso a oficinas, tarjetas de estudiante, carn\u00e9s de empleado, pases de acceso, tarjetas de visitante y credenciales para ferias comerciales<\/strong>. Gracias a esta caracter\u00edstica adicional, el producto ofrece un valor m\u00e1s pr\u00e1ctico que una eslinga b\u00e1sica por s\u00ed sola.<\/p>\n<p data-start=\"3817\" data-end=\"4420\">Las im\u00e1genes tambi\u00e9n muestran <strong data-start=\"3838\" data-end=\"3874\">diferentes combinaciones de accesorios<\/strong>, Entre ellos, portacredenciales, carretes retr\u00e1ctiles, hebillas de separaci\u00f3n, hebillas de liberaci\u00f3n r\u00e1pida, ganchos giratorios y conectores tipo correa de tel\u00e9fono. Esto da al producto m\u00e1s versatilidad para diferentes tipos de clientes y escenarios de uso. Algunos compradores pueden querer una simple eslinga para eventos con cierre, mientras que otros pueden querer una soluci\u00f3n m\u00e1s completa para tarjetas identificativas de personal con carrete y soporte. Esta flexibilidad hace que el producto sea adecuado para <strong data-start=\"4287\" data-end=\"4417\">regalos promocionales, uso interno de la empresa, programas de inscripci\u00f3n, instituciones educativas y colecciones de accesorios para minoristas<\/strong>.<\/p>\n<p data-start=\"4422\" data-end=\"4928\">Otra ventaja es la <strong data-start=\"4447\" data-end=\"4467\">amplia gama crom\u00e1tica<\/strong> visibles en las im\u00e1genes del producto. Las correas est\u00e1ndar de color s\u00f3lido se muestran en muchos tonos, y las versiones impresas demuestran que el producto puede admitir estilos de marca brillantes y creativos. Esto ayuda a las empresas y organizaciones a crear lanyards m\u00e1s distintivos que parezcan personalizados en lugar de gen\u00e9ricos. Tanto si desea un aspecto empresarial sencillo, como un dise\u00f1o divertido para un evento o un cord\u00f3n colorido de estilo comercial, este producto admite una amplia gama de direcciones visuales.<\/p>\n<p data-start=\"4930\" data-end=\"5341\">Como los lanyards se suelen llevar a diario o pegados a tarjetas de identificaci\u00f3n y pases de acceso, siguen promocionando un logotipo mucho despu\u00e9s de que haya finalizado el evento o regalo original. Por ello, este producto es una buena elecci\u00f3n para las empresas que buscan <strong data-start=\"5166\" data-end=\"5219\">exposici\u00f3n de marca a largo plazo a trav\u00e9s de un art\u00edculo \u00fatil<\/strong>. Es ligero, f\u00e1cil de distribuir, pr\u00e1ctico para su uso en el mundo real y muy adaptable a distintos sectores.<\/p>\n<p data-start=\"5343\" data-end=\"5595\">Para empresas, escuelas, organizadores de eventos e instituciones que necesitan un art\u00edculo de marca con visibilidad y funcionalidad, este tipo de lanyard personalizado ofrece una combinaci\u00f3n fiable de <strong data-start=\"5524\" data-end=\"5592\">flexibilidad de dise\u00f1o, opciones de accesorios y practicidad diaria<\/strong>.<\/p>\n<p data-start=\"5597\" data-end=\"6369\"><strong data-start=\"5597\" data-end=\"5613\">Caracter\u00edsticas principales<\/strong><br data-start=\"5613\" data-end=\"5616\" \/>\u2022 <strong data-start=\"5618\" data-end=\"5654\">Dise\u00f1o personalizado del cord\u00f3n a todo color<\/strong> para uso promocional y de marca<br data-start=\"5687\" data-end=\"5690\" \/>\u2022 <strong data-start=\"5692\" data-end=\"5718\">Carrete retr\u00e1ctil para credenciales<\/strong> para escanear y mostrar f\u00e1cilmente las tarjetas identificativas<br data-start=\"5754\" data-end=\"5757\" \/>\u2022 <strong data-start=\"5759\" data-end=\"5804\">Emparejamiento del portaidentificaci\u00f3n mostrado en las im\u00e1genes del producto<\/strong> para tarjetas y pases<br data-start=\"5825\" data-end=\"5828\" \/>\u2022 <strong data-start=\"5830\" data-end=\"5867\">Cierre met\u00e1lico giratorio \/ gancho de langosta<\/strong> para una fijaci\u00f3n segura<br data-start=\"5889\" data-end=\"5892\" \/>\u2022 <strong data-start=\"5894\" data-end=\"5955\">Estilos opcionales de hebilla de separaci\u00f3n y hebilla de liberaci\u00f3n r\u00e1pida<\/strong> en las im\u00e1genes<br data-start=\"5971\" data-end=\"5974\" \/>\u2022 <strong data-start=\"5976\" data-end=\"6049\">Adecuado para tarjetas de identificaci\u00f3n, tarjetas de personal, pases de visitante y tarjetas de acceso<\/strong><br data-start=\"6049\" data-end=\"6052\" \/>\u2022 <strong data-start=\"6054\" data-end=\"6107\">Impresi\u00f3n brillante del logotipo e ilustraciones decorativas en la correa<\/strong> para un fuerte impacto visual<br data-start=\"6132\" data-end=\"6135\" \/>\u2022 <strong data-start=\"6137\" data-end=\"6211\">\u00datil para oficinas, escuelas, conferencias, ferias y exposiciones<\/strong><br data-start=\"6211\" data-end=\"6214\" \/>\u2022 <strong data-start=\"6216\" data-end=\"6254\">Ligero y f\u00e1cil de distribuir<\/strong> para actos y campa\u00f1as<br data-start=\"6279\" data-end=\"6282\" \/>\u2022 <strong data-start=\"6284\" data-end=\"6332\">M\u00e1s pr\u00e1ctica que una eslinga est\u00e1ndar b\u00e1sica<\/strong> por las opciones de carrete y soporte<\/p>\n<p data-start=\"6371\" data-end=\"7104\"><strong data-start=\"6371\" data-end=\"6389\">Especificaciones<\/strong><br data-start=\"6389\" data-end=\"6392\" \/>Tipo de producto: Lanyard impreso personalizado con carrete portacredenciales y portaidentificaci\u00f3n<br data-start=\"6458\" data-end=\"6461\" \/>Estilo: Cord\u00f3n para el cuello \/ cord\u00f3n de identificaci\u00f3n \/ cord\u00f3n para eventos<br data-start=\"6509\" data-end=\"6512\" \/>Material: Correa de tela con accesorios de pl\u00e1stico y metal<br data-start=\"6569\" data-end=\"6572\" \/>Fijaci\u00f3n: Cierre giratorio de metal \/ gancho de langosta<br data-start=\"6617\" data-end=\"6620\" \/>Accesorios opcionales mostrados en las im\u00e1genes: Carrete retr\u00e1ctil para credenciales, portacredenciales transparente, portacredenciales con marco, hebilla de separaci\u00f3n, hebilla de liberaci\u00f3n r\u00e1pida, conector para correa de tel\u00e9fono.<br data-start=\"6781\" data-end=\"6784\" \/>Estilo de logotipo: Logotipo e ilustraciones personalizados a todo color<br data-start=\"6838\" data-end=\"6841\" \/>Estilo de color: Colores s\u00f3lidos y patrones personalizados a todo color disponibles<br data-start=\"6907\" data-end=\"6910\" \/>Uso: Identificaci\u00f3n del personal, tarjetas de conferencias, tarjetas de visitantes, tarjetas de acceso, tarjetas escolares, pases para eventos, accesorios ligeros<br data-start=\"7026\" data-end=\"7029\" \/>Tema: Eventos, uso del personal, uso escolar, uso de oficina, conferencias, promociones<\/p>\n<p data-start=\"7106\" data-end=\"7695\"><strong data-start=\"7106\" data-end=\"7133\">Por qu\u00e9 elegir este producto<\/strong><br data-start=\"7133\" data-end=\"7136\" \/>Este producto ofrece un s\u00f3lido equilibrio de <strong data-start=\"7176\" data-end=\"7247\">visibilidad de la marca, uso diario pr\u00e1ctico y flexibilidad de accesorios<\/strong>. En comparaci\u00f3n con un cord\u00f3n sencillo, ofrece m\u00e1s espacio de impresi\u00f3n personalizada, m\u00e1s opciones funcionales \u00fatiles y una mayor comodidad en el d\u00eda a d\u00eda. La adici\u00f3n de un carrete portacredenciales y un soporte por pares lo hace especialmente \u00fatil para oficinas, escuelas y eventos en los que es necesario mostrar la identificaci\u00f3n con frecuencia. Dado que los usuarios suelen seguir utilizando los cordones despu\u00e9s del evento original, este producto puede proporcionar una exposici\u00f3n de marca m\u00e1s prolongada que muchos art\u00edculos de regalo de un solo uso.<\/p>\n<p data-start=\"7697\" data-end=\"8061\"><strong data-start=\"7697\" data-end=\"7710\">Ideal para<\/strong><br data-start=\"7710\" data-end=\"7713\" \/>- Insignias para ferias y exposiciones<br data-start=\"7747\" data-end=\"7750\" \/>- Programas de identificaci\u00f3n del personal de oficina<br data-start=\"7776\" data-end=\"7779\" \/>- Tarjetas escolares y de campus<br data-start=\"7804\" data-end=\"7807\" \/>- Pases de visitante y tarjetas de acceso<br data-start=\"7840\" data-end=\"7843\" \/>- Material de inscripci\u00f3n a la conferencia<br data-start=\"7878\" data-end=\"7881\" \/>- Identificaci\u00f3n del personal de hospitales y cl\u00ednicas<br data-start=\"7912\" data-end=\"7915\" \/>- Eventos corporativos y regalos de marca<br data-start=\"7955\" data-end=\"7958\" \/>- Tarjetas de socio y programas de los clubes<br data-start=\"7994\" data-end=\"7997\" \/>- Kits para organizadores de eventos<br data-start=\"8019\" data-end=\"8022\" \/>- Colecciones de art\u00edculos promocionales<\/p>\n<p data-start=\"8063\" data-end=\"8072\"><strong data-start=\"8063\" data-end=\"8070\">PREGUNTAS FRECUENTES<\/strong><\/p>\n<p data-start=\"8074\" data-end=\"8225\"><strong data-start=\"8074\" data-end=\"8121\">\u00bfSe puede personalizar este lanyard con un logotipo?<\/strong><br data-start=\"8121\" data-end=\"8124\" \/>S\u00ed. La correa se puede personalizar con <strong data-start=\"8162\" data-end=\"8222\">impresi\u00f3n de logotipos a todo color, texto de marca e ilustraciones personalizadas<\/strong>.<\/p>\n<p data-start=\"8227\" data-end=\"8439\"><strong data-start=\"8227\" data-end=\"8270\">\u00bfIncluye este producto un carrete portatarjetas?<\/strong><br data-start=\"8270\" data-end=\"8273\" \/>Las im\u00e1genes del producto muestran <strong data-start=\"8297\" data-end=\"8351\">estilos de acollador combinados con enrolladores de credenciales retr\u00e1ctiles<\/strong>, por lo que puede presentarse como un dise\u00f1o de lanyard que admite esta combinaci\u00f3n de accesorios.<\/p>\n<p data-start=\"8441\" data-end=\"8629\"><strong data-start=\"8441\" data-end=\"8478\">\u00bfSe puede utilizar con un soporte para el DNI?<\/strong><br data-start=\"8478\" data-end=\"8481\" \/>S\u00ed. Las im\u00e1genes del producto muestran claramente <strong data-start=\"8518\" data-end=\"8556\">Emparejamiento de porta-identificaci\u00f3n y porta-credencial<\/strong>, por lo que es adecuado para tarjetas de personal, tarjetas de visitante y pases para eventos.<\/p>\n<p data-start=\"8631\" data-end=\"8806\"><strong data-start=\"8631\" data-end=\"8669\">\u00bfPara qu\u00e9 se puede utilizar este cord\u00f3n?<\/strong><br data-start=\"8669\" data-end=\"8672\" \/>Puede utilizarse para <strong data-start=\"8691\" data-end=\"8803\">Tarjetas de identificaci\u00f3n, tarjetas de personal, pases de visitantes, tarjetas escolares, tarjetas de acceso a oficinas, llaves y accesorios ligeros.<\/strong>.<\/p>\n<p data-start=\"8808\" data-end=\"8924\"><strong data-start=\"8808\" data-end=\"8839\">\u00bfTiene cierre met\u00e1lico?<\/strong><br data-start=\"8839\" data-end=\"8842\" \/>S\u00ed. Las im\u00e1genes del producto muestran un <strong data-start=\"8873\" data-end=\"8910\">cierre met\u00e1lico giratorio \/ gancho de langosta<\/strong> apego.<\/p>\n<p data-start=\"8926\" data-end=\"9061\"><strong data-start=\"8926\" data-end=\"8962\">\u00bfExiste una hebilla de seguridad?<\/strong><br data-start=\"8962\" data-end=\"8965\" \/>S\u00ed. Algunas versiones que aparecen en las im\u00e1genes incluyen un <strong data-start=\"9014\" data-end=\"9058\">hebilla de seguridad o hebilla de cierre r\u00e1pido<\/strong>.<\/p>\n<p data-start=\"9063\" data-end=\"9244\"><strong data-start=\"9063\" data-end=\"9106\">\u00bfSe puede imprimir la correa a todo color?<\/strong><br data-start=\"9106\" data-end=\"9109\" \/>S\u00ed. Las im\u00e1genes del producto muestran <strong data-start=\"9138\" data-end=\"9167\">correas impresas a todo color<\/strong> con rayas, logotipos, dibujos, gr\u00e1ficos de personajes e ilustraciones decorativas.<\/p>\n<p data-start=\"9246\" data-end=\"9452\"><strong data-start=\"9246\" data-end=\"9291\">\u00bfEs adecuado para oficinas y escuelas?<\/strong><br data-start=\"9291\" data-end=\"9294\" \/>S\u00ed. Est\u00e1 especialmente indicado para <strong data-start=\"9329\" data-end=\"9395\">uso de carn\u00e9s escolares, tarjetas de personal, tarjetas de visitante y acceso a oficinas<\/strong> porque el carrete portacredenciales facilita la presentaci\u00f3n de las tarjetas.<\/p>\n<p data-start=\"9454\" data-end=\"9647\"><strong data-start=\"9454\" data-end=\"9497\">\u00bfPor qu\u00e9 es un buen producto promocional?<\/strong><br data-start=\"9497\" data-end=\"9500\" \/>Porque es <strong data-start=\"9514\" data-end=\"9577\">\u00fatiles, ponibles, f\u00e1ciles de marcar y, a menudo, reutilizables a diario<\/strong>, mantiene su logotipo visible en entornos reales de trabajo y eventos.<\/p>\n<p data-start=\"9649\" data-end=\"9811\" data-is-last-node=\"\" data-is-only-node=\"\">","protected":false},"excerpt":{"rendered":"<p>Este cord\u00f3n personalizado a todo color con carrete para credenciales y tarjetero es un pr\u00e1ctico accesorio promocional para carn\u00e9s de personal, tarjetas de visitante, pases para eventos y uso en oficinas. Con impresi\u00f3n en toda la superficie, cierre met\u00e1lico seguro, hebilla de seguridad opcional, carrete retr\u00e1ctil para credenciales y tarjetero, es ideal para conferencias, colegios, exposiciones, oficinas y regalos de marca.<\/p>","protected":false},"featured_media":47543,"template":"","meta":{"_gspb_post_css":""},"product_brand":[],"product_cat":[35],"product_tag":[],"class_list":{"0":"post-47542","1":"product","2":"type-product","3":"status-publish","4":"has-post-thumbnail","6":"product_cat-tradeshow-events","8":"first","9":"instock","10":"shipping-taxable","11":"product-type-simple"},"_links":{"self":[{"href":"https:\/\/globalgiftsupplier.com\/es\/wp-json\/wp\/v2\/product\/47542","targetHints":{"allow":["GET"]}}],"collection":[{"href":"https:\/\/globalgiftsupplier.com\/es\/wp-json\/wp\/v2\/product"}],"about":[{"href":"https:\/\/globalgiftsupplier.com\/es\/wp-json\/wp\/v2\/types\/product"}],"wp:featuredmedia":[{"embeddable":true,"href":"https:\/\/globalgiftsupplier.com\/es\/wp-json\/wp\/v2\/media\/47543"}],"wp:attachment":[{"href":"https:\/\/globalgiftsupplier.com\/es\/wp-json\/wp\/v2\/media?parent=47542"}],"wp:term":[{"taxonomy":"product_brand","embeddable":true,"href":"https:\/\/globalgiftsupplier.com\/es\/wp-json\/wp\/v2\/product_brand?post=47542"},{"taxonomy":"product_cat","embeddable":true,"href":"https:\/\/globalgiftsupplier.com\/es\/wp-json\/wp\/v2\/product_cat?post=47542"},{"taxonomy":"product_tag","embeddable":true,"href":"https:\/\/globalgiftsupplier.com\/es\/wp-json\/wp\/v2\/product_tag?post=47542"}],"curies":[{"name":"wp","href":"https:\/\/api.w.org\/{rel}","templated":true}]}}