{"id":47535,"date":"2026-03-31T15:39:00","date_gmt":"2026-03-31T15:39:00","guid":{"rendered":"https:\/\/globalgiftsupplier.com\/?post_type=product&#038;p=47535"},"modified":"2026-03-31T15:39:00","modified_gmt":"2026-03-31T15:39:00","slug":"custom-printed-breakaway-lanyard-with-logo","status":"publish","type":"product","link":"https:\/\/globalgiftsupplier.com\/es\/product\/custom-printed-breakaway-lanyard-with-logo\/","title":{"rendered":"Cinta de seguridad con logotipo impresa a medida"},"content":{"rendered":"<p data-start=\"1481\" data-end=\"2108\">Este <strong data-start=\"1512\" data-end=\"1548\">eslinga de seguridad con impresi\u00f3n personalizada<\/strong> es un accesorio promocional pr\u00e1ctico y muy visible dise\u00f1ado para <strong data-start=\"1618\" data-end=\"1719\">eventos, conferencias, escuelas, oficinas, exposiciones, identificaci\u00f3n del personal y art\u00edculos de marca<\/strong>. Seg\u00fan las im\u00e1genes del producto, este estilo combina un <strong data-start=\"1772\" data-end=\"1800\">correa impresa a todo color<\/strong>, a <strong data-start=\"1804\" data-end=\"1832\">hebilla de pl\u00e1stico<\/strong>, y un <strong data-start=\"1840\" data-end=\"1862\">cierre met\u00e1lico giratorio<\/strong> para crear un art\u00edculo \u00fatil para el d\u00eda a d\u00eda que tambi\u00e9n ofrece una fuerte exposici\u00f3n del logotipo. Es ideal para sujetar <strong data-start=\"1967\" data-end=\"2057\">Tarjetas de identificaci\u00f3n, pases de visitantes, tarjetas identificativas, tarjetas de acceso, llaves y accesorios ligeros<\/strong> manteniendo la marca clara y f\u00e1cil de percibir.<\/p>\n<p data-start=\"2110\" data-end=\"2702\">Una de las ventajas m\u00e1s destacadas de este producto es su <strong data-start=\"2165\" data-end=\"2193\">flexibilidad de impresi\u00f3n personalizada<\/strong>. Las im\u00e1genes muestran una amplia gama de coloridos dise\u00f1os de correas, incluyendo <strong data-start=\"2261\" data-end=\"2370\">colores lisos, rayas, estampados florales, gr\u00e1ficos geom\u00e9tricos, motivos multicolores y logotipos repetidos<\/strong>. Esto hace que el producto sea id\u00f3neo no s\u00f3lo para el uso b\u00e1sico de identificaci\u00f3n en la oficina, sino tambi\u00e9n para <strong data-start=\"2455\" data-end=\"2578\">campa\u00f1as para eventos, programas escolares, material para ferias comerciales, tarjetas de socio, art\u00edculos de venta al por menor y lotes de regalos promocionales<\/strong>. Las marcas pueden crear un aspecto sencillo y limpio o un dise\u00f1o m\u00e1s decorativo en funci\u00f3n del p\u00fablico al que se dirijan y del estilo de la campa\u00f1a.<\/p>\n<p data-start=\"2704\" data-end=\"3306\">En <strong data-start=\"2708\" data-end=\"2728\">hebilla de seguridad<\/strong> a\u00f1ade comodidad adicional para el uso diario. Permite soltar la eslinga r\u00e1pidamente cuando es necesario, lo que resulta \u00fatil en lugares de trabajo, escuelas, conferencias y entornos activos en los que los usuarios pueden desear una soluci\u00f3n de correa para el cuello m\u00e1s flexible. El <strong data-start=\"2965\" data-end=\"2987\">cierre met\u00e1lico giratorio<\/strong> en la parte inferior proporciona un punto de conexi\u00f3n seguro para sujetar un portacredenciales, una funda para tarjetas, un llavero u otro elemento ligero. Algunas de las im\u00e1genes tambi\u00e9n muestran la eslinga combinada con un <strong data-start=\"3172\" data-end=\"3214\">portacredenciales o carrete retr\u00e1ctil para credenciales<\/strong>, lo que ayuda a demostrar su idoneidad para aplicaciones de identificaci\u00f3n y tarjetas de acceso.<\/p>\n<p data-start=\"3308\" data-end=\"3816\">Otra ventaja clave es la <strong data-start=\"3335\" data-end=\"3363\">variedad de anchuras<\/strong> que se muestran en las im\u00e1genes del producto. La pantalla de selecci\u00f3n de anchura muestra <strong data-start=\"3427\" data-end=\"3461\">1 cm, 1,2 cm, 1,5 cm y 2 cm<\/strong> lo que significa que este estilo puede adaptarse a diferentes tama\u00f1os de logotipo, preferencias de uso y aspectos de dise\u00f1o. Un ancho m\u00e1s estrecho puede ser adecuado para tarjeteros ligeros o para una marca m\u00ednima, mientras que las cintas m\u00e1s anchas ofrecen m\u00e1s espacio para logotipos, texto e ilustraciones decorativas. Esto hace que el producto sea m\u00e1s flexible tanto para proyectos corporativos como promocionales.<\/p>\n<p data-start=\"3818\" data-end=\"4211\">Las im\u00e1genes del producto tambi\u00e9n sugieren <strong data-start=\"3850\" data-end=\"3899\">m\u00faltiples estilos de material para las correas o tejidos<\/strong>, Este formato ofrece a los compradores m\u00e1s espacio para crear el equilibrio adecuado entre color, textura y presentaci\u00f3n impresa. Tanto si necesita un cord\u00f3n de identificaci\u00f3n de estilo empresarial limpio, un regalo llamativo para una conferencia o un accesorio escolar colorido, este formato de cord\u00f3n ofrece una combinaci\u00f3n fiable de funci\u00f3n diaria y valor visual de marca.<\/p>\n<p data-start=\"4213\" data-end=\"4658\">Como los lanyards se llevan puestos o se transportan repetidamente, siguen promocionando un logotipo una vez finalizado el evento o la campa\u00f1a original. Esto los convierte en uno de los productos promocionales de bajo volumen m\u00e1s \u00fatiles para organizaciones que desean <strong data-start=\"4439\" data-end=\"4467\">exposici\u00f3n de marca a largo plazo<\/strong>. La gente suele seguir utiliz\u00e1ndolas como credenciales de trabajo, tarjetas del campus, llaves de la oficina, accesos a edificios o accesorios personales, lo que contribuye a ampliar la visibilidad de su marca mucho m\u00e1s all\u00e1 de un obsequio puntual.<\/p>\n<p data-start=\"4660\" data-end=\"4941\">Esta eslinga de seguridad personalizada es una buena opci\u00f3n para las empresas y organizaciones que buscan un cord\u00f3n de seguridad personalizable. <strong data-start=\"4756\" data-end=\"4816\">producto funcional, personalizable y f\u00e1cil de distribuir<\/strong>. Es lo suficientemente sencillo como para utilizarlo en eventos de gran volumen, pero lo suficientemente atractivo como para funcionar como art\u00edculo de marca o accesorio para el personal.<\/p>\n<p data-start=\"4943\" data-end=\"5695\"><strong data-start=\"4943\" data-end=\"4959\">Caracter\u00edsticas principales<\/strong><br data-start=\"4959\" data-end=\"4962\" \/>\u2022 <strong data-start=\"4964\" data-end=\"5000\">Eslinga de seguridad con impresi\u00f3n personalizada<\/strong> para eventos, uso del personal y promociones<br data-start=\"5038\" data-end=\"5041\" \/>\u2022 <strong data-start=\"5043\" data-end=\"5071\">Hebilla de pl\u00e1stico antirotura<\/strong> para mayor comodidad y flexibilidad<br data-start=\"5109\" data-end=\"5112\" \/>\u2022 <strong data-start=\"5114\" data-end=\"5151\">Cierre met\u00e1lico giratorio \/ gancho de langosta<\/strong> para llaves, credenciales y tarjeteros<br data-start=\"5186\" data-end=\"5189\" \/>\u2022 <strong data-start=\"5191\" data-end=\"5219\">Correa impresa a todo color<\/strong> con logotipo, texto e ilustraciones decorativas<br data-start=\"5259\" data-end=\"5262\" \/>\u2022 <strong data-start=\"5264\" data-end=\"5303\">Disponible en varias anchuras<\/strong> se muestran como 1 cm, 1,2 cm, 1,5 cm y 2 cm<br data-start=\"5343\" data-end=\"5346\" \/>\u2022 <strong data-start=\"5348\" data-end=\"5400\">Funciona bien con portacredenciales y accesorios de identificaci\u00f3n<\/strong> que se muestran en las im\u00e1genes del producto<br data-start=\"5428\" data-end=\"5431\" \/>\u2022 <strong data-start=\"5433\" data-end=\"5509\">Adecuado para conferencias, escuelas, oficinas, ferias y exposiciones<\/strong><br data-start=\"5509\" data-end=\"5512\" \/>\u2022 <strong data-start=\"5514\" data-end=\"5570\">\u00datil para el uso diario y la exposici\u00f3n repetida a las marcas<\/strong><br data-start=\"5570\" data-end=\"5573\" \/>\u2022 <strong data-start=\"5575\" data-end=\"5605\">F\u00e1cil de distribuir a granel<\/strong> para campa\u00f1as y actos<br data-start=\"5630\" data-end=\"5633\" \/>\u2022 <strong data-start=\"5635\" data-end=\"5693\">Una alternativa m\u00e1s flexible a las eslingas est\u00e1ndar<\/strong><\/p>\n<p data-start=\"5697\" data-end=\"6309\"><strong data-start=\"5697\" data-end=\"5715\">Especificaciones<\/strong><br data-start=\"5715\" data-end=\"5718\" \/>Tipo de producto: Eslinga de seguridad con impresi\u00f3n personalizada<br data-start=\"5764\" data-end=\"5767\" \/>Estilo: Cord\u00f3n para el cuello \/ cord\u00f3n de identificaci\u00f3n \/ correa para eventos<br data-start=\"5813\" data-end=\"5816\" \/>Material: Correa de tela con hebilla de pl\u00e1stico y herrajes met\u00e1licos<br data-start=\"5877\" data-end=\"5880\" \/>Fijaci\u00f3n: Cierre giratorio de metal \/ gancho de langosta<br data-start=\"5925\" data-end=\"5928\" \/>Caracter\u00edstica de liberaci\u00f3n: Hebilla de seguridad<br data-start=\"5961\" data-end=\"5964\" \/>Opciones de anchura mostradas en las im\u00e1genes: 1 cm \/ 1,2 cm \/ 1,5 cm \/ 2 cm<br data-start=\"6024\" data-end=\"6027\" \/>Estilo de logotipo: Logotipo impreso a todo color e ilustraciones personalizadas<br data-start=\"6081\" data-end=\"6084\" \/>Accesorios opcionales mostrados en las im\u00e1genes: Portacredenciales, carrete portacredenciales, emparejamiento de tarjeteros<br data-start=\"6167\" data-end=\"6170\" \/>Uso: tarjetas de identificaci\u00f3n, credenciales, pases de visitantes, llaves, tarjetas de acceso, accesorios ligeros<br data-start=\"6246\" data-end=\"6249\" \/>Tema: Eventos, uso del personal, conferencias, escuelas, promociones<\/p>\n<p data-start=\"6311\" data-end=\"6880\"><strong data-start=\"6311\" data-end=\"6338\">Por qu\u00e9 elegir este producto<\/strong><br data-start=\"6338\" data-end=\"6341\" \/>Este producto ofrece un s\u00f3lido equilibrio de <strong data-start=\"6381\" data-end=\"6451\">visibilidad de la marca, funci\u00f3n diaria y flexibilidad de personalizaci\u00f3n<\/strong>. En comparaci\u00f3n con un cord\u00f3n sencillo, ofrece m\u00e1s espacio para dise\u00f1os personalizados, mayor impacto visual y la comodidad a\u00f1adida de una hebilla de seguridad. Es ligero, pr\u00e1ctico y f\u00e1cil de entregar en eventos, pero tambi\u00e9n tiene suficiente valor cotidiano como para que los usuarios lo conserven y sigan utiliz\u00e1ndolo. Para marcas, escuelas y organizaciones que buscan un accesorio de identificaci\u00f3n \u00fatil y profesional, \u00e9sta es una opci\u00f3n fiable.<\/p>\n<p data-start=\"6882\" data-end=\"7182\"><strong data-start=\"6882\" data-end=\"6895\">Ideal para<\/strong><br data-start=\"6895\" data-end=\"6898\" \/>- Conferencias y ferias<br data-start=\"6927\" data-end=\"6930\" \/>- Uso del carn\u00e9 escolar y del campus<br data-start=\"6956\" data-end=\"6959\" \/>- Identificaci\u00f3n del personal de oficina<br data-start=\"6988\" data-end=\"6991\" \/>- Titulares de un pase de visitante<br data-start=\"7013\" data-end=\"7016\" \/>- Programas de inscripci\u00f3n en eventos<br data-start=\"7045\" data-end=\"7048\" \/>- Tarjetas de socio y uso del club<br data-start=\"7079\" data-end=\"7082\" \/>- Promociones de empresa<br data-start=\"7104\" data-end=\"7107\" \/>- Regalos de exposici\u00f3n<br data-start=\"7129\" data-end=\"7132\" \/>- Productos de la empresa<br data-start=\"7153\" data-end=\"7156\" \/>- Portar llaves y tarjetas<\/p>\n<p data-start=\"7184\" data-end=\"7193\"><strong data-start=\"7184\" data-end=\"7191\">PREGUNTAS FRECUENTES<\/strong><\/p>\n<p data-start=\"7195\" data-end=\"7360\"><strong data-start=\"7195\" data-end=\"7242\">\u00bfSe puede personalizar este lanyard con un logotipo?<\/strong><br data-start=\"7242\" data-end=\"7245\" \/>S\u00ed. La correa se puede personalizar con <strong data-start=\"7283\" data-end=\"7357\">impresi\u00f3n de logotipos a todo color, ilustraciones repetidas, texto y patrones gr\u00e1ficos<\/strong>.<\/p>\n<p data-start=\"7362\" data-end=\"7503\"><strong data-start=\"7362\" data-end=\"7408\">\u00bfTiene este cord\u00f3n una hebilla de seguridad?<\/strong><br data-start=\"7408\" data-end=\"7411\" \/>S\u00ed. Las im\u00e1genes del producto muestran un <strong data-start=\"7442\" data-end=\"7470\">hebilla de pl\u00e1stico<\/strong> dise\u00f1o para una liberaci\u00f3n c\u00f3moda.<\/p>\n<p data-start=\"7505\" data-end=\"7658\"><strong data-start=\"7505\" data-end=\"7543\">\u00bfPara qu\u00e9 se puede utilizar este cord\u00f3n?<\/strong><br data-start=\"7543\" data-end=\"7546\" \/>Puede utilizarse para <strong data-start=\"7565\" data-end=\"7655\">Tarjetas de identificaci\u00f3n, credenciales, pases de personal, tarjetas de visitante, llaves y otros accesorios ligeros<\/strong>.<\/p>\n<p data-start=\"7660\" data-end=\"7789\"><strong data-start=\"7660\" data-end=\"7694\">\u00bfIncluye cierre met\u00e1lico?<\/strong><br data-start=\"7694\" data-end=\"7697\" \/>S\u00ed. El accesorio inferior que se muestra en las im\u00e1genes es un <strong data-start=\"7749\" data-end=\"7786\">cierre met\u00e1lico giratorio \/ gancho de langosta<\/strong>.<\/p>\n<p data-start=\"7791\" data-end=\"7935\"><strong data-start=\"7791\" data-end=\"7832\">\u00bfSe puede combinar con un portacredenciales?<\/strong><br data-start=\"7832\" data-end=\"7835\" \/>S\u00ed. Las im\u00e1genes del producto muestran que se utiliza junto con <strong data-start=\"7892\" data-end=\"7932\">accesorios para portacredenciales y tarjetas de identificaci\u00f3n<\/strong>.<\/p>\n<p data-start=\"7937\" data-end=\"8071\"><strong data-start=\"7937\" data-end=\"7974\">\u00bfQu\u00e9 opciones de anchura hay disponibles?<\/strong><br data-start=\"7974\" data-end=\"7977\" \/>La selecci\u00f3n de anchos mostrada en las im\u00e1genes incluye <strong data-start=\"8026\" data-end=\"8060\">1 cm, 1,2 cm, 1,5 cm y 2 cm<\/strong> opciones.<\/p>\n<p data-start=\"8073\" data-end=\"8255\"><strong data-start=\"8073\" data-end=\"8116\">\u00bfSe puede imprimir la correa a todo color?<\/strong><br data-start=\"8116\" data-end=\"8119\" \/>S\u00ed. Las im\u00e1genes muestran claramente <strong data-start=\"8148\" data-end=\"8184\">dise\u00f1os de correas impresos a todo color<\/strong>, colores lisos, rayas, motivos florales y logotipos.<\/p>\n<p data-start=\"8257\" data-end=\"8425\"><strong data-start=\"8257\" data-end=\"8313\">\u00bfEste producto es adecuado para eventos y conferencias?<\/strong><br data-start=\"8313\" data-end=\"8316\" \/>S\u00ed. Es ideal para <strong data-start=\"8337\" data-end=\"8422\">ferias, conferencias, exposiciones, programas de inscripci\u00f3n y uso de distintivos para eventos<\/strong>.<\/p>\n<p data-start=\"8427\" data-end=\"8592\"><strong data-start=\"8427\" data-end=\"8472\">\u00bfPueden las escuelas y oficinas utilizar este cord\u00f3n?<\/strong><br data-start=\"8472\" data-end=\"8475\" \/>S\u00ed. Se adapta muy bien a <strong data-start=\"8503\" data-end=\"8589\">tarjetas de identificaci\u00f3n escolar, tarjetas de acceso a las oficinas, identificaci\u00f3n del personal y transporte diario de llaves<\/strong>.<\/p>\n<p data-start=\"8594\" data-end=\"8805\"><strong data-start=\"8594\" data-end=\"8637\">\u00bfPor qu\u00e9 es un buen producto promocional?<\/strong><br data-start=\"8637\" data-end=\"8640\" \/>Porque es <strong data-start=\"8654\" data-end=\"8726\">\u00fatiles, ponibles, f\u00e1ciles de personalizar y, a menudo, reutilizables despu\u00e9s de un acontecimiento<\/strong>, Adem\u00e1s, proporciona una exposici\u00f3n m\u00e1s duradera del logotipo que muchos art\u00edculos de regalo.<\/p>\n<p data-start=\"8807\" data-end=\"8968\" data-is-last-node=\"\" data-is-only-node=\"\">","protected":false},"excerpt":{"rendered":"<p>Este cord\u00f3n de seguridad impreso a medida est\u00e1 dise\u00f1ado para tarjetas de identificaci\u00f3n de eventos, identificaciones de personal, llaves y uso promocional. Con tejido impreso a todo color, hebilla de seguridad, cierre met\u00e1lico y anchos personalizables, es una opci\u00f3n pr\u00e1ctica y muy visible para conferencias, escuelas, oficinas, exposiciones y regalos de marca.<\/p>","protected":false},"featured_media":47536,"template":"","meta":{"_gspb_post_css":""},"product_brand":[],"product_cat":[35],"product_tag":[],"class_list":{"0":"post-47535","1":"product","2":"type-product","3":"status-publish","4":"has-post-thumbnail","6":"product_cat-tradeshow-events","8":"first","9":"instock","10":"shipping-taxable","11":"product-type-simple"},"_links":{"self":[{"href":"https:\/\/globalgiftsupplier.com\/es\/wp-json\/wp\/v2\/product\/47535","targetHints":{"allow":["GET"]}}],"collection":[{"href":"https:\/\/globalgiftsupplier.com\/es\/wp-json\/wp\/v2\/product"}],"about":[{"href":"https:\/\/globalgiftsupplier.com\/es\/wp-json\/wp\/v2\/types\/product"}],"wp:featuredmedia":[{"embeddable":true,"href":"https:\/\/globalgiftsupplier.com\/es\/wp-json\/wp\/v2\/media\/47536"}],"wp:attachment":[{"href":"https:\/\/globalgiftsupplier.com\/es\/wp-json\/wp\/v2\/media?parent=47535"}],"wp:term":[{"taxonomy":"product_brand","embeddable":true,"href":"https:\/\/globalgiftsupplier.com\/es\/wp-json\/wp\/v2\/product_brand?post=47535"},{"taxonomy":"product_cat","embeddable":true,"href":"https:\/\/globalgiftsupplier.com\/es\/wp-json\/wp\/v2\/product_cat?post=47535"},{"taxonomy":"product_tag","embeddable":true,"href":"https:\/\/globalgiftsupplier.com\/es\/wp-json\/wp\/v2\/product_tag?post=47535"}],"curies":[{"name":"wp","href":"https:\/\/api.w.org\/{rel}","templated":true}]}}