{"id":47520,"date":"2026-03-31T15:29:01","date_gmt":"2026-03-31T15:29:01","guid":{"rendered":"https:\/\/globalgiftsupplier.com\/?post_type=product&#038;p=47520"},"modified":"2026-03-31T15:29:01","modified_gmt":"2026-03-31T15:29:01","slug":"custom-printed-lanyard-with-metal-clasp-and-logo","status":"publish","type":"product","link":"https:\/\/globalgiftsupplier.com\/es\/product\/custom-printed-lanyard-with-metal-clasp-and-logo\/","title":{"rendered":"Lanyard impreso personalizado con cierre met\u00e1lico y logotipo"},"content":{"rendered":"<p data-start=\"1590\" data-end=\"2132\">Este <strong data-start=\"1621\" data-end=\"1647\">cord\u00f3n impreso personalizado<\/strong> es un accesorio promocional pr\u00e1ctico y de gran visibilidad dise\u00f1ado para eventos, oficinas, escuelas, programas de venta al por menor y art\u00edculos de marca. Con su construcci\u00f3n de correa larga, cierre met\u00e1lico seguro y presentaci\u00f3n clara del logotipo, funciona bien como art\u00edculo \u00fatil de uso diario a la vez que proporciona a su marca una exposici\u00f3n repetida en entornos p\u00fablicos. Tanto si se utiliza para llaves, tarjetas de identificaci\u00f3n, tarjeteros, peque\u00f1os accesorios o pases para eventos, esta cinta combina comodidad con un gran valor de marca.<\/p>\n<p data-start=\"2134\" data-end=\"2649\">El producto cuenta con un <strong data-start=\"2157\" data-end=\"2181\">dise\u00f1o de correa impreso<\/strong> con un aspecto limpio y moderno que puede personalizarse con diferentes colores, patrones gr\u00e1ficos y estilos de logotipo. Bas\u00e1ndonos en las im\u00e1genes del producto, este estilo funciona especialmente bien para las marcas que quieren algo visualmente m\u00e1s interesante que un simple lanyard. En lugar de una correa b\u00e1sica de un solo color, ofrece espacio para <strong data-start=\"2485\" data-end=\"2557\">motivos decorativos, ilustraciones repetidas y presentaci\u00f3n de logotipos de alta calidad<\/strong>, ayudando a que su producto luzca m\u00e1s a la moda y sea m\u00e1s memorable en obsequios o para uso del personal.<\/p>\n<p data-start=\"2651\" data-end=\"3210\">A <strong data-start=\"2653\" data-end=\"2675\">cierre met\u00e1lico giratorio<\/strong> se fija en el extremo de la correa para un uso diario pr\u00e1ctico. Este estilo de gancho es adecuado para sujetar llaves, fundas para tarjetas, porta-identificaci\u00f3n, pases de acceso, tiradores de cremallera y accesorios ligeros. Los herrajes met\u00e1licos tambi\u00e9n a\u00f1aden un aspecto m\u00e1s pulido en comparaci\u00f3n con los herrajes de pl\u00e1stico de menor coste, lo que hace que el lanyard resulte m\u00e1s atractivo para regalos de empresa, material para eventos y art\u00edculos de venta al por menor. Algunas de las versiones de la imagen tambi\u00e9n muestran herrajes en distintos acabados met\u00e1licos, lo que puede ayudar a las marcas a ajustarse mejor a su estilo visual.<\/p>\n<p data-start=\"3212\" data-end=\"3681\">Otro punto fuerte de este estilo de cord\u00f3n es su <strong data-start=\"3264\" data-end=\"3292\">presentaci\u00f3n de logotipos personalizados<\/strong>. Las im\u00e1genes muestran tanto la decoraci\u00f3n impresa de la correa como elementos en relieve del logotipo de la marca, que ayudan a que el producto tenga un aspecto m\u00e1s personalizado y m\u00e1s centrado en la marca. Esto hace que sea una buena elecci\u00f3n para las empresas que quieren algo m\u00e1s que una simple correa para eventos. Puede funcionar como un accesorio de marca que los clientes, empleados o asistentes al evento sigan utilizando una vez finalizada la campa\u00f1a o el evento original.<\/p>\n<p data-start=\"3683\" data-end=\"4118\">Dado que los lanyards se utilizan mucho en conferencias, ferias, exposiciones, escuelas, oficinas y actos p\u00fablicos, son uno de los productos promocionales m\u00e1s pr\u00e1cticos para una exposici\u00f3n a largo plazo. La gente los lleva colgados del cuello, los sujeta a las llaves o los utiliza como tarjeteros a diario. Esto significa que su marca permanecer\u00e1 visible no s\u00f3lo durante el evento en s\u00ed, sino tambi\u00e9n despu\u00e9s, en los desplazamientos, el trabajo de oficina y las rutinas diarias.<\/p>\n<p data-start=\"4120\" data-end=\"4573\">Este producto tambi\u00e9n es adecuado para <strong data-start=\"4156\" data-end=\"4199\">colecciones promocionales de moda<\/strong> porque la correa puede adaptarse a diferentes estampados y combinaciones de colores. Desde atrevidos estilos geom\u00e9tricos hasta estampados florales y vivos colores de marca, puede personalizarse para identidad corporativa, temas de eventos, lanzamientos de productos, merchandising para aficionados, branding universitario, promociones minoristas y campa\u00f1as comunitarias. Es sencillo, \u00fatil, f\u00e1cil de distribuir y visualmente eficaz.<\/p>\n<p data-start=\"4575\" data-end=\"4943\">Para las empresas que buscan un accesorio poco voluminoso pero de gran visibilidad, este cord\u00f3n personalizado ofrece un s\u00f3lido equilibrio entre funcionalidad, estilo y flexibilidad de marca. Es adecuado para <strong data-start=\"4752\" data-end=\"4861\">obsequios para eventos, accesorios para el personal, regalos para clientes, programas de recuerdos y colecciones de productos personalizados<\/strong>, La gama de productos para ferias y eventos es una de las m\u00e1s vers\u00e1tiles del mercado.<\/p>\n<p data-start=\"4945\" data-end=\"5608\"><strong data-start=\"4945\" data-end=\"4961\">Caracter\u00edsticas principales<\/strong><br data-start=\"4961\" data-end=\"4964\" \/>\u2022 <strong data-start=\"4966\" data-end=\"4999\">Dise\u00f1o de cord\u00f3n impreso personalizado<\/strong> para eventos y promociones<br data-start=\"5029\" data-end=\"5032\" \/>\u2022 <strong data-start=\"5034\" data-end=\"5060\">Cierre met\u00e1lico<\/strong> para llaves, insignias, soportes y accesorios<br data-start=\"5103\" data-end=\"5106\" \/>\u2022 <strong data-start=\"5108\" data-end=\"5134\">Gran visibilidad del logotipo<\/strong> en la zona de la correa y la marca<br data-start=\"5165\" data-end=\"5168\" \/>\u2022 <strong data-start=\"5170\" data-end=\"5225\">Adecuado para dise\u00f1os a todo color e ilustraciones personalizadas<\/strong><br data-start=\"5225\" data-end=\"5228\" \/>\u2022 <strong data-start=\"5230\" data-end=\"5255\">\u00datil para el d\u00eda a d\u00eda<\/strong> en oficinas, escuelas, eventos y exposiciones<br data-start=\"5300\" data-end=\"5303\" \/>\u2022 <strong data-start=\"5305\" data-end=\"5344\">Aspecto profesional y elegante<\/strong> en comparaci\u00f3n con las eslingas est\u00e1ndar<br data-start=\"5382\" data-end=\"5385\" \/>\u2022 <strong data-start=\"5387\" data-end=\"5443\">Disponible en varios dise\u00f1os y colores<\/strong> bas\u00e1ndose en las im\u00e1genes de los productos<br data-start=\"5471\" data-end=\"5474\" \/>\u2022 <strong data-start=\"5476\" data-end=\"5537\">Ideal para regalos, mercanc\u00edas e identificaci\u00f3n del personal<\/strong><br data-start=\"5537\" data-end=\"5540\" \/>\u2022 <strong data-start=\"5542\" data-end=\"5582\">F\u00e1cil de transportar y de distribuir<\/strong> en actos y campa\u00f1as<\/p>\n<p data-start=\"5610\" data-end=\"6152\"><strong data-start=\"5610\" data-end=\"5628\">Especificaciones<\/strong><br data-start=\"5628\" data-end=\"5631\" \/>Tipo de producto: Cord\u00f3n impreso personalizado<br data-start=\"5667\" data-end=\"5670\" \/>Estilo: Cord\u00f3n para el cuello \/ correa promocional<br data-start=\"5709\" data-end=\"5712\" \/>Material: Correa de tela con herrajes met\u00e1licos<br data-start=\"5754\" data-end=\"5757\" \/>Fijaci\u00f3n: Cierre giratorio de metal \/ gancho de langosta<br data-start=\"5802\" data-end=\"5805\" \/>Opciones de logotipo: Logotipo impreso \/ logotipo decorativo de presentaci\u00f3n<br data-start=\"5862\" data-end=\"5865\" \/>Estilo de patr\u00f3n: Patr\u00f3n personalizado a todo color disponible<br data-start=\"5915\" data-end=\"5918\" \/>Acabado de los herrajes: Tono plateado, tono dorado, tono dorado rosa mostrados en las im\u00e1genes del producto<br data-start=\"5997\" data-end=\"6000\" \/>Uso: Llaves, tarjetas de identificaci\u00f3n, portacredenciales, fundas para tarjetas, accesorios ligeros<br data-start=\"6082\" data-end=\"6085\" \/>Tema: Eventos, promociones, uso del personal, mercanc\u00edas<br data-start=\"6134\" data-end=\"6137\" \/>Origen: China<\/p>\n<p data-start=\"6154\" data-end=\"6731\"><strong data-start=\"6154\" data-end=\"6181\">Por qu\u00e9 elegir este producto<\/strong><br data-start=\"6181\" data-end=\"6184\" \/>Este cord\u00f3n ofrece una potente combinaci\u00f3n de <strong data-start=\"6228\" data-end=\"6304\">funci\u00f3n pr\u00e1ctica, personalizaci\u00f3n visual y exposici\u00f3n repetida a la marca<\/strong>. Es m\u00e1s elegante que un simple cord\u00f3n b\u00e1sico, m\u00e1s f\u00e1cil de personalizar con ilustraciones y colores, y \u00fatil en una amplia gama de negocios y eventos. Dado que puede seguir utiliz\u00e1ndose despu\u00e9s del evento o la promoci\u00f3n original, proporciona a su logotipo m\u00e1s visibilidad a largo plazo que muchos productos que se regalan una sola vez. Para las marcas que desean un art\u00edculo sencillo con gran utilidad diaria y valor de personalizaci\u00f3n, \u00e9sta es una opci\u00f3n fiable.<\/p>\n<p data-start=\"6733\" data-end=\"7041\"><strong data-start=\"6733\" data-end=\"6746\">Ideal para<\/strong><br data-start=\"6746\" data-end=\"6749\" \/>- Regalos para ferias<br data-start=\"6771\" data-end=\"6774\" \/>- Conferencias y exposiciones<br data-start=\"6803\" data-end=\"6806\" \/>- Actos corporativos<br data-start=\"6824\" data-end=\"6827\" \/>- Identificaci\u00f3n del personal y uso de la oficina<br data-start=\"6852\" data-end=\"6855\" \/>- Programas escolares y universitarios<br data-start=\"6887\" data-end=\"6890\" \/>- Afiliaci\u00f3n y accesorios del club<br data-start=\"6923\" data-end=\"6926\" \/>- Colecciones de mercanc\u00edas al por menor<br data-start=\"6958\" data-end=\"6961\" \/>- Campa\u00f1as de lanzamiento de marcas<br data-start=\"6985\" data-end=\"6988\" \/>- Propietarios de pases<br data-start=\"7008\" data-end=\"7011\" \/>- Uso para llevar llaves y distintivos<\/p>\n<p data-start=\"7043\" data-end=\"7052\"><strong data-start=\"7043\" data-end=\"7050\">PREGUNTAS FRECUENTES<\/strong><\/p>\n<p data-start=\"7054\" data-end=\"7252\"><strong data-start=\"7054\" data-end=\"7101\">\u00bfSe puede personalizar este lanyard con un logotipo?<\/strong><br data-start=\"7101\" data-end=\"7104\" \/>S\u00ed. La correa se puede personalizar con su logotipo, ilustraci\u00f3n o patr\u00f3n de marca, y las im\u00e1genes del producto tambi\u00e9n muestran opciones decorativas de presentaci\u00f3n del logotipo.<\/p>\n<p data-start=\"7254\" data-end=\"7413\"><strong data-start=\"7254\" data-end=\"7292\">\u00bfPara qu\u00e9 se puede utilizar este cord\u00f3n?<\/strong><br data-start=\"7292\" data-end=\"7295\" \/>Puede utilizarse para llaves, tarjetas de identificaci\u00f3n, fundas para tarjetas, pases para eventos y otros accesorios ligeros de uso diario.<\/p>\n<p data-start=\"7415\" data-end=\"7563\"><strong data-start=\"7415\" data-end=\"7448\">\u00bfIncluye un gancho met\u00e1lico?<\/strong><br data-start=\"7448\" data-end=\"7451\" \/>S\u00ed. El cord\u00f3n se muestra con un <strong data-start=\"7484\" data-end=\"7521\">cierre met\u00e1lico giratorio \/ gancho de langosta<\/strong> para sujetar diferentes objetos de forma segura.<\/p>\n<p data-start=\"7565\" data-end=\"7778\"><strong data-start=\"7565\" data-end=\"7621\">\u00bfEste producto es adecuado para ferias y eventos?<\/strong><br data-start=\"7621\" data-end=\"7624\" \/>S\u00ed. Es una buena elecci\u00f3n para conferencias, exposiciones, ferias comerciales e identificaci\u00f3n del personal porque es pr\u00e1ctico, visible y f\u00e1cil de distribuir.<\/p>\n<p data-start=\"7780\" data-end=\"7940\"><strong data-start=\"7780\" data-end=\"7823\">\u00bfSe puede imprimir la correa a todo color?<\/strong><br data-start=\"7823\" data-end=\"7826\" \/>S\u00ed. Seg\u00fan las im\u00e1genes del producto, este estilo es adecuado para <strong data-start=\"7887\" data-end=\"7937\">patrones a todo color y dise\u00f1os gr\u00e1ficos personalizados<\/strong>.<\/p>\n<p data-start=\"7942\" data-end=\"8108\"><strong data-start=\"7942\" data-end=\"7986\">\u00bfExisten diferentes colores de herrajes?<\/strong><br data-start=\"7986\" data-end=\"7989\" \/>Las im\u00e1genes del producto muestran diferentes acabados met\u00e1licos, entre ellos <strong data-start=\"8052\" data-end=\"8098\">tono plata, tono oro y tono oro rosa<\/strong> estilos.<\/p>\n<p data-start=\"8110\" data-end=\"8288\"><strong data-start=\"8110\" data-end=\"8147\">\u00bfEs s\u00f3lo para eventos empresariales?<\/strong><br data-start=\"8147\" data-end=\"8150\" \/>No. Tambi\u00e9n puede utilizarse para escuelas, clubes, art\u00edculos para aficionados, accesorios para tiendas, recuerdos tur\u00edsticos y colecciones promocionales de marca.<\/p>\n<p data-start=\"8290\" data-end=\"8478\"><strong data-start=\"8290\" data-end=\"8333\">\u00bfPor qu\u00e9 es un buen producto promocional?<\/strong><br data-start=\"8333\" data-end=\"8336\" \/>Al ser \u00fatil, ponible, f\u00e1cil de marcar y a menudo reutilizable despu\u00e9s del evento original, ayuda a mantener visible su logotipo durante m\u00e1s tiempo.<\/p>\n<p data-start=\"8480\" data-end=\"8646\" data-is-last-node=\"\" data-is-only-node=\"\">","protected":false},"excerpt":{"rendered":"<p>Este cord\u00f3n impreso personalizado con cierre met\u00e1lico es un accesorio promocional elegante y pr\u00e1ctico para eventos, insignias, llaves y art\u00edculos de uso diario. Con una correa impresa a todo color, un gancho met\u00e1lico seguro y un \u00e1rea visible para el logotipo, es una buena elecci\u00f3n para ferias comerciales, identificaci\u00f3n del personal, art\u00edculos de empresa y regalos de marca. Los m\u00faltiples estilos de dise\u00f1o y acabados de los herrajes ayudan a crear un aspecto personalizado de mayor calidad.<\/p>","protected":false},"featured_media":47521,"template":"","meta":{"_gspb_post_css":""},"product_brand":[],"product_cat":[35],"product_tag":[],"class_list":{"0":"post-47520","1":"product","2":"type-product","3":"status-publish","4":"has-post-thumbnail","6":"product_cat-tradeshow-events","8":"first","9":"instock","10":"shipping-taxable","11":"product-type-simple"},"_links":{"self":[{"href":"https:\/\/globalgiftsupplier.com\/es\/wp-json\/wp\/v2\/product\/47520","targetHints":{"allow":["GET"]}}],"collection":[{"href":"https:\/\/globalgiftsupplier.com\/es\/wp-json\/wp\/v2\/product"}],"about":[{"href":"https:\/\/globalgiftsupplier.com\/es\/wp-json\/wp\/v2\/types\/product"}],"wp:featuredmedia":[{"embeddable":true,"href":"https:\/\/globalgiftsupplier.com\/es\/wp-json\/wp\/v2\/media\/47521"}],"wp:attachment":[{"href":"https:\/\/globalgiftsupplier.com\/es\/wp-json\/wp\/v2\/media?parent=47520"}],"wp:term":[{"taxonomy":"product_brand","embeddable":true,"href":"https:\/\/globalgiftsupplier.com\/es\/wp-json\/wp\/v2\/product_brand?post=47520"},{"taxonomy":"product_cat","embeddable":true,"href":"https:\/\/globalgiftsupplier.com\/es\/wp-json\/wp\/v2\/product_cat?post=47520"},{"taxonomy":"product_tag","embeddable":true,"href":"https:\/\/globalgiftsupplier.com\/es\/wp-json\/wp\/v2\/product_tag?post=47520"}],"curies":[{"name":"wp","href":"https:\/\/api.w.org\/{rel}","templated":true}]}}