{"id":47453,"date":"2026-03-31T09:39:39","date_gmt":"2026-03-31T09:39:39","guid":{"rendered":"https:\/\/globalgiftsupplier.com\/?post_type=product&#038;p=47453"},"modified":"2026-03-31T09:39:39","modified_gmt":"2026-03-31T09:39:39","slug":"custom-felt-potato-grow-bag-with-harvest-window","status":"publish","type":"product","link":"https:\/\/globalgiftsupplier.com\/es\/product\/custom-felt-potato-grow-bag-with-harvest-window\/","title":{"rendered":"Bolsa de fieltro personalizada para patatas con ventana de cosecha"},"content":{"rendered":"<p data-start=\"1373\" data-end=\"1780\">Este saco de cultivo de fieltro personalizado para patatas es una soluci\u00f3n de jardiner\u00eda pr\u00e1ctica y reutilizable dise\u00f1ada para cultivar verduras, hierbas, flores y otras plantas peque\u00f1as en espacios reducidos. Fabricada con un suave pero duradero tejido de fieltro, ayuda a crear un entorno de plantaci\u00f3n ordenado a la vez que facilita la gesti\u00f3n de huertos dom\u00e9sticos, patios, balcones, invernaderos y zonas de cultivo al aire libre.<\/p>\n<p data-start=\"1782\" data-end=\"2208\">Una caracter\u00edstica clave de esta bolsa de cultivo es el dise\u00f1o de la ventana de cosecha frontal, que permite a los usuarios comprobar el crecimiento de la planta y cosechar c\u00f3modamente cultivos de ra\u00edces como las patatas sin sacar toda la planta del contenedor. Esto la hace especialmente \u00fatil para el cultivo de patatas, zanahorias, cacahuetes, cebollas y hortalizas similares. La bolsa tambi\u00e9n incluye asas laterales para facilitar el levantamiento, el desplazamiento y la colocaci\u00f3n durante la siembra y la cosecha.<\/p>\n<p data-start=\"2210\" data-end=\"2555\">El dise\u00f1o reutilizable la hace adecuada para un uso estacional repetido, mientras que la zona frontal limpia se puede personalizar con su logotipo para marcas de jardiner\u00eda, centros de jardiner\u00eda, promociones al aire libre, campa\u00f1as ecol\u00f3gicas y pr\u00e1cticos obsequios de estilo de vida. Disponible en varios colores y tama\u00f1os, esta bolsa de cultivo combina la funci\u00f3n de jardiner\u00eda con un gran valor promocional.<\/p>\n<p data-start=\"2557\" data-end=\"2954\"><strong data-start=\"2557\" data-end=\"2573\">Caracter\u00edsticas principales<\/strong><br data-start=\"2573\" data-end=\"2576\" \/>Dise\u00f1o de bolsa de cultivo de fieltro reutilizable<br data-start=\"2605\" data-end=\"2608\" \/>Ventana de recolecci\u00f3n frontal para facilitar el acceso<br data-start=\"2644\" data-end=\"2647\" \/>Adecuado para patatas y tub\u00e9rculos<br data-start=\"2688\" data-end=\"2691\" \/>Asas laterales para facilitar el transporte<br data-start=\"2721\" data-end=\"2724\" \/>Soluci\u00f3n de plantaci\u00f3n que ahorra espacio<br data-start=\"2754\" data-end=\"2757\" \/>Adecuado para jardiner\u00eda dom\u00e9stica, de patios y balcones<br data-start=\"2800\" data-end=\"2803\" \/>Impresi\u00f3n de logotipos personalizados<br data-start=\"2833\" data-end=\"2836\" \/>Ligero y f\u00e1cil de guardar<br data-start=\"2865\" data-end=\"2868\" \/>\u00datil para promociones estacionales de jardiner\u00eda<br data-start=\"2908\" data-end=\"2911\" \/>Adecuado para verduras, hierbas y flores<\/p>\n<p data-start=\"2956\" data-end=\"3553\"><strong data-start=\"2956\" data-end=\"2974\">Especificaciones<\/strong><br data-start=\"2974\" data-end=\"2977\" \/>Tipo de producto: Saco de cultivo de fieltro \/ saco para plantar patatas<br data-start=\"3025\" data-end=\"3028\" \/>Material: Tejido de fieltro<br data-start=\"3049\" data-end=\"3052\" \/>Dise\u00f1o: Jardinera cil\u00edndrica con ventana de cosecha<br data-start=\"3103\" data-end=\"3106\" \/>Caracter\u00edstica: Reutilizable, port\u00e1til, f\u00e1cil acceso a la cosecha<br data-start=\"3154\" data-end=\"3157\" \/>Tama\u00f1os disponibles: 7 galones, 10 galones<br data-start=\"3193\" data-end=\"3196\" \/>Referencia de talla:<br data-start=\"3211\" data-end=\"3214\" \/>7 galones: aprox. 30 x 35 cm<br data-start=\"3242\" data-end=\"3245\" \/>10 galones: aprox. 35 x 40 cm<br data-start=\"3274\" data-end=\"3277\" \/>Opciones de color mostradas: Verde, negro, beige<br data-start=\"3317\" data-end=\"3320\" \/>Personalizaci\u00f3n: Impresi\u00f3n de logotipo disponible<br data-start=\"3358\" data-end=\"3361\" \/>Aplicaci\u00f3n: Patatas, zanahorias, cebollas, cacahuetes, hierbas, flores, verduras<br data-start=\"3436\" data-end=\"3439\" \/>Escenario de uso: jardiner\u00eda dom\u00e9stica, plantaci\u00f3n en balcones, jardiner\u00eda en patios, uso en invernaderos, regalos promocionales<br data-start=\"3537\" data-end=\"3540\" \/>Origen: China<\/p>\n<p data-start=\"3555\" data-end=\"3897\"><strong data-start=\"3555\" data-end=\"3582\">Por qu\u00e9 elegir este producto<\/strong><br data-start=\"3582\" data-end=\"3585\" \/>Esta bolsa de cultivo es un s\u00f3lido art\u00edculo promocional de jardiner\u00eda porque es pr\u00e1ctica, reutilizable, visualmente sencilla para la marca y adecuada para el uso estacional. La ventana de cosecha a\u00f1ade comodidad y la hace m\u00e1s atractiva que una bolsa de cultivo est\u00e1ndar, especialmente para los clientes que cultivan patatas y otros tub\u00e9rculos.<\/p>\n<p data-start=\"3899\" data-end=\"4209\"><strong data-start=\"3899\" data-end=\"3912\">Ideal para<\/strong><br data-start=\"3912\" data-end=\"3915\" \/>Centros de jardiner\u00eda<br data-start=\"3929\" data-end=\"3932\" \/>Promociones de jardiner\u00eda dom\u00e9stica<br data-start=\"3957\" data-end=\"3960\" \/>Campa\u00f1as de primavera y de temporada<br data-start=\"3989\" data-end=\"3992\" \/>L\u00edneas de productos ecol\u00f3gicos<br data-start=\"4018\" data-end=\"4021\" \/>Marcas de estilo de vida al aire libre<br data-start=\"4045\" data-end=\"4048\" \/>Regalos para la agricultura y la siembra<br data-start=\"4082\" data-end=\"4085\" \/>Jardiner\u00eda de balcones y patios<br data-start=\"4112\" data-end=\"4115\" \/>Venta al por menor de accesorios de jardiner\u00eda<br data-start=\"4140\" data-end=\"4143\" \/>Kits de plantaci\u00f3n de hierbas y hortalizas<br data-start=\"4175\" data-end=\"4178\" \/>Regalos promocionales para el hogar y el jard\u00edn<\/p>\n<p data-start=\"4211\" data-end=\"4218\"><strong data-start=\"4211\" data-end=\"4218\">PREGUNTAS FRECUENTES<\/strong><\/p>\n<p data-start=\"4220\" data-end=\"4355\"><strong data-start=\"4220\" data-end=\"4268\">\u00bfSe puede personalizar esta bolsa de cultivo con un logotipo?<\/strong><br data-start=\"4268\" data-end=\"4271\" \/>S\u00ed. La zona frontal puede personalizarse con su logotipo para uso promocional y minorista.<\/p>\n<p data-start=\"4357\" data-end=\"4493\"><strong data-start=\"4357\" data-end=\"4398\">\u00bfQu\u00e9 se puede plantar en esta bolsa de cultivo?<\/strong><br data-start=\"4398\" data-end=\"4401\" \/>Es adecuado para patatas, zanahorias, cebollas, cacahuetes, hierbas, flores y otras hortalizas.<\/p>\n<p data-start=\"4495\" data-end=\"4629\"><strong data-start=\"4495\" data-end=\"4539\">\u00bfCu\u00e1l es el beneficio de la ventana frontal?<\/strong><br data-start=\"4539\" data-end=\"4542\" \/>La ventana de cosecha permite a los usuarios comprobar el crecimiento y retirar las hortalizas de ra\u00edz con mayor facilidad.<\/p>\n<p data-start=\"4631\" data-end=\"4724\"><strong data-start=\"4631\" data-end=\"4660\">\u00bfLa bolsa de cultivo es reutilizable?<\/strong><br data-start=\"4660\" data-end=\"4663\" \/>S\u00ed, est\u00e1 dise\u00f1ado para su uso repetido en todas las temporadas de siembra.<\/p>\n<p data-start=\"4726\" data-end=\"4810\"><strong data-start=\"4726\" data-end=\"4751\">\u00bfTiene asas?<\/strong><br data-start=\"4751\" data-end=\"4754\" \/>S\u00ed. Las asas laterales facilitan su desplazamiento y recolocaci\u00f3n.<\/p>\n<p data-start=\"4812\" data-end=\"4891\"><strong data-start=\"4812\" data-end=\"4841\">\u00bfQu\u00e9 tallas hay disponibles?<\/strong><br data-start=\"4841\" data-end=\"4844\" \/>Las im\u00e1genes muestran opciones de 7 galones y 10 galones.<\/p>\n<p data-start=\"4893\" data-end=\"5011\"><strong data-start=\"4893\" data-end=\"4938\">\u00bfEs adecuado para la jardiner\u00eda de espacios reducidos?<\/strong><br data-start=\"4938\" data-end=\"4941\" \/>S\u00ed. Funciona bien en patios, balcones, jardines e invernaderos.<\/p>","protected":false},"excerpt":{"rendered":"<p>Esta bolsa de fieltro personalizada para el cultivo de patatas est\u00e1 dise\u00f1ada para la pr\u00e1ctica de la jardiner\u00eda dom\u00e9stica y de exterior, con un cuerpo de tela reutilizable, asas de transporte laterales y una ventana de cosecha frontal para facilitar el acceso a las hortalizas de ra\u00edz. Adecuada para patatas, zanahorias, cacahuetes, cebollas, hierbas y otras plantas, es un producto de jardiner\u00eda \u00fatil para la venta al por menor, promociones de temporada y campa\u00f1as de jardiner\u00eda de marca.<\/p>","protected":false},"featured_media":47454,"template":"","meta":{"_gspb_post_css":""},"product_brand":[],"product_cat":[30],"product_tag":[],"class_list":{"0":"post-47453","1":"product","2":"type-product","3":"status-publish","4":"has-post-thumbnail","6":"product_cat-home-pets-tools","8":"first","9":"instock","10":"shipping-taxable","11":"product-type-simple"},"_links":{"self":[{"href":"https:\/\/globalgiftsupplier.com\/es\/wp-json\/wp\/v2\/product\/47453","targetHints":{"allow":["GET"]}}],"collection":[{"href":"https:\/\/globalgiftsupplier.com\/es\/wp-json\/wp\/v2\/product"}],"about":[{"href":"https:\/\/globalgiftsupplier.com\/es\/wp-json\/wp\/v2\/types\/product"}],"wp:featuredmedia":[{"embeddable":true,"href":"https:\/\/globalgiftsupplier.com\/es\/wp-json\/wp\/v2\/media\/47454"}],"wp:attachment":[{"href":"https:\/\/globalgiftsupplier.com\/es\/wp-json\/wp\/v2\/media?parent=47453"}],"wp:term":[{"taxonomy":"product_brand","embeddable":true,"href":"https:\/\/globalgiftsupplier.com\/es\/wp-json\/wp\/v2\/product_brand?post=47453"},{"taxonomy":"product_cat","embeddable":true,"href":"https:\/\/globalgiftsupplier.com\/es\/wp-json\/wp\/v2\/product_cat?post=47453"},{"taxonomy":"product_tag","embeddable":true,"href":"https:\/\/globalgiftsupplier.com\/es\/wp-json\/wp\/v2\/product_tag?post=47453"}],"curies":[{"name":"wp","href":"https:\/\/api.w.org\/{rel}","templated":true}]}}