{"id":47446,"date":"2026-03-31T09:36:54","date_gmt":"2026-03-31T09:36:54","guid":{"rendered":"https:\/\/globalgiftsupplier.com\/?post_type=product&#038;p=47446"},"modified":"2026-03-31T09:36:54","modified_gmt":"2026-03-31T09:36:54","slug":"custom-portable-folding-camping-table-with-logo","status":"publish","type":"product","link":"https:\/\/globalgiftsupplier.com\/es\/product\/custom-portable-folding-camping-table-with-logo\/","title":{"rendered":"Mesa de camping plegable port\u00e1til personalizada con logotipo"},"content":{"rendered":"<p data-start=\"1346\" data-end=\"1670\">Esta mesa de camping plegable y port\u00e1til personalizada es un pr\u00e1ctico accesorio para exteriores dise\u00f1ado para acampadas, picnics, barbacoas, viajes a la playa y eventos promocionales. Su estructura plegable hace que sea f\u00e1cil de montar, guardar y transportar, mientras que la bolsa de transporte incluida a\u00f1ade comodidad para viajar y almacenar.<\/p>\n<p data-start=\"1672\" data-end=\"2015\">La mesa cuenta con un tablero redondo con m\u00faltiples aberturas portavasos integradas, que ayudan a mantener las bebidas seguras y organizadas durante el uso al aire libre. Un estante inferior de tela proporciona espacio adicional para aperitivos, accesorios, botellas o peque\u00f1os art\u00edculos de camping, lo que hace que la mesa sea m\u00e1s funcional para actividades en grupo y reuniones informales al aire libre.<\/p>\n<p data-start=\"2017\" data-end=\"2354\">Su dise\u00f1o plegable y compacto la hace adecuada para personas que necesitan una soluci\u00f3n de mesa port\u00e1til sin ocupar demasiado espacio de almacenamiento. La superficie limpia tambi\u00e9n permite personalizar el logotipo de la marca, por lo que es un producto promocional \u00fatil para las marcas al aire libre, campa\u00f1as de viajes, regalos de empresa, eventos deportivos y programas de art\u00edculos de marca.<\/p>\n<p data-start=\"2356\" data-end=\"2529\">Disponible en colores brillantes y llamativos como el rojo y el azul, esta mesa de camping plegable combina portabilidad, comodidad y valor de marca en un producto preparado para el exterior.<\/p>\n<p data-start=\"2531\" data-end=\"2926\"><strong data-start=\"2531\" data-end=\"2547\">Caracter\u00edsticas principales<\/strong><br data-start=\"2547\" data-end=\"2550\" \/>Dise\u00f1o plegable y port\u00e1til<br data-start=\"2578\" data-end=\"2581\" \/>Tablero redondo para exteriores<br data-start=\"2611\" data-end=\"2614\" \/>Aberturas portavasos integradas<br data-start=\"2642\" data-end=\"2645\" \/>Estante inferior para m\u00e1s espacio<br data-start=\"2680\" data-end=\"2683\" \/>Incluye bolsa de transporte y almacenamiento<br data-start=\"2727\" data-end=\"2730\" \/>Adecuado para acampadas, picnics y actividades al aire libre<br data-start=\"2783\" data-end=\"2786\" \/>Impresi\u00f3n de logotipos personalizados<br data-start=\"2816\" data-end=\"2819\" \/>F\u00e1cil de guardar cuando no se utiliza<br data-start=\"2848\" data-end=\"2851\" \/>Pr\u00e1ctico para reuniones en grupo al aire libre<br data-start=\"2889\" data-end=\"2892\" \/>\u00datil producto promocional para exteriores<\/p>\n<p data-start=\"2928\" data-end=\"3369\"><strong data-start=\"2928\" data-end=\"2946\">Especificaciones<\/strong><br data-start=\"2946\" data-end=\"2949\" \/>Tipo de producto: Mesa de camping plegable<br data-start=\"2984\" data-end=\"2987\" \/>Material: Superficie de tela con marco de metal<br data-start=\"3028\" data-end=\"3031\" \/>Dise\u00f1o: Mesa redonda plegable port\u00e1til<br data-start=\"3068\" data-end=\"3071\" \/>Caracter\u00edsticas: Aberturas portavasos, estante inferior, bolsa de transporte<br data-start=\"3131\" data-end=\"3134\" \/>Opciones de color: Rojo, azul<br data-start=\"3158\" data-end=\"3161\" \/>Personalizaci\u00f3n: Impresi\u00f3n de logotipo disponible<br data-start=\"3199\" data-end=\"3202\" \/>Aplicaci\u00f3n: Camping, picnic, playa, tailgate, ocio al aire libre, promociones<br data-start=\"3276\" data-end=\"3279\" \/>Escenario de uso: Eventos al aire libre, viajes, reuniones familiares, regalos de marca<br data-start=\"3353\" data-end=\"3356\" \/>Origen: China<\/p>\n<p data-start=\"3371\" data-end=\"3699\"><strong data-start=\"3371\" data-end=\"3398\">Por qu\u00e9 elegir este producto<\/strong><br data-start=\"3398\" data-end=\"3401\" \/>Esta mesa de camping plegable es un potente art\u00edculo promocional para exteriores porque es pr\u00e1ctica, reutilizable, f\u00e1cil de transportar y f\u00e1cil de marcar. El dise\u00f1o con portavasos a\u00f1adido y el estante de almacenamiento inferior la hacen m\u00e1s funcional que una peque\u00f1a mesa de exterior est\u00e1ndar, dando visibilidad a su logotipo durante el uso real en exteriores.<\/p>\n<p data-start=\"3701\" data-end=\"3930\"><strong data-start=\"3701\" data-end=\"3714\">Ideal para<\/strong><br data-start=\"3714\" data-end=\"3717\" \/>Promociones de camping<br data-start=\"3735\" data-end=\"3738\" \/>Juegos de picnic<br data-start=\"3749\" data-end=\"3752\" \/>Regalos de marca al aire libre<br data-start=\"3775\" data-end=\"3778\" \/>Actividades de playa<br data-start=\"3794\" data-end=\"3797\" \/>Campa\u00f1as de viajes<br data-start=\"3813\" data-end=\"3816\" \/>Eventos Tailgate<br data-start=\"3831\" data-end=\"3834\" \/>Regalos de empresa para exteriores<br data-start=\"3857\" data-end=\"3860\" \/>Productos del festival<br data-start=\"3880\" data-end=\"3883\" \/>Uso familiar al aire libre<br data-start=\"3901\" data-end=\"3904\" \/>Material promocional para eventos<\/p>\n<p data-start=\"3932\" data-end=\"3939\"><strong data-start=\"3932\" data-end=\"3939\">PREGUNTAS FRECUENTES<\/strong><\/p>\n<p data-start=\"3941\" data-end=\"4079\"><strong data-start=\"3941\" data-end=\"3994\">\u00bfSe puede personalizar esta mesa de camping con un logotipo?<\/strong><br data-start=\"3994\" data-end=\"3997\" \/>S\u00ed. La mesa y la bolsa de transporte pueden personalizarse con su logotipo para uso promocional.<\/p>\n<p data-start=\"4081\" data-end=\"4179\"><strong data-start=\"4081\" data-end=\"4107\">\u00bfEs plegable la mesa?<\/strong><br data-start=\"4107\" data-end=\"4110\" \/>S\u00ed. Presenta una estructura plegable para facilitar su almacenamiento y transporte.<\/p>\n<p data-start=\"4181\" data-end=\"4269\"><strong data-start=\"4181\" data-end=\"4210\">\u00bfTiene portavasos?<\/strong><br data-start=\"4210\" data-end=\"4213\" \/>S\u00ed. El tablero de la mesa incluye huecos portavasos integrados.<\/p>\n<p data-start=\"4271\" data-end=\"4378\"><strong data-start=\"4271\" data-end=\"4304\">\u00bfHay espacio de almacenamiento adicional?<\/strong><br data-start=\"4304\" data-end=\"4307\" \/>S\u00ed, incluye un estante inferior para guardar peque\u00f1os objetos y accesorios.<\/p>\n<p data-start=\"4380\" data-end=\"4502\"><strong data-start=\"4380\" data-end=\"4415\">\u00bfEs adecuado para su uso en exteriores?<\/strong><br data-start=\"4415\" data-end=\"4418\" \/>S\u00ed. Est\u00e1 dise\u00f1ado para acampadas, picnics, viajes a la playa y otras actividades al aire libre.<\/p>\n<p data-start=\"4504\" data-end=\"4619\"><strong data-start=\"4504\" data-end=\"4538\">\u00bfViene con bolsa de transporte?<\/strong><br data-start=\"4538\" data-end=\"4541\" \/>S\u00ed. Las im\u00e1genes muestran una bolsa de transporte a juego para llevarla y guardarla c\u00f3modamente.<\/p>\n<p data-start=\"4621\" data-end=\"4691\"><strong data-start=\"4621\" data-end=\"4651\">\u00bfQu\u00e9 colores hay disponibles?<\/strong><br data-start=\"4651\" data-end=\"4654\" \/>Las im\u00e1genes muestran las opciones roja y azul.<\/p>","protected":false},"excerpt":{"rendered":"<p>Esta mesa de camping plegable port\u00e1til personalizada est\u00e1 dise\u00f1ada para un uso c\u00f3modo en exteriores, con una estructura plegable, tablero redondo, aberturas portavasos integradas y un estante de almacenamiento inferior adicional. F\u00e1cil de transportar y almacenar con la bolsa incluida, es una opci\u00f3n pr\u00e1ctica para acampar, picnics, salidas a la playa, tailgates, y la marca promocional.<\/p>","protected":false},"featured_media":47447,"template":"","meta":{"_gspb_post_css":""},"product_brand":[],"product_cat":[33],"product_tag":[],"class_list":{"0":"post-47446","1":"product","2":"type-product","3":"status-publish","4":"has-post-thumbnail","6":"product_cat-sports-outdoor","8":"first","9":"instock","10":"shipping-taxable","11":"product-type-simple"},"_links":{"self":[{"href":"https:\/\/globalgiftsupplier.com\/es\/wp-json\/wp\/v2\/product\/47446","targetHints":{"allow":["GET"]}}],"collection":[{"href":"https:\/\/globalgiftsupplier.com\/es\/wp-json\/wp\/v2\/product"}],"about":[{"href":"https:\/\/globalgiftsupplier.com\/es\/wp-json\/wp\/v2\/types\/product"}],"wp:featuredmedia":[{"embeddable":true,"href":"https:\/\/globalgiftsupplier.com\/es\/wp-json\/wp\/v2\/media\/47447"}],"wp:attachment":[{"href":"https:\/\/globalgiftsupplier.com\/es\/wp-json\/wp\/v2\/media?parent=47446"}],"wp:term":[{"taxonomy":"product_brand","embeddable":true,"href":"https:\/\/globalgiftsupplier.com\/es\/wp-json\/wp\/v2\/product_brand?post=47446"},{"taxonomy":"product_cat","embeddable":true,"href":"https:\/\/globalgiftsupplier.com\/es\/wp-json\/wp\/v2\/product_cat?post=47446"},{"taxonomy":"product_tag","embeddable":true,"href":"https:\/\/globalgiftsupplier.com\/es\/wp-json\/wp\/v2\/product_tag?post=47446"}],"curies":[{"name":"wp","href":"https:\/\/api.w.org\/{rel}","templated":true}]}}