{"id":47429,"date":"2026-03-31T09:30:30","date_gmt":"2026-03-31T09:30:30","guid":{"rendered":"https:\/\/globalgiftsupplier.com\/?post_type=product&#038;p=47429"},"modified":"2026-03-31T09:30:30","modified_gmt":"2026-03-31T09:30:30","slug":"custom-led-light-up-baseball-cap-with-logo","status":"publish","type":"product","link":"https:\/\/globalgiftsupplier.com\/es\/product\/custom-led-light-up-baseball-cap-with-logo\/","title":{"rendered":"Gorra de b\u00e9isbol con luz LED personalizada y logotipo"},"content":{"rendered":"<p data-start=\"1471\" data-end=\"1808\">Esta gorra de b\u00e9isbol con luz LED personalizada es un producto promocional divertido y llamativo dise\u00f1ado para eventos, actividades al aire libre, campa\u00f1as de marca y uso nocturno. Con su tira luminosa incorporada a lo largo del ala, la gorra a\u00f1ade un efecto visual brillante a la vez que mantiene el estilo informal familiar de una gorra de b\u00e9isbol cl\u00e1sica.<\/p>\n<p data-start=\"1810\" data-end=\"2127\">La gorra cuenta con un panel frontal para personalizar el logotipo, lo que la hace adecuada para promociones de marketing, festivales, conciertos, eventos deportivos, actividades de equipo, carreras nocturnas y programas de regalos. Tambi\u00e9n incluye un cierre ajustable de velcro para un ajuste flexible, lo que ayuda a que se adapte c\u00f3modamente a diferentes tama\u00f1os de cabeza.<\/p>\n<p data-start=\"2129\" data-end=\"2411\">Dise\u00f1ada con detalles pr\u00e1cticos, esta gorra incluye una disposici\u00f3n oculta de los interruptores, una estructura de cables desmontable y el dise\u00f1o de pilas reemplazables que se muestra en las im\u00e1genes del producto. La c\u00f3moda banda de sudoraci\u00f3n y el ala curva est\u00e1ndar la hacen adecuada para un uso prolongado tanto en eventos como en entornos informales.<\/p>\n<p data-start=\"2413\" data-end=\"2679\">Este producto es ideal para las empresas que buscan una gorra promocional que destaque m\u00e1s que los gorros normales. Combina el valor de la marca, la visibilidad y la novedad en un solo art\u00edculo, lo que la convierte en una buena opci\u00f3n para campa\u00f1as en las que importa una presentaci\u00f3n llamativa.<\/p>\n<p data-start=\"2681\" data-end=\"3027\"><strong data-start=\"2681\" data-end=\"2697\">Caracter\u00edsticas principales<\/strong><br data-start=\"2697\" data-end=\"2700\" \/>Dise\u00f1o del borde con iluminaci\u00f3n LED<br data-start=\"2724\" data-end=\"2727\" \/>\u00c1rea de impresi\u00f3n de logotipo personalizado en el panel frontal<br data-start=\"2767\" data-end=\"2770\" \/>Estilo cl\u00e1sico de gorra de b\u00e9isbol<br data-start=\"2796\" data-end=\"2799\" \/>Cierre autoadherente ajustable<br data-start=\"2831\" data-end=\"2834\" \/>Dise\u00f1o de interruptor oculto<br data-start=\"2854\" data-end=\"2857\" \/>Estructura de bater\u00eda sustituible<br data-start=\"2886\" data-end=\"2889\" \/>Dise\u00f1o de cable desmontable<br data-start=\"2911\" data-end=\"2914\" \/>C\u00f3moda banda de sudoraci\u00f3n<br data-start=\"2935\" data-end=\"2938\" \/>Adecuado para eventos y actividades nocturnas<br data-start=\"2978\" data-end=\"2981\" \/>\u00datil para campa\u00f1as promocionales y regalos<\/p>\n<p data-start=\"3029\" data-end=\"3552\"><strong data-start=\"3029\" data-end=\"3047\">Especificaciones<\/strong><br data-start=\"3047\" data-end=\"3050\" \/>Tipo de producto: Gorra de b\u00e9isbol con LED<br data-start=\"3080\" data-end=\"3083\" \/>Material: Tapa de tela con componente luminoso LED incorporado<br data-start=\"3137\" data-end=\"3140\" \/>Estilo: Gorra de b\u00e9isbol<br data-start=\"3159\" data-end=\"3162\" \/>Estilo de ala: Borde curvo<br data-start=\"3185\" data-end=\"3188\" \/>Tipo de cierre: Cinta autoadherente ajustable<br data-start=\"3232\" data-end=\"3235\" \/>Circunferencia de la cabeza: Aprox. 20-23,6 pulgadas<br data-start=\"3277\" data-end=\"3280\" \/>Longitud del ala: Aprox. 3.07 pulgadas<br data-start=\"3312\" data-end=\"3315\" \/>Caracter\u00edstica: Interruptor oculto, cables desmontables, bater\u00eda reemplazable<br data-start=\"3376\" data-end=\"3379\" \/>Opciones de color: Negro, blanco<br data-start=\"3406\" data-end=\"3409\" \/>Personalizaci\u00f3n: Impresi\u00f3n de logotipo disponible<br data-start=\"3447\" data-end=\"3450\" \/>Aplicaci\u00f3n: Eventos, conciertos, fiestas, promociones, actividades de equipo, uso nocturno al aire libre.<br data-start=\"3536\" data-end=\"3539\" \/>Origen: China<\/p>\n<p data-start=\"3554\" data-end=\"3903\"><strong data-start=\"3554\" data-end=\"3581\">Por qu\u00e9 elegir este producto<\/strong><br data-start=\"3581\" data-end=\"3584\" \/>Esta gorra LED ofrece un mayor atractivo visual que una gorra promocional normal. Ayuda a las marcas a llamar la atenci\u00f3n en eventos nocturnos y lugares concurridos, sin dejar de ser pr\u00e1ctica como mercanc\u00eda para llevar puesta. Gracias a su tama\u00f1o ajustable y a la posibilidad de personalizar el logotipo, es un producto \u00fatil para las campa\u00f1as que necesitan tanto branding como novedad.<\/p>\n<p data-start=\"3905\" data-end=\"4154\"><strong data-start=\"3905\" data-end=\"3918\">Ideal para<\/strong><br data-start=\"3918\" data-end=\"3921\" \/>Regalos para conciertos<br data-start=\"3938\" data-end=\"3941\" \/>Productos del festival<br data-start=\"3961\" data-end=\"3964\" \/>Promociones nocturnas<br data-start=\"3986\" data-end=\"3989\" \/>Campa\u00f1as de activaci\u00f3n de marca<br data-start=\"4015\" data-end=\"4018\" \/>Art\u00edculos para aficionados al deporte<br data-start=\"4040\" data-end=\"4043\" \/>Actividades en equipo<br data-start=\"4058\" data-end=\"4061\" \/>Art\u00edculos de fiesta<br data-start=\"4075\" data-end=\"4078\" \/>Programas de ropa promocional<br data-start=\"4106\" data-end=\"4109\" \/>Regalos para eventos al aire libre<br data-start=\"4128\" data-end=\"4131\" \/>Venta al por menor de productos novedosos<\/p>\n<p data-start=\"4156\" data-end=\"4163\"><strong data-start=\"4156\" data-end=\"4163\">PREGUNTAS FRECUENTES<\/strong><\/p>\n<p data-start=\"4165\" data-end=\"4269\"><strong data-start=\"4165\" data-end=\"4208\">\u00bfSe puede personalizar esta gorra con un logotipo?<\/strong><br data-start=\"4208\" data-end=\"4211\" \/>S\u00ed, el panel frontal se puede personalizar con un logotipo.<\/p>\n<p data-start=\"4271\" data-end=\"4353\"><strong data-start=\"4271\" data-end=\"4297\">\u00bfLa tapa es ajustable?<\/strong><br data-start=\"4297\" data-end=\"4300\" \/>S\u00ed. Cuenta con un cierre ajustable de velcro.<\/p>\n<p data-start=\"4355\" data-end=\"4501\"><strong data-start=\"4355\" data-end=\"4416\">\u00bfQu\u00e9 diferencia a esta gorra de una gorra de b\u00e9isbol normal?<\/strong><br data-start=\"4416\" data-end=\"4419\" \/>Incluye un dise\u00f1o de ala iluminada que crea un efecto promocional m\u00e1s visible.<\/p>\n<p data-start=\"4503\" data-end=\"4652\"><strong data-start=\"4503\" data-end=\"4547\">\u00bfEs adecuado para eventos y uso nocturno?<\/strong><br data-start=\"4547\" data-end=\"4550\" \/>S\u00ed. Es ideal para conciertos, festivales, fiestas, promociones al aire libre y otras actividades con poca luz.<\/p>\n<p data-start=\"4654\" data-end=\"4752\"><strong data-start=\"4654\" data-end=\"4688\">\u00bfTiene dise\u00f1o de bater\u00eda?<\/strong><br data-start=\"4688\" data-end=\"4691\" \/>S\u00ed. Las im\u00e1genes del producto muestran una estructura de bater\u00eda reemplazable.<\/p>","protected":false},"excerpt":{"rendered":"<p>Esta gorra de b\u00e9isbol LED personalizada combina el estilo cl\u00e1sico de las gorras con un dise\u00f1o de ala iluminada para aumentar la visibilidad y el impacto promocional. Con cierre ajustable, interruptor oculto, pilas reemplazables y zona para logotipo personalizado en la parte delantera, es un art\u00edculo pr\u00e1ctico y llamativo para eventos, promociones nocturnas, conciertos, actividades de equipo y regalos de marca.<\/p>","protected":false},"featured_media":47430,"template":"","meta":{"_gspb_post_css":""},"product_brand":[],"product_cat":[29],"product_tag":[],"class_list":{"0":"post-47429","1":"product","2":"type-product","3":"status-publish","4":"has-post-thumbnail","6":"product_cat-apparel","8":"first","9":"instock","10":"shipping-taxable","11":"product-type-simple"},"_links":{"self":[{"href":"https:\/\/globalgiftsupplier.com\/es\/wp-json\/wp\/v2\/product\/47429","targetHints":{"allow":["GET"]}}],"collection":[{"href":"https:\/\/globalgiftsupplier.com\/es\/wp-json\/wp\/v2\/product"}],"about":[{"href":"https:\/\/globalgiftsupplier.com\/es\/wp-json\/wp\/v2\/types\/product"}],"wp:featuredmedia":[{"embeddable":true,"href":"https:\/\/globalgiftsupplier.com\/es\/wp-json\/wp\/v2\/media\/47430"}],"wp:attachment":[{"href":"https:\/\/globalgiftsupplier.com\/es\/wp-json\/wp\/v2\/media?parent=47429"}],"wp:term":[{"taxonomy":"product_brand","embeddable":true,"href":"https:\/\/globalgiftsupplier.com\/es\/wp-json\/wp\/v2\/product_brand?post=47429"},{"taxonomy":"product_cat","embeddable":true,"href":"https:\/\/globalgiftsupplier.com\/es\/wp-json\/wp\/v2\/product_cat?post=47429"},{"taxonomy":"product_tag","embeddable":true,"href":"https:\/\/globalgiftsupplier.com\/es\/wp-json\/wp\/v2\/product_tag?post=47429"}],"curies":[{"name":"wp","href":"https:\/\/api.w.org\/{rel}","templated":true}]}}