{"id":47416,"date":"2026-03-31T09:27:47","date_gmt":"2026-03-31T09:27:47","guid":{"rendered":"https:\/\/globalgiftsupplier.com\/?post_type=product&#038;p=47416"},"modified":"2026-03-31T09:27:47","modified_gmt":"2026-03-31T09:27:47","slug":"custom-silicone-magnetic-cable-organizer-tie-for-earphones-cords-keys-and-daily-storage","status":"publish","type":"product","link":"https:\/\/globalgiftsupplier.com\/es\/product\/custom-silicone-magnetic-cable-organizer-tie-for-earphones-cords-keys-and-daily-storage\/","title":{"rendered":"Cinta organizadora magn\u00e9tica de silicona personalizada para cables de auriculares, llaves y almacenamiento diario"},"content":{"rendered":"<p data-start=\"1476\" data-end=\"1833\">Esta brida magn\u00e9tica de silicona personalizada para organizar cables es un accesorio sencillo y \u00fatil para el d\u00eda a d\u00eda, dise\u00f1ado para mantener los objetos peque\u00f1os ordenados y f\u00e1ciles de manejar. Con su cuerpo de silicona flexible y sus extremos de cierre magn\u00e9tico, puede envolver r\u00e1pidamente cables de auriculares, cables de carga, cables USB, bol\u00edgrafos, notas, llaves y otros objetos cotidianos ligeros.<\/p>\n<p data-start=\"1835\" data-end=\"2176\">Su tama\u00f1o compacto facilita su transporte en un bolso, caj\u00f3n, organizador de escritorio o bolsa de viaje. El suave material de silicona es flexible, reutilizable y f\u00e1cil de manejar, mientras que el dise\u00f1o magn\u00e9tico permite sujetarlo y retirarlo con rapidez. Este producto es adecuado para escritorios de oficina, almacenamiento dom\u00e9stico, uso escolar, organizaci\u00f3n de viajes y juegos de accesorios tecnol\u00f3gicos.<\/p>\n<p data-start=\"2178\" data-end=\"2511\">La secci\u00f3n redonda del extremo tambi\u00e9n permite personalizar el logotipo, lo que lo convierte en un pr\u00e1ctico art\u00edculo de marca para campa\u00f1as promocionales, obsequios corporativos, ferias comerciales, eventos tecnol\u00f3gicos, promociones escolares y programas de regalos para minoristas. Con m\u00faltiples opciones de colores brillantes y un amplio atractivo de uso diario, es un art\u00edculo promocional de bajo coste con un gran valor de uso repetido.<\/p>\n<p data-start=\"2513\" data-end=\"2794\">Este organizador es especialmente adecuado para marcas que buscan productos de regalo peque\u00f1os pero funcionales, f\u00e1ciles de distribuir y \u00fatiles en la vida diaria. Funciona bien en kits de bienvenida para oficinas, promociones de electr\u00f3nica, sets de papeler\u00eda, packs de viaje y colecciones de organizaci\u00f3n de escritorio.<\/p>\n<p data-start=\"2796\" data-end=\"3245\"><strong data-start=\"2796\" data-end=\"2812\">Caracter\u00edsticas principales<\/strong><br data-start=\"2812\" data-end=\"2815\" \/>Brida organizadora de cables de silicona flexible<br data-start=\"2852\" data-end=\"2855\" \/>Cierre magn\u00e9tico para una sujeci\u00f3n r\u00e1pida<br data-start=\"2891\" data-end=\"2894\" \/>Dise\u00f1o reutilizable y ligero<br data-start=\"2925\" data-end=\"2928\" \/>Apto para cables, auriculares, llaves, notas, bol\u00edgrafos y peque\u00f1os accesorios<br data-start=\"3000\" data-end=\"3003\" \/>F\u00e1cil de transportar y guardar<br data-start=\"3026\" data-end=\"3029\" \/>Ayuda a mantener organizados escritorios, cajones y bolsos<br data-start=\"3074\" data-end=\"3077\" \/>Disponible en varios colores<br data-start=\"3105\" data-end=\"3108\" \/>Impresi\u00f3n de logotipos personalizados<br data-start=\"3138\" data-end=\"3141\" \/>\u00datil para la oficina, la escuela, el hogar y los viajes<br data-start=\"3184\" data-end=\"3187\" \/>Ideal para regalos promocionales y juegos de accesorios de marca<\/p>\n<p data-start=\"3247\" data-end=\"3796\"><strong data-start=\"3247\" data-end=\"3265\">Especificaciones<\/strong><br data-start=\"3265\" data-end=\"3268\" \/>Tipo de producto: Brida magn\u00e9tica organizadora de cables<br data-start=\"3310\" data-end=\"3313\" \/>Material: Silicona e im\u00e1n<br data-start=\"3342\" data-end=\"3345\" \/>Funci\u00f3n: Gesti\u00f3n de cables y organizaci\u00f3n de objetos peque\u00f1os<br data-start=\"3399\" data-end=\"3402\" \/>Uso: Auriculares, cables de carga, cables USB, llaves, notas, bol\u00edgrafos, almacenamiento de escritorio<br data-start=\"3479\" data-end=\"3482\" \/>Tipo de cierre: Magn\u00e9tico<br data-start=\"3504\" data-end=\"3507\" \/>Opciones de color: M\u00faltiples colores disponibles<br data-start=\"3547\" data-end=\"3550\" \/>Personalizaci\u00f3n: Impresi\u00f3n de logotipo disponible<br data-start=\"3588\" data-end=\"3591\" \/>Longitud total: Aprox. 4.33 in<br data-start=\"3622\" data-end=\"3625\" \/>Longitud de atado utilizable: Aprox. 3.03 in<br data-start=\"3659\" data-end=\"3662\" \/>Estilo: Correa organizadora suave reutilizable<br data-start=\"3698\" data-end=\"3701\" \/>Aplicaci\u00f3n: Oficina, escuela, hogar, viajes, eventos promocionales, regalos al por menor<br data-start=\"3780\" data-end=\"3783\" \/>Origen: China<\/p>\n<p data-start=\"3798\" data-end=\"4136\"><strong data-start=\"3798\" data-end=\"3825\">Por qu\u00e9 elegir este producto<\/strong><br data-start=\"3825\" data-end=\"3828\" \/>Este producto es compacto, asequible y muy pr\u00e1ctico para el uso diario. Ofrece un gran valor promocional porque es f\u00e1cil de marcar, f\u00e1cil de distribuir y \u00fatil en muchas situaciones. Su dise\u00f1o reutilizable ayuda a aumentar la exposici\u00f3n repetida de su logotipo en oficinas, hogares, escuelas y lugares de viaje.<\/p>\n<p data-start=\"4138\" data-end=\"4427\"><strong data-start=\"4138\" data-end=\"4151\">Ideal para<\/strong><br data-start=\"4151\" data-end=\"4154\" \/>Promociones de accesorios tecnol\u00f3gicos<br data-start=\"4179\" data-end=\"4182\" \/>Regalos de oficina<br data-start=\"4198\" data-end=\"4201\" \/>Campa\u00f1as escolares y de papeler\u00eda<br data-start=\"4232\" data-end=\"4235\" \/>Folletos para ferias<br data-start=\"4254\" data-end=\"4257\" \/>Kits de bienvenida para empresas<br data-start=\"4279\" data-end=\"4282\" \/>Productos de organizaci\u00f3n de escritorio<br data-start=\"4308\" data-end=\"4311\" \/>Juegos de accesorios de viaje<br data-start=\"4332\" data-end=\"4335\" \/>Complementos para embalajes electr\u00f3nicos<br data-start=\"4364\" data-end=\"4367\" \/>Art\u00edculos de regalo de impulso al por menor<br data-start=\"4392\" data-end=\"4395\" \/>Productos promocionales de uso cotidiano<\/p>\n<p data-start=\"4429\" data-end=\"4436\"><strong data-start=\"4429\" data-end=\"4436\">PREGUNTAS FRECUENTES<\/strong><\/p>\n<p data-start=\"4438\" data-end=\"4542\"><strong data-start=\"4438\" data-end=\"4485\">\u00bfSe puede personalizar este producto con un logotipo?<\/strong><br data-start=\"4485\" data-end=\"4488\" \/>S\u00ed. La zona del extremo redondeado puede personalizarse con un logotipo.<\/p>\n<p data-start=\"4544\" data-end=\"4623\"><strong data-start=\"4544\" data-end=\"4567\">\u00bfDe qu\u00e9 est\u00e1 hecho?<\/strong><br data-start=\"4567\" data-end=\"4570\" \/>Est\u00e1 hecho de silicona con extremos magn\u00e9ticos incorporados.<\/p>\n<p data-start=\"4625\" data-end=\"4769\"><strong data-start=\"4625\" data-end=\"4653\">\u00bfPara qu\u00e9 sirve?<\/strong><br data-start=\"4653\" data-end=\"4656\" \/>Puede utilizarse para organizar auriculares, cables de carga, cables USB, notas, llaves, bol\u00edgrafos y otros peque\u00f1os objetos cotidianos.<\/p>\n<p data-start=\"4771\" data-end=\"4836\"><strong data-start=\"4771\" data-end=\"4790\">\u00bfEs reutilizable?<\/strong><br data-start=\"4790\" data-end=\"4793\" \/>S\u00ed. Est\u00e1 dise\u00f1ado para un uso diario repetido.<\/p>\n<p data-start=\"4838\" data-end=\"4955\"><strong data-start=\"4838\" data-end=\"4872\">\u00bfEs adecuado para oficinas?<\/strong><br data-start=\"4872\" data-end=\"4875\" \/>S\u00ed, es adecuado para la organizaci\u00f3n de escritorios, la gesti\u00f3n de cables y el almacenamiento en cajones.<\/p>\n<p data-start=\"4957\" data-end=\"5088\"><strong data-start=\"4957\" data-end=\"4987\">\u00bfSe puede utilizar para viajar?<\/strong><br data-start=\"4987\" data-end=\"4990\" \/>S\u00ed. Su dise\u00f1o ligero y compacto la hace muy pr\u00e1ctica para bolsas de viaje y estuches de accesorios.<\/p>\n<p data-start=\"5090\" data-end=\"5209\"><strong data-start=\"5090\" data-end=\"5124\">\u00bfEs un buen regalo promocional?<\/strong><br data-start=\"5124\" data-end=\"5127\" \/>S\u00ed. Es pr\u00e1ctico, colorido, f\u00e1cil de marcar y adecuado para una amplia distribuci\u00f3n.<\/p>","protected":false},"excerpt":{"rendered":"<p>Esta brida magn\u00e9tica personalizada para organizar cables es un accesorio pr\u00e1ctico y colorido para el almacenamiento diario y la gesti\u00f3n de cables. Fabricada en silicona flexible con cierre magn\u00e9tico, ayuda a mantener organizados auriculares, cables de carga, bol\u00edgrafos, llaves y objetos peque\u00f1os. Compacta, reutilizable y f\u00e1cil de transportar, es un regalo promocional \u00fatil para oficinas, escuelas, campa\u00f1as tecnol\u00f3gicas y obsequios en comercios.<\/p>","protected":false},"featured_media":47417,"template":"","meta":{"_gspb_post_css":""},"product_brand":[],"product_cat":[27],"product_tag":[],"class_list":{"0":"post-47416","1":"product","2":"type-product","3":"status-publish","4":"has-post-thumbnail","6":"product_cat-technology","8":"first","9":"instock","10":"shipping-taxable","11":"product-type-simple"},"_links":{"self":[{"href":"https:\/\/globalgiftsupplier.com\/es\/wp-json\/wp\/v2\/product\/47416","targetHints":{"allow":["GET"]}}],"collection":[{"href":"https:\/\/globalgiftsupplier.com\/es\/wp-json\/wp\/v2\/product"}],"about":[{"href":"https:\/\/globalgiftsupplier.com\/es\/wp-json\/wp\/v2\/types\/product"}],"wp:featuredmedia":[{"embeddable":true,"href":"https:\/\/globalgiftsupplier.com\/es\/wp-json\/wp\/v2\/media\/47417"}],"wp:attachment":[{"href":"https:\/\/globalgiftsupplier.com\/es\/wp-json\/wp\/v2\/media?parent=47416"}],"wp:term":[{"taxonomy":"product_brand","embeddable":true,"href":"https:\/\/globalgiftsupplier.com\/es\/wp-json\/wp\/v2\/product_brand?post=47416"},{"taxonomy":"product_cat","embeddable":true,"href":"https:\/\/globalgiftsupplier.com\/es\/wp-json\/wp\/v2\/product_cat?post=47416"},{"taxonomy":"product_tag","embeddable":true,"href":"https:\/\/globalgiftsupplier.com\/es\/wp-json\/wp\/v2\/product_tag?post=47416"}],"curies":[{"name":"wp","href":"https:\/\/api.w.org\/{rel}","templated":true}]}}