{"id":47280,"date":"2026-03-30T08:47:26","date_gmt":"2026-03-30T08:47:26","guid":{"rendered":"https:\/\/globalgiftsupplier.com\/?post_type=product&#038;p=47280"},"modified":"2026-03-30T08:47:26","modified_gmt":"2026-03-30T08:47:26","slug":"custom-reverse-folding-c-handle-umbrella-with-double-layer-windproof-design","status":"publish","type":"product","link":"https:\/\/globalgiftsupplier.com\/es\/product\/custom-reverse-folding-c-handle-umbrella-with-double-layer-windproof-design\/","title":{"rendered":"Paraguas plegable en forma de C con dise\u00f1o de doble capa resistente al viento"},"content":{"rendered":"<p data-start=\"1490\" data-end=\"1963\">Este paraguas plegable inverso personalizado es un producto promocional moderno y muy pr\u00e1ctico, dise\u00f1ado para facilitar su uso diario cuando llueve. A diferencia de los paraguas tradicionales, utiliza una estructura de plegado de dentro hacia fuera que ayuda a atrapar la superficie exterior h\u00fameda en el interior cuando el paraguas est\u00e1 cerrado. Esto ayuda a reducir el goteo sobre la ropa, el suelo, los asientos del coche y los espacios interiores, lo que lo hace especialmente pr\u00e1ctico para viajeros, conductores, viajeros y asistentes a eventos.<\/p>\n<p data-start=\"1965\" data-end=\"2349\">El paraguas presenta un dise\u00f1o de doble capa que mejora la durabilidad y ayuda a ofrecer una mejor resistencia al viento. Las im\u00e1genes del producto destacan una capa exterior con tejido PG repelente al agua, una estructura intermedia resistente al viento y una capa interior dise\u00f1ada para facilitar el secado. Esta construcci\u00f3n en capas confiere al paraguas un dise\u00f1o m\u00e1s funcional para la protecci\u00f3n diaria contra la lluvia y el uso repetido.<\/p>\n<p data-start=\"2351\" data-end=\"2700\">Una caracter\u00edstica destacada de este paraguas es su mango en forma de C. El mango permite a los usuarios colgar el paraguas de la mu\u00f1eca, lo que libera las manos para llevar bolsas, utilizar el tel\u00e9fono, abrir puertas o entrar y salir del coche. Esto lo convierte en una buena opci\u00f3n promocional para profesionales ocupados, viajeros, compradores, estudiantes y campa\u00f1as relacionadas con los viajes.<\/p>\n<p data-start=\"2702\" data-end=\"3059\">Su estructura de apertura inversa es especialmente \u00fatil para su uso en el coche. El paraguas puede abrirse y cerrarse con un movimiento ascendente m\u00e1s compacto, lo que facilita su manejo en espacios reducidos como puertas de coches, entradas y aceras abarrotadas. Tambi\u00e9n ofrece un gran tama\u00f1o de toldo para una mejor cobertura, a la vez que mantiene una longitud cerrada c\u00f3moda para su transporte y almacenamiento.<\/p>\n<p data-start=\"3061\" data-end=\"3376\">Con la personalizaci\u00f3n del logotipo en la capota, este paraguas reversible ofrece a las marcas una gran \u00e1rea de impresi\u00f3n visible en un producto que se expone repetidamente al p\u00fablico. Es una opci\u00f3n inteligente para regalos de empresa, promociones de concesionarios, campa\u00f1as de viajes, obsequios para comercios, programas de seguros, marcas inmobiliarias y merchandising para eventos.<\/p>\n<p data-start=\"3378\" data-end=\"3846\"><strong data-start=\"3378\" data-end=\"3394\">Caracter\u00edsticas principales<\/strong><br data-start=\"3394\" data-end=\"3397\" \/>El dise\u00f1o de plegado inverso ayuda a mantener las superficies h\u00famedas en el interior<br data-start=\"3450\" data-end=\"3453\" \/>Capota de doble capa para una mayor durabilidad<br data-start=\"3496\" data-end=\"3499\" \/>Estructura cortaviento para un mejor rendimiento en exteriores<br data-start=\"3549\" data-end=\"3552\" \/>Asa en forma de C para llevarla sin manos<br data-start=\"3591\" data-end=\"3594\" \/>C\u00f3modo para entrar y salir del coche<br data-start=\"3635\" data-end=\"3638\" \/>Ayuda a reducir el goteo en suelos y asientos<br data-start=\"3679\" data-end=\"3682\" \/>Gran cobertura del toldo para protegerse de la lluvia a diario<br data-start=\"3729\" data-end=\"3732\" \/>Dise\u00f1o cerrado f\u00e1cil de transportar<br data-start=\"3759\" data-end=\"3762\" \/>Impresi\u00f3n de logotipos personalizados<br data-start=\"3792\" data-end=\"3795\" \/>Adecuado para desplazamientos, viajes y uso promocional<\/p>\n<p data-start=\"3848\" data-end=\"4275\"><strong data-start=\"3848\" data-end=\"3866\">Especificaciones<\/strong><br data-start=\"3866\" data-end=\"3869\" \/>Tipo de producto: Paraguas plegable inverso<br data-start=\"3907\" data-end=\"3910\" \/>Estilo: Paraguas invertido con mango en C<br data-start=\"3948\" data-end=\"3951\" \/>Estructura de la capota: Doble capa<br data-start=\"3981\" data-end=\"3984\" \/>Tejido Tejido PG<br data-start=\"4001\" data-end=\"4004\" \/>Caracter\u00edstica: Cortaviento<br data-start=\"4022\" data-end=\"4025\" \/>Caracter\u00edstica: Dise\u00f1o de apertura y cierre inversos<br data-start=\"4063\" data-end=\"4066\" \/>Tipo de asa: Mango manos libres en forma de C<br data-start=\"4105\" data-end=\"4108\" \/>Tama\u00f1o abierto: Aprox. 107 cm<br data-start=\"4133\" data-end=\"4136\" \/>Longitud: Aprox. 80 cm<br data-start=\"4157\" data-end=\"4160\" \/>Opciones de color: Negro, rosa, naranja, rojo, azul claro<br data-start=\"4211\" data-end=\"4214\" \/>Personalizaci\u00f3n: Impresi\u00f3n del logotipo en los paneles de la marquesina<br data-start=\"4259\" data-end=\"4262\" \/>Origen: China<\/p>\n<p data-start=\"4277\" data-end=\"4604\"><strong data-start=\"4277\" data-end=\"4304\">Por qu\u00e9 elegir este producto<\/strong><br data-start=\"4304\" data-end=\"4307\" \/>Este paraguas ofrece m\u00e1s comodidad que un paraguas est\u00e1ndar, ya que combina plegado inverso, reducci\u00f3n del goteo, capota de doble capa resistente al viento y mango en C manos libres. Se trata de un pr\u00e1ctico producto de marca que los clientes pueden utilizar con regularidad y que proporciona a su logotipo una gran visibilidad en el d\u00eda a d\u00eda.<\/p>\n<p data-start=\"4606\" data-end=\"4856\"><strong data-start=\"4606\" data-end=\"4619\">Ideal para<\/strong><br data-start=\"4619\" data-end=\"4622\" \/>Regalos de empresa<br data-start=\"4641\" data-end=\"4644\" \/>Promociones en concesionarios<br data-start=\"4669\" data-end=\"4672\" \/>Campa\u00f1as de seguros<br data-start=\"4691\" data-end=\"4694\" \/>Promociones de viajes<br data-start=\"4711\" data-end=\"4714\" \/>Regalos al por menor<br data-start=\"4726\" data-end=\"4729\" \/>Regalos para viajeros<br data-start=\"4747\" data-end=\"4750\" \/>Productos para ferias<br data-start=\"4772\" data-end=\"4775\" \/>Marca de escuelas y universidades<br data-start=\"4805\" data-end=\"4808\" \/>Promociones inmobiliarias<br data-start=\"4830\" data-end=\"4833\" \/>Uso diario en tiempo lluvioso<\/p>\n<p data-start=\"4858\" data-end=\"4865\"><strong data-start=\"4858\" data-end=\"4865\">PREGUNTAS FRECUENTES<\/strong><\/p>\n<p data-start=\"4867\" data-end=\"5003\"><strong data-start=\"4867\" data-end=\"4915\">\u00bfSe puede personalizar este paraguas con un logotipo?<\/strong><br data-start=\"4915\" data-end=\"4918\" \/>S\u00ed, la marquesina puede personalizarse con su logotipo, marca o material gr\u00e1fico promocional.<\/p>\n<p data-start=\"5005\" data-end=\"5213\"><strong data-start=\"5005\" data-end=\"5044\">\u00bfQu\u00e9 es un paraguas plegable inverso?<\/strong><br data-start=\"5044\" data-end=\"5047\" \/>Un paraguas de plegado inverso se cierra hacia dentro, lo que ayuda a mantener el exterior h\u00famedo en el interior una vez plegado. Esto ayuda a reducir el goteo de agua sobre la ropa, el suelo y el interior de los coches.<\/p>\n<p data-start=\"5215\" data-end=\"5377\"><strong data-start=\"5215\" data-end=\"5257\">\u00bfCu\u00e1l es la ventaja de la empu\u00f1adura en C?<\/strong><br data-start=\"5257\" data-end=\"5260\" \/>El asa en forma de C puede apoyarse en la mu\u00f1eca, lo que ayuda a liberar las manos para llevar bolsas, utilizar el tel\u00e9fono o abrir puertas.<\/p>\n<p data-start=\"5379\" data-end=\"5563\"><strong data-start=\"5379\" data-end=\"5417\">\u00bfEs bueno este paraguas para el coche?<\/strong><br data-start=\"5417\" data-end=\"5420\" \/>S\u00ed. El dise\u00f1o de apertura inversa es especialmente c\u00f3modo al entrar o salir de un coche, ya que puede abrirse y cerrarse en un espacio m\u00e1s reducido.<\/p>\n<p data-start=\"5565\" data-end=\"5704\"><strong data-start=\"5565\" data-end=\"5585\">\u00bfEs resistente al viento?<\/strong><br data-start=\"5585\" data-end=\"5588\" \/>S\u00ed. El producto se muestra con una construcci\u00f3n cortavientos de doble capa dise\u00f1ada para una mayor estabilidad en condiciones de viento.<\/p>\n<p data-start=\"5706\" data-end=\"5796\"><strong data-start=\"5706\" data-end=\"5747\">\u00bfQu\u00e9 material se utiliza para el toldo?<\/strong><br data-start=\"5747\" data-end=\"5750\" \/>Las im\u00e1genes del producto indican que se utiliza el tejido PG.<\/p>\n<p data-start=\"5798\" data-end=\"5919\"><strong data-start=\"5798\" data-end=\"5829\">\u00bfQu\u00e9 tama\u00f1o tiene este paraguas?<\/strong><br data-start=\"5829\" data-end=\"5832\" \/>Las im\u00e1genes del producto muestran un tama\u00f1o abierto aproximado de 107 cm y una longitud de unos 80 cm.<\/p>\n<p data-start=\"5921\" data-end=\"6027\"><strong data-start=\"5921\" data-end=\"5951\">\u00bfQu\u00e9 colores hay disponibles?<\/strong><br data-start=\"5951\" data-end=\"5954\" \/>Las im\u00e1genes del producto muestran opciones en negro, rosa, naranja, rojo y azul claro.<\/p>\n<p data-start=\"6029\" data-end=\"6212\"><strong data-start=\"6029\" data-end=\"6080\">\u00bfEl paraguas ayuda a reducir el goteo en interiores?<\/strong><br data-start=\"6080\" data-end=\"6083\" \/>S\u00ed. Como el lado h\u00famedo se pliega hacia dentro, ayuda a reducir el goteo cuando se lleva el paraguas a coches, oficinas, tiendas o casas.<\/p>","protected":false},"excerpt":{"rendered":"<p data-start=\"1006\" data-end=\"1350\">Este paraguas plegable inverso personalizado presenta un pr\u00e1ctico dise\u00f1o de adentro hacia afuera que ayuda a mantener la superficie h\u00fameda contenida al cerrarse. Con una c\u00f3moda empu\u00f1adura en forma de C, capota de doble capa y estructura resistente al viento, es un paraguas de marca \u00fatil para desplazamientos, entrada y salida del coche, viajes y regalos promocionales.<\/p>","protected":false},"featured_media":47281,"template":"","meta":{"_gspb_post_css":""},"product_brand":[],"product_cat":[30],"product_tag":[],"class_list":{"0":"post-47280","1":"product","2":"type-product","3":"status-publish","4":"has-post-thumbnail","6":"product_cat-home-pets-tools","8":"first","9":"instock","10":"shipping-taxable","11":"product-type-simple"},"_links":{"self":[{"href":"https:\/\/globalgiftsupplier.com\/es\/wp-json\/wp\/v2\/product\/47280","targetHints":{"allow":["GET"]}}],"collection":[{"href":"https:\/\/globalgiftsupplier.com\/es\/wp-json\/wp\/v2\/product"}],"about":[{"href":"https:\/\/globalgiftsupplier.com\/es\/wp-json\/wp\/v2\/types\/product"}],"wp:featuredmedia":[{"embeddable":true,"href":"https:\/\/globalgiftsupplier.com\/es\/wp-json\/wp\/v2\/media\/47281"}],"wp:attachment":[{"href":"https:\/\/globalgiftsupplier.com\/es\/wp-json\/wp\/v2\/media?parent=47280"}],"wp:term":[{"taxonomy":"product_brand","embeddable":true,"href":"https:\/\/globalgiftsupplier.com\/es\/wp-json\/wp\/v2\/product_brand?post=47280"},{"taxonomy":"product_cat","embeddable":true,"href":"https:\/\/globalgiftsupplier.com\/es\/wp-json\/wp\/v2\/product_cat?post=47280"},{"taxonomy":"product_tag","embeddable":true,"href":"https:\/\/globalgiftsupplier.com\/es\/wp-json\/wp\/v2\/product_tag?post=47280"}],"curies":[{"name":"wp","href":"https:\/\/api.w.org\/{rel}","templated":true}]}}