{"id":47239,"date":"2026-03-30T08:37:57","date_gmt":"2026-03-30T08:37:57","guid":{"rendered":"https:\/\/globalgiftsupplier.com\/?post_type=product&#038;p=47239"},"modified":"2026-03-30T08:37:57","modified_gmt":"2026-03-30T08:37:57","slug":"custom-straight-handle-black-coated-golf-umbrella-with-logo-printing","status":"publish","type":"product","link":"https:\/\/globalgiftsupplier.com\/es\/product\/custom-straight-handle-black-coated-golf-umbrella-with-logo-printing\/","title":{"rendered":"Paraguas de golf con mango recto y revestimiento negro personalizado con impresi\u00f3n de logotipo"},"content":{"rendered":"<p data-start=\"1606\" data-end=\"1992\">Este paraguas de golf con mango recto personalizado es un pr\u00e1ctico art\u00edculo promocional dise\u00f1ado tanto para los d\u00edas de lluvia como para el uso diario al aire libre. Con su estructura cl\u00e1sica de cuerpo entero, su c\u00f3moda empu\u00f1adura curvada y la amplia cobertura del toldo, ofrece un aspecto limpio y profesional que funciona bien para regalos de empresa, campa\u00f1as publicitarias, promociones de eventos y art\u00edculos de marca.<\/p>\n<p data-start=\"1994\" data-end=\"2484\">El paraguas cuenta con un revestimiento interior negro que le confiere una funci\u00f3n adicional para su uso en exteriores, por lo que es adecuado tanto para la protecci\u00f3n contra la lluvia como para las necesidades diarias de sombra. Su generoso tama\u00f1o proporciona una amplia cobertura, ayudando a los usuarios a estar m\u00e1s c\u00f3modos cuando caminan al aire libre, se desplazan al trabajo, asisten a eventos o viajan de un lugar a otro. Esta combinaci\u00f3n de funcionalidad y visibilidad lo convierte en un producto \u00fatil para las marcas que desean una exposici\u00f3n duradera en un art\u00edculo que los clientes utilizar\u00e1n realmente.<\/p>\n<p data-start=\"2486\" data-end=\"2954\">Su dise\u00f1o de paraguas recto le confiere un aspecto cl\u00e1sico que se adapta a muchos sectores y p\u00fablicos. El mango curvado es f\u00e1cil de sujetar y transportar, mientras que el armaz\u00f3n de tama\u00f1o normal ofrece una estructura estable y pr\u00e1ctica para un uso regular. El toldo tambi\u00e9n proporciona una amplia \u00e1rea de personalizaci\u00f3n para su logotipo, eslogan o material gr\u00e1fico promocional, lo que permite que su marca permanezca visible en espacios p\u00fablicos como calles, oficinas, campus, hoteles, eventos comerciales y zonas de transporte.<\/p>\n<p data-start=\"2956\" data-end=\"3319\">Este paraguas es una buena elecci\u00f3n para las empresas que buscan un producto de marca funcional y atractivo. Puede utilizarse como obsequio corporativo, regalo de agradecimiento a los clientes, art\u00edculo para empleados, art\u00edculo de merchandising para tiendas o folleto para eventos. Tanto si se utiliza bajo la lluvia como bajo un sol intenso, proporciona a su marca una visibilidad repetida a trav\u00e9s de un pr\u00e1ctico accesorio de uso diario.<\/p>\n<p data-start=\"3321\" data-end=\"3778\"><strong data-start=\"3321\" data-end=\"3337\">Caracter\u00edsticas principales<\/strong><br data-start=\"3337\" data-end=\"3340\" \/>Gran cobertura del toldo para una mejor protecci\u00f3n en el exterior<br data-start=\"3391\" data-end=\"3394\" \/>Revestimiento interior negro para el sol y la lluvia<br data-start=\"3434\" data-end=\"3437\" \/>Dise\u00f1o cl\u00e1sico de paraguas recto<br data-start=\"3469\" data-end=\"3472\" \/>C\u00f3moda empu\u00f1adura curvada en J<br data-start=\"3499\" data-end=\"3502\" \/>Impresi\u00f3n de logotipos personalizados en los paneles de la marquesina<br data-start=\"3549\" data-end=\"3552\" \/>Adecuado para uso promocional y corporativo<br data-start=\"3594\" data-end=\"3597\" \/>Pr\u00e1ctico para desplazamientos, eventos y actividades al aire libre<br data-start=\"3652\" data-end=\"3655\" \/>Aspecto limpio y profesional<br data-start=\"3688\" data-end=\"3691\" \/>Disponible en varios colores<br data-start=\"3726\" data-end=\"3729\" \/>Regalo \u00fatil con exposici\u00f3n repetida de la marca<\/p>\n<p data-start=\"3780\" data-end=\"4173\"><strong data-start=\"3780\" data-end=\"3798\">Especificaciones<\/strong><br data-start=\"3798\" data-end=\"3801\" \/>Tipo de producto: Paraguas de mango recto<br data-start=\"3839\" data-end=\"3842\" \/>Material: Toldo de poli\u00e9ster con revestimiento interior negro<br data-start=\"3893\" data-end=\"3896\" \/>Estilo de marco: Marco de paraguas recto de tama\u00f1o normal<br data-start=\"3942\" data-end=\"3945\" \/>Tipo de mango: Mango en J curvo<br data-start=\"3973\" data-end=\"3976\" \/>Di\u00e1metro del tejadillo: 105 cm<br data-start=\"3999\" data-end=\"4002\" \/>Altura del paraguas: 83 cm<br data-start=\"4024\" data-end=\"4027\" \/>Opciones de color: Negro, azul, rojo<br data-start=\"4058\" data-end=\"4061\" \/>Personalizaci\u00f3n: Impresi\u00f3n de logotipo disponible<br data-start=\"4099\" data-end=\"4102\" \/>Utilizaci\u00f3n: Protecci\u00f3n contra la lluvia y el sol, promociones, regalos, eventos<br data-start=\"4157\" data-end=\"4160\" \/>Origen: China<\/p>\n<p data-start=\"4175\" data-end=\"4624\"><strong data-start=\"4175\" data-end=\"4202\">Por qu\u00e9 elegir este producto<\/strong><br data-start=\"4202\" data-end=\"4205\" \/>Este paraguas combina una forma cl\u00e1sica, una cobertura \u00fatil y un fuerte valor de marca en un pr\u00e1ctico producto. La gran cubierta y el revestimiento interior negro lo hacen adecuado para el uso diario al aire libre, mientras que la zona del logotipo personalizado ayuda a que su marca sea visible en oficinas, calles, eventos y viajes. Es un art\u00edculo promocional fiable, pr\u00e1ctico, presentable y f\u00e1cil de distribuir en muchos sectores.<\/p>\n<p data-start=\"4626\" data-end=\"4900\"><strong data-start=\"4626\" data-end=\"4639\">Ideal para<\/strong><br data-start=\"4639\" data-end=\"4642\" \/>Regalos de empresa<br data-start=\"4657\" data-end=\"4660\" \/>Regalos para ferias<br data-start=\"4680\" data-end=\"4683\" \/>Promociones escolares y del campus<br data-start=\"4711\" data-end=\"4714\" \/>Marca para hoteles y hosteler\u00eda<br data-start=\"4744\" data-end=\"4747\" \/>Promociones inmobiliarias<br data-start=\"4769\" data-end=\"4772\" \/>Regalos para eventos al aire libre<br data-start=\"4795\" data-end=\"4798\" \/>Venta al por menor<br data-start=\"4816\" data-end=\"4819\" \/>Kits de bienvenida para empleados<br data-start=\"4840\" data-end=\"4843\" \/>Viajes y desplazamientos<br data-start=\"4867\" data-end=\"4870\" \/>Campa\u00f1as publicitarias estacionales<\/p>\n<p data-start=\"4902\" data-end=\"4909\"><strong data-start=\"4902\" data-end=\"4909\">PREGUNTAS FRECUENTES<\/strong><\/p>\n<p data-start=\"4911\" data-end=\"5040\"><strong data-start=\"4911\" data-end=\"4959\">\u00bfSe puede personalizar este paraguas con un logotipo?<\/strong><br data-start=\"4959\" data-end=\"4962\" \/>S\u00ed, los paneles de la marquesina pueden personalizarse con su logotipo o dise\u00f1o promocional.<\/p>\n<p data-start=\"5042\" data-end=\"5224\"><strong data-start=\"5042\" data-end=\"5098\">\u00bfEste paraguas sirve tanto para la lluvia como para el sol?<\/strong><br data-start=\"5098\" data-end=\"5101\" \/>S\u00ed. El revestimiento interior negro y la capota de tama\u00f1o normal la hacen adecuada tanto para protegerse de la lluvia como para protegerse del sol a diario.<\/p>\n<p data-start=\"5226\" data-end=\"5343\"><strong data-start=\"5226\" data-end=\"5257\">\u00bfQu\u00e9 tama\u00f1o tiene este paraguas?<\/strong><br data-start=\"5257\" data-end=\"5260\" \/>El di\u00e1metro de la copa es de aproximadamente 105 cm y la altura total es de unos 83 cm.<\/p>\n<p data-start=\"5345\" data-end=\"5454\"><strong data-start=\"5345\" data-end=\"5379\">\u00bfQu\u00e9 estilo de empu\u00f1adura utiliza?<\/strong><br data-start=\"5379\" data-end=\"5382\" \/>Presenta un asa en J curvada cl\u00e1sica para un transporte y un agarre c\u00f3modos.<\/p>\n<p data-start=\"5456\" data-end=\"5540\"><strong data-start=\"5456\" data-end=\"5486\">\u00bfQu\u00e9 colores hay disponibles?<\/strong><br data-start=\"5486\" data-end=\"5489\" \/>Las im\u00e1genes muestran opciones de color negro, azul y rojo.<\/p>\n<p data-start=\"5542\" data-end=\"5620\"><strong data-start=\"5542\" data-end=\"5573\">\u00bfEs un paraguas plegable?<\/strong><br data-start=\"5573\" data-end=\"5576\" \/>No. Este es un paraguas recto de cuerpo entero.<\/p>\n<p data-start=\"5622\" data-end=\"5818\"><strong data-start=\"5622\" data-end=\"5679\">\u00bfPara qu\u00e9 tipo de clientes es adecuado este paraguas?<\/strong><br data-start=\"5679\" data-end=\"5682\" \/>Es adecuado para empresas, escuelas, hoteles, organizadores de eventos, tiendas minoristas y marcas que busquen un producto promocional pr\u00e1ctico.<\/p>\n<p data-start=\"5820\" data-end=\"5979\"><strong data-start=\"5820\" data-end=\"5863\">\u00bfSe puede utilizar como regalo de empresa?<\/strong><br data-start=\"5863\" data-end=\"5866\" \/>S\u00ed, es una buena opci\u00f3n para obsequiar a los clientes, a los empleados, en eventos y en programas de promoci\u00f3n de la marca.<\/p>\n<p data-start=\"5981\" data-end=\"6154\"><strong data-start=\"5981\" data-end=\"6033\">\u00bfProporciona el paraguas una gran superficie para la marca?<\/strong><br data-start=\"6033\" data-end=\"6036\" \/>S\u00ed. La marquesina ofrece un \u00e1rea clara y visible para la impresi\u00f3n del logotipo, lo que ayuda a mejorar la exposici\u00f3n de la marca en entornos exteriores.<\/p>","protected":false},"excerpt":{"rendered":"<p>Este paraguas de golf con mango recto personalizado cuenta con una gran capota, un dise\u00f1o cl\u00e1sico de mango en J y un revestimiento interior negro para un uso pr\u00e1ctico con sol y lluvia. Ideal para regalos de empresa, promociones, eventos al aire libre, hoteles, colegios y comercios. La amplia \u00e1rea de impresi\u00f3n ayuda a que su logotipo destaque en un art\u00edculo \u00fatil que la gente puede llevar una y otra vez.<\/p>","protected":false},"featured_media":47240,"template":"","meta":{"_gspb_post_css":""},"product_brand":[],"product_cat":[30],"product_tag":[],"class_list":{"0":"post-47239","1":"product","2":"type-product","3":"status-publish","4":"has-post-thumbnail","6":"product_cat-home-pets-tools","8":"first","9":"instock","10":"shipping-taxable","11":"product-type-simple"},"_links":{"self":[{"href":"https:\/\/globalgiftsupplier.com\/es\/wp-json\/wp\/v2\/product\/47239","targetHints":{"allow":["GET"]}}],"collection":[{"href":"https:\/\/globalgiftsupplier.com\/es\/wp-json\/wp\/v2\/product"}],"about":[{"href":"https:\/\/globalgiftsupplier.com\/es\/wp-json\/wp\/v2\/types\/product"}],"wp:featuredmedia":[{"embeddable":true,"href":"https:\/\/globalgiftsupplier.com\/es\/wp-json\/wp\/v2\/media\/47240"}],"wp:attachment":[{"href":"https:\/\/globalgiftsupplier.com\/es\/wp-json\/wp\/v2\/media?parent=47239"}],"wp:term":[{"taxonomy":"product_brand","embeddable":true,"href":"https:\/\/globalgiftsupplier.com\/es\/wp-json\/wp\/v2\/product_brand?post=47239"},{"taxonomy":"product_cat","embeddable":true,"href":"https:\/\/globalgiftsupplier.com\/es\/wp-json\/wp\/v2\/product_cat?post=47239"},{"taxonomy":"product_tag","embeddable":true,"href":"https:\/\/globalgiftsupplier.com\/es\/wp-json\/wp\/v2\/product_tag?post=47239"}],"curies":[{"name":"wp","href":"https:\/\/api.w.org\/{rel}","templated":true}]}}