{"id":47232,"date":"2026-03-30T08:14:32","date_gmt":"2026-03-30T08:14:32","guid":{"rendered":"https:\/\/globalgiftsupplier.com\/?post_type=product&#038;p=47232"},"modified":"2026-03-30T08:14:32","modified_gmt":"2026-03-30T08:14:32","slug":"custom-clear-pvc-sling-backpack-with-adjustable-shoulder-strap-and-mesh-side-pocket","status":"publish","type":"product","link":"https:\/\/globalgiftsupplier.com\/es\/product\/custom-clear-pvc-sling-backpack-with-adjustable-shoulder-strap-and-mesh-side-pocket\/","title":{"rendered":"Mochila bandolera de PVC transparente personalizada con correa ajustable para el hombro y bolsillo lateral de malla"},"content":{"rendered":"<p data-start=\"1533\" data-end=\"1988\">Esta mochila personalizada de PVC transparente es una pr\u00e1ctica bolsa promocional dise\u00f1ada para ofrecer comodidad, visibilidad y uso diario. Su cuerpo transparente hace que el contenido sea f\u00e1cil de ver de un vistazo, ayudando a los usuarios a encontrar r\u00e1pidamente lo que necesitan, al tiempo que da a la bolsa un aspecto limpio y moderno. Ya sea para eventos, viajes, trabajo, colegio o actividades al aire libre, esta bolsa transparente ofrece una soluci\u00f3n de transporte sencilla con un gran potencial de marca.<\/p>\n<p data-start=\"1990\" data-end=\"2352\">La bolsa tiene una \u00fanica correa ajustable que permite llevarla c\u00f3modamente cruzada o al hombro. Su forma de bandolera facilita su transporte y permite tener las manos libres, lo que la hace adecuada para quienes necesitan acceder r\u00e1pidamente a lo esencial a lo largo del d\u00eda. Su dise\u00f1o ligero tambi\u00e9n la convierte en una opci\u00f3n \u00fatil para entornos ajetreados en los que la portabilidad es importante.<\/p>\n<p data-start=\"2354\" data-end=\"2740\">Esta bolsa incluye varias zonas de almacenamiento con cremallera para una mejor organizaci\u00f3n. El compartimento principal ofrece espacio para objetos cotidianos como el tel\u00e9fono, la cartera, las llaves, los billetes, los cosm\u00e9ticos, los cargadores y otros objetos personales. Un bolsillo frontal adicional con cremallera ayuda a separar los art\u00edculos m\u00e1s peque\u00f1os para un acceso m\u00e1s r\u00e1pido, mientras que el bolsillo lateral de malla ofrece espacio adicional para una botella de agua, un tentempi\u00e9 o un accesorio.<\/p>\n<p data-start=\"2742\" data-end=\"3200\">La fabricaci\u00f3n en PVC transparente confiere a la bolsa una ventaja funcional para locales y lugares de trabajo en los que se prefiere llevar objetos visibles. Al mismo tiempo, el panel frontal ofrece una amplia zona de personalizaci\u00f3n para la impresi\u00f3n del logotipo, convirtiendo la bolsa en un \u00fatil producto promocional con una exposici\u00f3n repetida de la marca. Como la gente puede utilizarla para desplazarse al trabajo, eventos, viajes y salidas informales, sigue mostrando su marca mucho despu\u00e9s del regalo o la compra inicial.<\/p>\n<p data-start=\"3202\" data-end=\"3484\">Esta mochila transparente es una buena elecci\u00f3n para eventos deportivos, conciertos, exposiciones, colegios, promociones de viajes, regalos de empresa, controles de seguridad y programas de venta al por menor. Combina funcionalidad diaria, f\u00e1cil organizaci\u00f3n y una marca reconocible en un pr\u00e1ctico producto.<\/p>\n<p data-start=\"3486\" data-end=\"4016\"><strong data-start=\"3486\" data-end=\"3502\">Caracter\u00edsticas principales<\/strong><br data-start=\"3502\" data-end=\"3505\" \/>Cuerpo de PVC transparente para facilitar la visibilidad del contenido<br data-start=\"3551\" data-end=\"3554\" \/>Dise\u00f1o de mochila de eslinga simple para llevarla con las manos libres<br data-start=\"3606\" data-end=\"3609\" \/>Bandolera ajustable para un ajuste m\u00e1s c\u00f3modo<br data-start=\"3661\" data-end=\"3664\" \/>Compartimento principal con cremallera para objetos de uso diario<br data-start=\"3710\" data-end=\"3713\" \/>Bolsillo frontal con cremallera para un almacenamiento de acceso r\u00e1pido<br data-start=\"3757\" data-end=\"3760\" \/>Bolsillo lateral de malla para botellas o peque\u00f1os accesorios<br data-start=\"3809\" data-end=\"3812\" \/>Ligero y pr\u00e1ctico para el uso diario<br data-start=\"3854\" data-end=\"3857\" \/>Impresi\u00f3n personalizada del logotipo en la parte delantera<br data-start=\"3900\" data-end=\"3903\" \/>Adecuado para eventos, viajes, escuelas y lugares de trabajo<br data-start=\"3955\" data-end=\"3958\" \/>Bolsa promocional f\u00e1cil de llevar con exposici\u00f3n repetida de la marca<\/p>\n<p data-start=\"4018\" data-end=\"4525\"><strong data-start=\"4018\" data-end=\"4036\">Especificaciones<\/strong><br data-start=\"4036\" data-end=\"4039\" \/>Tipo de producto: Mochila transparente<br data-start=\"4073\" data-end=\"4076\" \/>Material: PVC con correa de cincha y bolsillo de malla<br data-start=\"4124\" data-end=\"4127\" \/>Estilo: Bolso bandolera<br data-start=\"4171\" data-end=\"4174\" \/>Anchura: 12,6 pulgadas<br data-start=\"4192\" data-end=\"4195\" \/>Altura: 16 pulgadas<br data-start=\"4212\" data-end=\"4215\" \/>Profundidad: 5,5 pulgadas<br data-start=\"4232\" data-end=\"4235\" \/>Tipo de cierre: Cremallera<br data-start=\"4255\" data-end=\"4258\" \/>Dise\u00f1o de los bolsillos: Compartimento principal, bolsillo frontal con cremallera, bolsillo lateral de malla<br data-start=\"4328\" data-end=\"4331\" \/>Correa: Correa de hombro ajustable<br data-start=\"4363\" data-end=\"4366\" \/>Opciones de color: Negro, azul, gris, rosa<br data-start=\"4404\" data-end=\"4407\" \/>Personalizaci\u00f3n: Impresi\u00f3n de logotipo disponible<br data-start=\"4445\" data-end=\"4448\" \/>Uso: Llevar a diario, bolsa para eventos, bolsa de viaje, regalo promocional<br data-start=\"4509\" data-end=\"4512\" \/>Origen: China<\/p>\n<p data-start=\"4527\" data-end=\"4996\"><strong data-start=\"4527\" data-end=\"4554\">Por qu\u00e9 elegir este producto<\/strong><br data-start=\"4554\" data-end=\"4557\" \/>Esta mochila transparente tipo bandolera es \u00fatil, f\u00e1cil de transportar y de personalizar, lo que la convierte en una s\u00f3lida bolsa promocional para muchos sectores y eventos. El dise\u00f1o transparente mejora la visibilidad y la comodidad, mientras que la correa ajustable, los bolsillos con cremallera y el bolsillo lateral de malla a\u00f1aden una funci\u00f3n pr\u00e1ctica para el d\u00eda a d\u00eda. Es una elecci\u00f3n inteligente para las marcas que desean una bolsa que la gente pueda utilizar realmente en la vida real y que, al mismo tiempo, mantenga su logotipo visible en entornos p\u00fablicos.<\/p>\n<p data-start=\"4998\" data-end=\"5304\"><strong data-start=\"4998\" data-end=\"5011\">Ideal para<\/strong><br data-start=\"5011\" data-end=\"5014\" \/>Conciertos y eventos en directo<br data-start=\"5038\" data-end=\"5041\" \/>Juegos deportivos y regalos para los aficionados<br data-start=\"5071\" data-end=\"5074\" \/>Ferias y exposiciones<br data-start=\"5101\" data-end=\"5104\" \/>Promociones escolares y del campus<br data-start=\"5132\" data-end=\"5135\" \/>Campa\u00f1as de viajes y turismo<br data-start=\"5163\" data-end=\"5166\" \/>Entornos de trabajo y controles de seguridad<br data-start=\"5207\" data-end=\"5210\" \/>Regalos de empresa<br data-start=\"5229\" data-end=\"5232\" \/>Actividades al aire libre<br data-start=\"5250\" data-end=\"5253\" \/>Venta al por menor de art\u00edculos de marca<br data-start=\"5279\" data-end=\"5282\" \/>Llevar lo imprescindible a diario<\/p>\n<p data-start=\"5306\" data-end=\"5313\"><strong data-start=\"5306\" data-end=\"5313\">PREGUNTAS FRECUENTES<\/strong><\/p>\n<p data-start=\"5315\" data-end=\"5437\"><strong data-start=\"5315\" data-end=\"5358\">\u00bfSe puede personalizar esta bolsa con un logotipo?<\/strong><br data-start=\"5358\" data-end=\"5361\" \/>S\u00ed. El panel frontal puede personalizarse con su logotipo o dise\u00f1o promocional.<\/p>\n<p data-start=\"5439\" data-end=\"5567\"><strong data-start=\"5439\" data-end=\"5473\">\u00bfDe qu\u00e9 material est\u00e1 hecho?<\/strong><br data-start=\"5473\" data-end=\"5476\" \/>Est\u00e1 fabricada en PVC transparente con una correa ajustable para el hombro y un bolsillo lateral de malla.<\/p>\n<p data-start=\"5569\" data-end=\"5689\"><strong data-start=\"5569\" data-end=\"5601\">\u00bfQu\u00e9 tama\u00f1o tiene esta bolsa bandolera?<\/strong><br data-start=\"5601\" data-end=\"5604\" \/>La bolsa mide aproximadamente 12,6 pulgadas de ancho, 16 pulgadas de alto y 5,5 pulgadas de profundidad.<\/p>\n<p data-start=\"5691\" data-end=\"5825\"><strong data-start=\"5691\" data-end=\"5730\">\u00bfTiene varios compartimentos?<\/strong><br data-start=\"5730\" data-end=\"5733\" \/>S\u00ed. Incluye un compartimento principal con cremallera, un bolsillo frontal con cremallera y un bolsillo lateral de malla.<\/p>\n<p data-start=\"5827\" data-end=\"5923\"><strong data-start=\"5827\" data-end=\"5864\">\u00bfLa correa para el hombro es ajustable?<\/strong><br data-start=\"5864\" data-end=\"5867\" \/>S\u00ed. La correa es ajustable para un ajuste m\u00e1s c\u00f3modo.<\/p>\n<p data-start=\"5925\" data-end=\"6096\"><strong data-start=\"5925\" data-end=\"5952\">\u00bfQu\u00e9 puede contener esta bolsa?<\/strong><br data-start=\"5952\" data-end=\"5955\" \/>En el bolsillo lateral de malla caben objetos cotidianos como el tel\u00e9fono, la cartera, las llaves, cargadores, cosm\u00e9ticos, billetes, peque\u00f1os accesorios y una botella.<\/p>\n<p data-start=\"6098\" data-end=\"6262\"><strong data-start=\"6098\" data-end=\"6140\">\u00bfEs adecuado para actos promocionales?<\/strong><br data-start=\"6140\" data-end=\"6143\" \/>S\u00ed, es un pr\u00e1ctico art\u00edculo de regalo para eventos, ferias comerciales, programas de viajes, promociones deportivas y promoci\u00f3n de la marca de la empresa.<\/p>\n<p data-start=\"6264\" data-end=\"6354\"><strong data-start=\"6264\" data-end=\"6294\">\u00bfQu\u00e9 colores hay disponibles?<\/strong><br data-start=\"6294\" data-end=\"6297\" \/>Las im\u00e1genes muestran opciones de tapicer\u00eda en negro, azul, gris y rosa.<\/p>\n<p data-start=\"6356\" data-end=\"6558\"><strong data-start=\"6356\" data-end=\"6409\">\u00bfEs una buena bolsa para viajar o para participar en eventos?<\/strong><br data-start=\"6409\" data-end=\"6412\" \/>S\u00ed. Su dise\u00f1o claro hace que el contenido sea f\u00e1cil de ver, lo que resulta \u00fatil para viajes, eventos y otras situaciones en las que puede ser \u00fatil un control r\u00e1pido de la bolsa.<\/p>","protected":false},"excerpt":{"rendered":"<p data-start=\"960\" data-end=\"1385\">Estas mochilas transparentes de PVC personalizadas est\u00e1n dise\u00f1adas para llevarlas c\u00f3modamente a diario y facilitar la visibilidad de los art\u00edculos. Con un cuerpo transparente, correa ajustable para el hombro, compartimentos con cremallera y un bolsillo lateral de malla, son ideales para eventos, viajes, lugares de trabajo, colegios y promociones de marca. Ligeras, pr\u00e1cticas y f\u00e1ciles de personalizar, ofrecen una bolsa con logotipo muy \u00fatil para los clientes que se desplazan.<\/p>","protected":false},"featured_media":47233,"template":"","meta":{"_gspb_post_css":""},"product_brand":[],"product_cat":[26],"product_tag":[],"class_list":{"0":"post-47232","1":"product","2":"type-product","3":"status-publish","4":"has-post-thumbnail","6":"product_cat-bags","8":"first","9":"instock","10":"shipping-taxable","11":"product-type-simple"},"_links":{"self":[{"href":"https:\/\/globalgiftsupplier.com\/es\/wp-json\/wp\/v2\/product\/47232","targetHints":{"allow":["GET"]}}],"collection":[{"href":"https:\/\/globalgiftsupplier.com\/es\/wp-json\/wp\/v2\/product"}],"about":[{"href":"https:\/\/globalgiftsupplier.com\/es\/wp-json\/wp\/v2\/types\/product"}],"wp:featuredmedia":[{"embeddable":true,"href":"https:\/\/globalgiftsupplier.com\/es\/wp-json\/wp\/v2\/media\/47233"}],"wp:attachment":[{"href":"https:\/\/globalgiftsupplier.com\/es\/wp-json\/wp\/v2\/media?parent=47232"}],"wp:term":[{"taxonomy":"product_brand","embeddable":true,"href":"https:\/\/globalgiftsupplier.com\/es\/wp-json\/wp\/v2\/product_brand?post=47232"},{"taxonomy":"product_cat","embeddable":true,"href":"https:\/\/globalgiftsupplier.com\/es\/wp-json\/wp\/v2\/product_cat?post=47232"},{"taxonomy":"product_tag","embeddable":true,"href":"https:\/\/globalgiftsupplier.com\/es\/wp-json\/wp\/v2\/product_tag?post=47232"}],"curies":[{"name":"wp","href":"https:\/\/api.w.org\/{rel}","templated":true}]}}