{"id":47183,"date":"2026-03-30T04:31:47","date_gmt":"2026-03-30T04:31:47","guid":{"rendered":"https:\/\/globalgiftsupplier.com\/?post_type=product&#038;p=47183"},"modified":"2026-03-30T04:31:47","modified_gmt":"2026-03-30T04:31:47","slug":"custom-sling-backpacks-with-zipper-pocket-and-mesh-side-pocket","status":"publish","type":"product","link":"https:\/\/globalgiftsupplier.com\/es\/product\/custom-sling-backpacks-with-zipper-pocket-and-mesh-side-pocket\/","title":{"rendered":"Mochilas personalizadas con bolsillo con cremallera y bolsillo lateral de malla"},"content":{"rendered":"<p data-start=\"14666\" data-end=\"15072\">Estas mochilas bandolera personalizadas ofrecen una soluci\u00f3n de transporte pr\u00e1ctica y moderna para las actividades diarias, el uso al aire libre y la distribuci\u00f3n promocional. Su dise\u00f1o de una sola correa hace que sean f\u00e1ciles de llevar sobre un hombro o cruzadas, mientras que la zona de almacenamiento principal ofrece espacio para objetos esenciales diarios como cuadernos, material para eventos, peque\u00f1as prendas de vestir, tentempi\u00e9s y accesorios personales.<\/p>\n<p data-start=\"15074\" data-end=\"15429\">El bolsillo frontal con cremallera permite tener al alcance de la mano los objetos de uso m\u00e1s frecuente, y el bolsillo lateral de malla es \u00fatil para llevar una botella de agua, un paraguas u otros objetos compactos. Esto convierte a la bolsa en una opci\u00f3n vers\u00e1til para el deporte, los desplazamientos al trabajo, la escuela, los viajes y las ferias de muestras. Es especialmente \u00fatil para usuarios activos que desean una bolsa ligera y f\u00e1cil de llevar.<\/p>\n<p data-start=\"15431\" data-end=\"15721\">La parte frontal se puede personalizar con su logotipo o marca, lo que la convierte en un art\u00edculo promocional ideal para eventos empresariales, regalos de empresa, colegios, equipos deportivos y campa\u00f1as al aire libre. Al ser funcional y f\u00e1cil de reutilizar, esta mochila bandolera ayuda a mantener visible su logotipo en el d\u00eda a d\u00eda.<\/p>\n<p data-start=\"15723\" data-end=\"16050\"><strong data-start=\"15723\" data-end=\"15739\">Caracter\u00edsticas principales<\/strong><br data-start=\"15739\" data-end=\"15742\" \/>Dise\u00f1o de mochila con una sola correa<br data-start=\"15776\" data-end=\"15779\" \/>Amplio compartimento principal<br data-start=\"15804\" data-end=\"15807\" \/>Bolsillo delantero con cremallera<br data-start=\"15826\" data-end=\"15829\" \/>Bolsillo lateral de malla para botella o accesorios<br data-start=\"15871\" data-end=\"15874\" \/>C\u00f3modo para llevar a diario<br data-start=\"15904\" data-end=\"15907\" \/>Impresi\u00f3n de logotipos personalizados<br data-start=\"15937\" data-end=\"15940\" \/>Adecuado para viajes, deportes y uso escolar<br data-start=\"15983\" data-end=\"15986\" \/>Reutilizable y f\u00e1cil de transportar<br data-start=\"16012\" data-end=\"16015\" \/>Buena visibilidad para la promoci\u00f3n de la marca<\/p>\n<p data-start=\"16052\" data-end=\"16412\"><strong data-start=\"16052\" data-end=\"16070\">Especificaciones<\/strong><br data-start=\"16070\" data-end=\"16073\" \/>Tipo de producto: Mochila bandolera<br data-start=\"16101\" data-end=\"16104\" \/>Material: Poli\u00e9ster \/ tejido de bolsa promocional<br data-start=\"16148\" data-end=\"16151\" \/>Estilo: Mochila de una correa<br data-start=\"16176\" data-end=\"16179\" \/>Dise\u00f1o de bolsillos: Bolsillo frontal con cremallera y bolsillo lateral de malla<br data-start=\"16234\" data-end=\"16237\" \/>Color: Colores personalizados disponibles<br data-start=\"16267\" data-end=\"16270\" \/>Logotipo: Impresi\u00f3n de logotipos personalizados disponible<br data-start=\"16306\" data-end=\"16309\" \/>Uso: Viajes, deportes, colegio, desplazamientos, promociones<br data-start=\"16361\" data-end=\"16364\" \/>Origen: China<br data-start=\"16377\" data-end=\"16380\" \/>Tiempo de producci\u00f3n: 15 d\u00edas laborables<\/p>\n<p data-start=\"16414\" data-end=\"16672\"><strong data-start=\"16414\" data-end=\"16441\">Por qu\u00e9 elegir este producto<\/strong><br data-start=\"16441\" data-end=\"16444\" \/>Esta mochila bandolera combina almacenamiento pr\u00e1ctico y f\u00e1cil portabilidad en un solo producto reutilizable. Es una buena opci\u00f3n promocional porque los clientes pueden utilizarla con regularidad, lo que ayuda a mantener su marca visible en entornos cotidianos.<\/p>\n<p data-start=\"16674\" data-end=\"16846\"><strong data-start=\"16674\" data-end=\"16687\">Ideal para<\/strong><br data-start=\"16687\" data-end=\"16690\" \/>Promociones deportivas<br data-start=\"16707\" data-end=\"16710\" \/>Regalos de viajes<br data-start=\"16726\" data-end=\"16729\" \/>Actos escolares<br data-start=\"16742\" data-end=\"16745\" \/>Ferias comerciales<br data-start=\"16756\" data-end=\"16759\" \/>Campa\u00f1as exteriores<br data-start=\"16776\" data-end=\"16779\" \/>Promociones de gimnasios<br data-start=\"16793\" data-end=\"16796\" \/>Desplazamientos<br data-start=\"16809\" data-end=\"16812\" \/>Eventos de empresa<br data-start=\"16826\" data-end=\"16829\" \/>Uso diario de la marca<\/p>\n<p data-start=\"16848\" data-end=\"16857\"><strong data-start=\"16848\" data-end=\"16855\">PREGUNTAS FRECUENTES<\/strong><\/p>\n<p data-start=\"16859\" data-end=\"16972\"><strong data-start=\"16859\" data-end=\"16904\">\u00bfSe puede personalizar esta bolsa con nuestro logotipo?<\/strong><br data-start=\"16904\" data-end=\"16907\" \/>S\u00ed. El panel frontal puede personalizarse con su logotipo o mensaje.<\/p>\n<p data-start=\"16974\" data-end=\"17077\"><strong data-start=\"16974\" data-end=\"17013\">\u00bfQu\u00e9 puede contener el bolsillo lateral de malla?<\/strong><br data-start=\"17013\" data-end=\"17016\" \/>Puede contener una botella de agua, un paraguas u otros objetos compactos.<\/p>\n<p data-start=\"17079\" data-end=\"17190\"><strong data-start=\"17079\" data-end=\"17117\">\u00bfEs una mochila o una bandolera?<\/strong><br data-start=\"17117\" data-end=\"17120\" \/>Es una mochila tipo bandolera con una sola correa para el hombro que facilita su transporte.<\/p>\n<p data-start=\"17192\" data-end=\"17322\"><strong data-start=\"17192\" data-end=\"17232\">\u00bfSirve para actos promocionales?<\/strong><br data-start=\"17232\" data-end=\"17235\" \/>S\u00ed, es \u00fatil, port\u00e1til y adecuado para regalos de marca y distribuci\u00f3n en eventos.<\/p>\n<p data-start=\"17324\" data-end=\"17457\"><strong data-start=\"17324\" data-end=\"17364\">\u00bfSe puede utilizar para viajar o ir al colegio?<\/strong><br data-start=\"17364\" data-end=\"17367\" \/>S\u00ed, es adecuado para art\u00edculos ligeros de uso diario, art\u00edculos de viaje y para uso escolar o en los desplazamientos al trabajo.<\/p>","protected":false},"excerpt":{"rendered":"<p>Estas mochilas personalizadas est\u00e1n dise\u00f1adas para un transporte c\u00f3modo, un uso diario y una visibilidad promocional. Con un amplio compartimento principal, un bolsillo frontal con cremallera y un bolsillo lateral de malla, son adecuadas para deportes, viajes, desplazamientos, colegios y eventos. Su pr\u00e1ctica estructura y el \u00e1rea para el logotipo personalizado las convierten en una elecci\u00f3n inteligente de bolsa de marca.<\/p>","protected":false},"featured_media":47184,"template":"","meta":{"_gspb_post_css":""},"product_brand":[],"product_cat":[26],"product_tag":[],"class_list":{"0":"post-47183","1":"product","2":"type-product","3":"status-publish","4":"has-post-thumbnail","6":"product_cat-bags","8":"first","9":"instock","10":"shipping-taxable","11":"product-type-simple"},"_links":{"self":[{"href":"https:\/\/globalgiftsupplier.com\/es\/wp-json\/wp\/v2\/product\/47183","targetHints":{"allow":["GET"]}}],"collection":[{"href":"https:\/\/globalgiftsupplier.com\/es\/wp-json\/wp\/v2\/product"}],"about":[{"href":"https:\/\/globalgiftsupplier.com\/es\/wp-json\/wp\/v2\/types\/product"}],"wp:featuredmedia":[{"embeddable":true,"href":"https:\/\/globalgiftsupplier.com\/es\/wp-json\/wp\/v2\/media\/47184"}],"wp:attachment":[{"href":"https:\/\/globalgiftsupplier.com\/es\/wp-json\/wp\/v2\/media?parent=47183"}],"wp:term":[{"taxonomy":"product_brand","embeddable":true,"href":"https:\/\/globalgiftsupplier.com\/es\/wp-json\/wp\/v2\/product_brand?post=47183"},{"taxonomy":"product_cat","embeddable":true,"href":"https:\/\/globalgiftsupplier.com\/es\/wp-json\/wp\/v2\/product_cat?post=47183"},{"taxonomy":"product_tag","embeddable":true,"href":"https:\/\/globalgiftsupplier.com\/es\/wp-json\/wp\/v2\/product_tag?post=47183"}],"curies":[{"name":"wp","href":"https:\/\/api.w.org\/{rel}","templated":true}]}}