{"id":47177,"date":"2026-03-30T04:29:38","date_gmt":"2026-03-30T04:29:38","guid":{"rendered":"https:\/\/globalgiftsupplier.com\/?post_type=product&#038;p=47177"},"modified":"2026-03-30T04:29:38","modified_gmt":"2026-03-30T04:29:38","slug":"custom-baseball-pop-it-fidget-toys","status":"publish","type":"product","link":"https:\/\/globalgiftsupplier.com\/es\/product\/custom-baseball-pop-it-fidget-toys\/","title":{"rendered":"Juguetes Pop It de b\u00e9isbol personalizados"},"content":{"rendered":"<p data-start=\"10492\" data-end=\"10831\">Estos juguetes pop it de b\u00e9isbol personalizados son un art\u00edculo promocional divertido y atractivo dise\u00f1ado para aliviar el estr\u00e9s, el juego sensorial y los eventos de tem\u00e1tica deportiva. Su forma inspirada en el b\u00e9isbol los hace especialmente adecuados para promociones de b\u00e9isbol, regalos para j\u00f3venes, actividades escolares, equipos deportivos y campa\u00f1as familiares.<\/p>\n<p data-start=\"10833\" data-end=\"11227\">El dise\u00f1o de la burbuja push-pop proporciona una actividad pr\u00e1ctica satisfactoria que muchos usuarios disfrutan durante los descansos, en la escuela, en eventos o en casa. Dado que el producto es interactivo en lugar de puramente decorativo, es m\u00e1s probable que se utilice repetidamente y se conserve durante m\u00e1s tiempo, lo que ayuda a ampliar la exposici\u00f3n de la marca. La zona central puede personalizarse con su logotipo, lo que lo convierte en un art\u00edculo creativo para promociones de marca.<\/p>\n<p data-start=\"11229\" data-end=\"11484\">Fabricado con material de silicona y f\u00e1cil de transportar, este estuche de b\u00e9isbol es adecuado para bolsas de regalo, distribuciones escolares, folletos para equipos, mesas de eventos y promociones novedosas. Ofrece una forma l\u00fadica de conectar su marca con la diversi\u00f3n, la relajaci\u00f3n y el uso diario.<\/p>\n<p data-start=\"11486\" data-end=\"11807\"><strong data-start=\"11486\" data-end=\"11502\">Caracter\u00edsticas principales<\/strong><br data-start=\"11502\" data-end=\"11505\" \/>Dise\u00f1o en forma de b\u00e9isbol<br data-start=\"11526\" data-end=\"11529\" \/>Funci\u00f3n sensorial Push-pop<br data-start=\"11554\" data-end=\"11557\" \/>Impresi\u00f3n de logotipos personalizados<br data-start=\"11587\" data-end=\"11590\" \/>Ligero y port\u00e1til<br data-start=\"11614\" data-end=\"11617\" \/>Art\u00edculo promocional divertido e interactivo<br data-start=\"11653\" data-end=\"11656\" \/>Bueno para aliviar el estr\u00e9s y el juego sensorial<br data-start=\"11695\" data-end=\"11698\" \/>Adecuado para eventos de tem\u00e1tica deportiva<br data-start=\"11731\" data-end=\"11734\" \/>Material de silicona reutilizable<br data-start=\"11760\" data-end=\"11763\" \/>Popular entre ni\u00f1os, estudiantes y aficionados al deporte<\/p>\n<p data-start=\"11809\" data-end=\"12082\"><strong data-start=\"11809\" data-end=\"11827\">Especificaciones<\/strong><br data-start=\"11827\" data-end=\"11830\" \/>Tipo de producto: Juguete Pop it<br data-start=\"11861\" data-end=\"11864\" \/>Material: Silicona<br data-start=\"11882\" data-end=\"11885\" \/>Forma: B\u00e9isbol<br data-start=\"11900\" data-end=\"11903\" \/>Color: Colores personalizados disponibles<br data-start=\"11933\" data-end=\"11936\" \/>Logotipo: Impresi\u00f3n de logotipos personalizados disponible<br data-start=\"11972\" data-end=\"11975\" \/>Uso: Alivio del estr\u00e9s, juego sensorial, regalo promocional<br data-start=\"12031\" data-end=\"12034\" \/>Origen: China<br data-start=\"12047\" data-end=\"12050\" \/>Tiempo de producci\u00f3n: 15 d\u00edas laborables<\/p>\n<p data-start=\"12084\" data-end=\"12333\"><strong data-start=\"12084\" data-end=\"12111\">Por qu\u00e9 elegir este producto<\/strong><br data-start=\"12111\" data-end=\"12114\" \/>Este producto es memorable porque combina un tema deportivo reconocible con un juego interactivo. Se trata de un art\u00edculo de regalo divertido que la gente conservar\u00e1, utilizar\u00e1 y compartir\u00e1 con m\u00e1s facilidad, lo que contribuir\u00e1 a que su marca sea visible durante m\u00e1s tiempo.<\/p>\n<p data-start=\"12335\" data-end=\"12523\"><strong data-start=\"12335\" data-end=\"12348\">Ideal para<\/strong><br data-start=\"12348\" data-end=\"12351\" \/>Promociones de b\u00e9isbol<br data-start=\"12370\" data-end=\"12373\" \/>Regalos escolares<br data-start=\"12389\" data-end=\"12392\" \/>Programas para j\u00f3venes<br data-start=\"12406\" data-end=\"12409\" \/>Equipos deportivos<br data-start=\"12421\" data-end=\"12424\" \/>Actos comunitarios<br data-start=\"12440\" data-end=\"12443\" \/>Actividades de recaudaci\u00f3n de fondos<br data-start=\"12465\" data-end=\"12468\" \/>Regalos del Festival<br data-start=\"12486\" data-end=\"12489\" \/>Eventos familiares<br data-start=\"12502\" data-end=\"12505\" \/>Promociones novedosas<\/p>\n<p data-start=\"12525\" data-end=\"12534\"><strong data-start=\"12525\" data-end=\"12532\">PREGUNTAS FRECUENTES<\/strong><\/p>\n<p data-start=\"12536\" data-end=\"12663\"><strong data-start=\"12536\" data-end=\"12584\">\u00bfSe puede personalizar con nuestro logotipo?<\/strong><br data-start=\"12584\" data-end=\"12587\" \/>S\u00ed. La zona central puede personalizarse con su logotipo o dise\u00f1o promocional.<\/p>\n<p data-start=\"12665\" data-end=\"12727\"><strong data-start=\"12665\" data-end=\"12699\">\u00bfDe qu\u00e9 material est\u00e1 hecho?<\/strong><br data-start=\"12699\" data-end=\"12702\" \/>Est\u00e1 hecho de silicona.<\/p>\n<p data-start=\"12729\" data-end=\"12879\"><strong data-start=\"12729\" data-end=\"12777\">\u00bfPor qu\u00e9 es bueno este producto para promociones?<\/strong><br data-start=\"12777\" data-end=\"12780\" \/>Es divertido, interactivo, port\u00e1til y es probable que se utilice repetidamente, lo que aumenta la exposici\u00f3n de la marca.<\/p>\n<p data-start=\"12881\" data-end=\"13019\"><strong data-start=\"12881\" data-end=\"12929\">\u00bfEs adecuado para eventos con tem\u00e1tica de b\u00e9isbol?<\/strong><br data-start=\"12929\" data-end=\"12932\" \/>S\u00ed. La forma de b\u00e9isbol lo hace especialmente adecuado para campa\u00f1as deportivas y de b\u00e9isbol.<\/p>\n<p data-start=\"13021\" data-end=\"13146\"><strong data-start=\"13021\" data-end=\"13052\">\u00bfPueden utilizar este art\u00edculo los ni\u00f1os?<\/strong><br data-start=\"13052\" data-end=\"13055\" \/>S\u00ed. Se utiliza habitualmente para actos escolares, programas juveniles y promociones para toda la familia.<\/p>","protected":false},"excerpt":{"rendered":"<p>Estos juguetes personalizados pop it de b\u00e9isbol combinan diversi\u00f3n, juego sensorial y marca deportiva en un solo art\u00edculo promocional. Dise\u00f1ados con forma de pelota de b\u00e9isbol y burbujas push-pop, son ideales para eventos escolares, promociones deportivas, regalos, programas juveniles y campa\u00f1as de marca. Ligeros, interactivos y f\u00e1ciles de transportar, son un regalo promocional memorable.<\/p>","protected":false},"featured_media":47178,"template":"","meta":{"_gspb_post_css":""},"product_brand":[],"product_cat":[34],"product_tag":[],"class_list":{"0":"post-47177","1":"product","2":"type-product","3":"status-publish","4":"has-post-thumbnail","6":"product_cat-stress-balls-games-toys","8":"first","9":"instock","10":"shipping-taxable","11":"product-type-simple"},"_links":{"self":[{"href":"https:\/\/globalgiftsupplier.com\/es\/wp-json\/wp\/v2\/product\/47177","targetHints":{"allow":["GET"]}}],"collection":[{"href":"https:\/\/globalgiftsupplier.com\/es\/wp-json\/wp\/v2\/product"}],"about":[{"href":"https:\/\/globalgiftsupplier.com\/es\/wp-json\/wp\/v2\/types\/product"}],"wp:featuredmedia":[{"embeddable":true,"href":"https:\/\/globalgiftsupplier.com\/es\/wp-json\/wp\/v2\/media\/47178"}],"wp:attachment":[{"href":"https:\/\/globalgiftsupplier.com\/es\/wp-json\/wp\/v2\/media?parent=47177"}],"wp:term":[{"taxonomy":"product_brand","embeddable":true,"href":"https:\/\/globalgiftsupplier.com\/es\/wp-json\/wp\/v2\/product_brand?post=47177"},{"taxonomy":"product_cat","embeddable":true,"href":"https:\/\/globalgiftsupplier.com\/es\/wp-json\/wp\/v2\/product_cat?post=47177"},{"taxonomy":"product_tag","embeddable":true,"href":"https:\/\/globalgiftsupplier.com\/es\/wp-json\/wp\/v2\/product_tag?post=47177"}],"curies":[{"name":"wp","href":"https:\/\/api.w.org\/{rel}","templated":true}]}}