{"id":47173,"date":"2026-03-30T04:27:32","date_gmt":"2026-03-30T04:27:32","guid":{"rendered":"https:\/\/globalgiftsupplier.com\/?post_type=product&#038;p=47173"},"modified":"2026-03-30T04:27:32","modified_gmt":"2026-03-30T04:27:32","slug":"custom-drawer-gift-boxes-with-foam-insert","status":"publish","type":"product","link":"https:\/\/globalgiftsupplier.com\/es\/product\/custom-drawer-gift-boxes-with-foam-insert\/","title":{"rendered":"Cajas de regalo personalizadas con caj\u00f3n e inserto de espuma"},"content":{"rendered":"<p data-start=\"6102\" data-end=\"6411\">Estas cajas de regalo personalizadas con caj\u00f3n son una opci\u00f3n de embalaje de primera calidad para las empresas que desean que sus productos parezcan m\u00e1s refinados, organizados y listos para regalo. El dise\u00f1o de caj\u00f3n deslizante crea una presentaci\u00f3n ordenada, mientras que el inserto de espuma ajustado ayuda a proteger y mostrar el contenido en el interior.<\/p>\n<p data-start=\"6413\" data-end=\"6824\">Este estilo de caja es adecuado para bol\u00edgrafos, accesorios de oficina, lotes de regalos promocionales, accesorios electr\u00f3nicos, premios y otros productos peque\u00f1os empaquetados. El inserto de espuma ayuda a mantener el art\u00edculo estable durante el almacenamiento y la presentaci\u00f3n, al tiempo que mejora el aspecto general del embalaje. Es una buena elecci\u00f3n para las empresas que desean una forma m\u00e1s elevada y profesional de empaquetar regalos o productos de marca.<\/p>\n<p data-start=\"6826\" data-end=\"7154\">La superficie exterior puede personalizarse con su logotipo o dise\u00f1o, lo que la hace adecuada para la presentaci\u00f3n de marcas, regalos a clientes, regalos a empleados, embalaje para eventos y exposici\u00f3n de productos al por menor. Tanto si envasa un producto promocional como si crea un set de regalo premium, esta caja de regalo con caj\u00f3n a\u00f1ade valor mediante la presentaci\u00f3n y la protecci\u00f3n.<\/p>\n<p data-start=\"7156\" data-end=\"7496\"><strong data-start=\"7156\" data-end=\"7172\">Caracter\u00edsticas principales<\/strong><br data-start=\"7172\" data-end=\"7175\" \/>Dise\u00f1o tipo caj\u00f3n extra\u00edble<br data-start=\"7204\" data-end=\"7207\" \/>Espuma protectora<br data-start=\"7229\" data-end=\"7232\" \/>Logotipo personalizado disponible<br data-start=\"7262\" data-end=\"7265\" \/>Presentaci\u00f3n pulcra y de primera calidad<br data-start=\"7294\" data-end=\"7297\" \/>Adecuado para sets de regalo y accesorios<br data-start=\"7335\" data-end=\"7338\" \/>Ayuda a proteger los productos durante el almacenamiento<br data-start=\"7375\" data-end=\"7378\" \/>Experiencia unboxing profesional<br data-start=\"7410\" data-end=\"7413\" \/>Ideal para envases promocionales y de venta al por menor<br data-start=\"7455\" data-end=\"7458\" \/>Embalaje de aspecto limpio y elegante<\/p>\n<p data-start=\"7498\" data-end=\"7816\"><strong data-start=\"7498\" data-end=\"7516\">Especificaciones<\/strong><br data-start=\"7516\" data-end=\"7519\" \/>Tipo de producto: Caj\u00f3n de regalo<br data-start=\"7548\" data-end=\"7551\" \/>Material: Caja de cart\u00f3n con inserto de espuma<br data-start=\"7592\" data-end=\"7595\" \/>Estilo: Cajonera extra\u00edble<br data-start=\"7622\" data-end=\"7625\" \/>Inserto: Inserto de espuma<br data-start=\"7644\" data-end=\"7647\" \/>Color: Colores personalizados disponibles<br data-start=\"7677\" data-end=\"7680\" \/>Logotipo: Impresi\u00f3n de logotipos personalizados disponible<br data-start=\"7716\" data-end=\"7719\" \/>Utilizaci\u00f3n: Presentaci\u00f3n de productos y embalaje de regalos<br data-start=\"7765\" data-end=\"7768\" \/>Origen: China<br data-start=\"7781\" data-end=\"7784\" \/>Tiempo de producci\u00f3n: 15 d\u00edas laborables<\/p>\n<p data-start=\"7818\" data-end=\"8054\"><strong data-start=\"7818\" data-end=\"7845\">Por qu\u00e9 elegir este producto<\/strong><br data-start=\"7845\" data-end=\"7848\" \/>Esta caja de regalo ayuda a convertir un producto est\u00e1ndar en una presentaci\u00f3n m\u00e1s premium. Mejora la experiencia de envasado, protege el art\u00edculo en su interior y aumenta el valor de la marca gracias a un envase personalizado profesional.<\/p>\n<p data-start=\"8056\" data-end=\"8272\"><strong data-start=\"8056\" data-end=\"8069\">Ideal para<\/strong><br data-start=\"8069\" data-end=\"8072\" \/>Regalos de empresa<br data-start=\"8087\" data-end=\"8090\" \/>Cajas de regalo para bol\u00edgrafos<br data-start=\"8104\" data-end=\"8107\" \/>Sets de regalo promocionales<br data-start=\"8128\" data-end=\"8131\" \/>Accesorios de oficina<br data-start=\"8149\" data-end=\"8152\" \/>Regalos para ejecutivos<br data-start=\"8167\" data-end=\"8170\" \/>Envases para minoristas<br data-start=\"8186\" data-end=\"8189\" \/>Kits de presentaci\u00f3n de eventos<br data-start=\"8212\" data-end=\"8215\" \/>Premios y recuerdos<br data-start=\"8240\" data-end=\"8243\" \/>Embalaje de productos de marca<\/p>\n<p data-start=\"8274\" data-end=\"8283\"><strong data-start=\"8274\" data-end=\"8281\">PREGUNTAS FRECUENTES<\/strong><\/p>\n<p data-start=\"8285\" data-end=\"8401\"><strong data-start=\"8285\" data-end=\"8335\">\u00bfSe puede personalizar esta caja de regalo con nuestro logotipo?<\/strong><br data-start=\"8335\" data-end=\"8338\" \/>S\u00ed, la caja se puede personalizar con su logotipo o marca.<\/p>\n<p data-start=\"8403\" data-end=\"8534\"><strong data-start=\"8403\" data-end=\"8435\">\u00bfPara qu\u00e9 sirve el inserto de espuma?<\/strong><br data-start=\"8435\" data-end=\"8438\" \/>El inserto de espuma ayuda a mantener el producto en su sitio y lo protege durante el almacenamiento y la presentaci\u00f3n.<\/p>\n<p data-start=\"8536\" data-end=\"8679\"><strong data-start=\"8536\" data-end=\"8575\">\u00bfQu\u00e9 productos se pueden envasar en su interior?<\/strong><br data-start=\"8575\" data-end=\"8578\" \/>Es adecuado para bol\u00edgrafos, accesorios, regalos de oficina, art\u00edculos tecnol\u00f3gicos y otros peque\u00f1os productos promocionales.<\/p>\n<p data-start=\"8681\" data-end=\"8824\"><strong data-start=\"8681\" data-end=\"8730\">\u00bfEste envase es adecuado para regalos premium?<\/strong><br data-start=\"8730\" data-end=\"8733\" \/>S\u00ed. La estructura del caj\u00f3n y el inserto lo convierten en una buena opci\u00f3n para envases de regalo de mayor categor\u00eda.<\/p>\n<p data-start=\"8826\" data-end=\"8956\"><strong data-start=\"8826\" data-end=\"8873\">\u00bfSe puede utilizar para lotes de regalo promocionales?<\/strong><br data-start=\"8873\" data-end=\"8876\" \/>S\u00ed, funciona muy bien para envasar productos de marca y lotes de regalo.<\/p>","protected":false},"excerpt":{"rendered":"<p>Estas cajas de regalo con caj\u00f3n personalizadas est\u00e1n dise\u00f1adas para el envasado de marca y la presentaci\u00f3n de productos de primera calidad. Con una estructura de caj\u00f3n deslizante y un inserto de espuma protectora, ayudan a asegurar el producto en su interior a la vez que crean una experiencia de desembalaje limpia y elegante. Ideales para sets de regalo, bol\u00edgrafos, regalos de oficina, accesorios y art\u00edculos promocionales.<\/p>","protected":false},"featured_media":47174,"template":"","meta":{"_gspb_post_css":""},"product_brand":[],"product_cat":[26],"product_tag":[],"class_list":{"0":"post-47173","1":"product","2":"type-product","3":"status-publish","4":"has-post-thumbnail","6":"product_cat-bags","8":"first","9":"instock","10":"shipping-taxable","11":"product-type-simple"},"_links":{"self":[{"href":"https:\/\/globalgiftsupplier.com\/es\/wp-json\/wp\/v2\/product\/47173","targetHints":{"allow":["GET"]}}],"collection":[{"href":"https:\/\/globalgiftsupplier.com\/es\/wp-json\/wp\/v2\/product"}],"about":[{"href":"https:\/\/globalgiftsupplier.com\/es\/wp-json\/wp\/v2\/types\/product"}],"wp:featuredmedia":[{"embeddable":true,"href":"https:\/\/globalgiftsupplier.com\/es\/wp-json\/wp\/v2\/media\/47174"}],"wp:attachment":[{"href":"https:\/\/globalgiftsupplier.com\/es\/wp-json\/wp\/v2\/media?parent=47173"}],"wp:term":[{"taxonomy":"product_brand","embeddable":true,"href":"https:\/\/globalgiftsupplier.com\/es\/wp-json\/wp\/v2\/product_brand?post=47173"},{"taxonomy":"product_cat","embeddable":true,"href":"https:\/\/globalgiftsupplier.com\/es\/wp-json\/wp\/v2\/product_cat?post=47173"},{"taxonomy":"product_tag","embeddable":true,"href":"https:\/\/globalgiftsupplier.com\/es\/wp-json\/wp\/v2\/product_tag?post=47173"}],"curies":[{"name":"wp","href":"https:\/\/api.w.org\/{rel}","templated":true}]}}