{"id":47160,"date":"2026-03-30T04:22:12","date_gmt":"2026-03-30T04:22:12","guid":{"rendered":"https:\/\/globalgiftsupplier.com\/?post_type=product&#038;p=47160"},"modified":"2026-03-30T04:22:12","modified_gmt":"2026-03-30T04:22:12","slug":"custom-cotton-drawstring-bags-for-gift-packaging-and-promotional-use","status":"publish","type":"product","link":"https:\/\/globalgiftsupplier.com\/es\/product\/custom-cotton-drawstring-bags-for-gift-packaging-and-promotional-use\/","title":{"rendered":"Bolsas de cord\u00f3n de algod\u00f3n personalizadas para embalaje de regalos y uso promocional"},"content":{"rendered":"<p data-start=\"1426\" data-end=\"1750\">Estas bolsas personalizadas de algod\u00f3n con cord\u00f3n son una soluci\u00f3n de embalaje pr\u00e1ctica y reutilizable para el almacenamiento diario, los regalos y el uso promocional. Fabricadas con un suave material de algod\u00f3n, ayudan a proteger los art\u00edculos al tiempo que ofrecen un aspecto sencillo y natural que funciona bien en tiendas, eventos, viajes y promociones de marca.<\/p>\n<p data-start=\"1752\" data-end=\"2128\">El cierre de cord\u00f3n hace que la bolsa sea f\u00e1cil de abrir y cerrar, al tiempo que ayuda a mantener seguro el contenido. Es adecuada para guardar joyas, cosm\u00e9ticos, peque\u00f1os accesorios, regalos, art\u00edculos de uso diario, art\u00edculos de viaje y otros productos ligeros. Tanto si se utiliza para empaquetar productos como para regalos, esta bolsa ofrece una forma limpia y c\u00f3moda de organizar y transportar art\u00edculos.<\/p>\n<p data-start=\"2130\" data-end=\"2457\">Su suave estructura de algod\u00f3n confiere a la bolsa un tacto natural y una funci\u00f3n reutilizable, lo que la convierte en una buena opci\u00f3n para las marcas que desean un estilo de envasado pr\u00e1ctico y m\u00e1s respetuoso con el medio ambiente. La parte frontal de la bolsa puede personalizarse con su logotipo o eslogan, lo que ayuda a aumentar la visibilidad de la marca en un producto que los clientes pueden seguir utilizando.<\/p>\n<p data-start=\"2459\" data-end=\"2731\">Esta bolsa de algod\u00f3n con cord\u00f3n es ideal para supermercados, tiendas de regalos, promociones de viajes, embalaje de joyas, presentaci\u00f3n de productos, regalos para eventos y almacenamiento dom\u00e9stico diario. Es un art\u00edculo promocional vers\u00e1til que combina funcionalidad, sencillez y valor de marca.<\/p>\n<p data-start=\"2733\" data-end=\"3100\"><strong data-start=\"2733\" data-end=\"2749\">Caracter\u00edsticas principales<\/strong><br data-start=\"2749\" data-end=\"2752\" \/>Material de algod\u00f3n suave<br data-start=\"2772\" data-end=\"2775\" \/>Dise\u00f1o de bolsa con cord\u00f3n reutilizable<br data-start=\"2805\" data-end=\"2808\" \/>C\u00f3modo cierre para abrirlo y guardarlo f\u00e1cilmente<br data-start=\"2855\" data-end=\"2858\" \/>Impresi\u00f3n de logotipos personalizados<br data-start=\"2888\" data-end=\"2891\" \/>Adecuado para regalos, viajes, joyer\u00eda y almacenamiento diario<br data-start=\"2945\" data-end=\"2948\" \/>Ligero y f\u00e1cil de transportar<br data-start=\"2977\" data-end=\"2980\" \/>Aspecto natural y sencillo<br data-start=\"3009\" data-end=\"3012\" \/>Ideal para envases promocionales y regalos<br data-start=\"3059\" data-end=\"3062\" \/>Ayuda a organizar y proteger los objetos peque\u00f1os<\/p>\n<p data-start=\"3102\" data-end=\"3375\"><strong data-start=\"3102\" data-end=\"3120\">Especificaciones<\/strong><br data-start=\"3120\" data-end=\"3123\" \/>Tipo de producto: Bolsa de algod\u00f3n con cord\u00f3n<br data-start=\"3158\" data-end=\"3161\" \/>Material: Algod\u00f3n<br data-start=\"3177\" data-end=\"3180\" \/>Tama\u00f1o: 9,7\u2033 x 7\u2033<br data-start=\"3195\" data-end=\"3198\" \/>Color: Algod\u00f3n natural \/ colores personalizados disponibles<br data-start=\"3245\" data-end=\"3248\" \/>M\u00e9todo de impresi\u00f3n: Serigraf\u00eda<br data-start=\"3274\" data-end=\"3277\" \/>Medidas del texto impreso: 5\u2033 x 5\u2033.<br data-start=\"3298\" data-end=\"3301\" \/>Posici\u00f3n de impresi\u00f3n: Frente<br data-start=\"3324\" data-end=\"3327\" \/>Origen: China<br data-start=\"3340\" data-end=\"3343\" \/>Tiempo de producci\u00f3n: 15 d\u00edas laborables<\/p>\n<p data-start=\"3377\" data-end=\"3666\"><strong data-start=\"3377\" data-end=\"3404\">Por qu\u00e9 elegir este producto<\/strong><br data-start=\"3404\" data-end=\"3407\" \/>Esta bolsa es \u00fatil, reutilizable y f\u00e1cil de personalizar, lo que la convierte en una s\u00f3lida opci\u00f3n de embalaje promocional para las marcas que desean tanto valor pr\u00e1ctico como visibilidad diaria. Funciona bien como bolsa de regalo, bolsa de almacenamiento y bolsa de embalaje para venta al por menor en un solo producto.<\/p>\n<p data-start=\"3668\" data-end=\"3871\"><strong data-start=\"3668\" data-end=\"3681\">Ideal para<\/strong><br data-start=\"3681\" data-end=\"3684\" \/>Envases de regalo<br data-start=\"3698\" data-end=\"3701\" \/>Bolsas para joyas<br data-start=\"3713\" data-end=\"3716\" \/>Envasado de productos al por menor<br data-start=\"3740\" data-end=\"3743\" \/>Almacenamiento para viajes<br data-start=\"3757\" data-end=\"3760\" \/>Promociones en supermercados<br data-start=\"3782\" data-end=\"3785\" \/>Regalos para ferias<br data-start=\"3805\" data-end=\"3808\" \/>Envases cosm\u00e9ticos<br data-start=\"3826\" data-end=\"3829\" \/>Organizaci\u00f3n dom\u00e9stica<br data-start=\"3846\" data-end=\"3849\" \/>Actos de promoci\u00f3n de la marca<\/p>\n<p data-start=\"3873\" data-end=\"3880\"><strong data-start=\"3873\" data-end=\"3880\">PREGUNTAS FRECUENTES<\/strong><\/p>\n<p data-start=\"3882\" data-end=\"3997\"><strong data-start=\"3882\" data-end=\"3925\">\u00bfSe puede personalizar esta bolsa con un logotipo?<\/strong><br data-start=\"3925\" data-end=\"3928\" \/>S\u00ed. La parte frontal de la bolsa puede personalizarse con su logotipo o eslogan.<\/p>\n<p data-start=\"3999\" data-end=\"4059\"><strong data-start=\"3999\" data-end=\"4033\">\u00bfDe qu\u00e9 material est\u00e1 hecho?<\/strong><br data-start=\"4033\" data-end=\"4036\" \/>Est\u00e1 hecho de algod\u00f3n.<\/p>\n<p data-start=\"4061\" data-end=\"4119\"><strong data-start=\"4061\" data-end=\"4087\">\u00bfQu\u00e9 tama\u00f1o tiene esta bolsa?<\/strong><br data-start=\"4087\" data-end=\"4090\" \/>El tama\u00f1o indicado es de 9,7\u2033 x 7\u2033.<\/p>\n<p data-start=\"4121\" data-end=\"4275\"><strong data-start=\"4121\" data-end=\"4156\">\u00bfQu\u00e9 tipo de objetos puede contener?<\/strong><br data-start=\"4156\" data-end=\"4159\" \/>Es adecuado para joyas, regalos, art\u00edculos de viaje, peque\u00f1os accesorios, cosm\u00e9ticos y otros productos cotidianos ligeros.<\/p>\n<p data-start=\"4277\" data-end=\"4380\"><strong data-start=\"4277\" data-end=\"4296\">\u00bfEs reutilizable?<\/strong><br data-start=\"4296\" data-end=\"4299\" \/>S\u00ed. El material de algod\u00f3n y el dise\u00f1o con cord\u00f3n lo hacen adecuado para un uso repetido.<\/p>\n<p data-start=\"4382\" data-end=\"4456\"><strong data-start=\"4382\" data-end=\"4420\">\u00bfQu\u00e9 m\u00e9todo de impresi\u00f3n est\u00e1 disponible?<\/strong><br data-start=\"4420\" data-end=\"4423\" \/>Serigraf\u00eda disponible.<\/p>","protected":false},"excerpt":{"rendered":"<p>Estas bolsas personalizadas de algod\u00f3n con cord\u00f3n est\u00e1n fabricadas con un suave material de algod\u00f3n y dise\u00f1adas para un c\u00f3modo almacenamiento y embalaje diario. Ideales para regalos, art\u00edculos de viaje, joyer\u00eda, embalaje para tiendas y uso promocional, cuentan con un pr\u00e1ctico cierre de cord\u00f3n y una amplia \u00e1rea de impresi\u00f3n para su logotipo. Ligeras, reutilizables y f\u00e1ciles de transportar, son una sencilla soluci\u00f3n de embalaje de marca para muchos sectores.<\/p>","protected":false},"featured_media":47161,"template":"","meta":{"_gspb_post_css":""},"product_brand":[],"product_cat":[26],"product_tag":[],"class_list":{"0":"post-47160","1":"product","2":"type-product","3":"status-publish","4":"has-post-thumbnail","6":"product_cat-bags","8":"first","9":"instock","10":"shipping-taxable","11":"product-type-simple"},"_links":{"self":[{"href":"https:\/\/globalgiftsupplier.com\/es\/wp-json\/wp\/v2\/product\/47160","targetHints":{"allow":["GET"]}}],"collection":[{"href":"https:\/\/globalgiftsupplier.com\/es\/wp-json\/wp\/v2\/product"}],"about":[{"href":"https:\/\/globalgiftsupplier.com\/es\/wp-json\/wp\/v2\/types\/product"}],"wp:featuredmedia":[{"embeddable":true,"href":"https:\/\/globalgiftsupplier.com\/es\/wp-json\/wp\/v2\/media\/47161"}],"wp:attachment":[{"href":"https:\/\/globalgiftsupplier.com\/es\/wp-json\/wp\/v2\/media?parent=47160"}],"wp:term":[{"taxonomy":"product_brand","embeddable":true,"href":"https:\/\/globalgiftsupplier.com\/es\/wp-json\/wp\/v2\/product_brand?post=47160"},{"taxonomy":"product_cat","embeddable":true,"href":"https:\/\/globalgiftsupplier.com\/es\/wp-json\/wp\/v2\/product_cat?post=47160"},{"taxonomy":"product_tag","embeddable":true,"href":"https:\/\/globalgiftsupplier.com\/es\/wp-json\/wp\/v2\/product_tag?post=47160"}],"curies":[{"name":"wp","href":"https:\/\/api.w.org\/{rel}","templated":true}]}}