{"id":47137,"date":"2026-03-30T03:27:26","date_gmt":"2026-03-30T03:27:26","guid":{"rendered":"https:\/\/globalgiftsupplier.com\/?post_type=product&#038;p=47137"},"modified":"2026-03-30T03:27:26","modified_gmt":"2026-03-30T03:27:26","slug":"custom-ergonomic-mouse-pad-with-wrist-rest","status":"publish","type":"product","link":"https:\/\/globalgiftsupplier.com\/es\/product\/custom-ergonomic-mouse-pad-with-wrist-rest\/","title":{"rendered":"Alfombrilla de rat\u00f3n ergon\u00f3mica personalizada con reposamu\u00f1ecas"},"content":{"rendered":"<p data-start=\"1482\" data-end=\"1866\">Esta alfombrilla de rat\u00f3n ergon\u00f3mica personalizada con reposamu\u00f1ecas es un accesorio de escritorio funcional y promocional que combina la utilidad diaria con una gran visibilidad de la marca. Dise\u00f1ada para su uso en la oficina, el hogar y estaciones de trabajo inform\u00e1ticas, proporciona una superficie c\u00f3moda para el movimiento del rat\u00f3n a la vez que ofrece un reposamu\u00f1ecas integrado para mayor comodidad durante largos periodos de trabajo.<\/p>\n<p data-start=\"1868\" data-end=\"2232\">La caracter\u00edstica m\u00e1s destacada de esta alfombrilla es su reposamu\u00f1ecas ergon\u00f3mico, que ayuda a apoyar la mu\u00f1eca mientras se utiliza el rat\u00f3n. Esto la hace especialmente adecuada para empleados de oficina, estudiantes, trabajadores remotos y cualquiera que pase mucho tiempo en un escritorio. Su forma compacta pero eficaz se adapta f\u00e1cilmente a la mayor\u00eda de escritorios y estaciones de trabajo sin ocupar demasiado espacio.<\/p>\n<p data-start=\"2234\" data-end=\"2655\">Su gran superficie imprimible permite que el logotipo, el eslogan o las ilustraciones personalizadas de su empresa se muestren claramente, lo que convierte a este producto en una s\u00f3lida opci\u00f3n para uso promocional. Como se utiliza repetidamente en un escritorio todos los d\u00edas, proporciona exposici\u00f3n de marca a largo plazo y valor pr\u00e1ctico al mismo tiempo. Es ideal para regalos de empresa, obsequios para conferencias, kits de bienvenida para empleados, promociones escolares y programas de suministros de oficina con marca.<\/p>\n<p data-start=\"2657\" data-end=\"2924\">Disponible en varios colores brillantes y cl\u00e1sicos, esta alfombrilla de rat\u00f3n se adapta a diferentes estilos de marca y temas promocionales. Su forma sencilla, funci\u00f3n pr\u00e1ctica y \u00e1rea de impresi\u00f3n visible la convierten en un art\u00edculo fiable para las empresas que buscan un producto de escritorio personalizado \u00fatil.<\/p>\n<p data-start=\"2926\" data-end=\"3242\"><strong data-start=\"2926\" data-end=\"2942\">Caracter\u00edsticas principales<\/strong><br data-start=\"2942\" data-end=\"2945\" \/>Alfombrilla de rat\u00f3n ergon\u00f3mica con reposamu\u00f1ecas<br data-start=\"2980\" data-end=\"2983\" \/>C\u00f3modo dise\u00f1o de soporte para el uso diario del ordenador<br data-start=\"3032\" data-end=\"3035\" \/>Gran \u00e1rea de impresi\u00f3n del logotipo<br data-start=\"3058\" data-end=\"3061\" \/>Adecuado para la oficina, la escuela y el hogar<br data-start=\"3102\" data-end=\"3105\" \/>Disponible en varios colores<br data-start=\"3133\" data-end=\"3136\" \/>\u00datil accesorio promocional de oficina<br data-start=\"3171\" data-end=\"3174\" \/>Ideal para marcas y regalos<br data-start=\"3206\" data-end=\"3209\" \/>Dise\u00f1o compacto para colocar en el escritorio<\/p>\n<p data-start=\"3244\" data-end=\"3442\"><strong data-start=\"3244\" data-end=\"3262\">Especificaciones<\/strong><br data-start=\"3262\" data-end=\"3265\" \/>Tipo de producto: Alfombrilla de rat\u00f3n con reposamu\u00f1ecas<br data-start=\"3304\" data-end=\"3307\" \/>Personalizaci\u00f3n: Impresi\u00f3n de logotipo disponible<br data-start=\"3345\" data-end=\"3348\" \/>Colores: M\u00faltiples colores disponibles<br data-start=\"3381\" data-end=\"3384\" \/>Uso: Oficina, escritorio, ordenador, hogar, escuela, uso promocional<\/p>\n<p data-start=\"3444\" data-end=\"3728\"><strong data-start=\"3444\" data-end=\"3471\">Por qu\u00e9 elegir este producto<\/strong><br data-start=\"3471\" data-end=\"3474\" \/>Esta alfombrilla de rat\u00f3n es un art\u00edculo promocional fuerte porque es pr\u00e1ctica, visible y se utiliza con frecuencia en entornos de trabajo cotidianos. El dise\u00f1o de apoyo para la mu\u00f1eca a\u00f1ade comodidad, mientras que la gran \u00e1rea de impresi\u00f3n personalizada ayuda a mantener su marca a la vista en escritorios y estaciones de trabajo.<\/p>\n<p data-start=\"3730\" data-end=\"3923\"><strong data-start=\"3730\" data-end=\"3743\">Ideal para<\/strong><br data-start=\"3743\" data-end=\"3746\" \/>Regalos de oficina<br data-start=\"3762\" data-end=\"3765\" \/>Regalos de empresa<br data-start=\"3780\" data-end=\"3783\" \/>Kits de bienvenida para empleados<br data-start=\"3804\" data-end=\"3807\" \/>Ferias comerciales<br data-start=\"3818\" data-end=\"3821\" \/>Promociones escolares<br data-start=\"3838\" data-end=\"3841\" \/>Colecciones de accesorios de escritorio<br data-start=\"3867\" data-end=\"3870\" \/>Programas inform\u00e1ticos accesorios<br data-start=\"3897\" data-end=\"3900\" \/>Material de oficina de marca<\/p>\n<p data-start=\"3925\" data-end=\"3932\"><strong data-start=\"3925\" data-end=\"3932\">PREGUNTAS FRECUENTES<\/strong><\/p>\n<p data-start=\"3934\" data-end=\"4053\"><strong data-start=\"3934\" data-end=\"3983\">\u00bfSe puede personalizar esta alfombrilla con un logotipo?<\/strong><br data-start=\"3983\" data-end=\"3986\" \/>S\u00ed. La superficie principal ofrece un \u00e1rea despejada para la impresi\u00f3n de logotipos personalizados.<\/p>\n<p data-start=\"4055\" data-end=\"4163\"><strong data-start=\"4055\" data-end=\"4089\">\u00bfIncluye soporte para la mu\u00f1eca?<\/strong><br data-start=\"4089\" data-end=\"4092\" \/>S\u00ed. Incorpora un reposamu\u00f1ecas integrado para mayor comodidad de uso.<\/p>\n<p data-start=\"4165\" data-end=\"4285\"><strong data-start=\"4165\" data-end=\"4199\">\u00bfEs adecuado para oficinas?<\/strong><br data-start=\"4199\" data-end=\"4202\" \/>S\u00ed. Est\u00e1 dise\u00f1ado para mesas de oficina, estaciones de trabajo dom\u00e9sticas y el uso diario del ordenador.<\/p>\n<p data-start=\"4287\" data-end=\"4396\"><strong data-start=\"4287\" data-end=\"4326\">\u00bfEs un buen producto promocional?<\/strong><br data-start=\"4326\" data-end=\"4329\" \/>S\u00ed. Es un \u00fatil art\u00edculo de escritorio de marca con gran visibilidad diaria.<\/p>\n<p data-start=\"4398\" data-end=\"4487\"><strong data-start=\"4398\" data-end=\"4432\">\u00bfHay varios colores disponibles?<\/strong><br data-start=\"4432\" data-end=\"4435\" \/>S\u00ed. El producto se muestra en varias opciones de color.<\/p>","protected":false},"excerpt":{"rendered":"<p data-start=\"940\" data-end=\"1376\">Esta alfombrilla de rat\u00f3n ergon\u00f3mica personalizada con reposamu\u00f1ecas es un pr\u00e1ctico accesorio de oficina dise\u00f1ado para el uso diario del ordenador. Su reposamu\u00f1ecas de apoyo ayuda a mejorar la comodidad durante largas horas en el escritorio, mientras que la gran \u00e1rea de impresi\u00f3n frontal lo hace ideal para la marca de logotipo personalizado. Disponible en varios colores, esta alfombrilla de rat\u00f3n es una opci\u00f3n \u00fatil para oficinas, regalos para empleados, ferias comerciales, escuelas y campa\u00f1as promocionales.<\/p>","protected":false},"featured_media":47138,"template":"","meta":{"_gspb_post_css":""},"product_brand":[],"product_cat":[31],"product_tag":[],"class_list":{"0":"post-47137","1":"product","2":"type-product","3":"status-publish","4":"has-post-thumbnail","6":"product_cat-office","8":"first","9":"instock","10":"shipping-taxable","11":"product-type-simple"},"_links":{"self":[{"href":"https:\/\/globalgiftsupplier.com\/es\/wp-json\/wp\/v2\/product\/47137","targetHints":{"allow":["GET"]}}],"collection":[{"href":"https:\/\/globalgiftsupplier.com\/es\/wp-json\/wp\/v2\/product"}],"about":[{"href":"https:\/\/globalgiftsupplier.com\/es\/wp-json\/wp\/v2\/types\/product"}],"wp:featuredmedia":[{"embeddable":true,"href":"https:\/\/globalgiftsupplier.com\/es\/wp-json\/wp\/v2\/media\/47138"}],"wp:attachment":[{"href":"https:\/\/globalgiftsupplier.com\/es\/wp-json\/wp\/v2\/media?parent=47137"}],"wp:term":[{"taxonomy":"product_brand","embeddable":true,"href":"https:\/\/globalgiftsupplier.com\/es\/wp-json\/wp\/v2\/product_brand?post=47137"},{"taxonomy":"product_cat","embeddable":true,"href":"https:\/\/globalgiftsupplier.com\/es\/wp-json\/wp\/v2\/product_cat?post=47137"},{"taxonomy":"product_tag","embeddable":true,"href":"https:\/\/globalgiftsupplier.com\/es\/wp-json\/wp\/v2\/product_tag?post=47137"}],"curies":[{"name":"wp","href":"https:\/\/api.w.org\/{rel}","templated":true}]}}