{"id":47129,"date":"2026-03-30T03:25:04","date_gmt":"2026-03-30T03:25:04","guid":{"rendered":"https:\/\/globalgiftsupplier.com\/?post_type=product&#038;p=47129"},"modified":"2026-03-30T03:25:04","modified_gmt":"2026-03-30T03:25:04","slug":"creative-rugby-ball-3-in-1-charging-cable","status":"publish","type":"product","link":"https:\/\/globalgiftsupplier.com\/es\/product\/creative-rugby-ball-3-in-1-charging-cable\/","title":{"rendered":"Cable de carga 3 en 1 Creative Rugby Ball"},"content":{"rendered":"<p data-start=\"1674\" data-end=\"2065\">Este creativo cable de carga 3 en 1 en forma de bal\u00f3n de rugby es un divertido y pr\u00e1ctico accesorio tecnol\u00f3gico promocional que combina la utilidad cotidiana con un llamativo potencial de marca. Dise\u00f1ado con una distintiva forma de bal\u00f3n de rugby, ofrece un aspecto m\u00e1s memorable que los cables de carga est\u00e1ndar, lo que lo convierte en un art\u00edculo excelente para obsequios, ferias, eventos y promociones corporativas.<\/p>\n<p data-start=\"2067\" data-end=\"2459\">El cable incluye tres conectores de carga populares en una unidad compacta: Micro USB, Type-C y Lightning. Esto lo hace pr\u00e1ctico para los usuarios que llevan diferentes dispositivos y quieren una soluci\u00f3n de carga sencilla en lugar de varios cables separados. Su dise\u00f1o retr\u00e1ctil mantiene el cable ordenado cuando no se utiliza y facilita su almacenamiento en bolsos, kits de viaje, cajones de escritorio y compartimentos del coche.<\/p>\n<p data-start=\"2461\" data-end=\"2824\">Fabricado en ABS y TPE, este cable es ligero, flexible y duradero para el uso diario. La construcci\u00f3n de cuatro n\u00facleos de alambre de cobre ayuda a un rendimiento de carga eficiente, mientras que el peque\u00f1o tama\u00f1o lo hace especialmente adecuado para las personas en movimiento. Una correa incorporada tambi\u00e9n ayuda a la portabilidad y a\u00f1ade comodidad para llevarlo o sujetarlo a bolsos y accesorios.<\/p>\n<p data-start=\"2826\" data-end=\"3235\">Este producto funciona especialmente bien como art\u00edculo promocional de marca porque combina una funci\u00f3n \u00fatil con una forma creativa que destaca. La impresi\u00f3n de logotipos personalizados est\u00e1 disponible en el cuerpo delantero, lo que proporciona a su marca un \u00e1rea de impresi\u00f3n clara y visible. Al ser compacto, pr\u00e1ctico y f\u00e1cil de transportar, ofrece una fuerte exposici\u00f3n repetida en entornos cotidianos como oficinas, hogares, coches, viajes y uso empresarial.<\/p>\n<p data-start=\"3237\" data-end=\"3656\"><strong data-start=\"3237\" data-end=\"3253\">Caracter\u00edsticas principales<\/strong><br data-start=\"3253\" data-end=\"3256\" \/>Dise\u00f1o de cable de carga 3 en 1<br data-start=\"3284\" data-end=\"3287\" \/>Incluye conectores Micro USB, Type-C y Lightning.<br data-start=\"3339\" data-end=\"3342\" \/>Creativa forma de bal\u00f3n de rugby para una marca distintiva<br data-start=\"3392\" data-end=\"3395\" \/>Dise\u00f1o retr\u00e1ctil para un almacenamiento ordenado<br data-start=\"3430\" data-end=\"3433\" \/>Fabricado en ABS y TPE<br data-start=\"3454\" data-end=\"3457\" \/>Cuatro n\u00facleos de cobre<br data-start=\"3491\" data-end=\"3494\" \/>Compacto y f\u00e1cil de transportar<br data-start=\"3519\" data-end=\"3522\" \/>Impresi\u00f3n de logotipos personalizados<br data-start=\"3552\" data-end=\"3555\" \/>Adecuado para la oficina, el autom\u00f3vil, los viajes y el uso m\u00f3vil<br data-start=\"3604\" data-end=\"3607\" \/>Ideal para obsequios promocionales y regalos de marca<\/p>\n<p data-start=\"3658\" data-end=\"3816\"><strong data-start=\"3658\" data-end=\"3676\">Especificaciones<\/strong><br data-start=\"3676\" data-end=\"3679\" \/>Tama\u00f1o: 3,78\u2033 x 1,54\u2033 x 0,66\u2033.<br data-start=\"3706\" data-end=\"3709\" \/>Material: ABS + TPE<br data-start=\"3728\" data-end=\"3731\" \/>Colores disponibles: Azul, Negro, Rosa, Rojo, Verde, Blanco, Naranja<br data-start=\"3793\" data-end=\"3796\" \/>Area de Impresi\u00f3n: 1\u2033 dia<\/p>\n<p data-start=\"3818\" data-end=\"4148\"><strong data-start=\"3818\" data-end=\"3845\">Por qu\u00e9 elegir este producto<\/strong><br data-start=\"3845\" data-end=\"3848\" \/>Este cable de carga destaca porque combina la pr\u00e1ctica carga multidispositivo con un creativo dise\u00f1o promocional. La forma de bal\u00f3n de rugby le confiere un atractivo visual adicional, mientras que el formato retr\u00e1ctil lo hace c\u00f3modo para llevarlo a diario. Es \u00fatil, regalable y muy adecuado para la promoci\u00f3n de la marca.<\/p>\n<p data-start=\"4150\" data-end=\"4396\"><strong data-start=\"4150\" data-end=\"4163\">Ideal para<\/strong><br data-start=\"4163\" data-end=\"4166\" \/>Regalos para ferias<br data-start=\"4186\" data-end=\"4189\" \/>Regalos de empresa<br data-start=\"4204\" data-end=\"4207\" \/>Campa\u00f1as de promoci\u00f3n<br data-start=\"4228\" data-end=\"4231\" \/>Kits de bienvenida para empleados<br data-start=\"4252\" data-end=\"4255\" \/>Colecciones de accesorios tecnol\u00f3gicos<br data-start=\"4281\" data-end=\"4284\" \/>Regalos de viajes<br data-start=\"4300\" data-end=\"4303\" \/>Promociones de automoci\u00f3n<br data-start=\"4324\" data-end=\"4327\" \/>Programas de accesorios para tel\u00e9fonos<br data-start=\"4351\" data-end=\"4354\" \/>Mercanc\u00eda para eventos<br data-start=\"4371\" data-end=\"4374\" \/>Regalos de empresa de marca<\/p>\n<p data-start=\"4398\" data-end=\"4405\"><strong data-start=\"4398\" data-end=\"4405\">PREGUNTAS FRECUENTES<\/strong><\/p>\n<p data-start=\"4407\" data-end=\"4514\"><strong data-start=\"4407\" data-end=\"4454\">\u00bfSe puede personalizar este producto con un logotipo?<\/strong><br data-start=\"4454\" data-end=\"4457\" \/>S\u00ed. Se puede imprimir un logotipo personalizado en el cuerpo delantero.<\/p>\n<p data-start=\"4516\" data-end=\"4608\"><strong data-start=\"4516\" data-end=\"4549\">\u00bfQu\u00e9 conectores se incluyen?<\/strong><br data-start=\"4549\" data-end=\"4552\" \/>Incluye conectores Micro USB, Type-C y Lightning.<\/p>\n<p data-start=\"4610\" data-end=\"4708\"><strong data-start=\"4610\" data-end=\"4639\">\u00bfEs retr\u00e1ctil el cable?<\/strong><br data-start=\"4639\" data-end=\"4642\" \/>S\u00ed. El dise\u00f1o retr\u00e1ctil ayuda a mantener el cable compacto y ordenado.<\/p>\n<p data-start=\"4710\" data-end=\"4775\"><strong data-start=\"4710\" data-end=\"4744\">\u00bfDe qu\u00e9 material est\u00e1 hecho?<\/strong><br data-start=\"4744\" data-end=\"4747\" \/>Est\u00e1 fabricado en ABS y TPE.<\/p>\n<p data-start=\"4777\" data-end=\"4935\"><strong data-start=\"4777\" data-end=\"4832\">\u00bfEste producto es adecuado para regalos promocionales?<\/strong><br data-start=\"4832\" data-end=\"4835\" \/>S\u00ed. Su uso pr\u00e1ctico, su tama\u00f1o compacto y su exclusiva forma de bal\u00f3n de rugby lo convierten en un s\u00f3lido art\u00edculo promocional.<\/p>\n<p data-start=\"4937\" data-end=\"5094\"><strong data-start=\"4937\" data-end=\"4986\">\u00bfEs f\u00e1cil de transportar para los viajes y el uso diario?<\/strong><br data-start=\"4986\" data-end=\"4989\" \/>S\u00ed. Su peque\u00f1o tama\u00f1o y la correa incorporada lo hacen pr\u00e1ctico para viajes, la oficina, el autom\u00f3vil y el uso m\u00f3vil diario.<\/p>","protected":false},"excerpt":{"rendered":"<p>Este creativo cable de carga 3 en 1 con forma de bal\u00f3n de rugby es un accesorio tecnol\u00f3gico promocional compacto dise\u00f1ado para smartphones y para las necesidades diarias de carga de m\u00f3viles. Con conectores Micro USB, Type-C y Lightning en un peque\u00f1o cuerpo retr\u00e1ctil, ofrece una c\u00f3moda carga multidispositivo con una divertida forma inspirada en el f\u00fatbol. Fabricado en ABS y TPE, es ligero, port\u00e1til y f\u00e1cil de transportar para viajes, oficinas, coches y eventos. La personalizaci\u00f3n de su logotipo lo convierte en una excelente opci\u00f3n para obsequios, campa\u00f1as promocionales y regalos de empresa.<\/p>","protected":false},"featured_media":47130,"template":"","meta":{"_gspb_post_css":""},"product_brand":[],"product_cat":[27],"product_tag":[],"class_list":{"0":"post-47129","1":"product","2":"type-product","3":"status-publish","4":"has-post-thumbnail","6":"product_cat-technology","8":"first","9":"instock","10":"shipping-taxable","11":"product-type-simple"},"_links":{"self":[{"href":"https:\/\/globalgiftsupplier.com\/es\/wp-json\/wp\/v2\/product\/47129","targetHints":{"allow":["GET"]}}],"collection":[{"href":"https:\/\/globalgiftsupplier.com\/es\/wp-json\/wp\/v2\/product"}],"about":[{"href":"https:\/\/globalgiftsupplier.com\/es\/wp-json\/wp\/v2\/types\/product"}],"wp:featuredmedia":[{"embeddable":true,"href":"https:\/\/globalgiftsupplier.com\/es\/wp-json\/wp\/v2\/media\/47130"}],"wp:attachment":[{"href":"https:\/\/globalgiftsupplier.com\/es\/wp-json\/wp\/v2\/media?parent=47129"}],"wp:term":[{"taxonomy":"product_brand","embeddable":true,"href":"https:\/\/globalgiftsupplier.com\/es\/wp-json\/wp\/v2\/product_brand?post=47129"},{"taxonomy":"product_cat","embeddable":true,"href":"https:\/\/globalgiftsupplier.com\/es\/wp-json\/wp\/v2\/product_cat?post=47129"},{"taxonomy":"product_tag","embeddable":true,"href":"https:\/\/globalgiftsupplier.com\/es\/wp-json\/wp\/v2\/product_tag?post=47129"}],"curies":[{"name":"wp","href":"https:\/\/api.w.org\/{rel}","templated":true}]}}