{"id":47116,"date":"2026-03-30T03:19:39","date_gmt":"2026-03-30T03:19:39","guid":{"rendered":"https:\/\/globalgiftsupplier.com\/?post_type=product&#038;p=47116"},"modified":"2026-03-30T03:19:39","modified_gmt":"2026-03-30T03:19:39","slug":"multi-ports-type-c-micro-mini-usb-charging-cable-with-carabiner","status":"publish","type":"product","link":"https:\/\/globalgiftsupplier.com\/es\/product\/multi-ports-type-c-micro-mini-usb-charging-cable-with-carabiner\/","title":{"rendered":"Cable de carga micro mini USB multipuertos tipo C con mosquet\u00f3n"},"content":{"rendered":"<p data-start=\"1620\" data-end=\"1969\">Este cable de carga micro mini USB Type-C multipuerto con mosquet\u00f3n es un accesorio de carga c\u00f3modo y port\u00e1til dise\u00f1ado para usuarios que desean varias opciones de conexi\u00f3n en un solo art\u00edculo compacto. Su dise\u00f1o ligero con mosquet\u00f3n hace que sea f\u00e1cil de transportar e ideal para uso diario, viajes, entornos de oficina y campa\u00f1as promocionales.<\/p>\n<p data-start=\"1971\" data-end=\"2294\">El cable incluye varios conectores de carga para una mayor compatibilidad de dispositivos, lo que ayuda a reducir la necesidad de llevar cables separados para diferentes dispositivos. Su parte superior compacta tipo mosquet\u00f3n permite sujetar el cable f\u00e1cilmente a llaveros, bolsos, bolsas, mochilas o equipos de viaje, lo que lo convierte en una pr\u00e1ctica soluci\u00f3n para llevar.<\/p>\n<p data-start=\"2296\" data-end=\"2637\">Este producto es especialmente adecuado para empresas que buscan un art\u00edculo tecnol\u00f3gico promocional \u00fatil. La carcasa frontal ofrece espacio para <strong data-start=\"2425\" data-end=\"2449\">impresi\u00f3n de logotipos personalizados<\/strong>, Convierta un simple accesorio de carga en un eficaz obsequio de marca. Al ser compacto, pr\u00e1ctico y de uso frecuente, puede ayudar a mantener visible su marca en situaciones cotidianas.<\/p>\n<p data-start=\"2639\" data-end=\"2898\">Su forma limpia y su tama\u00f1o port\u00e1til tambi\u00e9n lo convierten en una buena opci\u00f3n para folletos de ferias comerciales, regalos de empresa, obsequios para eventos, kits de viaje y colecciones de productos electr\u00f3nicos de marca. La sencilla forma de mosquet\u00f3n a\u00f1ade comodidad y confiere al producto un aspecto promocional moderno.<\/p>\n<p data-start=\"2900\" data-end=\"3267\"><strong data-start=\"2900\" data-end=\"2916\">Caracter\u00edsticas principales<\/strong><br data-start=\"2916\" data-end=\"2919\" \/>Dise\u00f1o de cable de carga multipuerto<br data-start=\"2951\" data-end=\"2954\" \/>Incluye compatibilidad con Type-C, Micro USB y Mini USB.<br data-start=\"3008\" data-end=\"3011\" \/>Clip compacto tipo mosquet\u00f3n para facilitar su transporte<br data-start=\"3057\" data-end=\"3060\" \/>Logotipo personalizado en la parte delantera<br data-start=\"3094\" data-end=\"3097\" \/>Port\u00e1til y ligero para uso diario<br data-start=\"3135\" data-end=\"3138\" \/>Pr\u00e1ctico para viajes, oficina y eventos<br data-start=\"3179\" data-end=\"3182\" \/>\u00datil accesorio tecnol\u00f3gico promocional<br data-start=\"3221\" data-end=\"3224\" \/>F\u00e1cil de enganchar a llaves, bolsos y mochilas<\/p>\n<p data-start=\"3269\" data-end=\"3627\"><strong data-start=\"3269\" data-end=\"3296\">Por qu\u00e9 elegir este producto<\/strong><br data-start=\"3296\" data-end=\"3299\" \/>Este cable de carga combina portabilidad, comodidad y valor de marca en un solo producto. Su dise\u00f1o con clip facilita su transporte, mientras que la configuraci\u00f3n multiconector lo hace pr\u00e1ctico para usuarios con distintos dispositivos. Es una buena elecci\u00f3n promocional porque es \u00fatil, compacto y adecuado para el uso diario.<\/p>\n<p data-start=\"3629\" data-end=\"3856\"><strong data-start=\"3629\" data-end=\"3642\">Ideal para<\/strong><br data-start=\"3642\" data-end=\"3645\" \/>Regalos para ferias<br data-start=\"3665\" data-end=\"3668\" \/>Promociones de empresa<br data-start=\"3688\" data-end=\"3691\" \/>Mercanc\u00eda para eventos<br data-start=\"3708\" data-end=\"3711\" \/>Kits de bienvenida para empleados<br data-start=\"3732\" data-end=\"3735\" \/>Accesorios de viaje<br data-start=\"3753\" data-end=\"3756\" \/>Colecciones de accesorios tecnol\u00f3gicos<br data-start=\"3782\" data-end=\"3785\" \/>Regalos para clientes<br data-start=\"3799\" data-end=\"3802\" \/>Regalos de marca<br data-start=\"3819\" data-end=\"3822\" \/>Uso de oficina<br data-start=\"3832\" data-end=\"3835\" \/>Campa\u00f1as de promoci\u00f3n<\/p>\n<p data-start=\"3858\" data-end=\"3865\"><strong data-start=\"3858\" data-end=\"3865\">PREGUNTAS FRECUENTES<\/strong><\/p>\n<p data-start=\"3867\" data-end=\"3998\"><strong data-start=\"3867\" data-end=\"3914\">\u00bfSe puede personalizar este producto con un logotipo?<\/strong><br data-start=\"3914\" data-end=\"3917\" \/>S\u00ed, la carcasa frontal puede personalizarse con su logotipo para promocionar su marca.<\/p>\n<p data-start=\"4000\" data-end=\"4146\"><strong data-start=\"4000\" data-end=\"4036\">\u00bfQu\u00e9 conectores incluye?<\/strong><br data-start=\"4036\" data-end=\"4039\" \/>Est\u00e1 dise\u00f1ado como un cable de carga multipuerto compatible con conectores Type-C, Micro USB y Mini USB.<\/p>\n<p data-start=\"4148\" data-end=\"4267\"><strong data-start=\"4148\" data-end=\"4172\">\u00bfEs f\u00e1cil de transportar?<\/strong><br data-start=\"4172\" data-end=\"4175\" \/>S\u00ed. El clip tipo mosquet\u00f3n incorporado facilita su sujeci\u00f3n a llaves, bolsos y mochilas.<\/p>\n<p data-start=\"4269\" data-end=\"4432\"><strong data-start=\"4269\" data-end=\"4310\">\u00bfPara qu\u00e9 se utiliza principalmente este producto?<\/strong><br data-start=\"4310\" data-end=\"4313\" \/>Se utiliza principalmente como accesorio de carga compacto para uso diario, viajes, comodidad en la oficina y regalos promocionales.<\/p>\n<p data-start=\"4434\" data-end=\"4576\"><strong data-start=\"4434\" data-end=\"4470\">\u00bfEs un buen art\u00edculo promocional?<\/strong><br data-start=\"4470\" data-end=\"4473\" \/>S\u00ed, es pr\u00e1ctico, port\u00e1til y de uso frecuente, lo que lo convierte en un eficaz regalo tecnol\u00f3gico de marca.<\/p>","protected":false},"excerpt":{"rendered":"<p>Este cable de carga micro mini USB Type-C de varios puertos con mosquet\u00f3n es un accesorio de carga compacto y pr\u00e1ctico dise\u00f1ado para la portabilidad y la comodidad. Con su cuerpo de estilo clip incorporado y m\u00faltiples conectores, es f\u00e1cil de sujetar a llaves, bolsos o mochilas para el uso diario. El \u00e1rea con logotipo personalizado lo convierte en una excelente opci\u00f3n para regalos promocionales, ferias comerciales, eventos y art\u00edculos tecnol\u00f3gicos de marca.<\/p>","protected":false},"featured_media":47117,"template":"","meta":{"_gspb_post_css":""},"product_brand":[],"product_cat":[27],"product_tag":[],"class_list":{"0":"post-47116","1":"product","2":"type-product","3":"status-publish","4":"has-post-thumbnail","6":"product_cat-technology","8":"first","9":"instock","10":"shipping-taxable","11":"product-type-simple"},"_links":{"self":[{"href":"https:\/\/globalgiftsupplier.com\/es\/wp-json\/wp\/v2\/product\/47116","targetHints":{"allow":["GET"]}}],"collection":[{"href":"https:\/\/globalgiftsupplier.com\/es\/wp-json\/wp\/v2\/product"}],"about":[{"href":"https:\/\/globalgiftsupplier.com\/es\/wp-json\/wp\/v2\/types\/product"}],"wp:featuredmedia":[{"embeddable":true,"href":"https:\/\/globalgiftsupplier.com\/es\/wp-json\/wp\/v2\/media\/47117"}],"wp:attachment":[{"href":"https:\/\/globalgiftsupplier.com\/es\/wp-json\/wp\/v2\/media?parent=47116"}],"wp:term":[{"taxonomy":"product_brand","embeddable":true,"href":"https:\/\/globalgiftsupplier.com\/es\/wp-json\/wp\/v2\/product_brand?post=47116"},{"taxonomy":"product_cat","embeddable":true,"href":"https:\/\/globalgiftsupplier.com\/es\/wp-json\/wp\/v2\/product_cat?post=47116"},{"taxonomy":"product_tag","embeddable":true,"href":"https:\/\/globalgiftsupplier.com\/es\/wp-json\/wp\/v2\/product_tag?post=47116"}],"curies":[{"name":"wp","href":"https:\/\/api.w.org\/{rel}","templated":true}]}}