{"id":47112,"date":"2026-03-30T03:10:04","date_gmt":"2026-03-30T03:10:04","guid":{"rendered":"https:\/\/globalgiftsupplier.com\/?post_type=product&#038;p=47112"},"modified":"2026-03-30T03:10:05","modified_gmt":"2026-03-30T03:10:05","slug":"3-in-1-keychain-usb-charging-data-cable-with-led-logo","status":"publish","type":"product","link":"https:\/\/globalgiftsupplier.com\/es\/product\/3-in-1-keychain-usb-charging-data-cable-with-led-logo\/","title":{"rendered":"Llavero 3 en 1 Cable USB de carga de datos con logotipo LED"},"content":{"rendered":"<p data-start=\"1600\" data-end=\"1967\">Este cable de datos de carga USB 3 en 1 en forma de llavero con logotipo LED es un accesorio tecnol\u00f3gico promocional compacto y pr\u00e1ctico dise\u00f1ado para la comodidad diaria. Con su estilo de llavero port\u00e1til y su dise\u00f1o multiconector integrado, ofrece una soluci\u00f3n de carga sencilla para los usuarios que llevan diferentes dispositivos y quieren un cable f\u00e1cil de tener a mano.<\/p>\n<p data-start=\"1969\" data-end=\"2343\">El cable incluye <strong data-start=\"1988\" data-end=\"2062\">tres conectores populares en una sola unidad: Micro USB, Type-C y Lightning<\/strong>. Esto lo hace adecuado para cargar una amplia gama de smartphones, power banks y otros dispositivos electr\u00f3nicos compatibles. Su dise\u00f1o multiusos ayuda a reducir la necesidad de llevar varios cables de carga por separado, por lo que es especialmente \u00fatil para viajes, desplazamientos, trabajo de oficina y eventos.<\/p>\n<p data-start=\"2345\" data-end=\"2768\">Hecho de <strong data-start=\"2355\" data-end=\"2370\">ABS y TPE<\/strong>, Este cable de carga est\u00e1 dise\u00f1ado para ofrecer flexibilidad, durabilidad y uso diario. La estructura de alambre de cobre de cuatro n\u00facleos ayuda a un rendimiento de carga eficiente, mientras que el cuerpo compacto mantiene el cable f\u00e1cil de llevar en un bolsillo, bolso, bolsa, o unido a las llaves. Con una longitud total de aproximadamente <strong data-start=\"2666\" data-end=\"2680\">15 cm<\/strong>, es una soluci\u00f3n pr\u00e1ctica para la carga a corta distancia cuando la portabilidad es lo m\u00e1s importante.<\/p>\n<p data-start=\"2770\" data-end=\"3173\">Una de las caracter\u00edsticas m\u00e1s destacadas de este producto es su <strong data-start=\"2822\" data-end=\"2855\">zona del logotipo con iluminaci\u00f3n LED personalizada<\/strong>, que ayuda a que su marca sea m\u00e1s visible y memorable. Cuando se conecta, la secci\u00f3n del logotipo se ilumina, convirtiendo un \u00fatil accesorio cotidiano en un potente art\u00edculo promocional. Por eso es ideal para regalos de empresa, ferias, obsequios a clientes, kits para empleados, promociones tecnol\u00f3gicas y programas de productos de marca.<\/p>\n<p data-start=\"3175\" data-end=\"3360\">Los colores disponibles que se muestran en los detalles del producto incluyen <strong data-start=\"3233\" data-end=\"3280\">naranja, azul, negro, rojo, blanco y amarillo<\/strong>, que le ofrecen m\u00faltiples opciones para adaptarse al estilo de su empresa o al tema de su campa\u00f1a.<\/p>\n<p data-start=\"3362\" data-end=\"3760\"><strong data-start=\"3362\" data-end=\"3378\">Caracter\u00edsticas principales<\/strong><br data-start=\"3378\" data-end=\"3381\" \/>Dise\u00f1o de cable de carga 3 en 1<br data-start=\"3409\" data-end=\"3412\" \/>Incluye conectores Micro USB, Type-C y Lightning.<br data-start=\"3464\" data-end=\"3467\" \/>Gancho para llavero incorporado para facilitar su transporte<br data-start=\"3507\" data-end=\"3510\" \/>Logotipo luminoso LED personalizado<br data-start=\"3548\" data-end=\"3551\" \/>Dise\u00f1o compacto y port\u00e1til<br data-start=\"3578\" data-end=\"3581\" \/>Aprox. 6,3 pulgadas de longitud<br data-start=\"3604\" data-end=\"3607\" \/>Fabricado en ABS y TPE<br data-start=\"3628\" data-end=\"3631\" \/>Estructura de cuatro hilos de cobre<br data-start=\"3662\" data-end=\"3665\" \/>Adecuado para la carga diaria del tel\u00e9fono y para uso promocional<br data-start=\"3718\" data-end=\"3721\" \/>Ideal para viajes, oficina y regalos<\/p>\n<p data-start=\"3762\" data-end=\"4082\"><strong data-start=\"3762\" data-end=\"3789\">Por qu\u00e9 elegir este producto<\/strong><br data-start=\"3789\" data-end=\"3792\" \/>Este cable es peque\u00f1o, \u00fatil y muy personalizable. Su dise\u00f1o de llavero hace que sea f\u00e1cil de llevar a cualquier parte, mientras que la funci\u00f3n de logotipo luminoso a\u00f1ade un mayor impacto visual para las promociones. Combina comodidad, portabilidad y marca personalizada en un producto sencillo que la gente puede utilizar a diario.<\/p>\n<p data-start=\"4084\" data-end=\"4333\"><strong data-start=\"4084\" data-end=\"4097\">Ideal para<\/strong><br data-start=\"4097\" data-end=\"4100\" \/>Regalos para ferias<br data-start=\"4120\" data-end=\"4123\" \/>Promociones de empresa<br data-start=\"4143\" data-end=\"4146\" \/>Regalos de la Conferencia<br data-start=\"4162\" data-end=\"4165\" \/>Kits de bienvenida para empleados<br data-start=\"4186\" data-end=\"4189\" \/>Accesorios de viaje<br data-start=\"4207\" data-end=\"4210\" \/>Accesorios de escritorio<br data-start=\"4233\" data-end=\"4236\" \/>Colecciones de accesorios para tel\u00e9fonos<br data-start=\"4263\" data-end=\"4266\" \/>Promociones tecnol\u00f3gicas<br data-start=\"4281\" data-end=\"4284\" \/>Productos de marca<br data-start=\"4303\" data-end=\"4306\" \/>Regalos de agradecimiento a los clientes<\/p>\n<p data-start=\"4335\" data-end=\"4342\"><strong data-start=\"4335\" data-end=\"4342\">PREGUNTAS FRECUENTES<\/strong><\/p>\n<p data-start=\"4344\" data-end=\"4469\"><strong data-start=\"4344\" data-end=\"4389\">\u00bfSe puede personalizar este cable con un logotipo?<\/strong><br data-start=\"4389\" data-end=\"4392\" \/>S\u00ed, dispone de una zona para el logotipo con iluminaci\u00f3n LED personalizada para uso promocional de la marca.<\/p>\n<p data-start=\"4471\" data-end=\"4571\"><strong data-start=\"4471\" data-end=\"4504\">\u00bfQu\u00e9 conectores se incluyen?<\/strong><br data-start=\"4504\" data-end=\"4507\" \/>Este cable incluye conectores Micro USB, Type-C y Lightning.<\/p>\n<p data-start=\"4573\" data-end=\"4638\"><strong data-start=\"4573\" data-end=\"4607\">\u00bfDe qu\u00e9 material est\u00e1 hecho?<\/strong><br data-start=\"4607\" data-end=\"4610\" \/>Est\u00e1 fabricado en ABS y TPE.<\/p>\n<p data-start=\"4640\" data-end=\"4714\"><strong data-start=\"4640\" data-end=\"4666\">\u00bfQu\u00e9 longitud tiene el cable?<\/strong><br data-start=\"4666\" data-end=\"4669\" \/>La longitud del cable es de aproximadamente 6,3 pulgadas.<\/p>\n<p data-start=\"4716\" data-end=\"4847\"><strong data-start=\"4716\" data-end=\"4740\">\u00bfEs f\u00e1cil de transportar?<\/strong><br data-start=\"4740\" data-end=\"4743\" \/>S\u00ed. Su tama\u00f1o compacto y el gancho para llavero incorporado facilitan su transporte con llaves, bolsos o art\u00edculos de viaje.<\/p>\n<p data-start=\"4849\" data-end=\"4994\"><strong data-start=\"4849\" data-end=\"4879\">\u00bfQu\u00e9 colores hay disponibles?<\/strong><br data-start=\"4879\" data-end=\"4882\" \/>Seg\u00fan los detalles del producto, los colores disponibles son naranja, azul, negro, rojo, blanco y amarillo.<\/p>","protected":false},"excerpt":{"rendered":"<p>Este cable de datos de carga USB de llavero 3 en 1 con logotipo LED combina conectores Micro USB, Type-C y Lightning en un dise\u00f1o compacto y port\u00e1til. Fabricado en ABS y TPE, es ligero, flexible y f\u00e1cil de transportar gracias a su gancho para llavero integrado. El logotipo personalizado iluminado lo convierte en una excelente opci\u00f3n para regalos promocionales, eventos, viajes, uso en la oficina y accesorios tecnol\u00f3gicos de marca.<\/p>","protected":false},"featured_media":47113,"template":"","meta":{"_gspb_post_css":""},"product_brand":[],"product_cat":[27],"product_tag":[],"class_list":{"0":"post-47112","1":"product","2":"type-product","3":"status-publish","4":"has-post-thumbnail","6":"product_cat-technology","8":"first","9":"instock","10":"shipping-taxable","11":"product-type-simple"},"_links":{"self":[{"href":"https:\/\/globalgiftsupplier.com\/es\/wp-json\/wp\/v2\/product\/47112","targetHints":{"allow":["GET"]}}],"collection":[{"href":"https:\/\/globalgiftsupplier.com\/es\/wp-json\/wp\/v2\/product"}],"about":[{"href":"https:\/\/globalgiftsupplier.com\/es\/wp-json\/wp\/v2\/types\/product"}],"wp:featuredmedia":[{"embeddable":true,"href":"https:\/\/globalgiftsupplier.com\/es\/wp-json\/wp\/v2\/media\/47113"}],"wp:attachment":[{"href":"https:\/\/globalgiftsupplier.com\/es\/wp-json\/wp\/v2\/media?parent=47112"}],"wp:term":[{"taxonomy":"product_brand","embeddable":true,"href":"https:\/\/globalgiftsupplier.com\/es\/wp-json\/wp\/v2\/product_brand?post=47112"},{"taxonomy":"product_cat","embeddable":true,"href":"https:\/\/globalgiftsupplier.com\/es\/wp-json\/wp\/v2\/product_cat?post=47112"},{"taxonomy":"product_tag","embeddable":true,"href":"https:\/\/globalgiftsupplier.com\/es\/wp-json\/wp\/v2\/product_tag?post=47112"}],"curies":[{"name":"wp","href":"https:\/\/api.w.org\/{rel}","templated":true}]}}