{"id":47106,"date":"2026-03-30T03:07:34","date_gmt":"2026-03-30T03:07:34","guid":{"rendered":"https:\/\/globalgiftsupplier.com\/?post_type=product&#038;p=47106"},"modified":"2026-03-30T03:07:34","modified_gmt":"2026-03-30T03:07:34","slug":"3-in-1-nylon-braided-multiple-usb-phone-charger-cord","status":"publish","type":"product","link":"https:\/\/globalgiftsupplier.com\/es\/product\/3-in-1-nylon-braided-multiple-usb-phone-charger-cord\/","title":{"rendered":"Cable cargador de tel\u00e9fono USB m\u00faltiple trenzado de nailon 3 en 1"},"content":{"rendered":"<p data-start=\"1663\" data-end=\"2055\">Este cable de carga USB m\u00faltiple 3 en 1 de nailon trenzado para tel\u00e9fono es un accesorio tecnol\u00f3gico pr\u00e1ctico y muy \u00fatil dise\u00f1ado para cargar c\u00f3modamente varios tipos de dispositivos. En lugar de llevar diferentes cables para distintos tel\u00e9fonos o tabletas, este cable de carga todo en uno ofrece una soluci\u00f3n sencilla para el uso diario en casa, en la oficina, en el coche o de viaje.<\/p>\n<p data-start=\"2057\" data-end=\"2438\">Caracter\u00edsticas del cable <strong data-start=\"2076\" data-end=\"2157\">tres tipos de conectores populares en un solo dise\u00f1o: Lightning, Micro USB y Type-C<\/strong>. Esto lo hace adecuado para cargar una amplia gama de smartphones, power banks, tabletas y otros dispositivos electr\u00f3nicos compatibles. Es una excelente opci\u00f3n para las personas que utilizan varios dispositivos o necesitan un cable vers\u00e1til que puede manejar diferentes necesidades de carga sin desorden adicional.<\/p>\n<p data-start=\"2440\" data-end=\"2872\">Hecho de <strong data-start=\"2450\" data-end=\"2495\">material trenzado de nailon y aleaci\u00f3n de aluminio<\/strong>, Este cable de carga est\u00e1 dise\u00f1ado para ser m\u00e1s duradero y de mayor calidad que los cables de carga de pl\u00e1stico est\u00e1ndar. El exterior trenzado ayuda a mejorar la flexibilidad y a reducir los enredos, mientras que el dise\u00f1o reforzado del conector ofrece una mayor resistencia al desgaste diario. El cable es suave al tacto, de estructura robusta y c\u00f3modo de llevar en bolsos, cajones de escritorio, kits de viaje o veh\u00edculos.<\/p>\n<p data-start=\"2874\" data-end=\"3164\">Con una longitud aproximada de <strong data-start=\"2905\" data-end=\"2921\">39,37 pulgadas<\/strong>, Este cable permite cargar c\u00f3modamente en escritorios, mesillas de noche, veh\u00edculos y otros entornos cotidianos. Su dise\u00f1o compacto multiconector ahorra espacio y ayuda a los usuarios a organizarse sin necesidad de llevar varios cables separados.<\/p>\n<p data-start=\"3166\" data-end=\"3575\">Este producto es tambi\u00e9n un potente art\u00edculo promocional porque apoya <strong data-start=\"3233\" data-end=\"3257\">logotipos personalizados<\/strong> en la zona del conector central. Es un obsequio ideal para empresas que buscan un producto tecnol\u00f3gico pr\u00e1ctico que los clientes y empleados puedan utilizar realmente a diario. Los cables de carga de marca son especialmente eficaces para ferias, eventos, conferencias, regalos para clientes, kits de bienvenida para el personal y promociones de accesorios para m\u00f3viles.<\/p>\n<p data-start=\"3577\" data-end=\"3777\">Los colores disponibles que se muestran en la informaci\u00f3n del producto suministrada incluyen <strong data-start=\"3644\" data-end=\"3696\">azul, negro, rosa, rojo, verde, blanco y naranja<\/strong>, que le ofrecen m\u00faltiples opciones para la adaptaci\u00f3n de marcas y los programas de productos personalizados.<\/p>\n<p data-start=\"3779\" data-end=\"4206\"><strong data-start=\"3779\" data-end=\"3795\">Caracter\u00edsticas principales<\/strong><br data-start=\"3795\" data-end=\"3798\" \/>Dise\u00f1o de cable de carga 3 en 1<br data-start=\"3826\" data-end=\"3829\" \/>Incluye conectores Lightning, Micro USB y Type-C<br data-start=\"3881\" data-end=\"3884\" \/>Cable trenzado de nailon para mayor durabilidad<br data-start=\"3924\" data-end=\"3927\" \/>Piezas de conexi\u00f3n de aleaci\u00f3n de aluminio<br data-start=\"3957\" data-end=\"3960\" \/>Estructura flexible y resistente a los enredos<br data-start=\"3999\" data-end=\"4002\" \/>Aprox. 39,37 pulgadas de longitud<br data-start=\"4027\" data-end=\"4030\" \/>Apto para smartphones y otros dispositivos compatibles<br data-start=\"4083\" data-end=\"4086\" \/>Logotipo personalizado disponible<br data-start=\"4116\" data-end=\"4119\" \/>Ideal para viajes, oficina, coche y uso diario<br data-start=\"4163\" data-end=\"4166\" \/>\u00datil accesorio promocional de electr\u00f3nica<\/p>\n<p data-start=\"4208\" data-end=\"4574\"><strong data-start=\"4208\" data-end=\"4235\">Por qu\u00e9 elegir este producto<\/strong><br data-start=\"4235\" data-end=\"4238\" \/>Este cable de carga es sencillo, pr\u00e1ctico y f\u00e1cil de usar. Su dise\u00f1o multiconector lo hace m\u00e1s c\u00f3modo que llevar cables de carga separados, mientras que el acabado de nailon trenzado y las piezas de aleaci\u00f3n de aluminio le dan un aspecto m\u00e1s duradero y de primera calidad. Es un art\u00edculo \u00fatil para el d\u00eda a d\u00eda que tambi\u00e9n funciona muy bien como obsequio promocional de marca.<\/p>\n<p data-start=\"4576\" data-end=\"4817\"><strong data-start=\"4576\" data-end=\"4589\">Ideal para<\/strong><br data-start=\"4589\" data-end=\"4592\" \/>Regalos de empresa<br data-start=\"4611\" data-end=\"4614\" \/>Ferias comerciales<br data-start=\"4625\" data-end=\"4628\" \/>Regalos de la Conferencia<br data-start=\"4644\" data-end=\"4647\" \/>Accesorios de escritorio<br data-start=\"4670\" data-end=\"4673\" \/>Promociones de viajes<br data-start=\"4690\" data-end=\"4693\" \/>Kits de bienvenida para empleados<br data-start=\"4714\" data-end=\"4717\" \/>Regalos de agradecimiento a los clientes<br data-start=\"4744\" data-end=\"4747\" \/>Colecciones de accesorios para tel\u00e9fonos<br data-start=\"4774\" data-end=\"4777\" \/>Mercanc\u00eda t\u00e9cnica<br data-start=\"4793\" data-end=\"4796\" \/>Campa\u00f1as de promoci\u00f3n<\/p>\n<p data-start=\"4819\" data-end=\"4826\"><strong data-start=\"4819\" data-end=\"4826\">PREGUNTAS FRECUENTES<\/strong><\/p>\n<p data-start=\"4828\" data-end=\"4964\"><strong data-start=\"4828\" data-end=\"4873\">\u00bfSe puede personalizar este cable con un logotipo?<\/strong><br data-start=\"4873\" data-end=\"4876\" \/>S\u00ed. La secci\u00f3n central puede personalizarse con su logotipo para uso promocional o de marca.<\/p>\n<p data-start=\"4966\" data-end=\"5066\"><strong data-start=\"4966\" data-end=\"4999\">\u00bfQu\u00e9 conectores se incluyen?<\/strong><br data-start=\"4999\" data-end=\"5002\" \/>Este cable incluye conectores Lightning, Micro USB y Type-C.<\/p>\n<p data-start=\"5068\" data-end=\"5163\"><strong data-start=\"5068\" data-end=\"5102\">\u00bfDe qu\u00e9 material est\u00e1 hecho?<\/strong><br data-start=\"5102\" data-end=\"5105\" \/>Est\u00e1 fabricado con material trenzado de nailon y aleaci\u00f3n de aluminio.<\/p>\n<p data-start=\"5165\" data-end=\"5243\"><strong data-start=\"5165\" data-end=\"5191\">\u00bfQu\u00e9 longitud tiene el cable?<\/strong><br data-start=\"5191\" data-end=\"5194\" \/>La longitud del producto es de aproximadamente 39,37 pulgadas.<\/p>\n<p data-start=\"5245\" data-end=\"5406\"><strong data-start=\"5245\" data-end=\"5278\">\u00bfEs adecuado para el uso diario?<\/strong><br data-start=\"5278\" data-end=\"5281\" \/>S\u00ed. Su dise\u00f1o trenzado y su estructura reforzada lo hacen adecuado para la oficina, los viajes, el coche y el uso diario de carga.<\/p>\n<p data-start=\"5408\" data-end=\"5558\"><strong data-start=\"5408\" data-end=\"5438\">\u00bfQu\u00e9 colores hay disponibles?<\/strong><br data-start=\"5438\" data-end=\"5441\" \/>Seg\u00fan los detalles del producto, los colores disponibles son azul, negro, rosa, rojo, verde, blanco y naranja.<\/p>","protected":false},"excerpt":{"rendered":"<p>Este cable de carga m\u00faltiple USB de nylon trenzado 3 en 1 combina conectores Lightning, Micro USB y Type-C en un pr\u00e1ctico cable. Fabricado en nailon trenzado y aleaci\u00f3n de aluminio, ofrece una soluci\u00f3n de carga duradera, flexible y pr\u00e1ctica para smartphones y dispositivos compatibles. Se puede personalizar con el logotipo de la marca, lo que lo convierte en una gran opci\u00f3n para regalos promocionales, uso en la oficina, viajes y necesidades de carga diarias.<\/p>","protected":false},"featured_media":47107,"template":"","meta":{"_gspb_post_css":""},"product_brand":[],"product_cat":[27],"product_tag":[],"class_list":{"0":"post-47106","1":"product","2":"type-product","3":"status-publish","4":"has-post-thumbnail","6":"product_cat-technology","8":"first","9":"instock","10":"shipping-taxable","11":"product-type-simple"},"_links":{"self":[{"href":"https:\/\/globalgiftsupplier.com\/es\/wp-json\/wp\/v2\/product\/47106","targetHints":{"allow":["GET"]}}],"collection":[{"href":"https:\/\/globalgiftsupplier.com\/es\/wp-json\/wp\/v2\/product"}],"about":[{"href":"https:\/\/globalgiftsupplier.com\/es\/wp-json\/wp\/v2\/types\/product"}],"wp:featuredmedia":[{"embeddable":true,"href":"https:\/\/globalgiftsupplier.com\/es\/wp-json\/wp\/v2\/media\/47107"}],"wp:attachment":[{"href":"https:\/\/globalgiftsupplier.com\/es\/wp-json\/wp\/v2\/media?parent=47106"}],"wp:term":[{"taxonomy":"product_brand","embeddable":true,"href":"https:\/\/globalgiftsupplier.com\/es\/wp-json\/wp\/v2\/product_brand?post=47106"},{"taxonomy":"product_cat","embeddable":true,"href":"https:\/\/globalgiftsupplier.com\/es\/wp-json\/wp\/v2\/product_cat?post=47106"},{"taxonomy":"product_tag","embeddable":true,"href":"https:\/\/globalgiftsupplier.com\/es\/wp-json\/wp\/v2\/product_tag?post=47106"}],"curies":[{"name":"wp","href":"https:\/\/api.w.org\/{rel}","templated":true}]}}