{"id":47068,"date":"2026-03-19T08:32:54","date_gmt":"2026-03-19T08:32:54","guid":{"rendered":"https:\/\/globalgiftsupplier.com\/?post_type=product&#038;p=47068"},"modified":"2026-03-19T08:32:54","modified_gmt":"2026-03-19T08:32:54","slug":"3-in-1-keychain-charging-cable-with-led-laser-logo","status":"publish","type":"product","link":"https:\/\/globalgiftsupplier.com\/es\/product\/3-in-1-keychain-charging-cable-with-led-laser-logo\/","title":{"rendered":"Cable de carga llavero 3 en 1 con logotipo l\u00e1ser LED"},"content":{"rendered":"<p data-start=\"1432\" data-end=\"1790\">Este cable de carga llavero 3 en 1 con logotipo l\u00e1ser LED es un art\u00edculo tecnol\u00f3gico promocional compacto y \u00fatil dise\u00f1ado para la comodidad cotidiana moderna. Combina varios conectores de carga en un solo cable port\u00e1til, lo que lo convierte en una opci\u00f3n inteligente para clientes, empleados, visitantes de eventos y cualquier persona que necesite una soluci\u00f3n de carga sencilla sobre la marcha.<\/p>\n<p data-start=\"1792\" data-end=\"2177\">El cable incluye tres tipos de conectores de carga populares: <strong data-start=\"1851\" data-end=\"1887\">Micro USB, Tipo-C y Lightning<\/strong>, que permite a los usuarios cargar una amplia gama de tel\u00e9fonos m\u00f3viles y dispositivos electr\u00f3nicos con un solo accesorio. Seg\u00fan los detalles del producto, puede cargar hasta <strong data-start=\"2046\" data-end=\"2080\">tres dispositivos al mismo tiempo<\/strong>, lo que lo hace a\u00fan m\u00e1s pr\u00e1ctico para el uso diario, los viajes, el trabajo de oficina o la carga de reserva de emergencia.<\/p>\n<p data-start=\"2179\" data-end=\"2571\">Una de las caracter\u00edsticas m\u00e1s atractivas de este art\u00edculo es el <strong data-start=\"2235\" data-end=\"2260\">logo l\u00e1ser LED personalizado<\/strong> en el cuerpo redondo del llavero. Cuando est\u00e1 conectado y en uso, el logotipo se ilumina, dando a su marca un aspecto m\u00e1s llamativo y premium. En comparaci\u00f3n con los cables de carga impresos est\u00e1ndar, el efecto de logotipo iluminado hace que este producto sea mucho m\u00e1s memorable y ayuda a que su marca destaque en entornos promocionales.<\/p>\n<p data-start=\"2573\" data-end=\"3029\">El cable est\u00e1 fabricado con <strong data-start=\"2596\" data-end=\"2634\">Materiales TPE y ABS ecol\u00f3gicos<\/strong> y cuenta con un <strong data-start=\"2650\" data-end=\"2674\">dise\u00f1o de cable trenzado<\/strong> para una mayor durabilidad, flexibilidad y un acabado m\u00e1s elegante. La construcci\u00f3n de cuatro n\u00facleos de cable de cobre ayuda a mantener un rendimiento de carga estable, con un <strong data-start=\"2829\" data-end=\"2873\">corriente de salida total m\u00e1xima de hasta 2 A<\/strong> bas\u00e1ndose en la informaci\u00f3n suministrada sobre el producto. El tama\u00f1o compacto de <strong data-start=\"2943\" data-end=\"2958\">5,91 pulgadas<\/strong> hace que sea f\u00e1cil de llevar en un bolsillo, bolso, mochila, coche o equipo de viaje.<\/p>\n<p data-start=\"3031\" data-end=\"3370\">Su <strong data-start=\"3044\" data-end=\"3061\">llavero<\/strong> hace que este art\u00edculo sea especialmente pr\u00e1ctico. Los usuarios pueden engancharlo a llaves, mochilas, bolsas o cordones, lo que ayuda a mantenerlo accesible durante todo el d\u00eda. Al ser \u00fatil y port\u00e1til, es mucho m\u00e1s probable que se conserve y reutilice que los obsequios ordinarios, lo que dar\u00e1 a su marca una mayor visibilidad a lo largo del tiempo.<\/p>\n<p data-start=\"3372\" data-end=\"3701\">Este producto es adecuado para <strong data-start=\"3404\" data-end=\"3563\">regalos de empresa, ferias comerciales, promociones tecnol\u00f3gicas, regalos de oficina, art\u00edculos de agradecimiento a clientes, kits de viaje, folletos para eventos y accesorios tecnol\u00f3gicos de marca para minoristas<\/strong>. Es una buena elecci\u00f3n para las empresas que desean un producto promocional moderno, funcional y relevante para el uso diario de dispositivos.<\/p>\n<p data-start=\"3703\" data-end=\"3987\">El cable se muestra en la cl\u00e1sica <strong data-start=\"3733\" data-end=\"3766\">opciones de color blanco y negro<\/strong>, El panel frontal redondo ofrece un \u00e1rea de personalizaci\u00f3n clara para su logotipo, mientras que el efecto LED a\u00f1ade un toque final m\u00e1s innovador. El panel frontal redondo ofrece un \u00e1rea de personalizaci\u00f3n clara para su logotipo, mientras que el efecto LED a\u00f1ade un toque final m\u00e1s innovador.<\/p>\n<p data-start=\"3989\" data-end=\"4177\">Si desea un accesorio promocional que combine comodidad, portabilidad y una gran visibilidad de marca, este cable de carga llavero 3 en 1 personalizado es una excelente opci\u00f3n para su sitio web.<\/p>\n<p data-start=\"4179\" data-end=\"4553\"><strong data-start=\"4179\" data-end=\"4195\">Caracter\u00edsticas principales<\/strong><br data-start=\"4195\" data-end=\"4198\" \/>Dise\u00f1o de cable de carga 3 en 1<br data-start=\"4226\" data-end=\"4229\" \/>Conectores Micro USB, Type-C y Lightning<br data-start=\"4272\" data-end=\"4275\" \/>Logotipo l\u00e1ser LED personalizado<br data-start=\"4296\" data-end=\"4299\" \/>Puede cargar hasta 3 dispositivos al mismo tiempo<br data-start=\"4342\" data-end=\"4345\" \/>Cable trenzado para mayor durabilidad<br data-start=\"4379\" data-end=\"4382\" \/>Construcci\u00f3n ecol\u00f3gica en TPE y ABS<br data-start=\"4419\" data-end=\"4422\" \/>Dise\u00f1o de llavero compacto para facilitar su transporte<br data-start=\"4463\" data-end=\"4466\" \/>Tama\u00f1o port\u00e1til aproximado de 5,91 pulgadas<br data-start=\"4497\" data-end=\"4500\" \/>Adecuado para uso diario, viajes, oficina y eventos<\/p>\n<p data-start=\"4555\" data-end=\"4845\"><strong data-start=\"4555\" data-end=\"4582\">Por qu\u00e9 elegir este producto<\/strong><br data-start=\"4582\" data-end=\"4585\" \/>Este producto combina una pr\u00e1ctica funci\u00f3n de carga con un brillante efecto de logotipo personalizado, lo que lo hace m\u00e1s \u00fatil y m\u00e1s f\u00e1cil de recordar que los accesorios promocionales est\u00e1ndar. Su estilo de llavero compacto tambi\u00e9n hace que sea f\u00e1cil de llevar y m\u00e1s probable que se utilice con regularidad.<\/p>\n<p data-start=\"4847\" data-end=\"5088\"><strong data-start=\"4847\" data-end=\"4860\">Ideal para<\/strong><br data-start=\"4860\" data-end=\"4863\" \/>Regalos de empresa<br data-start=\"4882\" data-end=\"4885\" \/>Ferias comerciales<br data-start=\"4896\" data-end=\"4899\" \/>Campa\u00f1as de promoci\u00f3n<br data-start=\"4920\" data-end=\"4923\" \/>Sets de regalo tecnol\u00f3gicos<br data-start=\"4937\" data-end=\"4940\" \/>Material de oficina<br data-start=\"4955\" data-end=\"4958\" \/>Accesorios de viaje<br data-start=\"4976\" data-end=\"4979\" \/>Regalos de agradecimiento a los clientes<br data-start=\"5006\" data-end=\"5009\" \/>Kits de bienvenida para empleados<br data-start=\"5030\" data-end=\"5033\" \/>Colecciones de accesorios para tel\u00e9fonos<br data-start=\"5060\" data-end=\"5063\" \/>Productos de marca para el evento<\/p>\n<p data-start=\"5090\" data-end=\"5097\"><strong data-start=\"5090\" data-end=\"5097\">PREGUNTAS FRECUENTES<\/strong><\/p>\n<p data-start=\"5099\" data-end=\"5279\"><strong data-start=\"5099\" data-end=\"5153\">\u00bfSe puede personalizar este cable de carga con un logotipo?<\/strong><br data-start=\"5153\" data-end=\"5156\" \/>S\u00ed, la zona frontal redonda se puede personalizar con su logotipo, y el logotipo presenta un efecto de iluminaci\u00f3n l\u00e1ser LED cuando est\u00e1 en uso.<\/p>\n<p data-start=\"5281\" data-end=\"5386\"><strong data-start=\"5281\" data-end=\"5319\">\u00bfQu\u00e9 tipos de conectores se incluyen?<\/strong><br data-start=\"5319\" data-end=\"5322\" \/>Este cable incluye conectores Micro USB, Type-C y Lightning.<\/p>\n<p data-start=\"5388\" data-end=\"5515\"><strong data-start=\"5388\" data-end=\"5427\">\u00bfPuede cargar m\u00e1s de un aparato?<\/strong><br data-start=\"5427\" data-end=\"5430\" \/>Seg\u00fan los detalles del producto, puede cargar hasta tres dispositivos al mismo tiempo.<\/p>\n<p data-start=\"5517\" data-end=\"5669\"><strong data-start=\"5517\" data-end=\"5551\">\u00bfEste producto es f\u00e1cil de transportar?<\/strong><br data-start=\"5551\" data-end=\"5554\" \/>S\u00ed, tiene un tama\u00f1o mini compacto y una anilla para llavero, lo que facilita su colocaci\u00f3n en llaves, bolsos o accesorios de viaje.<\/p>\n<p data-start=\"5671\" data-end=\"5790\"><strong data-start=\"5671\" data-end=\"5705\">\u00bfDe qu\u00e9 material est\u00e1 hecho?<\/strong><br data-start=\"5705\" data-end=\"5708\" \/>Est\u00e1 fabricado con materiales ecol\u00f3gicos TPE y ABS con una estructura de cable trenzado.<\/p>","protected":false},"excerpt":{"rendered":"<p>Este cable de carga llavero 3 en 1 es un accesorio tecnol\u00f3gico promocional compacto y pr\u00e1ctico con conectores Micro USB, Type-C y Lightning en un dise\u00f1o port\u00e1til. Con un cable trenzado, ABS duradero y construcci\u00f3n TPE, y un logotipo personalizado LED l\u00e1ser, es ideal para la carga diaria, uso de viaje, y regalos de marca.<\/p>","protected":false},"featured_media":47069,"template":"","meta":{"_gspb_post_css":""},"product_brand":[],"product_cat":[27],"product_tag":[],"class_list":{"0":"post-47068","1":"product","2":"type-product","3":"status-publish","4":"has-post-thumbnail","6":"product_cat-technology","8":"first","9":"instock","10":"shipping-taxable","11":"product-type-simple"},"_links":{"self":[{"href":"https:\/\/globalgiftsupplier.com\/es\/wp-json\/wp\/v2\/product\/47068","targetHints":{"allow":["GET"]}}],"collection":[{"href":"https:\/\/globalgiftsupplier.com\/es\/wp-json\/wp\/v2\/product"}],"about":[{"href":"https:\/\/globalgiftsupplier.com\/es\/wp-json\/wp\/v2\/types\/product"}],"wp:featuredmedia":[{"embeddable":true,"href":"https:\/\/globalgiftsupplier.com\/es\/wp-json\/wp\/v2\/media\/47069"}],"wp:attachment":[{"href":"https:\/\/globalgiftsupplier.com\/es\/wp-json\/wp\/v2\/media?parent=47068"}],"wp:term":[{"taxonomy":"product_brand","embeddable":true,"href":"https:\/\/globalgiftsupplier.com\/es\/wp-json\/wp\/v2\/product_brand?post=47068"},{"taxonomy":"product_cat","embeddable":true,"href":"https:\/\/globalgiftsupplier.com\/es\/wp-json\/wp\/v2\/product_cat?post=47068"},{"taxonomy":"product_tag","embeddable":true,"href":"https:\/\/globalgiftsupplier.com\/es\/wp-json\/wp\/v2\/product_tag?post=47068"}],"curies":[{"name":"wp","href":"https:\/\/api.w.org\/{rel}","templated":true}]}}