{"id":47055,"date":"2026-03-19T08:26:04","date_gmt":"2026-03-19T08:26:04","guid":{"rendered":"https:\/\/globalgiftsupplier.com\/?post_type=product&#038;p=47055"},"modified":"2026-03-19T08:26:04","modified_gmt":"2026-03-19T08:26:04","slug":"custom-metal-stylus-ballpoint-pen-with-touchscreen-tip","status":"publish","type":"product","link":"https:\/\/globalgiftsupplier.com\/es\/product\/custom-metal-stylus-ballpoint-pen-with-touchscreen-tip\/","title":{"rendered":"Bol\u00edgrafo Stylus met\u00e1lico personalizado con punta para pantalla t\u00e1ctil"},"content":{"rendered":"<p data-start=\"1152\" data-end=\"1531\">Este bol\u00edgrafo met\u00e1lico personalizado con puntero es un producto promocional pr\u00e1ctico y moderno dise\u00f1ado tanto para escribir como para utilizarlo en pantallas t\u00e1ctiles. Combina la utilidad de un bol\u00edgrafo cl\u00e1sico con la comodidad a\u00f1adida de la punta de un l\u00e1piz \u00f3ptico, lo que lo convierte en una opci\u00f3n excelente para oficinas, reuniones, eventos, escuelas, hoteles, ferias comerciales y programas de marca corporativa.<\/p>\n<p data-start=\"1533\" data-end=\"2009\">El bol\u00edgrafo presenta un elegante cuerpo met\u00e1lico con un suave acabado de color y detalles cromados pulidos que le confieren un aspecto refinado y profesional. En comparaci\u00f3n con los bol\u00edgrafos de pl\u00e1stico normales, este estilo ofrece un aspecto m\u00e1s premium y una mejor sensaci\u00f3n en la mano, lo que ayuda a que su marca cause una impresi\u00f3n m\u00e1s fuerte durante el uso diario. Es una opci\u00f3n inteligente para las empresas que desean un instrumento de escritura de aspecto refinado y que, al mismo tiempo, sea pr\u00e1ctico y rentable para promociones a gran escala.<\/p>\n<p data-start=\"2011\" data-end=\"2454\">Una de las principales ventajas de este producto es su dise\u00f1o de doble funci\u00f3n. La punta del l\u00e1piz permite a los usuarios interactuar con pantallas t\u00e1ctiles como tel\u00e9fonos, tabletas, pantallas de autoservicio y otros dispositivos digitales, mientras que la funci\u00f3n de bol\u00edgrafo sigue siendo \u00fatil para tomar notas, firmar documentos, formularios, reuniones y la escritura cotidiana de oficina. Esta combinaci\u00f3n hace que el producto sea m\u00e1s vers\u00e1til que un bol\u00edgrafo promocional est\u00e1ndar y le confiere una mayor utilidad diaria.<\/p>\n<p data-start=\"2456\" data-end=\"2863\">El cuerpo incluye una zona transparente para el logotipo personalizado, que permite que el nombre, la marca o el mensaje promocional de su empresa permanezcan visibles durante un uso repetido. Como los destinatarios pueden utilizar este art\u00edculo como bol\u00edgrafo y como accesorio para la pantalla t\u00e1ctil, tiene un gran valor promocional a largo plazo. Cuanto m\u00e1s \u00fatil es un producto, m\u00e1s probable es que la gente lo tenga cerca, lo que ayuda a aumentar la exposici\u00f3n repetida de la marca a lo largo del tiempo.<\/p>\n<p data-start=\"2865\" data-end=\"3290\">Por las im\u00e1genes, este bol\u00edgrafo est\u00e1 disponible en una gama de colores brillantes y cl\u00e1sicos, como negro, gris, azul, verde, rojo, morado, rosa, naranja y otros tonos modernos. Esto hace que sea f\u00e1cil de combinar con diferentes estilos de marca de la empresa, temas de campa\u00f1a, colores de la escuela, paletas de eventos, o promociones de temporada. Tanto si su empresa desea un art\u00edculo de regalo atrevido como un aspecto corporativo m\u00e1s limpio, este estilo de bol\u00edgrafo ofrece un atractivo visual flexible.<\/p>\n<p data-start=\"3292\" data-end=\"3696\">Su delgado perfil tambi\u00e9n facilita su inclusi\u00f3n en kits de correo directo, bolsas para eventos, sets de regalo para oficinas, paquetes de bienvenida, material para conferencias y paquetes promocionales. Combina bien con cuadernos, carpetas, diarios, art\u00edculos de escritorio y otros productos de oficina de marca. Para las empresas que desean ofrecer un art\u00edculo pr\u00e1ctico de uso diario con un toque m\u00e1s actual para el uso digital moderno, este bol\u00edgrafo stylus personalizado es una buena elecci\u00f3n.<\/p>\n<p data-start=\"3698\" data-end=\"4034\">Este producto es especialmente adecuado para eventos corporativos, promociones tecnol\u00f3gicas, programas de suministros de oficina, folletos para clientes, mostradores de recepci\u00f3n de hoteles, obsequios educativos, consultas sanitarias y kits de incorporaci\u00f3n de empleados. Como funciona tanto en entornos de trabajo f\u00edsicos como digitales, se adapta a una amplia gama de sectores y grupos de usuarios.<\/p>\n<p data-start=\"4036\" data-end=\"4284\">Si desea un bol\u00edgrafo promocional que ofrezca utilidad de escritura y comodidad de pantalla t\u00e1ctil a la vez que da a su logotipo una presentaci\u00f3n elegante y profesional, este bol\u00edgrafo con puntero met\u00e1lico personalizado es una excelente adici\u00f3n a la l\u00ednea de productos de su sitio web.<\/p>\n<p data-start=\"4286\" data-end=\"4653\"><strong data-start=\"4286\" data-end=\"4302\">Caracter\u00edsticas principales<\/strong><br data-start=\"4302\" data-end=\"4305\" \/>Bol\u00edgrafo stylus met\u00e1lico<br data-start=\"4331\" data-end=\"4334\" \/>Bol\u00edgrafo y l\u00e1piz t\u00e1ctil de doble funci\u00f3n<br data-start=\"4374\" data-end=\"4377\" \/>\u00c1rea de impresi\u00f3n de logotipo personalizado en el barril<br data-start=\"4411\" data-end=\"4414\" \/>Ca\u00f1\u00f3n de color elegante con detalles cromados<br data-start=\"4454\" data-end=\"4457\" \/>Adecuado para la escritura diaria y el uso de dispositivos<br data-start=\"4501\" data-end=\"4504\" \/>Aspecto profesional para promociones comerciales<br data-start=\"4545\" data-end=\"4548\" \/>Disponible en varios colores, como se muestra en las im\u00e1genes<br data-start=\"4599\" data-end=\"4602\" \/>Ideal para oficinas, eventos y marcas corporativas<\/p>\n<p data-start=\"4655\" data-end=\"4968\"><strong data-start=\"4655\" data-end=\"4682\">Por qu\u00e9 elegir este producto<\/strong><br data-start=\"4682\" data-end=\"4685\" \/>Este producto destaca porque combina el uso tradicional de la escritura con la moderna funcionalidad de la pantalla t\u00e1ctil. Ofrece m\u00e1s valor cotidiano que un bol\u00edgrafo est\u00e1ndar, proporciona a su marca una imagen m\u00e1s actualizada y ofrece un elegante acabado met\u00e1lico que ayuda a crear una impresi\u00f3n promocional m\u00e1s fuerte.<\/p>\n<p data-start=\"4970\" data-end=\"5199\"><strong data-start=\"4970\" data-end=\"4983\">Ideal para<\/strong><br data-start=\"4983\" data-end=\"4986\" \/>Promociones de oficina<br data-start=\"5003\" data-end=\"5006\" \/>Regalos de empresa<br data-start=\"5025\" data-end=\"5028\" \/>Ferias comerciales<br data-start=\"5039\" data-end=\"5042\" \/>Folletos de la conferencia<br data-start=\"5061\" data-end=\"5064\" \/>Kits de bienvenida para empleados<br data-start=\"5085\" data-end=\"5088\" \/>Promociones escolares<br data-start=\"5105\" data-end=\"5108\" \/>Suministros para la recepci\u00f3n del hotel<br data-start=\"5133\" data-end=\"5136\" \/>Reuniones de trabajo<br data-start=\"5153\" data-end=\"5156\" \/>Regalos para clientes<br data-start=\"5168\" data-end=\"5171\" \/>Campa\u00f1as relacionadas con la tecnolog\u00eda<\/p>\n<p data-start=\"5201\" data-end=\"5208\"><strong data-start=\"5201\" data-end=\"5208\">PREGUNTAS FRECUENTES<\/strong><\/p>\n<p data-start=\"5210\" data-end=\"5349\"><strong data-start=\"5210\" data-end=\"5253\">\u00bfSe puede personalizar este bol\u00edgrafo con un logotipo?<\/strong><br data-start=\"5253\" data-end=\"5256\" \/>S\u00ed, el barril puede personalizarse con el logotipo de su empresa, el nombre de su marca o un mensaje promocional.<\/p>\n<p data-start=\"5351\" data-end=\"5481\"><strong data-start=\"5351\" data-end=\"5390\">\u00bfFunciona este bol\u00edgrafo en pantallas t\u00e1ctiles?<\/strong><br data-start=\"5390\" data-end=\"5393\" \/>S\u00ed, incluye una punta de stylus para usar en tel\u00e9fonos, tabletas y otros dispositivos con pantalla t\u00e1ctil.<\/p>\n<p data-start=\"5483\" data-end=\"5677\"><strong data-start=\"5483\" data-end=\"5548\">\u00bfQu\u00e9 diferencia a este bol\u00edgrafo de un bol\u00edgrafo promocional normal?<\/strong><br data-start=\"5548\" data-end=\"5551\" \/>Combina dos funciones en un solo producto, ofreciendo a los usuarios tanto un bol\u00edgrafo de escritura como un l\u00e1piz t\u00e1ctil para una mayor comodidad diaria.<\/p>\n<p data-start=\"5679\" data-end=\"5882\"><strong data-start=\"5679\" data-end=\"5732\">\u00bfEste producto es adecuado para promociones comerciales?<\/strong><br data-start=\"5732\" data-end=\"5735\" \/>S\u00ed, su elegante aspecto met\u00e1lico y su pr\u00e1ctico dise\u00f1o de doble uso lo convierten en una excelente opci\u00f3n para oficinas, eventos corporativos, ferias comerciales y obsequios a clientes.<\/p>","protected":false},"excerpt":{"rendered":"<p>Este bol\u00edgrafo met\u00e1lico personalizado combina una escritura suave con la comodidad de una pantalla t\u00e1ctil en un elegante producto promocional. Con cuerpo de color, detalles cromados, punta de tacto suave y \u00e1rea para logotipo personalizado, es ideal para promociones de oficina, regalos de empresa, ferias comerciales, kits para empleados y uso empresarial cotidiano.<\/p>","protected":false},"featured_media":47056,"template":"","meta":{"_gspb_post_css":""},"product_brand":[],"product_cat":[31],"product_tag":[],"class_list":{"0":"post-47055","1":"product","2":"type-product","3":"status-publish","4":"has-post-thumbnail","6":"product_cat-office","8":"first","9":"instock","10":"shipping-taxable","11":"product-type-simple"},"_links":{"self":[{"href":"https:\/\/globalgiftsupplier.com\/es\/wp-json\/wp\/v2\/product\/47055","targetHints":{"allow":["GET"]}}],"collection":[{"href":"https:\/\/globalgiftsupplier.com\/es\/wp-json\/wp\/v2\/product"}],"about":[{"href":"https:\/\/globalgiftsupplier.com\/es\/wp-json\/wp\/v2\/types\/product"}],"wp:featuredmedia":[{"embeddable":true,"href":"https:\/\/globalgiftsupplier.com\/es\/wp-json\/wp\/v2\/media\/47056"}],"wp:attachment":[{"href":"https:\/\/globalgiftsupplier.com\/es\/wp-json\/wp\/v2\/media?parent=47055"}],"wp:term":[{"taxonomy":"product_brand","embeddable":true,"href":"https:\/\/globalgiftsupplier.com\/es\/wp-json\/wp\/v2\/product_brand?post=47055"},{"taxonomy":"product_cat","embeddable":true,"href":"https:\/\/globalgiftsupplier.com\/es\/wp-json\/wp\/v2\/product_cat?post=47055"},{"taxonomy":"product_tag","embeddable":true,"href":"https:\/\/globalgiftsupplier.com\/es\/wp-json\/wp\/v2\/product_tag?post=47055"}],"curies":[{"name":"wp","href":"https:\/\/api.w.org\/{rel}","templated":true}]}}