{"id":47047,"date":"2026-03-19T08:23:57","date_gmt":"2026-03-19T08:23:57","guid":{"rendered":"https:\/\/globalgiftsupplier.com\/?post_type=product&#038;p=47047"},"modified":"2026-03-19T08:23:57","modified_gmt":"2026-03-19T08:23:57","slug":"custom-metal-push-click-action-ballpoint-pen-with-diamond-grip","status":"publish","type":"product","link":"https:\/\/globalgiftsupplier.com\/es\/product\/custom-metal-push-click-action-ballpoint-pen-with-diamond-grip\/","title":{"rendered":"Bol\u00edgrafo met\u00e1lico personalizado con pulsador y empu\u00f1adura de diamante"},"content":{"rendered":"<p data-start=\"1205\" data-end=\"1753\">Actualice su selecci\u00f3n de bol\u00edgrafos promocionales con este bol\u00edgrafo met\u00e1lico personalizado con mecanismo de pulsaci\u00f3n. Dise\u00f1ado con un cuerpo met\u00e1lico fino, un acabado pulido y una empu\u00f1adura inferior con textura de diamante, este bol\u00edgrafo ofrece un aspecto m\u00e1s refinado que los bol\u00edgrafos de pl\u00e1stico est\u00e1ndar, sin dejar de ofrecer la practicidad necesaria para la escritura diaria. Es una buena elecci\u00f3n para las empresas que desean un instrumento de escritura con un aspecto profesional, listo para regalo y que mantenga su logotipo visible en oficinas, reuniones, eventos y entornos de cara al cliente.<\/p>\n<p data-start=\"1755\" data-end=\"2246\">Este bol\u00edgrafo cuenta con un dise\u00f1o cl\u00e1sico de pulsaci\u00f3n por clic, que lo hace r\u00e1pido y c\u00f3modo de usar a lo largo del d\u00eda. El estilo retr\u00e1ctil es familiar, f\u00e1cil de manejar y muy adecuado para entornos de oficina ajetreados, recepciones, conferencias, ferias comerciales, hoteles, bancos, escuelas y eventos promocionales. Como los usuarios pueden abrir y cerrar el bol\u00edgrafo con un solo clic, funciona especialmente bien como bol\u00edgrafo de escritorio de uso diario o como herramienta de escritura port\u00e1til para reuniones, toma de notas, formularios y tareas comerciales rutinarias.<\/p>\n<p data-start=\"2248\" data-end=\"2758\">Uno de los elementos de dise\u00f1o m\u00e1s notables es la secci\u00f3n de agarre con textura de diamante. Este detalle confiere al bol\u00edgrafo un aspecto m\u00e1s exclusivo y le ayuda a diferenciarse visualmente de los bol\u00edgrafos promocionales normales. El cuerpo inferior estampado a\u00f1ade un toque decorativo que hace que el producto parezca m\u00e1s exclusivo y m\u00e1s adecuado para promociones de tipo ejecutivo, programas de regalos de empresa y obsequios de mayor valor percibido. Es una caracter\u00edstica de dise\u00f1o pr\u00e1ctica que tambi\u00e9n mejora la presentaci\u00f3n general del producto.<\/p>\n<p data-start=\"2760\" data-end=\"3252\">El cuerpo met\u00e1lico confiere a este bol\u00edgrafo una imagen m\u00e1s s\u00f3lida y profesional que muchas alternativas de menor coste. Un bol\u00edgrafo met\u00e1lico personalizado suele ser la mejor opci\u00f3n para las marcas que quieren dar una impresi\u00f3n de elegancia, sobre todo cuando regalan bol\u00edgrafos a clientes, empleados, socios, asistentes a eventos o visitantes de la oficina. Dado que los bol\u00edgrafos met\u00e1licos tienden a parecer m\u00e1s sustanciosos en la mano, suelen dejar una mejor impresi\u00f3n y es m\u00e1s probable que se conserven durante m\u00e1s tiempo, lo que puede ayudar a ampliar la exposici\u00f3n de la marca con el paso del tiempo.<\/p>\n<p data-start=\"3254\" data-end=\"3673\">El cuerpo superior incluye un \u00e1rea limpia para la impresi\u00f3n del logotipo, lo que permite que el nombre, logotipo o mensaje promocional de su empresa permanezca visible durante el uso habitual. Dado que los bol\u00edgrafos se utilizan repetidamente en oficinas, hogares, aulas, salas de conferencias y entornos de servicios, siguen creando impresiones pr\u00e1cticas de marca mucho tiempo despu\u00e9s de su distribuci\u00f3n. Esto los convierte en uno de los productos promocionales m\u00e1s fiables para la visibilidad diaria.<\/p>\n<p data-start=\"3675\" data-end=\"4168\">Las im\u00e1genes del producto muestran varias opciones de color, incluidos los acabados azul, rojo, plateado, bronce de ca\u00f1\u00f3n y negro, lo que confiere a este estilo un amplio atractivo en diferentes sectores y estilos de marca. Tanto si su empresa prefiere un color corporativo llamativo, un acabado plateado limpio y moderno o una presentaci\u00f3n m\u00e1s cl\u00e1sica en tonos oscuros, este estilo de bol\u00edgrafo puede satisfacer una amplia gama de necesidades promocionales. Su forma elegante y su acabado met\u00e1lico lo hacen adecuado tanto para el uso est\u00e1ndar de oficina como para una presentaci\u00f3n de regalo m\u00e1s sofisticada.<\/p>\n<p data-start=\"4170\" data-end=\"4637\">Este bol\u00edgrafo met\u00e1lico personalizado es ideal para marcas corporativas, programas de suministros de oficina, kits de bienvenida para empleados, regalos para clientes, conferencias empresariales, ferias comerciales, recepciones de hotel, instituciones educativas, equipos de ventas y campa\u00f1as promocionales que necesiten un art\u00edculo de escritura fiable con un aspecto m\u00e1s pulido. Tambi\u00e9n combina bien con cuadernos, diarios, carpetas y juegos de regalos de oficina, lo que facilita su incorporaci\u00f3n a programas m\u00e1s amplios de art\u00edculos de marca.<\/p>\n<p data-start=\"4639\" data-end=\"4941\">En comparaci\u00f3n con los bol\u00edgrafos desechables est\u00e1ndar, este producto ofrece una presentaci\u00f3n m\u00e1s elevada sin dejar de ser pr\u00e1ctico y f\u00e1cil de distribuir. Ayuda a que su marca parezca m\u00e1s profesional y considerada, especialmente cuando el objetivo es ofrecer un art\u00edculo \u00fatil que los destinatarios realmente conserven y utilicen.<\/p>\n<p data-start=\"4943\" data-end=\"5192\">Si busca un producto de oficina personalizado que combine un elegante estilo met\u00e1lico, una funci\u00f3n de escritura diaria y una gran visibilidad del logotipo, este bol\u00edgrafo con mecanismo de pulsaci\u00f3n y empu\u00f1adura de diamante es un excelente complemento para su sitio web y su gama de productos.<\/p>\n<p data-start=\"5194\" data-end=\"5564\"><strong data-start=\"5194\" data-end=\"5210\">Caracter\u00edsticas principales<\/strong><br data-start=\"5210\" data-end=\"5213\" \/>Bol\u00edgrafo met\u00e1lico con mecanismo de pulsaci\u00f3n<br data-start=\"5250\" data-end=\"5253\" \/>Secci\u00f3n de agarre con textura de rombos<br data-start=\"5290\" data-end=\"5293\" \/>\u00c1rea de impresi\u00f3n de logotipo personalizado en el barril<br data-start=\"5327\" data-end=\"5330\" \/>Acabado met\u00e1lico elegante y profesional<br data-start=\"5365\" data-end=\"5368\" \/>Dise\u00f1o retr\u00e1ctil de acci\u00f3n r\u00e1pida<br data-start=\"5399\" data-end=\"5402\" \/>Adecuado para oficinas, eventos y empresas<br data-start=\"5446\" data-end=\"5449\" \/>Disponible en varios acabados de color que se muestran en las im\u00e1genes<br data-start=\"5501\" data-end=\"5504\" \/>Ideal para regalos promocionales y marcas de estilo ejecutivo<\/p>\n<p data-start=\"5566\" data-end=\"5885\"><strong data-start=\"5566\" data-end=\"5593\">Por qu\u00e9 elegir este producto<\/strong><br data-start=\"5593\" data-end=\"5596\" \/>Este producto es una buena elecci\u00f3n porque combina la utilidad cotidiana de un bol\u00edgrafo promocional con una construcci\u00f3n met\u00e1lica de mayor calidad y un aspecto refinado. En comparaci\u00f3n con los bol\u00edgrafos normales, ofrece un mayor valor percibido, un aspecto m\u00e1s profesional y una mejor visibilidad de la marca a largo plazo.<\/p>\n<p data-start=\"5887\" data-end=\"6122\"><strong data-start=\"5887\" data-end=\"5900\">Ideal para<\/strong><br data-start=\"5900\" data-end=\"5903\" \/>Promociones de oficina<br data-start=\"5920\" data-end=\"5923\" \/>Regalos de empresa<br data-start=\"5942\" data-end=\"5945\" \/>Regalos para ejecutivos<br data-start=\"5960\" data-end=\"5963\" \/>Ferias comerciales<br data-start=\"5974\" data-end=\"5977\" \/>Folletos de la conferencia<br data-start=\"5996\" data-end=\"5999\" \/>Kits de bienvenida para empleados<br data-start=\"6020\" data-end=\"6023\" \/>Regalos de agradecimiento a los clientes<br data-start=\"6045\" data-end=\"6048\" \/>Reuniones de trabajo<br data-start=\"6065\" data-end=\"6068\" \/>Suministros para la recepci\u00f3n del hotel<br data-start=\"6093\" data-end=\"6096\" \/>Art\u00edculos de oficina de marca<\/p>\n<p data-start=\"6124\" data-end=\"6131\"><strong data-start=\"6124\" data-end=\"6131\">PREGUNTAS FRECUENTES<\/strong><\/p>\n<p data-start=\"6133\" data-end=\"6272\"><strong data-start=\"6133\" data-end=\"6176\">\u00bfSe puede personalizar este bol\u00edgrafo con un logotipo?<\/strong><br data-start=\"6176\" data-end=\"6179\" \/>S\u00ed, el barril puede personalizarse con el logotipo de su empresa, el nombre de su marca o un mensaje promocional.<\/p>\n<p data-start=\"6274\" data-end=\"6400\"><strong data-start=\"6274\" data-end=\"6317\">\u00bfQu\u00e9 tipo de mecanismo de bol\u00edgrafo utiliza?<\/strong><br data-start=\"6317\" data-end=\"6320\" \/>Cuenta con un dise\u00f1o de acci\u00f3n push-click para un uso retr\u00e1ctil r\u00e1pido y c\u00f3modo.<\/p>\n<p data-start=\"6402\" data-end=\"6577\"><strong data-start=\"6402\" data-end=\"6441\">\u00bfPor qu\u00e9 elegir un bol\u00edgrafo promocional met\u00e1lico?<\/strong><br data-start=\"6441\" data-end=\"6444\" \/>Un bol\u00edgrafo met\u00e1lico ofrece un aspecto m\u00e1s pulido, un tacto m\u00e1s sustancial y un valor percibido superior al de muchos bol\u00edgrafos de pl\u00e1stico est\u00e1ndar.<\/p>\n<p data-start=\"6579\" data-end=\"6758\"><strong data-start=\"6579\" data-end=\"6622\">\u00bfQu\u00e9 hace que este bol\u00edgrafo destaque visualmente?<\/strong><br data-start=\"6622\" data-end=\"6625\" \/>La secci\u00f3n de agarre con textura de diamante a\u00f1ade un detalle decorativo distintivo que confiere al bol\u00edgrafo un aspecto m\u00e1s premium y profesional.<\/p>\n<p data-start=\"6760\" data-end=\"6986\" data-is-last-node=\"\" data-is-only-node=\"\"><strong data-start=\"6760\" data-end=\"6800\">\u00bfPara qui\u00e9n es m\u00e1s adecuado este producto?<\/strong><br data-start=\"6800\" data-end=\"6803\" \/>Es ideal para oficinas, programas corporativos, conferencias, ferias comerciales, hoteles, equipos de ventas, escuelas y empresas que buscan un art\u00edculo de escritura pr\u00e1ctico con un mayor atractivo de marca.<\/p>","protected":false},"excerpt":{"rendered":"<p>Este bol\u00edgrafo met\u00e1lico personalizado con pulsador y mecanismo de clic presenta un cuerpo elegante, una empu\u00f1adura con textura de diamante y un \u00e1rea para la impresi\u00f3n de su logotipo personalizado para la escritura diaria y el uso empresarial de su marca. Ideal para promociones de oficina, regalos de empresa, ferias, kits de empleados y obsequios corporativos, ofrece una forma elegante y pr\u00e1ctica de mostrar su marca.<\/p>","protected":false},"featured_media":47048,"template":"","meta":{"_gspb_post_css":""},"product_brand":[],"product_cat":[31],"product_tag":[],"class_list":{"0":"post-47047","1":"product","2":"type-product","3":"status-publish","4":"has-post-thumbnail","6":"product_cat-office","8":"first","9":"instock","10":"shipping-taxable","11":"product-type-simple"},"_links":{"self":[{"href":"https:\/\/globalgiftsupplier.com\/es\/wp-json\/wp\/v2\/product\/47047","targetHints":{"allow":["GET"]}}],"collection":[{"href":"https:\/\/globalgiftsupplier.com\/es\/wp-json\/wp\/v2\/product"}],"about":[{"href":"https:\/\/globalgiftsupplier.com\/es\/wp-json\/wp\/v2\/types\/product"}],"wp:featuredmedia":[{"embeddable":true,"href":"https:\/\/globalgiftsupplier.com\/es\/wp-json\/wp\/v2\/media\/47048"}],"wp:attachment":[{"href":"https:\/\/globalgiftsupplier.com\/es\/wp-json\/wp\/v2\/media?parent=47047"}],"wp:term":[{"taxonomy":"product_brand","embeddable":true,"href":"https:\/\/globalgiftsupplier.com\/es\/wp-json\/wp\/v2\/product_brand?post=47047"},{"taxonomy":"product_cat","embeddable":true,"href":"https:\/\/globalgiftsupplier.com\/es\/wp-json\/wp\/v2\/product_cat?post=47047"},{"taxonomy":"product_tag","embeddable":true,"href":"https:\/\/globalgiftsupplier.com\/es\/wp-json\/wp\/v2\/product_tag?post=47047"}],"curies":[{"name":"wp","href":"https:\/\/api.w.org\/{rel}","templated":true}]}}