{"id":46997,"date":"2026-03-19T07:56:20","date_gmt":"2026-03-19T07:56:20","guid":{"rendered":"https:\/\/globalgiftsupplier.com\/?post_type=product&#038;p=46997"},"modified":"2026-03-19T07:56:20","modified_gmt":"2026-03-19T07:56:20","slug":"custom-12-silicone-cleaning-bottle-brush-with-logo-imprint","status":"publish","type":"product","link":"https:\/\/globalgiftsupplier.com\/es\/product\/custom-12-silicone-cleaning-bottle-brush-with-logo-imprint\/","title":{"rendered":"Cepillo para botellas de limpieza de silicona de 12\u2033 personalizado con impresi\u00f3n de logotipo"},"content":{"rendered":"<p data-start=\"1220\" data-end=\"1602\">A\u00f1ada un accesorio de limpieza pr\u00e1ctico y reutilizable a su gama de productos con este cepillo de silicona de 12 pulgadas para botellas. Dise\u00f1ado con un mango largo, un cabezal de cepillo de silicona suave y una zona con el logotipo personalizado en el mango, este producto es una opci\u00f3n inteligente para las marcas que desean un art\u00edculo \u00fatil relacionado con la bebida, las botellas, los vasos y las necesidades de limpieza diarias.<\/p>\n<p data-start=\"1604\" data-end=\"2106\">Este cepillo de limpieza de botellas es especialmente adecuado para botellas de agua, biberones, vasos estrechos, botellas deportivas, vasos, garrafas y muchos otros art\u00edculos de bebida. El mango largo ayuda a los usuarios a llegar m\u00e1s profundamente a los recipientes, mientras que el cabezal flexible del cepillo de silicona est\u00e1 dise\u00f1ado para limpiar eficazmente sin la sensaci\u00f3n de un cepillo r\u00edgido tradicional. Al estar directamente relacionado con el mantenimiento diario de botellas y vasos, ofrece un gran valor promocional a largo plazo como pr\u00e1ctico accesorio para el hogar y la vajilla.<\/p>\n<p data-start=\"2108\" data-end=\"2530\">El cabezal del cepillo de silicona que se muestra en las im\u00e1genes del producto est\u00e1 dise\u00f1ado para ser suave, flexible y f\u00e1cil de limpiar. En comparaci\u00f3n con los cepillos de cerdas m\u00e1s tradicionales, un cepillo de limpieza de silicona ofrece un aspecto m\u00e1s suave y moderno, al tiempo que ayuda a que el producto parezca m\u00e1s duradero y reutilizable. Esto lo convierte en una buena opci\u00f3n para las marcas que desean una herramienta de limpieza con una presentaci\u00f3n m\u00e1s limpia y un aspecto de uso diario m\u00e1s premium.<\/p>\n<p data-start=\"2532\" data-end=\"2973\">Una de las mayores ventajas de este cepillo para botellas personalizado es su fuerte conexi\u00f3n con los productos de bebida. Funciona especialmente bien como complemento para botellas reutilizables, vasos, tazas de viaje, kits de pajitas, sets de regalo de hidrataci\u00f3n y promociones relacionadas con bebidas. En lugar de ser un obsequio b\u00e1sico independiente, puede ayudar a crear un conjunto de productos de marca m\u00e1s completo que resulte \u00fatil y atento para clientes, empleados o destinatarios de eventos.<\/p>\n<p data-start=\"2975\" data-end=\"3436\">El mango incluye un \u00e1rea para la impresi\u00f3n del logotipo, lo que permite que el nombre de su empresa, el logotipo de su marca o un mensaje promocional permanezcan visibles durante su uso habitual. Dado que un cepillo de limpieza se suele guardar cerca de botellas, tazas o espacios de cocina y se utiliza repetidamente a lo largo del tiempo, ayuda a ampliar la visibilidad de la marca en entornos cotidianos. Esto lo hace especialmente adecuado para marcas de bebidas, utensilios de cocina, productos para beb\u00e9s, bienestar, fitness, hosteler\u00eda y regalos promocionales.<\/p>\n<p data-start=\"3438\" data-end=\"3831\">Su dise\u00f1o con orificios para colgar tambi\u00e9n a\u00f1ade comodidad para el almacenamiento, lo que facilita colgarlo, secarlo y tenerlo al alcance de la mano. Este pr\u00e1ctico detalle facilita el uso diario y da al producto un aspecto m\u00e1s organizado en cocinas, bares, oficinas y establecimientos de hosteler\u00eda. Su forma alargada y delgada tambi\u00e9n facilita su inclusi\u00f3n en juegos de botellas de regalo, envases de bebidas reutilizables y kits de marca para uso dom\u00e9stico.<\/p>\n<p data-start=\"3833\" data-end=\"4261\">Las im\u00e1genes del producto muestran una longitud total de aproximadamente 30 cm, lo que ayuda a alcanzar botellas y recipientes m\u00e1s altos. El cabezal del cepillo de silicona tiene un dise\u00f1o redondeado que puede ayudar a limpiar las superficies interiores sin dejar de ser lo suficientemente flexible para adaptarse a las diferentes formas de las botellas. Esto lo convierte en una buena opci\u00f3n para las empresas que buscan un accesorio de limpieza personalizado que sea sencillo, pr\u00e1ctico y f\u00e1cil de combinar con muchos otros productos.<\/p>\n<p data-start=\"4263\" data-end=\"4599\">Estos cepillos de silicona personalizados para botellas son ideales para marcas de bebidas, productos para cafeter\u00edas, promociones de fitness, campa\u00f1as de hidrataci\u00f3n, programas de productos para beb\u00e9s, sets de regalo para uso dom\u00e9stico, kits de hospitalidad y pr\u00e1cticos obsequios de marca. Tambi\u00e9n son ideales para empresas que desean un art\u00edculo reutilizable de uso diario en lugar de un regalo novedoso.<\/p>\n<p data-start=\"4601\" data-end=\"4834\">Si busca un accesorio para bebidas personalizado que combine utilidad diaria, dise\u00f1o reutilizable y colocaci\u00f3n visible del logotipo, este cepillo de silicona de 12 pulgadas para limpiar botellas es un excelente complemento para su sitio web y su l\u00ednea de productos.<\/p>\n<p data-start=\"4836\" data-end=\"5193\"><strong data-start=\"4836\" data-end=\"4852\">Caracter\u00edsticas principales<\/strong><br data-start=\"4852\" data-end=\"4855\" \/>Cepillo de limpieza de botellas de 12 pulgadas de largo<br data-start=\"4889\" data-end=\"4892\" \/>Cabezal de silicona flexible<br data-start=\"4920\" data-end=\"4923\" \/>\u00c1rea de impresi\u00f3n de logotipo personalizado en el asa<br data-start=\"4957\" data-end=\"4960\" \/>Dise\u00f1o reutilizable y pr\u00e1ctico para el d\u00eda a d\u00eda<br data-start=\"4998\" data-end=\"5001\" \/>Apto para botellas, vasos, tazas y copas<br data-start=\"5052\" data-end=\"5055\" \/>Orificio para colgar y guardar c\u00f3modamente<br data-start=\"5090\" data-end=\"5093\" \/>Asa larga f\u00e1cil de usar para recipientes m\u00e1s profundos<br data-start=\"5138\" data-end=\"5141\" \/>Ideal para promociones de bebidas y lotes de regalo de marca<\/p>\n<p data-start=\"5195\" data-end=\"5528\"><strong data-start=\"5195\" data-end=\"5222\">Por qu\u00e9 elegir este producto<\/strong><br data-start=\"5222\" data-end=\"5225\" \/>Este producto es una buena elecci\u00f3n porque combina una pr\u00e1ctica funci\u00f3n de limpieza con un claro valor promocional. En comparaci\u00f3n con los art\u00edculos de regalo ordinarios, un cepillo limpiador de botellas ofrece un uso diario repetido y funciona especialmente bien con productos relacionados con la bebida, ayudando a que su marca permanezca visible a lo largo del tiempo.<\/p>\n<p data-start=\"5530\" data-end=\"5827\"><strong data-start=\"5530\" data-end=\"5543\">Ideal para<\/strong><br data-start=\"5543\" data-end=\"5546\" \/>Promociones de bebidas<br data-start=\"5566\" data-end=\"5569\" \/>Juegos de regalo para botellas de agua<br data-start=\"5591\" data-end=\"5594\" \/>Accesorios para vasos<br data-start=\"5613\" data-end=\"5616\" \/>Programas de biberones<br data-start=\"5636\" data-end=\"5639\" \/>Campa\u00f1as de fitness y bienestar<br data-start=\"5669\" data-end=\"5672\" \/>Regalos de cocina y uso dom\u00e9stico<br data-start=\"5702\" data-end=\"5705\" \/>Kits de bienvenida<br data-start=\"5729\" data-end=\"5732\" \/>Productos de cafeter\u00eda y bebidas<br data-start=\"5761\" data-end=\"5764\" \/>Promociones de estilo de vida reutilizable<br data-start=\"5793\" data-end=\"5796\" \/>Juegos de accesorios de limpieza de marca<\/p>\n<p data-start=\"5829\" data-end=\"5836\"><strong data-start=\"5829\" data-end=\"5836\">PREGUNTAS FRECUENTES<\/strong><\/p>\n<p data-start=\"5838\" data-end=\"5986\"><strong data-start=\"5838\" data-end=\"5890\">\u00bfSe puede personalizar este cepillo para botellas con un logotipo?<\/strong><br data-start=\"5890\" data-end=\"5893\" \/>S\u00ed, el asa puede personalizarse con el logotipo de su empresa, el nombre de su marca o un mensaje promocional.<\/p>\n<p data-start=\"5988\" data-end=\"6173\"><strong data-start=\"5988\" data-end=\"6034\">\u00bfQu\u00e9 hace que este cepillo sea bueno para las promociones?<\/strong><br data-start=\"6034\" data-end=\"6037\" \/>Es pr\u00e1ctico, reutilizable y est\u00e1 directamente relacionado con la limpieza diaria de botellas y vasos, lo que contribuye a crear una exposici\u00f3n repetida de la marca.<\/p>\n<p data-start=\"6175\" data-end=\"6335\"><strong data-start=\"6175\" data-end=\"6220\">\u00bfPara qu\u00e9 sirve este cepillo de limpieza?<\/strong><br data-start=\"6220\" data-end=\"6223\" \/>Es adecuado para botellas, vasos, tazas, biberones, botellas deportivas y muchos otros art\u00edculos de bebida estrechos.<\/p>\n<p data-start=\"6337\" data-end=\"6499\"><strong data-start=\"6337\" data-end=\"6376\">\u00bfPor qu\u00e9 elegir un cepillo de silicona para biberones?<\/strong><br data-start=\"6376\" data-end=\"6379\" \/>Un cepillo de silicona ofrece un dise\u00f1o flexible, reutilizable y f\u00e1cil de limpiar que resulta moderno y pr\u00e1ctico para el uso diario.<\/p>\n<p data-start=\"6501\" data-end=\"6731\" data-is-last-node=\"\" data-is-only-node=\"\"><strong data-start=\"6501\" data-end=\"6541\">\u00bfPara qui\u00e9n es m\u00e1s adecuado este producto?<\/strong><br data-start=\"6541\" data-end=\"6544\" \/>Es ideal para marcas de bebidas, programas de fitness, promociones de productos para beb\u00e9s, negocios de hosteler\u00eda, campa\u00f1as de accesorios de cocina y empresas que buscan una herramienta de limpieza de marca \u00fatil.<\/p>","protected":false},"excerpt":{"rendered":"<p>Este cepillo de silicona personalizado de 12\u2033 para limpiar botellas tiene un mango largo, cerdas de silicona flexibles y un \u00e1rea de impresi\u00f3n de logotipo personalizado para un uso diario pr\u00e1ctico. Ideal para promociones de bebidas, accesorios para botellas de agua, programas de cocina, lotes de regalo y obsequios de marca, ofrece una forma \u00fatil y reutilizable de mostrar su logotipo.<\/p>","protected":false},"featured_media":46998,"template":"","meta":{"_gspb_post_css":""},"product_brand":[],"product_cat":[25],"product_tag":[],"class_list":{"0":"post-46997","1":"product","2":"type-product","3":"status-publish","4":"has-post-thumbnail","6":"product_cat-drinkware","8":"first","9":"instock","10":"shipping-taxable","11":"product-type-simple"},"_links":{"self":[{"href":"https:\/\/globalgiftsupplier.com\/es\/wp-json\/wp\/v2\/product\/46997","targetHints":{"allow":["GET"]}}],"collection":[{"href":"https:\/\/globalgiftsupplier.com\/es\/wp-json\/wp\/v2\/product"}],"about":[{"href":"https:\/\/globalgiftsupplier.com\/es\/wp-json\/wp\/v2\/types\/product"}],"wp:featuredmedia":[{"embeddable":true,"href":"https:\/\/globalgiftsupplier.com\/es\/wp-json\/wp\/v2\/media\/46998"}],"wp:attachment":[{"href":"https:\/\/globalgiftsupplier.com\/es\/wp-json\/wp\/v2\/media?parent=46997"}],"wp:term":[{"taxonomy":"product_brand","embeddable":true,"href":"https:\/\/globalgiftsupplier.com\/es\/wp-json\/wp\/v2\/product_brand?post=46997"},{"taxonomy":"product_cat","embeddable":true,"href":"https:\/\/globalgiftsupplier.com\/es\/wp-json\/wp\/v2\/product_cat?post=46997"},{"taxonomy":"product_tag","embeddable":true,"href":"https:\/\/globalgiftsupplier.com\/es\/wp-json\/wp\/v2\/product_tag?post=46997"}],"curies":[{"name":"wp","href":"https:\/\/api.w.org\/{rel}","templated":true}]}}