{"id":46955,"date":"2026-03-19T07:37:05","date_gmt":"2026-03-19T07:37:05","guid":{"rendered":"https:\/\/globalgiftsupplier.com\/?post_type=product&#038;p=46955"},"modified":"2026-03-19T07:37:05","modified_gmt":"2026-03-19T07:37:05","slug":"custom-clear-pet-face-shield-full-protective-face-visor-with-logo-imprint","status":"publish","type":"product","link":"https:\/\/globalgiftsupplier.com\/es\/product\/custom-clear-pet-face-shield-full-protective-face-visor-with-logo-imprint\/","title":{"rendered":"Visera de protecci\u00f3n total de PET transparente personalizada con logotipo impreso"},"content":{"rendered":"<p data-start=\"1235\" data-end=\"1784\">A\u00f1ada un elemento de protecci\u00f3n pr\u00e1ctico y muy visible a su gama de productos de marca con este visor facial personalizado de PET transparente. Dise\u00f1ada con una visera transparente de cobertura total y una banda ligera para la frente, esta visera facial ofrece un aspecto limpio y profesional que la hace adecuada para programas en el lugar de trabajo, equipos de cara al cliente, entornos minoristas, eventos y distribuci\u00f3n de marca. Es una opci\u00f3n \u00fatil para las organizaciones que buscan un producto personalizado relacionado con los EPI con una clara visibilidad del logotipo y un aspecto profesional sencillo.<\/p>\n<p data-start=\"1786\" data-end=\"2259\">Esta pantalla facial est\u00e1 fabricada con una visera de PET transparente que ayuda a mantener la visibilidad a la vez que crea una barrera f\u00edsica frente a la cara. El amplio panel transparente confiere al producto un aspecto limpio y funcional, mientras que la secci\u00f3n de la cinta para la cabeza ofrece espacio para la marca, el etiquetado o informaci\u00f3n impresa personalizada. Dado que la visera se lleva en la cara y permanece muy visible durante su uso, ofrece una fuerte exposici\u00f3n de la marca en comparaci\u00f3n con muchos productos promocionales m\u00e1s peque\u00f1os.<\/p>\n<p data-start=\"2261\" data-end=\"2723\">Su dise\u00f1o ligero hace que este producto sea f\u00e1cil de llevar en una amplia gama de entornos generales, como mostradores de tiendas, zonas de recepci\u00f3n, entornos de hosteler\u00eda, equipos de servicios alimentarios, programas escolares, zonas de facturaci\u00f3n de eventos y kits de apoyo en el lugar de trabajo. Puede utilizarse como parte de programas de entrega al personal, paquetes de suministros de seguridad empresarial, uniformes de atenci\u00f3n al cliente o surtidos de EPI de marca. Su sencilla estructura tambi\u00e9n facilita su almacenamiento, transporte y distribuci\u00f3n en cantidad.<\/p>\n<p data-start=\"2725\" data-end=\"3168\">Este visor facial transparente personalizado es especialmente adecuado para organizaciones que desean una presentaci\u00f3n m\u00e1s profesional de los accesorios de protecci\u00f3n facial para el lugar de trabajo. La visera transparente ayuda a mantener un aspecto limpio y abierto, mientras que la banda superior puede soportar la impresi\u00f3n de logotipos o mensajes de marca. Esto la convierte en una buena opci\u00f3n para las empresas que desean una identidad visual coordinada entre el equipo del personal, los suministros de seguridad para minoristas o los materiales para el lugar de trabajo de cara al p\u00fablico.<\/p>\n<p data-start=\"3170\" data-end=\"3606\">En comparaci\u00f3n con muchos productos de regalo ordinarios, esta careta ofrece una mayor superficie visible y una aplicaci\u00f3n m\u00e1s pr\u00e1ctica en el lugar de trabajo. Es \u00fatil para empresas que desean art\u00edculos de apoyo de marca para equipos, eventos, mostradores de servicio, escuelas, cl\u00ednicas, salones de belleza, restaurantes y operaciones de hosteler\u00eda. Como se asocia directamente a un uso visible en el lugar de trabajo, puede ayudar a reforzar una imagen de marca m\u00e1s organizada y profesional.<\/p>\n<p data-start=\"3608\" data-end=\"3968\">El estilo de visera PET tambi\u00e9n confiere a este producto un aspecto limpio y moderno que funciona bien en muchos sectores. Tanto si su empresa desea una visera transparente para el personal, kits de visita con la marca, uso de apoyo en eventos o programas promocionales de suministro de EPI, este art\u00edculo ofrece un dise\u00f1o sencillo que es f\u00e1cil de integrar en muchos entornos de trabajo o servicios.<\/p>\n<p data-start=\"3970\" data-end=\"4405\">Esta pantalla facial personalizada puede ser una opci\u00f3n inteligente para entornos relacionados con la sanidad, equipos de venta al por menor, mostradores de atenci\u00f3n al cliente, entornos de manipulaci\u00f3n de alimentos, escuelas, mostradores de recepci\u00f3n de oficinas, negocios de belleza, personal de hosteler\u00eda y programas generales en el lugar de trabajo. Su estructura clara ayuda a mantener la marca sutil pero visible, por lo que es adecuado para las empresas que desean la colocaci\u00f3n del logotipo sin abrumar a la apariencia pr\u00e1ctica limpia del producto.<\/p>\n<p data-start=\"4407\" data-end=\"4630\">Si busca un visor facial de marca personalizado con visibilidad clara, construcci\u00f3n ligera y un pr\u00e1ctico dise\u00f1o profesional, este visor facial de PET transparente es un excelente complemento para su sitio web y su gama de productos.<\/p>\n<p data-start=\"4632\" data-end=\"5029\"><strong data-start=\"4632\" data-end=\"4648\">Caracter\u00edsticas principales<\/strong><br data-start=\"4648\" data-end=\"4651\" \/>Dise\u00f1o de pantalla facial PET transparente de cobertura total<br data-start=\"4693\" data-end=\"4696\" \/>Visera ligera para un uso diario pr\u00e1ctico<br data-start=\"4740\" data-end=\"4743\" \/>Cinta frontal con zona de impresi\u00f3n del logotipo<br data-start=\"4779\" data-end=\"4782\" \/>Pantalla transparente para una visibilidad clara<br data-start=\"4821\" data-end=\"4824\" \/>Adecuado para entornos de trabajo y de cara al cliente<br data-start=\"4879\" data-end=\"4882\" \/>F\u00e1cil de almacenar, transportar y distribuir<br data-start=\"4922\" data-end=\"4925\" \/>Aspecto profesional para programas de EPI de marca<br data-start=\"4973\" data-end=\"4976\" \/>Ideal para comercios, hosteler\u00eda, eventos y ropa de trabajo.<\/p>\n<p data-start=\"5031\" data-end=\"5400\"><strong data-start=\"5031\" data-end=\"5058\">Por qu\u00e9 elegir este producto<\/strong><br data-start=\"5058\" data-end=\"5061\" \/>Este producto es una buena elecci\u00f3n porque combina una pr\u00e1ctica cobertura facial con una clara visibilidad del logotipo en un formato profesional sencillo. En comparaci\u00f3n con muchos art\u00edculos promocionales peque\u00f1os, ofrece una mayor superficie visible y una mayor relevancia en el lugar de trabajo, lo que lo hace adecuado para programas de personal con marca, kits de apoyo y uso empresarial relacionado con EPI.<\/p>\n<p data-start=\"5402\" data-end=\"5666\"><strong data-start=\"5402\" data-end=\"5415\">Ideal para<\/strong><br data-start=\"5415\" data-end=\"5418\" \/>Ropa de trabajo<br data-start=\"5435\" data-end=\"5438\" \/>Mostradores de recepci\u00f3n<br data-start=\"5456\" data-end=\"5459\" \/>Equipos de hosteler\u00eda<br data-start=\"5476\" data-end=\"5479\" \/>Personal de facturaci\u00f3n<br data-start=\"5499\" data-end=\"5502\" \/>Programas de apoyo escolar<br data-start=\"5525\" data-end=\"5528\" \/>Empresas de belleza y salones de belleza<br data-start=\"5555\" data-end=\"5558\" \/>Equipos de servicio de comidas<br data-start=\"5576\" data-end=\"5579\" \/>Kits EPI para el lugar de trabajo<br data-start=\"5597\" data-end=\"5600\" \/>Entornos cl\u00ednicos y de servicios<br data-start=\"5631\" data-end=\"5634\" \/>Programas de seguridad empresarial de marca<\/p>\n<p data-start=\"5668\" data-end=\"5675\"><strong data-start=\"5668\" data-end=\"5675\">PREGUNTAS FRECUENTES<\/strong><\/p>\n<p data-start=\"5677\" data-end=\"5842\"><strong data-start=\"5677\" data-end=\"5728\">\u00bfSe puede personalizar esta careta con un logotipo?<\/strong><br data-start=\"5728\" data-end=\"5731\" \/>S\u00ed, el escudo puede personalizarse con el logotipo de su empresa o informaci\u00f3n de marca en la zona de impresi\u00f3n designada.<\/p>\n<p data-start=\"5844\" data-end=\"5971\"><strong data-start=\"5844\" data-end=\"5885\">\u00bfDe qu\u00e9 material est\u00e1 hecha la visera?<\/strong><br data-start=\"5885\" data-end=\"5888\" \/>La visera est\u00e1 fabricada con material PET transparente para ofrecer un dise\u00f1o transparente y ligero.<\/p>\n<p data-start=\"5973\" data-end=\"6169\"><strong data-start=\"5973\" data-end=\"6024\">\u00bfEs adecuado este protector facial para su uso en el lugar de trabajo?<\/strong><br data-start=\"6024\" data-end=\"6027\" \/>S\u00ed, es adecuado para lugares de trabajo en general, comercios minoristas, hosteler\u00eda, eventos y entornos de cara al cliente en los que se prefiere un visor facial transparente.<\/p>\n<p data-start=\"6171\" data-end=\"6354\"><strong data-start=\"6171\" data-end=\"6218\">\u00bfEs f\u00e1cil distribuir este producto a granel?<\/strong><br data-start=\"6218\" data-end=\"6221\" \/>S\u00ed, su estructura ligera hace que sea f\u00e1cil de empaquetar, almacenar y distribuir para programas de entrega al personal o necesidades de suministros de empresas m\u00e1s grandes.<\/p>\n<p data-start=\"6356\" data-end=\"6563\" data-is-last-node=\"\" data-is-only-node=\"\"><strong data-start=\"6356\" data-end=\"6396\">\u00bfPara qui\u00e9n es m\u00e1s adecuado este producto?<\/strong><br data-start=\"6396\" data-end=\"6399\" \/>Es ideal para equipos de minoristas, personal de hosteler\u00eda, equipos de eventos, escuelas, salones de belleza, mostradores de servicio, cl\u00ednicas y empresas que buscan una pr\u00e1ctica visera facial de marca.<\/p>","protected":false},"excerpt":{"rendered":"<p>Esta careta de PET transparente personalizada cuenta con una visera ligera de cobertura total, una c\u00f3moda banda para la frente y una zona transparente para la impresi\u00f3n del logotipo que permite un uso pr\u00e1ctico de la marca. Ideal para uso personal, programas en el lugar de trabajo, entornos minoristas, eventos y distribuci\u00f3n promocional, ofrece una forma sencilla y visible de mostrar su logotipo en una prenda facial protectora.<\/p>","protected":false},"featured_media":46956,"template":"","meta":{"_gspb_post_css":""},"product_brand":[],"product_cat":[32],"product_tag":[],"class_list":{"0":"post-46955","1":"product","2":"type-product","3":"status-publish","4":"has-post-thumbnail","6":"product_cat-healthcare-ppe","8":"first","9":"instock","10":"shipping-taxable","11":"product-type-simple"},"_links":{"self":[{"href":"https:\/\/globalgiftsupplier.com\/es\/wp-json\/wp\/v2\/product\/46955","targetHints":{"allow":["GET"]}}],"collection":[{"href":"https:\/\/globalgiftsupplier.com\/es\/wp-json\/wp\/v2\/product"}],"about":[{"href":"https:\/\/globalgiftsupplier.com\/es\/wp-json\/wp\/v2\/types\/product"}],"wp:featuredmedia":[{"embeddable":true,"href":"https:\/\/globalgiftsupplier.com\/es\/wp-json\/wp\/v2\/media\/46956"}],"wp:attachment":[{"href":"https:\/\/globalgiftsupplier.com\/es\/wp-json\/wp\/v2\/media?parent=46955"}],"wp:term":[{"taxonomy":"product_brand","embeddable":true,"href":"https:\/\/globalgiftsupplier.com\/es\/wp-json\/wp\/v2\/product_brand?post=46955"},{"taxonomy":"product_cat","embeddable":true,"href":"https:\/\/globalgiftsupplier.com\/es\/wp-json\/wp\/v2\/product_cat?post=46955"},{"taxonomy":"product_tag","embeddable":true,"href":"https:\/\/globalgiftsupplier.com\/es\/wp-json\/wp\/v2\/product_tag?post=46955"}],"curies":[{"name":"wp","href":"https:\/\/api.w.org\/{rel}","templated":true}]}}