{"id":46912,"date":"2026-03-19T05:48:55","date_gmt":"2026-03-19T05:48:55","guid":{"rendered":"https:\/\/globalgiftsupplier.com\/?post_type=product&#038;p=46912"},"modified":"2026-03-19T05:48:55","modified_gmt":"2026-03-19T05:48:55","slug":"custom-full-color-imprint-3-layer-face-mask-with-logo-design","status":"publish","type":"product","link":"https:\/\/globalgiftsupplier.com\/es\/product\/custom-full-color-imprint-3-layer-face-mask-with-logo-design\/","title":{"rendered":"Impresi\u00f3n a todo color personalizada M\u00e1scara facial de 3 capas con dise\u00f1o de logotipo"},"content":{"rendered":"<p data-start=\"1154\" data-end=\"1572\">Promocione su marca con un producto que ofrece visibilidad diaria y una gran \u00e1rea de impresi\u00f3n personalizada con esta m\u00e1scara facial de 3 capas con impresi\u00f3n personalizada a todo color. Dise\u00f1ada para uso de marca, identidad de equipo, distribuci\u00f3n en eventos y programas promocionales, esta m\u00e1scara ofrece a las empresas y organizaciones un art\u00edculo pr\u00e1ctico que puede mostrar de forma destacada logotipos, mensajes, ilustraciones o dise\u00f1os personalizados en el panel frontal.<\/p>\n<p data-start=\"1574\" data-end=\"2001\">Esta m\u00e1scara facial personalizada est\u00e1 dise\u00f1ada con una estructura de 3 capas y una amplia superficie imprimible que la hace especialmente adecuada para gr\u00e1ficos a todo color, mensajes de marca, ilustraciones tem\u00e1ticas, dise\u00f1os escolares, logotipos de empresa, identidad de clubes y elementos visuales relacionados con eventos. A diferencia de muchos productos promocionales m\u00e1s peque\u00f1os con espacio de impresi\u00f3n limitado, este art\u00edculo proporciona a su marca un lugar muy visible que puede verse claramente durante el uso diario.<\/p>\n<p data-start=\"2003\" data-end=\"2403\">La forma ajustada y las trabillas integradas contribuyen a crear una experiencia de uso c\u00f3moda y segura para el d\u00eda a d\u00eda. Su panel frontal limpio permite que su dise\u00f1o destaque, tanto si desea colocar un logotipo sencillo, un texto en negrita, un patr\u00f3n personalizado o un concepto visual totalmente impreso. Por todo ello, es una buena elecci\u00f3n para empresas y grupos que desean combinar un uso pr\u00e1ctico con una imagen de marca atractiva.<\/p>\n<p data-start=\"2405\" data-end=\"2817\">Esta m\u00e1scara facial impresa personalizada es una opci\u00f3n \u00fatil para colegios, tiendas minoristas, equipos de empresa, personal de hosteler\u00eda, equipos de eventos, campa\u00f1as sin \u00e1nimo de lucro, programas de concienciaci\u00f3n, seguidores deportivos y proyectos de merchandising de marca. Puede utilizarse como parte de un aspecto coordinado del personal, incluirse en paquetes promocionales, distribuirse durante eventos especiales u ofrecerse como accesorio de marca personalizado para clientes y seguidores.<\/p>\n<p data-start=\"2819\" data-end=\"3259\">Uno de los principales puntos fuertes de este producto es su gran flexibilidad de dise\u00f1o. El panel frontal puede personalizarse con la marca de la empresa, esl\u00f3ganes, ilustraciones de eventos, gr\u00e1ficos creativos o temas promocionales, lo que ayuda a su empresa a crear un art\u00edculo m\u00e1s personalizado y reconocible. Esto hace que la m\u00e1scara sea adecuada no s\u00f3lo para la promoci\u00f3n de logotipos sencillos, sino tambi\u00e9n para marcas de moda, campa\u00f1as de concienciaci\u00f3n, eventos estacionales y programas de identidad personalizados.<\/p>\n<p data-start=\"3261\" data-end=\"3616\">Al ser muy visible y f\u00e1cil de llevar, esta m\u00e1scara facial ofrece una fuerte exposici\u00f3n de marca en comparaci\u00f3n con muchos art\u00edculos de regalo peque\u00f1os que son f\u00e1ciles de pasar por alto. Un dise\u00f1o personalizado que se lleve en colegios, oficinas, tiendas, eventos y espacios p\u00fablicos puede ayudar a reforzar la imagen de su marca y, al mismo tiempo, crear un aspecto m\u00e1s unificado y profesional para equipos o grupos promocionales.<\/p>\n<p data-start=\"3618\" data-end=\"4013\">Este producto tambi\u00e9n es una opci\u00f3n pr\u00e1ctica para organizaciones que desean art\u00edculos de marca relacionados con la ropa sin entrar de lleno en las categor\u00edas de ropa est\u00e1ndar. Funciona bien para uniformes de empresa, art\u00edculos promocionales, art\u00edculos de esp\u00edritu escolar, ropa para aficionados, kits de apoyo para eventos y accesorios personalizados para tiendas. Su forma sencilla y su gran superficie imprimible lo hacen adaptable a muchos sectores y tipos de campa\u00f1a.<\/p>\n<p data-start=\"4015\" data-end=\"4245\">Si est\u00e1 buscando una m\u00e1scara facial promocional personalizada con capacidad de impresi\u00f3n a todo color, un \u00e1rea de dise\u00f1o limpio y un fuerte valor de marca diario, esta m\u00e1scara facial de 3 capas es una excelente adici\u00f3n a su sitio web y l\u00ednea de productos.<\/p>\n<p data-start=\"4247\" data-end=\"4578\"><strong data-start=\"4247\" data-end=\"4263\">Caracter\u00edsticas principales<\/strong><br data-start=\"4263\" data-end=\"4266\" \/>Dise\u00f1o de m\u00e1scara facial de 3 capas<br data-start=\"4290\" data-end=\"4293\" \/>Amplia zona frontal para impresi\u00f3n personalizada a todo color<br data-start=\"4339\" data-end=\"4342\" \/>Impresi\u00f3n personalizada de logotipos, textos o ilustraciones<br data-start=\"4380\" data-end=\"4383\" \/>C\u00f3modo dise\u00f1o de lazo para la oreja<br data-start=\"4410\" data-end=\"4413\" \/>Forma ajustada para el d\u00eda a d\u00eda<br data-start=\"4443\" data-end=\"4446\" \/>Fuerte valor visual de marca<br data-start=\"4474\" data-end=\"4477\" \/>Adecuado para equipos, eventos, personal y promociones<br data-start=\"4526\" data-end=\"4529\" \/>Ideal para productos personalizados y programas de marca<\/p>\n<p data-start=\"4580\" data-end=\"4972\"><strong data-start=\"4580\" data-end=\"4607\">Por qu\u00e9 elegir este producto<\/strong><br data-start=\"4607\" data-end=\"4610\" \/>Esta mascarilla facial personalizada es una buena elecci\u00f3n promocional porque ofrece un \u00e1rea de marca grande y muy visible en un producto dise\u00f1ado para el uso diario. En comparaci\u00f3n con art\u00edculos de regalo m\u00e1s peque\u00f1os, ofrece a su logotipo o dise\u00f1o personalizado m\u00e1s espacio para destacar y facilita la creaci\u00f3n de un aspecto de marca m\u00e1s coordinado para equipos, personal, eventos o campa\u00f1as promocionales.<\/p>\n<p data-start=\"4974\" data-end=\"5221\"><strong data-start=\"4974\" data-end=\"4987\">Ideal para<\/strong><br data-start=\"4987\" data-end=\"4990\" \/>Programas escolares<br data-start=\"5005\" data-end=\"5008\" \/>Promociones minoristas<br data-start=\"5025\" data-end=\"5028\" \/>Uniformes del personal de la empresa<br data-start=\"5050\" data-end=\"5053\" \/>Equipos de hosteler\u00eda<br data-start=\"5070\" data-end=\"5073\" \/>Personal de ferias y eventos<br data-start=\"5099\" data-end=\"5102\" \/>Campa\u00f1as de sensibilizaci\u00f3n<br data-start=\"5121\" data-end=\"5124\" \/>Actividades sin \u00e1nimo de lucro<br data-start=\"5142\" data-end=\"5145\" \/>Ropa para aficionados al deporte<br data-start=\"5166\" data-end=\"5169\" \/>Programas de productos de marca<br data-start=\"5197\" data-end=\"5200\" \/>Paquetes de regalo personalizados<\/p>\n<p data-start=\"5223\" data-end=\"5230\"><strong data-start=\"5223\" data-end=\"5230\">PREGUNTAS FRECUENTES<\/strong><\/p>\n<p data-start=\"5232\" data-end=\"5417\"><strong data-start=\"5232\" data-end=\"5302\">\u00bfSe puede personalizar esta mascarilla facial con un logotipo o un dise\u00f1o a todo color?<\/strong><br data-start=\"5302\" data-end=\"5305\" \/>S\u00ed, el panel frontal puede personalizarse con logotipos, texto, ilustraciones, patrones u otros dise\u00f1os impresos a todo color.<\/p>\n<p data-start=\"5419\" data-end=\"5618\"><strong data-start=\"5419\" data-end=\"5467\">\u00bfPor qu\u00e9 es bueno este producto para promociones?<\/strong><br data-start=\"5467\" data-end=\"5470\" \/>Ofrece una gran \u00e1rea de impresi\u00f3n visible en un art\u00edculo pr\u00e1ctico que se puede llevar puesto, lo que ayuda a que su marca destaque m\u00e1s claramente que en muchos productos peque\u00f1os para regalo.<\/p>\n<p data-start=\"5620\" data-end=\"5817\"><strong data-start=\"5620\" data-end=\"5666\">\u00bfPara qui\u00e9n es adecuada esta mascarilla facial personalizada?<\/strong><br data-start=\"5666\" data-end=\"5669\" \/>Es adecuado para empresas, escuelas, tiendas minoristas, equipos de eventos, personal de hosteler\u00eda, campa\u00f1as de concienciaci\u00f3n, clubes y proyectos de merchandising de marca.<\/p>\n<p data-start=\"5819\" data-end=\"6006\"><strong data-start=\"5819\" data-end=\"5866\">\u00bfEste producto es adecuado para uso personal o en equipo?<\/strong><br data-start=\"5866\" data-end=\"5869\" \/>S\u00ed, es una opci\u00f3n \u00fatil para el personal de empresas, equipos de eventos, grupos escolares y otros equipos que deseen una apariencia de marca m\u00e1s consistente.<\/p>\n<p data-start=\"6008\" data-end=\"6199\" data-is-last-node=\"\" data-is-only-node=\"\"><strong data-start=\"6008\" data-end=\"6061\">\u00bfQu\u00e9 tipo de dise\u00f1os se pueden imprimir en esta m\u00e1scara?<\/strong><br data-start=\"6061\" data-end=\"6064\" \/>Puede imprimir logotipos de empresa, nombres de marca, esl\u00f3ganes, ilustraciones a todo color, gr\u00e1ficos tem\u00e1ticos, mensajes promocionales o dise\u00f1os visuales personalizados.<\/p>","protected":false},"excerpt":{"rendered":"<p>Esta m\u00e1scara facial de 3 capas con impresi\u00f3n a todo color personalizada cuenta con una amplia \u00e1rea frontal imprimible, c\u00f3modas trabillas para las orejas y una forma limpia y ajustada para el uso promocional diario. Ideal para campa\u00f1as de marca, eventos, uniformes de personal, escuelas, programas de venta al por menor y regalos, ofrece una forma pr\u00e1ctica de mostrar su logotipo personalizado o ilustraciones.<\/p>","protected":false},"featured_media":46913,"template":"","meta":{"_gspb_post_css":""},"product_brand":[],"product_cat":[32],"product_tag":[],"class_list":{"0":"post-46912","1":"product","2":"type-product","3":"status-publish","4":"has-post-thumbnail","6":"product_cat-healthcare-ppe","8":"first","9":"instock","10":"shipping-taxable","11":"product-type-simple"},"_links":{"self":[{"href":"https:\/\/globalgiftsupplier.com\/es\/wp-json\/wp\/v2\/product\/46912","targetHints":{"allow":["GET"]}}],"collection":[{"href":"https:\/\/globalgiftsupplier.com\/es\/wp-json\/wp\/v2\/product"}],"about":[{"href":"https:\/\/globalgiftsupplier.com\/es\/wp-json\/wp\/v2\/types\/product"}],"wp:featuredmedia":[{"embeddable":true,"href":"https:\/\/globalgiftsupplier.com\/es\/wp-json\/wp\/v2\/media\/46913"}],"wp:attachment":[{"href":"https:\/\/globalgiftsupplier.com\/es\/wp-json\/wp\/v2\/media?parent=46912"}],"wp:term":[{"taxonomy":"product_brand","embeddable":true,"href":"https:\/\/globalgiftsupplier.com\/es\/wp-json\/wp\/v2\/product_brand?post=46912"},{"taxonomy":"product_cat","embeddable":true,"href":"https:\/\/globalgiftsupplier.com\/es\/wp-json\/wp\/v2\/product_cat?post=46912"},{"taxonomy":"product_tag","embeddable":true,"href":"https:\/\/globalgiftsupplier.com\/es\/wp-json\/wp\/v2\/product_tag?post=46912"}],"curies":[{"name":"wp","href":"https:\/\/api.w.org\/{rel}","templated":true}]}}