{"id":46876,"date":"2026-03-19T03:04:09","date_gmt":"2026-03-19T03:04:09","guid":{"rendered":"https:\/\/globalgiftsupplier.com\/?post_type=product&#038;p=46876"},"modified":"2026-03-19T03:04:09","modified_gmt":"2026-03-19T03:04:09","slug":"custom-promotional-ballpoint-pens-with-colored-grip-and-logo-imprint","status":"publish","type":"product","link":"https:\/\/globalgiftsupplier.com\/es\/product\/custom-promotional-ballpoint-pens-with-colored-grip-and-logo-imprint\/","title":{"rendered":"Bol\u00edgrafo promocional personalizado con empu\u00f1adura de color e impresi\u00f3n del logotipo"},"content":{"rendered":"<p data-start=\"1253\" data-end=\"1672\">Haga que su marca forme parte de la vida cotidiana con estos bol\u00edgrafos promocionales personalizados, dise\u00f1ados para ofrecer funcionalidad y visibilidad en un sencillo producto de marketing. Con un cuerpo limpio y moderno, un dise\u00f1o retr\u00e1ctil con mecanismo de clic y una secci\u00f3n de agarre acanalada de aspecto suave, estos bol\u00edgrafos son una opci\u00f3n pr\u00e1ctica para las empresas que buscan obsequios promocionales asequibles que la gente realmente utilice.<\/p>\n<p data-start=\"1674\" data-end=\"2111\">Estos bol\u00edgrafos promocionales son ideales para las tareas diarias de escritura en oficinas, escuelas, mostradores de recepci\u00f3n, ferias comerciales, conferencias, bancos, cl\u00ednicas, hoteles y mostradores de atenci\u00f3n al cliente. Dado que los bol\u00edgrafos son uno de los art\u00edculos promocionales m\u00e1s utilizados y m\u00e1s frecuentemente guardados, siguen ofreciendo una fuerte exposici\u00f3n de la marca mucho despu\u00e9s de que haya finalizado un evento. Cada vez que un cliente firma un formulario, escribe una nota o guarda uno en un bolso, su logotipo permanece visible.<\/p>\n<p data-start=\"2113\" data-end=\"2494\">El bol\u00edgrafo tiene un cuerpo blanco con colores brillantes que le dan un aspecto fresco y en\u00e9rgico. El clip de colores y la empu\u00f1adura a juego crean un aspecto limpio de dos tonos que ayuda a que el producto destaque entre los bol\u00edgrafos de regalo normales. Esta elegante combinaci\u00f3n lo hace adecuado para muchas necesidades de marca diferentes, desde promociones empresariales hasta eventos escolares y campa\u00f1as de divulgaci\u00f3n comunitaria.<\/p>\n<p data-start=\"2496\" data-end=\"2861\">Una c\u00f3moda secci\u00f3n de agarre ayuda a mejorar la experiencia de escritura, facilitando la sujeci\u00f3n del bol\u00edgrafo durante un uso prolongado. El dise\u00f1o retr\u00e1ctil a\u00f1ade comodidad al permitir a los usuarios pulsar y escribir r\u00e1pidamente sin preocuparse de perder el capuch\u00f3n. Esto hace que el bol\u00edgrafo sea especialmente \u00fatil en lugares de trabajo, recepciones, aulas y eventos multitudinarios en los que la comodidad es importante.<\/p>\n<p data-start=\"2863\" data-end=\"3241\">Una de las mayores ventajas de este bol\u00edgrafo personalizado es su amplio atractivo. Es adecuado para casi todos los sectores y p\u00fablicos, lo que lo convierte en uno de los productos promocionales m\u00e1s vers\u00e1tiles que existen. Tanto si se dirige a estudiantes, trabajadores de oficina, asistentes a eventos, pacientes, clientes o empleados, un bol\u00edgrafo de marca sigue siendo una opci\u00f3n fiable y rentable.<\/p>\n<p data-start=\"3243\" data-end=\"3588\">Su logotipo puede imprimirse en el cuerpo, convirtiendo este instrumento de escritura cotidiano en un activo de marca port\u00e1til. Dado que los bol\u00edgrafos se comparten, se toman prestados, se llevan y se reutilizan, crean de forma natural impresiones repetidas en oficinas, hogares, escuelas y espacios p\u00fablicos. Esta exposici\u00f3n repetida ayuda a reforzar el conocimiento de la marca y a mantener a su empresa en primer plano.<\/p>\n<p data-start=\"3590\" data-end=\"3944\">Estos bol\u00edgrafos promocionales personalizados son una opci\u00f3n excelente para folletos de ferias comerciales, promociones empresariales, kits de bienvenida, programas de material de oficina, campa\u00f1as escolares, actividades sin \u00e1nimo de lucro, marketing sanitario, eventos inmobiliarios y mostradores minoristas. Tambi\u00e9n son una opci\u00f3n inteligente para las empresas que buscan regalos personalizados baratos con valor pr\u00e1ctico a largo plazo.<\/p>\n<p data-start=\"3946\" data-end=\"4321\">Disponibles en una variedad de colores brillantes, estos bol\u00edgrafos retr\u00e1ctiles aportan energ\u00eda y personalidad a su campa\u00f1a promocional al tiempo que mantienen un aspecto profesional. Si busca un obsequio de marca cl\u00e1sico que combine utilidad, asequibilidad y visibilidad diaria, estos bol\u00edgrafos con logotipo personalizado son una excelente incorporaci\u00f3n a su l\u00ednea de productos promocionales.<\/p>\n<p data-start=\"4323\" data-end=\"4700\"><strong data-start=\"4323\" data-end=\"4339\">Caracter\u00edsticas principales<\/strong><br data-start=\"4339\" data-end=\"4342\" \/>Dise\u00f1o retr\u00e1ctil de acci\u00f3n r\u00e1pida<br data-start=\"4373\" data-end=\"4376\" \/>C\u00f3modo agarre acanalado para la escritura diaria<br data-start=\"4420\" data-end=\"4423\" \/>Barril blanco con colores vivos<br data-start=\"4461\" data-end=\"4464\" \/>\u00c1rea de impresi\u00f3n de logotipo personalizado en el barril<br data-start=\"4498\" data-end=\"4501\" \/>Ligero y f\u00e1cil de transportar<br data-start=\"4530\" data-end=\"4533\" \/>Ideal para oficinas, escuelas, eventos y ferias comerciales<br data-start=\"4584\" data-end=\"4587\" \/>Pr\u00e1ctico art\u00edculo promocional de gran atractivo<br data-start=\"4631\" data-end=\"4634\" \/>Adecuado para campa\u00f1as empresariales, educativas, sanitarias y comerciales<\/p>\n<p data-start=\"4702\" data-end=\"5115\"><strong data-start=\"4702\" data-end=\"4737\">Por qu\u00e9 elegir este bol\u00edgrafo promocional<\/strong><br data-start=\"4737\" data-end=\"4740\" \/>Este bol\u00edgrafo promocional personalizado ofrece el equilibrio perfecto entre coste, funcionalidad y valor de marca. Se trata de un producto sencillo y cotidiano que los clientes, empleados y asistentes a eventos conservar\u00e1n y utilizar\u00e1n con toda probabilidad. En comparaci\u00f3n con muchos art\u00edculos que se regalan una sola vez, los bol\u00edgrafos ofrecen una exposici\u00f3n diaria repetida, lo que los convierte en uno de los productos de marca m\u00e1s eficaces y fiables para el marketing a largo plazo.<\/p>\n<p data-start=\"5117\" data-end=\"5381\"><strong data-start=\"5117\" data-end=\"5130\">Ideal para<\/strong><br data-start=\"5130\" data-end=\"5133\" \/>Regalos para ferias<br data-start=\"5153\" data-end=\"5156\" \/>Promociones de oficina<br data-start=\"5173\" data-end=\"5176\" \/>Actos escolares<br data-start=\"5189\" data-end=\"5192\" \/>Campa\u00f1as de marketing corporativo<br data-start=\"5221\" data-end=\"5224\" \/>Mostradores de recepci\u00f3n<br data-start=\"5239\" data-end=\"5242\" \/>Promociones sanitarias<br data-start=\"5263\" data-end=\"5266\" \/>Promociones en banca y finanzas<br data-start=\"5296\" data-end=\"5299\" \/>Regalos inmobiliarios<br data-start=\"5320\" data-end=\"5323\" \/>Marca para hoteles y hosteler\u00eda<br data-start=\"5353\" data-end=\"5356\" \/>Actos de divulgaci\u00f3n comunitaria<\/p>\n<p data-start=\"5383\" data-end=\"5390\"><strong data-start=\"5383\" data-end=\"5390\">PREGUNTAS FRECUENTES<\/strong><\/p>\n<p data-start=\"5392\" data-end=\"5586\"><strong data-start=\"5392\" data-end=\"5443\">\u00bfQu\u00e9 hace de este bol\u00edgrafo un buen producto promocional?<\/strong><br data-start=\"5443\" data-end=\"5446\" \/>Este bol\u00edgrafo es \u00fatil, asequible y f\u00e1cil de distribuir. Como la gente usa bol\u00edgrafos todos los d\u00edas, da a su logotipo una visibilidad repetida a lo largo del tiempo.<\/p>\n<p data-start=\"5588\" data-end=\"5727\"><strong data-start=\"5588\" data-end=\"5631\">\u00bfSe puede personalizar este bol\u00edgrafo con un logotipo?<\/strong><br data-start=\"5631\" data-end=\"5634\" \/>S\u00ed, el barril puede personalizarse con el logotipo de su empresa, el nombre de su marca o un mensaje promocional.<\/p>\n<p data-start=\"5729\" data-end=\"5901\"><strong data-start=\"5729\" data-end=\"5774\">\u00bfD\u00f3nde se pueden utilizar estos bol\u00edgrafos promocionales?<\/strong><br data-start=\"5774\" data-end=\"5777\" \/>Son ideales para ferias comerciales, colegios, oficinas, centros sanitarios, hoteles, bancos, mostradores de tiendas y eventos comunitarios.<\/p>\n<p data-start=\"5903\" data-end=\"6110\"><strong data-start=\"5903\" data-end=\"5959\">\u00bfPor qu\u00e9 son tan populares los bol\u00edgrafos personalizados?<\/strong><br data-start=\"5959\" data-end=\"5962\" \/>Los bol\u00edgrafos personalizados son populares porque son pr\u00e1cticos, rentables, ligeros, f\u00e1ciles de entregar y adecuados para casi todos los sectores.<\/p>\n<p data-start=\"6112\" data-end=\"6294\"><strong data-start=\"6112\" data-end=\"6172\">\u00bfSon estos bol\u00edgrafos adecuados para grandes campa\u00f1as promocionales?<\/strong><br data-start=\"6172\" data-end=\"6175\" \/>S\u00ed, son una opci\u00f3n excelente para grandes eventos y regalos a granel porque son muy \u00fatiles y f\u00e1ciles de marcar.<\/p>","protected":false},"excerpt":{"rendered":"<p>Bol\u00edgrafos promocionales personalizados con dise\u00f1o retr\u00e1ctil, colorida empu\u00f1adura y logotipo impreso. Un obsequio pr\u00e1ctico y asequible para ferias comerciales, oficinas, escuelas, eventos y exposici\u00f3n diaria de la marca.<\/p>","protected":false},"featured_media":46877,"template":"","meta":{"_gspb_post_css":""},"product_brand":[],"product_cat":[31],"product_tag":[],"class_list":{"0":"post-46876","1":"product","2":"type-product","3":"status-publish","4":"has-post-thumbnail","6":"product_cat-office","8":"first","9":"instock","10":"shipping-taxable","11":"product-type-simple"},"_links":{"self":[{"href":"https:\/\/globalgiftsupplier.com\/es\/wp-json\/wp\/v2\/product\/46876","targetHints":{"allow":["GET"]}}],"collection":[{"href":"https:\/\/globalgiftsupplier.com\/es\/wp-json\/wp\/v2\/product"}],"about":[{"href":"https:\/\/globalgiftsupplier.com\/es\/wp-json\/wp\/v2\/types\/product"}],"wp:featuredmedia":[{"embeddable":true,"href":"https:\/\/globalgiftsupplier.com\/es\/wp-json\/wp\/v2\/media\/46877"}],"wp:attachment":[{"href":"https:\/\/globalgiftsupplier.com\/es\/wp-json\/wp\/v2\/media?parent=46876"}],"wp:term":[{"taxonomy":"product_brand","embeddable":true,"href":"https:\/\/globalgiftsupplier.com\/es\/wp-json\/wp\/v2\/product_brand?post=46876"},{"taxonomy":"product_cat","embeddable":true,"href":"https:\/\/globalgiftsupplier.com\/es\/wp-json\/wp\/v2\/product_cat?post=46876"},{"taxonomy":"product_tag","embeddable":true,"href":"https:\/\/globalgiftsupplier.com\/es\/wp-json\/wp\/v2\/product_tag?post=46876"}],"curies":[{"name":"wp","href":"https:\/\/api.w.org\/{rel}","templated":true}]}}