{"id":46858,"date":"2026-03-19T02:47:02","date_gmt":"2026-03-19T02:47:02","guid":{"rendered":"https:\/\/globalgiftsupplier.com\/?post_type=product&#038;p=46858"},"modified":"2026-03-19T02:47:03","modified_gmt":"2026-03-19T02:47:03","slug":"bluetooth-baseball-cap-with-headphones-mic-bluetooth-5-0-music-cap-custom-logo-available","status":"publish","type":"product","link":"https:\/\/globalgiftsupplier.com\/es\/product\/bluetooth-baseball-cap-with-headphones-mic-bluetooth-5-0-music-cap-custom-logo-available\/","title":{"rendered":"Gorra de b\u00e9isbol Bluetooth con auriculares y micr\u00f3fono (Bluetooth 5.0 Music Cap) - Logotipo personalizado disponible"},"content":{"rendered":"<p data-start=\"752\" data-end=\"1318\">Conexi\u00f3n Bluetooth 5.0 para un emparejamiento r\u00e1pido y un rendimiento inal\u00e1mbrico estable<br data-start=\"848\" data-end=\"851\" \/>- Los auriculares integrados ofrecen sonido est\u00e9reo para m\u00fasica, podcasts y llamadas<br data-start=\"924\" data-end=\"927\" \/>- Micr\u00f3fono integrado para llamadas manos libres en cualquier lugar<br data-start=\"986\" data-end=\"989\" \/>- Alcance inal\u00e1mbrico de hasta 10 m en espacios abiertos<br data-start=\"1038\" data-end=\"1041\" \/>- Gorra de b\u00e9isbol cl\u00e1sica de 6 paneles con \u201cleng\u00fceta de pato\u201d para llevar a diario<br data-start=\"1109\" data-end=\"1112\" \/>- C\u00f3modo tejido de algod\u00f3n para un uso transpirable durante todo el d\u00eda<br data-start=\"1167\" data-end=\"1170\" \/>- Bordado de logotipos personalizados para campa\u00f1as promocionales y de marca<br data-start=\"1243\" data-end=\"1246\" \/>- M\u00faltiples opciones de color disponibles para diferentes estilos de marca y eventos<\/p>\n<p data-start=\"1320\" data-end=\"1797\">Por qu\u00e9 esta gorra musical Bluetooth es ideal para promociones<br data-start=\"1369\" data-end=\"1372\" \/>La mayor\u00eda de los art\u00edculos promocionales se usan una vez y se olvidan. Una gorra de b\u00e9isbol Bluetooth es diferente: se convierte en parte de la rutina diaria de alguien. La gente lleva la gorra cuando camina, se desplaza, viaja, hace ejercicio, trabaja al aire libre o asiste a eventos. Si se le a\u00f1ade audio Bluetooth, resulta a\u00fan m\u00e1s \u00fatil, por lo que la gorra se conserva m\u00e1s tiempo y se lleva m\u00e1s a menudo. Por eso este producto es ideal como regalo de empresa, complemento para tiendas o art\u00edculo para eventos de temporada.<\/p>\n<p data-start=\"1799\" data-end=\"2203\">Escenarios de uso (ideal para usuarios finales)<br data-start=\"1834\" data-end=\"1837\" \/>Esta gorra inal\u00e1mbrica Bluetooth se adapta a una amplia gama de escenarios del mundo real:<br data-start=\"1907\" data-end=\"1910\" \/>- Eventos al aire libre y activaciones de marca<br data-start=\"1948\" data-end=\"1951\" \/>- Regalos para ferias y conferencias<br data-start=\"1989\" data-end=\"1992\" \/>- Regalos de empresa para equipos de campo y trabajadores al aire libre<br data-start=\"2044\" data-end=\"2047\" \/>- Promociones de viajes y campa\u00f1as de vacaciones<br data-start=\"2088\" data-end=\"2091\" \/>- Caminar, hacer footing, entrenamientos ligeros y ocio al aire libre<br data-start=\"2146\" data-end=\"2149\" \/>- Desplazamientos diarios, vida en el campus y actividades de fin de semana<\/p>\n<p data-start=\"2205\" data-end=\"2636\">Opciones de marca personalizadas<br data-start=\"2228\" data-end=\"2231\" \/>Disponemos de logotipos personalizados para ayudarle a crear una gorra de marca que tenga un aspecto premium y profesional. Se recomienda el bordado para un acabado limpio y duradero que combine con el estilo de las gorras de b\u00e9isbol.<br data-start=\"2428\" data-end=\"2431\" \/>Colocaci\u00f3n sugerida del logotipo: panel frontal (mejor visibilidad en fotos y uso diario).<br data-start=\"2512\" data-end=\"2515\" \/>Si est\u00e1 creando un conjunto promocional completo, esta gorra tambi\u00e9n combina bien con bater\u00edas port\u00e1tiles, bebidas y accesorios de viaje.<\/p>\n<p data-start=\"2638\" data-end=\"2976\">Especificaciones<br data-start=\"2652\" data-end=\"2655\" \/>- Material: Algod\u00f3n<br data-start=\"2673\" data-end=\"2676\" \/>- Construcci\u00f3n de la gorra: Gorra de b\u00e9isbol de 6 paneles<br data-start=\"2716\" data-end=\"2719\" \/>- Tama\u00f1o del producto: 5,91\u2033 \u00d7 2,17\u2033 \u00d7 7,87\u2033.<br data-start=\"2756\" data-end=\"2759\" \/>- Colores disponibles: Negro, Blanco, Azul, Gris, Marr\u00f3n, Rojo, Rosa, Caqui<br data-start=\"2828\" data-end=\"2831\" \/>- Alcance inal\u00e1mbrico: hasta 10 m en espacios abiertos<br data-start=\"2881\" data-end=\"2884\" \/>- Compatibilidad: funciona con la mayor\u00eda de tel\u00e9fonos inteligentes y tabletas con Bluetooth.<br data-start=\"2958\" data-end=\"2961\" \/>- Origen: China<\/p>\n<p data-start=\"2978\" data-end=\"3219\">Cuidados y notas<br data-start=\"2990\" data-end=\"2993\" \/>- Este es un producto electr\u00f3nico con componentes de audio incorporados. Por favor, evite empaparlo.<br data-start=\"3078\" data-end=\"3081\" \/>- Para un mejor rendimiento, mantenga la zona de control limpia y seca.<br data-start=\"3141\" data-end=\"3144\" \/>- El rendimiento inal\u00e1mbrico real puede variar seg\u00fan el entorno y el dispositivo.<\/p>\n<p data-start=\"3221\" data-end=\"3413\">Producci\u00f3n y envasado<br data-start=\"3243\" data-end=\"3246\" \/>- Tiempo de producci\u00f3n est\u00e1ndar: 20 d\u00edas laborables<br data-start=\"3289\" data-end=\"3292\" \/>- Servicio urgente: 15 d\u00edas laborables<br data-start=\"3323\" data-end=\"3326\" \/>- Embalaje de cart\u00f3n: 100 unidades\/ctn<br data-start=\"3352\" data-end=\"3355\" \/>- Peso de la caja: 24.3 lbs<br data-start=\"3380\" data-end=\"3383\" \/>- Tama\u00f1o de la caja: 53 \u00d7 53 \u00d7 46 cm<\/p>","protected":false},"excerpt":{"rendered":"<p>La gorra de b\u00e9isbol Bluetooth es un regalo promocional tecnol\u00f3gico que combina la cl\u00e1sica gorra de algod\u00f3n con m\u00fasica inal\u00e1mbrica y llamadas manos libres. Con auriculares y micr\u00f3fono integrados, esta gorra musical Bluetooth 5.0 permite a los usuarios escuchar audio, responder llamadas y mantenerse activos sin tener que sujetar el tel\u00e9fono, lo que resulta perfecto para desplazamientos, eventos al aire libre, viajes y el trabajo diario. Es un pr\u00e1ctico obsequio que la gente lleva puesto, lo que significa que su logotipo se expone repetidamente en situaciones de la vida real.<\/p>","protected":false},"featured_media":46859,"template":"","meta":{"_gspb_post_css":""},"product_brand":[],"product_cat":[29,27],"product_tag":[],"class_list":{"0":"post-46858","1":"product","2":"type-product","3":"status-publish","4":"has-post-thumbnail","6":"product_cat-apparel","7":"product_cat-technology","9":"first","10":"instock","11":"shipping-taxable","12":"product-type-simple"},"_links":{"self":[{"href":"https:\/\/globalgiftsupplier.com\/es\/wp-json\/wp\/v2\/product\/46858","targetHints":{"allow":["GET"]}}],"collection":[{"href":"https:\/\/globalgiftsupplier.com\/es\/wp-json\/wp\/v2\/product"}],"about":[{"href":"https:\/\/globalgiftsupplier.com\/es\/wp-json\/wp\/v2\/types\/product"}],"wp:featuredmedia":[{"embeddable":true,"href":"https:\/\/globalgiftsupplier.com\/es\/wp-json\/wp\/v2\/media\/46859"}],"wp:attachment":[{"href":"https:\/\/globalgiftsupplier.com\/es\/wp-json\/wp\/v2\/media?parent=46858"}],"wp:term":[{"taxonomy":"product_brand","embeddable":true,"href":"https:\/\/globalgiftsupplier.com\/es\/wp-json\/wp\/v2\/product_brand?post=46858"},{"taxonomy":"product_cat","embeddable":true,"href":"https:\/\/globalgiftsupplier.com\/es\/wp-json\/wp\/v2\/product_cat?post=46858"},{"taxonomy":"product_tag","embeddable":true,"href":"https:\/\/globalgiftsupplier.com\/es\/wp-json\/wp\/v2\/product_tag?post=46858"}],"curies":[{"name":"wp","href":"https:\/\/api.w.org\/{rel}","templated":true}]}}