{"id":46821,"date":"2026-02-27T03:47:47","date_gmt":"2026-02-27T03:47:47","guid":{"rendered":"https:\/\/globalgiftsupplier.com\/?post_type=product&#038;p=46821"},"modified":"2026-02-27T03:47:47","modified_gmt":"2026-02-27T03:47:47","slug":"handsfree-bluetooth-knitted-pom-hat-for-smartphone","status":"publish","type":"product","link":"https:\/\/globalgiftsupplier.com\/es\/product\/handsfree-bluetooth-knitted-pom-hat-for-smartphone\/","title":{"rendered":"manos libres Bluetooth gorro de punto pom para smartphone"},"content":{"rendered":"<p data-start=\"788\" data-end=\"1369\">Este gorro Bluetooth pom est\u00e1 hecho de <strong data-start=\"827\" data-end=\"843\">acr\u00edlico blando<\/strong>, con botones de control ABS duraderos y una bater\u00eda recargable. Incluye un <strong data-start=\"920\" data-end=\"955\">Cable de carga de USB a Micro-USB<\/strong>, y una interfaz f\u00e1cil de usar con <strong data-start=\"992\" data-end=\"1016\">Indicadores luminosos LED<\/strong>. Los usuarios obtienen aproximadamente <strong data-start=\"1042\" data-end=\"1067\">6-8 horas de reproducci\u00f3n<\/strong> (a un volumen de 70% o inferior). Lo mejor de todo es que el <strong data-start=\"1111\" data-end=\"1144\">el m\u00f3dulo de auriculares es extra\u00edble<\/strong>, para que el sombrero pueda lavarse, una caracter\u00edstica importante que aumenta la vida \u00fatil del producto y la satisfacci\u00f3n del cliente. A\u00f1ada su <strong data-start=\"1256\" data-end=\"1271\">logotipo personalizado<\/strong> y convertirlo en un <strong data-start=\"1306\" data-end=\"1337\">regalo promocional de invierno<\/strong> o un art\u00edculo de marca listo para la venta.<\/p>\n<hr data-start=\"1371\" data-end=\"1374\" \/>\n<h3 data-start=\"1376\" data-end=\"1405\">Principales caracter\u00edsticas y ventajas<\/h3>\n<p data-start=\"1406\" data-end=\"1568\">\u2705 <strong data-start=\"1408\" data-end=\"1459\">Bluetooth 5.0 + micr\u00f3fono incorporado (llamadas manos libres)<\/strong><br data-start=\"1459\" data-end=\"1462\" \/>Se conecta f\u00e1cilmente a tel\u00e9fonos inteligentes y tabletas para escuchar m\u00fasica y realizar llamadas; ideal para desplazamientos y actividades al aire libre.<\/p>\n<p data-start=\"1570\" data-end=\"1696\">\u2705 <strong data-start=\"1572\" data-end=\"1599\">6-8 horas de reproducci\u00f3n<\/strong><br data-start=\"1599\" data-end=\"1602\" \/>Aprox. 6-8 horas de reproducci\u00f3n a un volumen de ~70% (el tiempo de carga var\u00eda seg\u00fan el dispositivo y el entorno).<\/p>\n<p data-start=\"1698\" data-end=\"1836\">\u2705 <strong data-start=\"1700\" data-end=\"1745\">Bater\u00eda recargable + carga Micro-USB<\/strong><br data-start=\"1745\" data-end=\"1748\" \/>Incluye <strong data-start=\"1757\" data-end=\"1783\">Cable USB a Micro-USB<\/strong> y luces indicadoras LED para facilitar la carga.<\/p>\n<p data-start=\"1838\" data-end=\"1994\">\u2705 <strong data-start=\"1840\" data-end=\"1881\">Auriculares extra\u00edbles para lavarlos f\u00e1cilmente<\/strong><br data-start=\"1881\" data-end=\"1884\" \/>El componente integrado de los auriculares puede extraerse, por lo que el gorro es lavable y reutilizable, ideal para el uso diario.<\/p>\n<p data-start=\"1996\" data-end=\"2127\">\u2705 <strong data-start=\"1998\" data-end=\"2032\">C\u00e1lido punto acr\u00edlico + dise\u00f1o Pom<\/strong><br data-start=\"2032\" data-end=\"2035\" \/>Suave, c\u00f3modo y elegante para el invierno. Un regalo pr\u00e1ctico que los clientes realmente guardan y usan.<\/p>\n<p data-start=\"2129\" data-end=\"2298\">\u2705 <strong data-start=\"2131\" data-end=\"2168\">Perfecto para marcas y promociones<\/strong><br data-start=\"2168\" data-end=\"2171\" \/>Logotipo personalizado: ideal para campa\u00f1as de invierno, regalos para empleados y obsequios promocionales que crean una exposici\u00f3n repetida de la marca.<\/p>\n<hr data-start=\"2300\" data-end=\"2303\" \/>\n<h3 data-start=\"2305\" data-end=\"2335\">Lo mejor para (escenarios de uso)<\/h3>\n<p data-start=\"2336\" data-end=\"2385\">Este <strong data-start=\"2341\" data-end=\"2369\">Gorro Bluetooth pom<\/strong> es genial para:<\/p>\n<ul data-start=\"2386\" data-end=\"2638\">\n<li data-start=\"2386\" data-end=\"2431\">\n<p data-start=\"2388\" data-end=\"2431\">Esqu\u00ed, senderismo, carrera, footing, senderismo<\/p>\n<\/li>\n<li data-start=\"2432\" data-end=\"2475\">\n<p data-start=\"2434\" data-end=\"2475\">Viajes de vacaciones, desplazamientos, trabajo al aire libre<\/p>\n<\/li>\n<li data-start=\"2476\" data-end=\"2531\">\n<p data-start=\"2478\" data-end=\"2531\">Regalos de empresa, promociones de invierno, regalos para eventos<\/p>\n<\/li>\n<li data-start=\"2532\" data-end=\"2584\">\n<p data-start=\"2534\" data-end=\"2584\">Paquetes para minoristas (accesorios de invierno + regalos tecnol\u00f3gicos)<\/p>\n<\/li>\n<li data-start=\"2585\" data-end=\"2638\">\n<p data-start=\"2587\" data-end=\"2638\">Agradecimiento a los empleados y uniformes del equipo (temporada de fr\u00edo)<\/p>\n<\/li>\n<\/ul>\n<hr data-start=\"2640\" data-end=\"2643\" \/>\n<h3 data-start=\"2645\" data-end=\"2665\">Especificaciones<\/h3>\n<ul data-start=\"2666\" data-end=\"2899\">\n<li data-start=\"2666\" data-end=\"2691\">\n<p data-start=\"2668\" data-end=\"2691\"><strong data-start=\"2668\" data-end=\"2681\">Material:<\/strong> Acr\u00edlico<\/p>\n<\/li>\n<li data-start=\"2692\" data-end=\"2739\">\n<p data-start=\"2694\" data-end=\"2739\"><strong data-start=\"2694\" data-end=\"2711\">Tama\u00f1o del producto:<\/strong> <strong data-start=\"2712\" data-end=\"2737\">9.06\u2033 \u00d7 8.27\u2033 \u00d7 0.79\u2033<\/strong><\/p>\n<\/li>\n<li data-start=\"2740\" data-end=\"2788\">\n<p data-start=\"2742\" data-end=\"2788\"><strong data-start=\"2742\" data-end=\"2763\">Colores disponibles:<\/strong> <strong data-start=\"2764\" data-end=\"2786\">Negro, Azul, Marr\u00f3n<\/strong><\/p>\n<\/li>\n<li data-start=\"2789\" data-end=\"2810\">\n<p data-start=\"2791\" data-end=\"2810\"><strong data-start=\"2791\" data-end=\"2802\">Origen:<\/strong> China<\/p>\n<\/li>\n<li data-start=\"2833\" data-end=\"2860\">\n<p data-start=\"2835\" data-end=\"2860\"><strong data-start=\"2835\" data-end=\"2854\">Se venden en blanco:<\/strong> S\u00ed<\/p>\n<\/li>\n<li data-start=\"2861\" data-end=\"2899\">\n<p data-start=\"2863\" data-end=\"2899\"><strong data-start=\"2863\" data-end=\"2893\">Personalizaci\u00f3n disponible:<\/strong> S\u00ed<\/p>\n<\/li>\n<\/ul>\n<hr data-start=\"2901\" data-end=\"2904\" \/>\n<h3 data-start=\"2906\" data-end=\"2943\">Personalizaci\u00f3n (logotipo y marca)<\/h3>\n<ul data-start=\"2944\" data-end=\"3103\">\n<li data-start=\"2944\" data-end=\"3017\">\n<p data-start=\"2946\" data-end=\"3017\"><strong data-start=\"2946\" data-end=\"2963\">Opciones de logotipo:<\/strong> Admite logotipo personalizado (la colocaci\u00f3n depende del dise\u00f1o)<\/p>\n<\/li>\n<li data-start=\"3018\" data-end=\"3103\">\n<p data-start=\"3020\" data-end=\"3103\"><strong data-start=\"3020\" data-end=\"3045\">Grandes \u00e1reas de marca:<\/strong> Panel frontal \/ zona de los pu\u00f1os (mejor visibilidad para regalos)<\/p>\n<\/li>\n<\/ul>\n<hr data-start=\"3184\" data-end=\"3187\" \/>\n<h3 data-start=\"3189\" data-end=\"3210\">Tiempo de producci\u00f3n<\/h3>\n<ul data-start=\"3211\" data-end=\"3299\">\n<li data-start=\"3211\" data-end=\"3259\">\n<p data-start=\"3213\" data-end=\"3259\"><strong data-start=\"3213\" data-end=\"3237\">Producci\u00f3n est\u00e1ndar:<\/strong> <strong data-start=\"3238\" data-end=\"3257\">20 d\u00edas laborables<\/strong><\/p>\n<\/li>\n<li data-start=\"3260\" data-end=\"3299\">\n<p data-start=\"3262\" data-end=\"3299\"><strong data-start=\"3262\" data-end=\"3279\">Servicio urgente:<\/strong> <strong data-start=\"3280\" data-end=\"3299\">15 d\u00edas laborables<\/strong><\/p>\n<\/li>\n<\/ul>\n<hr data-start=\"3301\" data-end=\"3304\" \/>\n<h3 data-start=\"3306\" data-end=\"3332\">Embalaje y env\u00edo<\/h3>\n<ul data-start=\"3333\" data-end=\"3442\">\n<li data-start=\"3333\" data-end=\"3369\">\n<p data-start=\"3335\" data-end=\"3369\"><strong data-start=\"3335\" data-end=\"3351\">Paquete de cart\u00f3n:<\/strong> <strong data-start=\"3352\" data-end=\"3367\">120 unidades\/ctn<\/strong><\/p>\n<\/li>\n<li data-start=\"3370\" data-end=\"3403\">\n<p data-start=\"3372\" data-end=\"3403\"><strong data-start=\"3372\" data-end=\"3390\">Peso de la caja:<\/strong> <strong data-start=\"3391\" data-end=\"3401\">33 libras<\/strong><\/p>\n<\/li>\n<li data-start=\"3404\" data-end=\"3442\">\n<p data-start=\"3406\" data-end=\"3442\"><strong data-start=\"3406\" data-end=\"3422\">Tama\u00f1o de la caja:<\/strong> <strong data-start=\"3423\" data-end=\"3442\">53 \u00d7 53 \u00d7 46 cm<\/strong><\/p>\n<\/li>\n<\/ul>","protected":false},"excerpt":{"rendered":"<p>Haga que las promociones de invierno sean m\u00e1s memorables con este <strong data-start=\"426\" data-end=\"465\">manos libres Bluetooth gorro de punto con pom<\/strong>-un gorro c\u00e1lido y elegante con <strong data-start=\"499\" data-end=\"543\">Auriculares est\u00e9reo inal\u00e1mbricos Bluetooth 5.0<\/strong> y un <strong data-start=\"550\" data-end=\"573\">micr\u00f3fono integrado<\/strong> para llamadas con manos libres. Est\u00e1 dise\u00f1ado para personas que desean mantenerse calientes mientras escuchan m\u00fasica, atienden llamadas o se desplazan en climas fr\u00edos: perfecto para trabajadores al aire libre, viajeros, corredores, esquiadores y para el uso diario.<\/p>","protected":false},"featured_media":46822,"template":"","meta":{"_gspb_post_css":""},"product_brand":[],"product_cat":[27,29],"product_tag":[],"class_list":{"0":"post-46821","1":"product","2":"type-product","3":"status-publish","4":"has-post-thumbnail","6":"product_cat-technology","7":"product_cat-apparel","9":"first","10":"instock","11":"shipping-taxable","12":"product-type-simple"},"_links":{"self":[{"href":"https:\/\/globalgiftsupplier.com\/es\/wp-json\/wp\/v2\/product\/46821","targetHints":{"allow":["GET"]}}],"collection":[{"href":"https:\/\/globalgiftsupplier.com\/es\/wp-json\/wp\/v2\/product"}],"about":[{"href":"https:\/\/globalgiftsupplier.com\/es\/wp-json\/wp\/v2\/types\/product"}],"wp:featuredmedia":[{"embeddable":true,"href":"https:\/\/globalgiftsupplier.com\/es\/wp-json\/wp\/v2\/media\/46822"}],"wp:attachment":[{"href":"https:\/\/globalgiftsupplier.com\/es\/wp-json\/wp\/v2\/media?parent=46821"}],"wp:term":[{"taxonomy":"product_brand","embeddable":true,"href":"https:\/\/globalgiftsupplier.com\/es\/wp-json\/wp\/v2\/product_brand?post=46821"},{"taxonomy":"product_cat","embeddable":true,"href":"https:\/\/globalgiftsupplier.com\/es\/wp-json\/wp\/v2\/product_cat?post=46821"},{"taxonomy":"product_tag","embeddable":true,"href":"https:\/\/globalgiftsupplier.com\/es\/wp-json\/wp\/v2\/product_tag?post=46821"}],"curies":[{"name":"wp","href":"https:\/\/api.w.org\/{rel}","templated":true}]}}