{"id":46813,"date":"2026-02-27T03:33:33","date_gmt":"2026-02-27T03:33:33","guid":{"rendered":"https:\/\/globalgiftsupplier.com\/?post_type=product&#038;p=46813"},"modified":"2026-02-27T03:33:33","modified_gmt":"2026-02-27T03:33:33","slug":"wireless-bluetooth-5-0-knit-beanie-hat-warm-hat-custom-logo-winter-beanie-with-built-in-stereo-speakers","status":"publish","type":"product","link":"https:\/\/globalgiftsupplier.com\/es\/product\/wireless-bluetooth-5-0-knit-beanie-hat-warm-hat-custom-logo-winter-beanie-with-built-in-stereo-speakers\/","title":{"rendered":"Wireless Bluetooth 5.0 Knit Beanie Hat Warm Hat - Custom Logo Winter Beanie with Built-in Stereo Speakers"},"content":{"rendered":"<p data-start=\"669\" data-end=\"1086\">Dise\u00f1ado para mayor comodidad, el gorro incluye un <strong data-start=\"717\" data-end=\"748\">Bater\u00eda recargable de iones de litio<\/strong> y <strong data-start=\"753\" data-end=\"796\">Carga USB\/Micro USB (cable incluido)<\/strong>. En <strong data-start=\"802\" data-end=\"840\">m\u00f3dulo auricular\/altavoz extra\u00edble<\/strong> puede extraerse cuando llega el momento de lavar el sombrero, un detalle importante que encanta a los clientes. A\u00f1ada su <strong data-start=\"935\" data-end=\"962\">logotipo bordado personalizado<\/strong> para convertir este pr\u00e1ctico art\u00edculo de invierno en <strong data-start=\"1013\" data-end=\"1037\">sorteo promocional<\/strong>, regalo para empleados o producto de marca listo para la venta al por menor.<\/p>\n<hr data-start=\"1088\" data-end=\"1091\" \/>\n<h3 data-start=\"1093\" data-end=\"1122\">Principales caracter\u00edsticas y ventajas<\/h3>\n<p data-start=\"1123\" data-end=\"1252\">\u2705 <strong data-start=\"1125\" data-end=\"1162\">Conexi\u00f3n inal\u00e1mbrica Bluetooth 5.0<\/strong><br data-start=\"1162\" data-end=\"1165\" \/>Emparejamiento estable con smartphones, tabletas y mucho m\u00e1s: ideal para llamadas y m\u00fasica en invierno.<\/p>\n<p data-start=\"1254\" data-end=\"1408\">\u2705 <strong data-start=\"1256\" data-end=\"1297\">Altavoces est\u00e9reo integrados (manos libres)<\/strong><br data-start=\"1297\" data-end=\"1300\" \/>Disfrute de un sonido n\u00edtido mientras esqu\u00eda, camina, hace footing, trabaja al aire libre o viaja, sin necesidad de sujetar el tel\u00e9fono.<\/p>\n<p data-start=\"1410\" data-end=\"1561\">\u2705 <strong data-start=\"1412\" data-end=\"1464\">Bater\u00eda recargable de iones de litio + carga por micro USB<\/strong><br data-start=\"1464\" data-end=\"1467\" \/>Carga mediante USB\/Micro USB (cable de carga incluido). Un accesorio tecnol\u00f3gico fiable para el d\u00eda a d\u00eda en invierno.<\/p>\n<p data-start=\"1563\" data-end=\"1724\">\u2705 <strong data-start=\"1565\" data-end=\"1606\">Auriculares extra\u00edbles para lavarlos f\u00e1cilmente<\/strong><br data-start=\"1606\" data-end=\"1609\" \/>El m\u00f3dulo del altavoz puede extraerse para lavar el gorro, lo que contribuye a mejorar la vida \u00fatil del producto y la satisfacci\u00f3n del cliente.<\/p>\n<p data-start=\"1726\" data-end=\"1847\">\u2705 <strong data-start=\"1728\" data-end=\"1768\">C\u00e1lido punto acr\u00edlico para mayor comodidad en invierno<\/strong><br data-start=\"1768\" data-end=\"1771\" \/>Su tejido de punto suave y acogedor mantiene a los usuarios calientes sin dejar de tener un aspecto elegante para el uso diario.<\/p>\n<p data-start=\"1849\" data-end=\"2010\">\u2705 <strong data-start=\"1851\" data-end=\"1889\">Marca de alto valor para promociones<\/strong><br data-start=\"1889\" data-end=\"1892\" \/>Logotipo personalizado bienvenido-este es un producto promocional \u201cguardado y usado\u201d que proporciona una exposici\u00f3n repetida de la marca en temporadas fr\u00edas.<\/p>\n<hr data-start=\"2012\" data-end=\"2015\" \/>\n<h3 data-start=\"2017\" data-end=\"2048\">Ideal para (escenarios de uso)<\/h3>\n<p data-start=\"2049\" data-end=\"2104\">Este <strong data-start=\"2054\" data-end=\"2078\">Gorro Bluetooth<\/strong> es una buena opci\u00f3n para:<\/p>\n<ul data-start=\"2105\" data-end=\"2347\">\n<li data-start=\"2105\" data-end=\"2147\">\n<p data-start=\"2107\" data-end=\"2147\">Promociones de invierno y campa\u00f1as de temporada<\/p>\n<\/li>\n<li data-start=\"2148\" data-end=\"2191\">\n<p data-start=\"2150\" data-end=\"2191\">Regalos de empresa y agradecimiento a los empleados<\/p>\n<\/li>\n<li data-start=\"2192\" data-end=\"2238\">\n<p data-start=\"2194\" data-end=\"2238\">Eventos al aire libre, clubes deportivos, viajes de esqu\u00ed<\/p>\n<\/li>\n<li data-start=\"2239\" data-end=\"2296\">\n<p data-start=\"2241\" data-end=\"2296\">Trabajadores de la construcci\u00f3n, equipos de reparto, personas que se desplazan diariamente al trabajo<\/p>\n<\/li>\n<li data-start=\"2297\" data-end=\"2347\">\n<p data-start=\"2299\" data-end=\"2347\">Paquetes para minoristas (accesorios de invierno \/ regalos tecnol\u00f3gicos)<\/p>\n<\/li>\n<\/ul>\n<hr data-start=\"2349\" data-end=\"2352\" \/>\n<h3 data-start=\"2354\" data-end=\"2374\">Especificaciones<\/h3>\n<ul data-start=\"2375\" data-end=\"2589\">\n<li data-start=\"2375\" data-end=\"2400\">\n<p data-start=\"2377\" data-end=\"2400\"><strong data-start=\"2377\" data-end=\"2390\">Material:<\/strong> Acr\u00edlico<\/p>\n<\/li>\n<li data-start=\"2401\" data-end=\"2448\">\n<p data-start=\"2403\" data-end=\"2448\"><strong data-start=\"2403\" data-end=\"2420\">Tama\u00f1o del producto:<\/strong> <strong data-start=\"2421\" data-end=\"2446\">8.66\u2033 \u00d7 8.46\u2033 \u00d7 1.18\u2033<\/strong><\/p>\n<\/li>\n<li data-start=\"2449\" data-end=\"2495\">\n<p data-start=\"2451\" data-end=\"2495\"><strong data-start=\"2451\" data-end=\"2472\">Colores disponibles:<\/strong> <strong data-start=\"2473\" data-end=\"2493\">Negro, gris oscuro<\/strong><\/p>\n<\/li>\n<li data-start=\"2496\" data-end=\"2545\">\n<p data-start=\"2498\" data-end=\"2545\"><strong data-start=\"2498\" data-end=\"2515\">Color personalizado:<\/strong> Disponible, <strong data-start=\"2527\" data-end=\"2543\">MOQ 1000 piezas<\/strong><\/p>\n<\/li>\n<li data-start=\"2546\" data-end=\"2567\">\n<p data-start=\"2548\" data-end=\"2567\"><strong data-start=\"2548\" data-end=\"2559\">Origen:<\/strong> China<\/p>\n<\/li>\n<\/ul>\n<hr data-start=\"2591\" data-end=\"2594\" \/>\n<h3 data-start=\"2596\" data-end=\"2633\">Personalizaci\u00f3n (logotipo y marca)<\/h3>\n<ul data-start=\"2634\" data-end=\"2879\">\n<li data-start=\"2634\" data-end=\"2711\">\n<p data-start=\"2636\" data-end=\"2711\"><strong data-start=\"2636\" data-end=\"2655\">M\u00e9todo de impresi\u00f3n:<\/strong> <strong data-start=\"2656\" data-end=\"2670\">Bordado<\/strong> (aspecto premium, ideal para gorros de punto)<\/p>\n<\/li>\n<li data-start=\"2712\" data-end=\"2742\">\n<p data-start=\"2714\" data-end=\"2742\"><strong data-start=\"2714\" data-end=\"2733\">Colores de impresi\u00f3n:<\/strong> A medida<\/p>\n<\/li>\n<li data-start=\"2743\" data-end=\"2775\">\n<p data-start=\"2745\" data-end=\"2775\"><strong data-start=\"2745\" data-end=\"2762\">Tama\u00f1o de impresi\u00f3n:<\/strong> Personalizado<\/p>\n<\/li>\n<li data-start=\"2821\" data-end=\"2879\">\n<p data-start=\"2823\" data-end=\"2879\"><strong data-start=\"2823\" data-end=\"2842\">El precio incluye:<\/strong> <strong data-start=\"2843\" data-end=\"2877\">1 color, 1 ubicaci\u00f3n bordado<\/strong><\/p>\n<\/li>\n<\/ul>\n<blockquote data-start=\"2881\" data-end=\"2994\">\n<p data-start=\"2883\" data-end=\"2994\">Los logotipos bordados tienen un aspecto de alta calidad y duran m\u00e1s, por lo que son perfectos para regalos de empresa y gorros promocionales de invierno.<\/p>\n<\/blockquote>\n<hr data-start=\"2996\" data-end=\"2999\" \/>\n<h3 data-start=\"3001\" data-end=\"3022\">Tiempo de producci\u00f3n<\/h3>\n<ul data-start=\"3023\" data-end=\"3111\">\n<li data-start=\"3023\" data-end=\"3071\">\n<p data-start=\"3025\" data-end=\"3071\"><strong data-start=\"3025\" data-end=\"3049\">Producci\u00f3n est\u00e1ndar:<\/strong> <strong data-start=\"3050\" data-end=\"3069\">30 d\u00edas laborables<\/strong><\/p>\n<\/li>\n<li data-start=\"3072\" data-end=\"3111\">\n<p data-start=\"3074\" data-end=\"3111\"><strong data-start=\"3074\" data-end=\"3091\">Servicio urgente:<\/strong> <strong data-start=\"3092\" data-end=\"3111\">25 d\u00edas laborables<\/strong><\/p>\n<\/li>\n<\/ul>\n<hr data-start=\"3113\" data-end=\"3116\" \/>\n<h3 data-start=\"3118\" data-end=\"3144\">Embalaje y env\u00edo<\/h3>\n<ul data-start=\"3145\" data-end=\"3390\">\n<li data-start=\"3145\" data-end=\"3211\">\n<p data-start=\"3147\" data-end=\"3211\"><strong data-start=\"3147\" data-end=\"3172\">Embalaje individual:<\/strong> Bolsa OPP <strong data-start=\"3181\" data-end=\"3199\">21 \u00d7 22 \u00d7 3 cm<\/strong>, <strong data-start=\"3201\" data-end=\"3209\">104g<\/strong><\/p>\n<\/li>\n<li data-start=\"3212\" data-end=\"3248\">\n<p data-start=\"3214\" data-end=\"3248\"><strong data-start=\"3214\" data-end=\"3230\">Paquete de cart\u00f3n:<\/strong> <strong data-start=\"3231\" data-end=\"3246\">150 unidades\/ctn<\/strong><\/p>\n<\/li>\n<li data-start=\"3249\" data-end=\"3293\">\n<p data-start=\"3251\" data-end=\"3293\"><strong data-start=\"3251\" data-end=\"3267\">Tama\u00f1o de la caja:<\/strong> <strong data-start=\"3268\" data-end=\"3291\">52,5 \u00d7 51,5 \u00d7 44 cm<\/strong><\/p>\n<\/li>\n<li data-start=\"3294\" data-end=\"3326\">\n<p data-start=\"3296\" data-end=\"3326\"><strong data-start=\"3296\" data-end=\"3314\">Peso de la caja:<\/strong> <strong data-start=\"3315\" data-end=\"3324\">17 kg<\/strong><\/p>\n<\/li>\n<\/ul>","protected":false},"excerpt":{"rendered":"<p>Mantente abrigado y conectado cuando hace fr\u00edo con este <strong data-start=\"408\" data-end=\"450\">Gorro de punto Bluetooth 5.0 inal\u00e1mbrico<\/strong>. Hecho de <strong data-start=\"462\" data-end=\"486\">acr\u00edlico de alta calidad<\/strong>, Este c\u00e1lido gorro se caracteriza por <strong data-start=\"514\" data-end=\"542\">altavoces est\u00e9reo integrados<\/strong> para que los usuarios puedan disfrutar de la m\u00fasica y atender llamadas telef\u00f3nicas con las manos libres, perfecto para los desplazamientos en invierno, las actividades al aire libre y el uso diario.<\/p>","protected":false},"featured_media":46814,"template":"","meta":{"_gspb_post_css":""},"product_brand":[],"product_cat":[29,27],"product_tag":[],"class_list":{"0":"post-46813","1":"product","2":"type-product","3":"status-publish","4":"has-post-thumbnail","6":"product_cat-apparel","7":"product_cat-technology","9":"first","10":"instock","11":"shipping-taxable","12":"product-type-simple"},"_links":{"self":[{"href":"https:\/\/globalgiftsupplier.com\/es\/wp-json\/wp\/v2\/product\/46813","targetHints":{"allow":["GET"]}}],"collection":[{"href":"https:\/\/globalgiftsupplier.com\/es\/wp-json\/wp\/v2\/product"}],"about":[{"href":"https:\/\/globalgiftsupplier.com\/es\/wp-json\/wp\/v2\/types\/product"}],"wp:featuredmedia":[{"embeddable":true,"href":"https:\/\/globalgiftsupplier.com\/es\/wp-json\/wp\/v2\/media\/46814"}],"wp:attachment":[{"href":"https:\/\/globalgiftsupplier.com\/es\/wp-json\/wp\/v2\/media?parent=46813"}],"wp:term":[{"taxonomy":"product_brand","embeddable":true,"href":"https:\/\/globalgiftsupplier.com\/es\/wp-json\/wp\/v2\/product_brand?post=46813"},{"taxonomy":"product_cat","embeddable":true,"href":"https:\/\/globalgiftsupplier.com\/es\/wp-json\/wp\/v2\/product_cat?post=46813"},{"taxonomy":"product_tag","embeddable":true,"href":"https:\/\/globalgiftsupplier.com\/es\/wp-json\/wp\/v2\/product_tag?post=46813"}],"curies":[{"name":"wp","href":"https:\/\/api.w.org\/{rel}","templated":true}]}}