{"id":46780,"date":"2026-02-25T09:42:15","date_gmt":"2026-02-25T09:42:15","guid":{"rendered":"https:\/\/globalgiftsupplier.com\/?post_type=product&#038;p=46780"},"modified":"2026-02-25T09:42:15","modified_gmt":"2026-02-25T09:42:15","slug":"5pcs-multi-color-latex-exercise-long-resistance-loop-bands","status":"publish","type":"product","link":"https:\/\/globalgiftsupplier.com\/es\/product\/5pcs-multi-color-latex-exercise-long-resistance-loop-bands\/","title":{"rendered":"5pcs L\u00e1tex Multicolor Ejercicio Resistencia Larga Lazo Bandas"},"content":{"rendered":"<p data-start=\"912\" data-end=\"1307\">Cada banda de este conjunto es <strong data-start=\"937\" data-end=\"973\">12 pulgadas de largo y 2 pulgadas de ancho<\/strong>, con niveles de resistencia que oscilan entre <strong data-start=\"1011\" data-end=\"1022\">5-40 libras<\/strong>. Tanto si busca tonificar las piernas, los gl\u00fateos o los brazos, este conjunto est\u00e1 dise\u00f1ado para alcanzar todos sus objetivos de fitness. Estas bandas de bucle de resistencia son port\u00e1tiles, ligeras y vienen con una bolsa de transporte para un f\u00e1cil almacenamiento y transporte, lo que las hace ideales tanto para entrenamientos en casa como para entrenamientos sobre la marcha.<\/p>\n<p data-start=\"1309\" data-end=\"1460\">A\u00f1ade tu <strong data-start=\"1318\" data-end=\"1334\">logotipo de la empresa<\/strong> a las bandas o a la bolsa de almacenamiento para un regalo promocional \u00fanico que ayudar\u00e1 a aumentar la visibilidad de la marca al tiempo que promueve el fitness.<\/p>\n<h4 data-start=\"1462\" data-end=\"1484\"><strong data-start=\"1467\" data-end=\"1484\">Caracter\u00edsticas principales:<\/strong><\/h4>\n<ul data-start=\"1485\" data-end=\"2269\">\n<li data-start=\"1485\" data-end=\"1725\">\n<p data-start=\"1487\" data-end=\"1567\"><strong data-start=\"1487\" data-end=\"1519\">Niveles de resistencia vers\u00e1tiles:<\/strong> Incluye cinco bandas con diferentes resistencias:<\/p>\n<ul data-start=\"1570\" data-end=\"1725\">\n<li data-start=\"1570\" data-end=\"1599\">\n<p data-start=\"1572\" data-end=\"1599\"><strong data-start=\"1572\" data-end=\"1582\">Verde:<\/strong> 0,35 mm (5-10 libras)<\/p>\n<\/li>\n<li data-start=\"1602\" data-end=\"1630\">\n<p data-start=\"1604\" data-end=\"1630\"><strong data-start=\"1604\" data-end=\"1613\">Azul:<\/strong> 0,5 mm (10-15 libras)<\/p>\n<\/li>\n<li data-start=\"1633\" data-end=\"1663\">\n<p data-start=\"1635\" data-end=\"1663\"><strong data-start=\"1635\" data-end=\"1646\">Amarillo:<\/strong> 0,7 mm (15-20 libras)<\/p>\n<\/li>\n<li data-start=\"1666\" data-end=\"1693\">\n<p data-start=\"1668\" data-end=\"1693\"><strong data-start=\"1668\" data-end=\"1676\">Rojo:<\/strong> 0,9 mm (20-30 libras)<\/p>\n<\/li>\n<li data-start=\"1696\" data-end=\"1725\">\n<p data-start=\"1698\" data-end=\"1725\"><strong data-start=\"1698\" data-end=\"1708\">Negro:<\/strong> 1,1 mm (30-40 libras)<\/p>\n<\/li>\n<\/ul>\n<\/li>\n<li data-start=\"1726\" data-end=\"1836\">\n<p data-start=\"1728\" data-end=\"1836\"><strong data-start=\"1728\" data-end=\"1755\">Duradero y respetuoso con el medio ambiente:<\/strong> Hecho de <strong data-start=\"1766\" data-end=\"1788\">100% l\u00e1tex natural<\/strong>, garantizando la durabilidad y una resistencia constante.<\/p>\n<\/li>\n<li data-start=\"1837\" data-end=\"1927\">\n<p data-start=\"1839\" data-end=\"1927\"><strong data-start=\"1839\" data-end=\"1862\">Compacto y port\u00e1til:<\/strong> Incluye una bolsa de transporte, que facilita guardarlo y llevarlo a cualquier parte.<\/p>\n<\/li>\n<li data-start=\"1928\" data-end=\"2020\">\n<p data-start=\"1930\" data-end=\"2020\"><strong data-start=\"1930\" data-end=\"1950\">Marca personalizada:<\/strong> A\u00f1ada su logotipo a las bandas o a la bolsa para obtener regalos promocionales personalizados.<\/p>\n<\/li>\n<li data-start=\"2021\" data-end=\"2133\">\n<p data-start=\"2023\" data-end=\"2133\"><strong data-start=\"2023\" data-end=\"2049\">Ideal para cualquier entrenamiento:<\/strong> Ideal para Yoga, Pilates, entrenamiento de fuerza, estiramientos, activaci\u00f3n de gl\u00fateos y mucho m\u00e1s.<\/p>\n<\/li>\n<li data-start=\"2134\" data-end=\"2269\">\n<p data-start=\"2136\" data-end=\"2269\"><strong data-start=\"2136\" data-end=\"2164\">Resistencia duradera:<\/strong> Mantiene la resistencia despu\u00e9s de m\u00faltiples usos, garantizando un rendimiento fiable durante toda su rutina de entrenamiento.<\/p>\n<\/li>\n<\/ul>\n<h4 data-start=\"2271\" data-end=\"2295\"><strong data-start=\"2276\" data-end=\"2295\">Especificaciones:<\/strong><\/h4>\n<ul data-start=\"2296\" data-end=\"2765\">\n<li data-start=\"2296\" data-end=\"2321\">\n<p data-start=\"2298\" data-end=\"2321\"><strong data-start=\"2298\" data-end=\"2309\">Longitud:<\/strong> 12 pulgadas<\/p>\n<\/li>\n<li data-start=\"2322\" data-end=\"2345\">\n<p data-start=\"2324\" data-end=\"2345\"><strong data-start=\"2324\" data-end=\"2334\">Anchura:<\/strong> 2 pulgadas<\/p>\n<\/li>\n<li data-start=\"2346\" data-end=\"2396\">\n<p data-start=\"2348\" data-end=\"2396\"><strong data-start=\"2348\" data-end=\"2361\">Material:<\/strong> <strong data-start=\"2362\" data-end=\"2384\">100% L\u00e1tex natural<\/strong>, Sin TPE<\/p>\n<\/li>\n<li data-start=\"2397\" data-end=\"2520\">\n<p data-start=\"2399\" data-end=\"2421\"><strong data-start=\"2399\" data-end=\"2421\">Niveles de resistencia:<\/strong><\/p>\n<ul data-start=\"2424\" data-end=\"2520\">\n<li data-start=\"2424\" data-end=\"2440\">\n<p data-start=\"2426\" data-end=\"2440\">Verde: 5-10 libras<\/p>\n<\/li>\n<li data-start=\"2443\" data-end=\"2459\">\n<p data-start=\"2445\" data-end=\"2459\">Azul: 10-15 libras<\/p>\n<\/li>\n<li data-start=\"2462\" data-end=\"2480\">\n<p data-start=\"2464\" data-end=\"2480\">Amarillo: 15-20lbs<\/p>\n<\/li>\n<li data-start=\"2483\" data-end=\"2498\">\n<p data-start=\"2485\" data-end=\"2498\">Rojo: 20-30 libras<\/p>\n<\/li>\n<li data-start=\"2501\" data-end=\"2520\">\n<p data-start=\"2503\" data-end=\"2520\">Negro: 30-40lbs<\/p>\n<\/li>\n<\/ul>\n<\/li>\n<li data-start=\"2521\" data-end=\"2585\">\n<p data-start=\"2523\" data-end=\"2585\"><strong data-start=\"2523\" data-end=\"2543\">Peso del env\u00edo:<\/strong> 32 libras por caja (1000 unidades por caja)<\/p>\n<\/li>\n<li data-start=\"2586\" data-end=\"2631\">\n<p data-start=\"2588\" data-end=\"2631\"><strong data-start=\"2588\" data-end=\"2607\">Tama\u00f1o del envase:<\/strong> 34 cm x 28 cm x 38 cm<\/p>\n<\/li>\n<li data-start=\"2632\" data-end=\"2708\">\n<p data-start=\"2634\" data-end=\"2708\"><strong data-start=\"2634\" data-end=\"2654\">Tiempo de producci\u00f3n:<\/strong> 30 d\u00edas laborables (servicio urgente disponible en 28 d\u00edas)<\/p>\n<\/li>\n<li data-start=\"2709\" data-end=\"2743\">\n<p data-start=\"2711\" data-end=\"2743\"><strong data-start=\"2711\" data-end=\"2730\">M\u00e9todo de impresi\u00f3n:<\/strong> Serigraf\u00eda<\/p>\n<\/li>\n<li data-start=\"2744\" data-end=\"2765\">\n<p data-start=\"2746\" data-end=\"2765\"><strong data-start=\"2746\" data-end=\"2757\">Origen:<\/strong> China<\/p>\n<\/li>\n<\/ul>\n<h4 data-start=\"2767\" data-end=\"2793\"><strong data-start=\"2772\" data-end=\"2793\">Colores disponibles:<\/strong><\/h4>\n<p data-start=\"2794\" data-end=\"2827\">Verde, Azul, Amarillo, Rojo, Negro<\/p>\n<h4 data-start=\"2999\" data-end=\"3018\"><strong data-start=\"3004\" data-end=\"3018\">Ideal para:<\/strong><\/h4>\n<ul data-start=\"3019\" data-end=\"3144\">\n<li data-start=\"3019\" data-end=\"3144\">\n<p data-start=\"3021\" data-end=\"3144\"><strong data-start=\"3021\" data-end=\"3144\">Regalos de empresa, regalos promocionales, entusiastas del fitness, estudios de yoga, centros de pilates, programas de salud y bienestar.<\/strong><\/p>\n<\/li>\n<\/ul>\n<hr data-start=\"3146\" data-end=\"3149\" \/>\n<h3 data-start=\"3151\" data-end=\"3191\"><strong data-start=\"3155\" data-end=\"3191\">\u00bfPor qu\u00e9 elegir nuestras bandas de resistencia?<\/strong><\/h3>\n<p data-start=\"3192\" data-end=\"3580\">Nuestra <strong data-start=\"3196\" data-end=\"3233\">bandas de bucle de resistencia multicolor<\/strong> son la combinaci\u00f3n perfecta de durabilidad, comodidad y versatilidad. Tanto si eres un principiante como un atleta experimentado, este conjunto de bandas te ayudar\u00e1 a llevar tus entrenamientos al siguiente nivel. No son s\u00f3lo para los entusiastas del gimnasio, son ideales para cualquiera que desee mejorar la flexibilidad y la fuerza en la comodidad de su hogar o mientras viaja.<\/p>\n<h3 data-start=\"3582\" data-end=\"3629\"><strong data-start=\"3586\" data-end=\"3629\">Perfecto para personalizaciones y promociones:<\/strong><\/h3>\n<p data-start=\"3630\" data-end=\"3966\">Estas bandas son fant\u00e1sticas <strong data-start=\"3657\" data-end=\"3678\">regalos promocionales<\/strong> para eventos relacionados con el fitness o regalos de empresa. A\u00f1ada su <strong data-start=\"3739\" data-end=\"3755\">logotipo de la empresa<\/strong> para aumentar la visibilidad de la marca y, al mismo tiempo, ayudar a los dem\u00e1s a alcanzar sus objetivos de fitness. En <strong data-start=\"3839\" data-end=\"3851\">Sin TPE<\/strong> y <strong data-start=\"3856\" data-end=\"3873\">l\u00e1tex natural<\/strong> garantiza que a sus clientes les encantar\u00e1 la calidad y durabilidad de estos productos.<\/p>","protected":false},"excerpt":{"rendered":"<p>Estos productos de alta calidad <strong data-start=\"378\" data-end=\"403\">Cintas el\u00e1sticas de resistencia<\/strong> son perfectas para cualquier entusiasta del fitness o profesional que busque mejorar sus entrenamientos. El conjunto incluye 5 bandas diferentes, cada una con diferentes niveles de resistencia, lo que permite sesiones de entrenamiento personalizables. Ideales para Yoga, Pilates, estiramientos y ejercicios de fortalecimiento, estas bandas est\u00e1n dise\u00f1adas para ayudar a mejorar la flexibilidad, la activaci\u00f3n de los gl\u00fateos y el tono muscular general. Fabricadas en <strong data-start=\"788\" data-end=\"810\">100% l\u00e1tex natural<\/strong> y <strong data-start=\"815\" data-end=\"827\">Sin TPE<\/strong>, Estas bandas de resistencia proporcionan una resistencia constante incluso despu\u00e9s de muchas repeticiones.<\/p>","protected":false},"featured_media":46781,"template":"","meta":{"_gspb_post_css":""},"product_brand":[],"product_cat":[34],"product_tag":[],"class_list":{"0":"post-46780","1":"product","2":"type-product","3":"status-publish","4":"has-post-thumbnail","6":"product_cat-stress-balls-games-toys","8":"first","9":"instock","10":"shipping-taxable","11":"product-type-simple"},"_links":{"self":[{"href":"https:\/\/globalgiftsupplier.com\/es\/wp-json\/wp\/v2\/product\/46780","targetHints":{"allow":["GET"]}}],"collection":[{"href":"https:\/\/globalgiftsupplier.com\/es\/wp-json\/wp\/v2\/product"}],"about":[{"href":"https:\/\/globalgiftsupplier.com\/es\/wp-json\/wp\/v2\/types\/product"}],"wp:featuredmedia":[{"embeddable":true,"href":"https:\/\/globalgiftsupplier.com\/es\/wp-json\/wp\/v2\/media\/46781"}],"wp:attachment":[{"href":"https:\/\/globalgiftsupplier.com\/es\/wp-json\/wp\/v2\/media?parent=46780"}],"wp:term":[{"taxonomy":"product_brand","embeddable":true,"href":"https:\/\/globalgiftsupplier.com\/es\/wp-json\/wp\/v2\/product_brand?post=46780"},{"taxonomy":"product_cat","embeddable":true,"href":"https:\/\/globalgiftsupplier.com\/es\/wp-json\/wp\/v2\/product_cat?post=46780"},{"taxonomy":"product_tag","embeddable":true,"href":"https:\/\/globalgiftsupplier.com\/es\/wp-json\/wp\/v2\/product_tag?post=46780"}],"curies":[{"name":"wp","href":"https:\/\/api.w.org\/{rel}","templated":true}]}}