{"id":46743,"date":"2026-02-16T09:07:39","date_gmt":"2026-02-16T09:07:39","guid":{"rendered":"https:\/\/globalgiftsupplier.com\/?post_type=product&#038;p=46743"},"modified":"2026-02-16T09:07:39","modified_gmt":"2026-02-16T09:07:39","slug":"3d-sleeping-eye-mask-blindfold","status":"publish","type":"product","link":"https:\/\/globalgiftsupplier.com\/es\/product\/3d-sleeping-eye-mask-blindfold\/","title":{"rendered":"Antifaz 3D para dormir"},"content":{"rendered":"<ul data-start=\"818\" data-end=\"1283\">\n<li data-start=\"818\" data-end=\"906\">\n<p data-start=\"820\" data-end=\"906\"><strong data-start=\"820\" data-end=\"834\">Dise\u00f1o en 3D:<\/strong> Proporciona un amplio espacio para los ojos, garantizando comodidad y bloqueo de la luz.<\/p>\n<\/li>\n<li data-start=\"907\" data-end=\"1018\">\n<p data-start=\"909\" data-end=\"1018\"><strong data-start=\"909\" data-end=\"938\">Transpirable y c\u00f3modo:<\/strong> El dise\u00f1o convexo facilita la respiraci\u00f3n, a diferencia de las m\u00e1scaras oculares planas tradicionales.<\/p>\n<\/li>\n<li data-start=\"1019\" data-end=\"1091\">\n<p data-start=\"1021\" data-end=\"1091\"><strong data-start=\"1021\" data-end=\"1039\">Ajuste universal:<\/strong> Se adapta a la curva de la nariz para un ajuste c\u00f3modo y seguro.<\/p>\n<\/li>\n<li data-start=\"1092\" data-end=\"1186\">\n<p data-start=\"1094\" data-end=\"1186\"><strong data-start=\"1094\" data-end=\"1114\">Marca personalizada:<\/strong> A\u00f1ada su logotipo a la superficie de la m\u00e1scara para un uso promocional eficaz.<\/p>\n<\/li>\n<li data-start=\"1187\" data-end=\"1283\">\n<p data-start=\"1189\" data-end=\"1283\"><strong data-start=\"1189\" data-end=\"1213\">Ideal para regalos:<\/strong> Perfecto como regalo para eventos promocionales, mejorando la visibilidad de la marca.<\/p>\n<\/li>\n<\/ul>\n<h4 data-start=\"1285\" data-end=\"1309\"><strong data-start=\"1290\" data-end=\"1309\">Especificaciones:<\/strong><\/h4>\n<ul data-start=\"1310\" data-end=\"1699\">\n<li data-start=\"1310\" data-end=\"1345\">\n<p data-start=\"1312\" data-end=\"1345\"><strong data-start=\"1312\" data-end=\"1321\">Tama\u00f1o:<\/strong> 9,25\u2033 x 3,35\u2033 x 0,16\u2033.<\/p>\n<\/li>\n<li data-start=\"1346\" data-end=\"1373\">\n<p data-start=\"1348\" data-end=\"1373\"><strong data-start=\"1348\" data-end=\"1361\">Material:<\/strong> Poli\u00e9ster<\/p>\n<\/li>\n<li data-start=\"1374\" data-end=\"1437\">\n<p data-start=\"1376\" data-end=\"1437\"><strong data-start=\"1376\" data-end=\"1397\">Colores disponibles:<\/strong> Negro, Azul, Rosa, Morado, Violeta<\/p>\n<\/li>\n<li data-start=\"1475\" data-end=\"1541\">\n<p data-start=\"1477\" data-end=\"1541\"><strong data-start=\"1477\" data-end=\"1497\">Peso del env\u00edo:<\/strong> 22,05 libras por caja (780 unidades por caja)<\/p>\n<\/li>\n<li data-start=\"1542\" data-end=\"1587\">\n<p data-start=\"1544\" data-end=\"1587\"><strong data-start=\"1544\" data-end=\"1563\">Tama\u00f1o del envase:<\/strong> 60 cm x 50 cm x 40 cm<\/p>\n<\/li>\n<li data-start=\"1588\" data-end=\"1664\">\n<p data-start=\"1590\" data-end=\"1664\"><strong data-start=\"1590\" data-end=\"1610\">Tiempo de producci\u00f3n:<\/strong> 15 d\u00edas laborables (servicio urgente disponible en 10 d\u00edas)<\/p>\n<\/li>\n<li data-start=\"1665\" data-end=\"1699\">\n<p data-start=\"1667\" data-end=\"1699\"><strong data-start=\"1667\" data-end=\"1686\">M\u00e9todo de impresi\u00f3n:<\/strong> Serigraf\u00eda<\/p>\n<\/li>\n<\/ul>\n<h4 data-start=\"1701\" data-end=\"1736\"><\/h4>","protected":false},"excerpt":{"rendered":"<p>El antifaz 3D Sleeping ofrece una comodidad y funcionalidad superiores a las de los antifaces tradicionales. Su exclusivo dise\u00f1o convexo ofrece un amplio espacio para los ojos, bloqueando perfectamente la luz y facilitando la respiraci\u00f3n. El dise\u00f1o de la m\u00e1scara se adapta a la forma de la nariz, por lo que resulta c\u00f3moda de llevar durante largos periodos de tiempo. Disponible en varios colores, esta m\u00e1scara ocular es ideal tanto para hombres como para mujeres. A\u00f1ada su logotipo a la superficie de la m\u00e1scara para convertirla en un regalo perfecto que llamar\u00e1 la atenci\u00f3n y promocionar\u00e1 su marca.<\/p>","protected":false},"featured_media":46744,"template":"","meta":{"_gspb_post_css":""},"product_brand":[],"product_cat":[30],"product_tag":[],"class_list":{"0":"post-46743","1":"product","2":"type-product","3":"status-publish","4":"has-post-thumbnail","6":"product_cat-home-pets-tools","8":"first","9":"instock","10":"shipping-taxable","11":"product-type-simple"},"_links":{"self":[{"href":"https:\/\/globalgiftsupplier.com\/es\/wp-json\/wp\/v2\/product\/46743","targetHints":{"allow":["GET"]}}],"collection":[{"href":"https:\/\/globalgiftsupplier.com\/es\/wp-json\/wp\/v2\/product"}],"about":[{"href":"https:\/\/globalgiftsupplier.com\/es\/wp-json\/wp\/v2\/types\/product"}],"wp:featuredmedia":[{"embeddable":true,"href":"https:\/\/globalgiftsupplier.com\/es\/wp-json\/wp\/v2\/media\/46744"}],"wp:attachment":[{"href":"https:\/\/globalgiftsupplier.com\/es\/wp-json\/wp\/v2\/media?parent=46743"}],"wp:term":[{"taxonomy":"product_brand","embeddable":true,"href":"https:\/\/globalgiftsupplier.com\/es\/wp-json\/wp\/v2\/product_brand?post=46743"},{"taxonomy":"product_cat","embeddable":true,"href":"https:\/\/globalgiftsupplier.com\/es\/wp-json\/wp\/v2\/product_cat?post=46743"},{"taxonomy":"product_tag","embeddable":true,"href":"https:\/\/globalgiftsupplier.com\/es\/wp-json\/wp\/v2\/product_tag?post=46743"}],"curies":[{"name":"wp","href":"https:\/\/api.w.org\/{rel}","templated":true}]}}